{"id":27254,"date":"2022-11-29T10:48:09","date_gmt":"2022-11-29T10:48:09","guid":{"rendered":"http:\/\/www.sakababeauty.com\/?post_type=product&#038;p=27254"},"modified":"2023-03-21T17:33:11","modified_gmt":"2023-03-21T17:33:11","slug":"good-molecules-bakuchiol-oil-blend-for-only-skin","status":"publish","type":"product","link":"https:\/\/sakaba.mghosteur.com\/en\/product\/good-molecules-bakuchiol-oil-blend-for-only-skin\/","title":{"rendered":"GOOD MOLECULES BAKUCHIOL OIL BLEND FOR ONLY SKIN"},"content":{"rendered":"<p>Le produit propos\u00e9 est le m\u00e9lange d&#8217;huiles de Bakuchiol pour peaux grasses de Good Molecules. Cette huile pour le visage est con\u00e7ue pour aider \u00e0 raffermir et \u00e0 tonifier la peau tout en offrant une hydratation nourrissante. Le m\u00e9lange est l\u00e9ger et \u00e0 absorption rapide, ce qui le rend id\u00e9al pour les peaux grasses. Les huiles de graines de baobab et d&#8217;\u00e9glantier sont m\u00e9lang\u00e9es avec du bakuchiol pour aider \u00e0 r\u00e9duire l&#8217;apparence des ridules, des rides et de la perte d&#8217;\u00e9lasticit\u00e9.<\/p>\n<p>Ce produit est v\u00e9g\u00e9talien et n&#8217;a jamais \u00e9t\u00e9 test\u00e9 sur les animaux.<\/p>","protected":false},"excerpt":{"rendered":"<p>Le produit propos\u00e9 est le m\u00e9lange d&#8217;huiles de Bakuchiol pour peaux grasses de Good Molecules. Cette huile pour le visage est con\u00e7ue pour aider \u00e0 raffermir et \u00e0 tonifier la peau tout en offrant une hydratation nourrissante. Le m\u00e9lange est l\u00e9ger et \u00e0 absorption rapide, ce qui le rend id\u00e9al pour les peaux grasses. Les<span class=\"read-more-faq\"><a href=\"https:\/\/sakaba.mghosteur.com\/en\/product\/good-molecules-bakuchiol-oil-blend-for-only-skin\/\">Read More<\/a><\/span><\/p>","protected":false},"featured_media":0,"comment_status":"closed","ping_status":"closed","template":"","meta":[],"product_brand":[],"product_cat":[377],"product_tag":[],"class_list":{"0":"post-27254","1":"product","2":"type-product","3":"status-publish","5":"product_cat-bath-body-works","7":"first","8":"instock","9":"shipping-taxable","10":"product-type-simple"},"jetpack-related-posts":[],"_links":{"self":[{"href":"https:\/\/sakaba.mghosteur.com\/en\/wp-json\/wp\/v2\/product\/27254","targetHints":{"allow":["GET"]}}],"collection":[{"href":"https:\/\/sakaba.mghosteur.com\/en\/wp-json\/wp\/v2\/product"}],"about":[{"href":"https:\/\/sakaba.mghosteur.com\/en\/wp-json\/wp\/v2\/types\/product"}],"replies":[{"embeddable":true,"href":"https:\/\/sakaba.mghosteur.com\/en\/wp-json\/wp\/v2\/comments?post=27254"}],"version-history":[{"count":0,"href":"https:\/\/sakaba.mghosteur.com\/en\/wp-json\/wp\/v2\/product\/27254\/revisions"}],"wp:attachment":[{"href":"https:\/\/sakaba.mghosteur.com\/en\/wp-json\/wp\/v2\/media?parent=27254"}],"wp:term":[{"taxonomy":"product_brand","embeddable":true,"href":"https:\/\/sakaba.mghosteur.com\/en\/wp-json\/wp\/v2\/product_brand?post=27254"},{"taxonomy":"product_cat","embeddable":true,"href":"https:\/\/sakaba.mghosteur.com\/en\/wp-json\/wp\/v2\/product_cat?post=27254"},{"taxonomy":"product_tag","embeddable":true,"href":"https:\/\/sakaba.mghosteur.com\/en\/wp-json\/wp\/v2\/product_tag?post=27254"}],"curies":[{"name":"wp","href":"https:\/\/api.w.org\/{rel}","templated":true}]}}