{"id":27258,"date":"2022-11-29T10:51:56","date_gmt":"2022-11-29T10:51:56","guid":{"rendered":"http:\/\/www.sakababeauty.com\/?post_type=product&#038;p=27258"},"modified":"2022-11-29T10:51:56","modified_gmt":"2022-11-29T10:51:56","slug":"tea-tree-skin-clearing-clay-mask","status":"publish","type":"product","link":"https:\/\/sakaba.mghosteur.com\/en\/product\/tea-tree-skin-clearing-clay-mask\/","title":{"rendered":"TEA TREE SKIN CLEARING CLAY MASK"},"content":{"rendered":"","protected":false},"excerpt":{"rendered":"","protected":false},"featured_media":0,"comment_status":"closed","ping_status":"closed","template":"","meta":[],"product_brand":[],"product_cat":[377],"product_tag":[],"class_list":{"0":"post-27258","1":"product","2":"type-product","3":"status-publish","5":"product_cat-bath-body-works","7":"first","8":"instock","9":"shipping-taxable","10":"product-type-simple"},"jetpack-related-posts":[{"id":27846,"url":"https:\/\/sakaba.mghosteur.com\/en\/product\/skin-rescue-purifying-mask-whit-red-clay\/","url_meta":{"origin":27258,"position":0},"title":"SKIN RESCUE PURIFYING MASK WHIT RED CLAY","author":"admin","date":"November 29, 2022","format":false,"excerpt":"","rel":"","context":"Similar post","block_context":{"text":"Similar post","link":""},"img":{"alt_text":"","src":"","width":0,"height":0},"classes":[]},{"id":27688,"url":"https:\/\/sakaba.mghosteur.com\/en\/product\/tea-tree-purifying-peel-off-mask\/","url_meta":{"origin":27258,"position":1},"title":"Tea tree purifying peel-off mask","author":"admin","date":"November 29, 2022","format":false,"excerpt":"","rel":"","context":"Similar post","block_context":{"text":"Similar post","link":""},"img":{"alt_text":"","src":"","width":0,"height":0},"classes":[]},{"id":27273,"url":"https:\/\/sakaba.mghosteur.com\/en\/product\/tea-tree-skin-cleansing-matifying-toner\/","url_meta":{"origin":27258,"position":2},"title":"TEA TREE SKIN CLEANSING MATIFYING TONER","author":"admin","date":"November 29, 2022","format":false,"excerpt":"","rel":"","context":"Similar post","block_context":{"text":"Similar post","link":""},"img":{"alt_text":"","src":"","width":0,"height":0},"classes":[]},{"id":33921,"url":"https:\/\/sakaba.mghosteur.com\/en\/product\/acne-clearing-sulfur-mask\/","url_meta":{"origin":27258,"position":3},"title":"ACNE CLEARING SULFUR MASK","author":"admin","date":"May 24, 2024","format":false,"excerpt":"","rel":"","context":"Similar post","block_context":{"text":"Similar post","link":""},"img":{"alt_text":"","src":"","width":0,"height":0},"classes":[]},{"id":24707,"url":"https:\/\/sakaba.mghosteur.com\/en\/product\/cetaphil-purifying-clay-mask\/","url_meta":{"origin":27258,"position":4},"title":"CETAPHIL PURIFYING CLAY MASK","author":"admin","date":"November 10, 2022","format":false,"excerpt":"Le masque purifiant \u00e0 l'argile Cetaphil Pro Dermacontrol Bentonite Clay est un masque \u00e0 l'argile qui contient de l'argile bentonite, un puissant agent d\u00e9toxifiant qui aide \u00e0 combattre l'exc\u00e8s de s\u00e9bum et l'acn\u00e9. Il s'agit d'un masque cr\u00e9meux et super \u00e9talable con\u00e7u pour \u00e9liminer le s\u00e9bum et absorber la salet\u00e9\u2026","rel":"","context":"Similar post","block_context":{"text":"Similar post","link":""},"img":{"alt_text":"","src":"","width":0,"height":0},"classes":[]},{"id":24577,"url":"https:\/\/sakaba.mghosteur.com\/en\/product\/clean-clear-night-relaxing-detox-clay-mask\/","url_meta":{"origin":27258,"position":5},"title":"CLEAN &amp; CLEAR NIGHT RELAXING DETOX CLAY MASK","author":"admin","date":"November 10, 2022","format":false,"excerpt":"Le masque d'argile d\u00e9toxifiant relaxant Clean & Clear Night est un masque facial qui utilise deux argiles min\u00e9rales, la bentonite et le kaolin, pour d\u00e9toxifier la peau avant le coucher. Il est sans huile et \u00e9limine la salet\u00e9, le s\u00e9bum et les impuret\u00e9s de la peau. Le masque convient \u00e0\u2026","rel":"","context":"Similar post","block_context":{"text":"Similar post","link":""},"img":{"alt_text":"","src":"","width":0,"height":0},"classes":[]}],"_links":{"self":[{"href":"https:\/\/sakaba.mghosteur.com\/en\/wp-json\/wp\/v2\/product\/27258","targetHints":{"allow":["GET"]}}],"collection":[{"href":"https:\/\/sakaba.mghosteur.com\/en\/wp-json\/wp\/v2\/product"}],"about":[{"href":"https:\/\/sakaba.mghosteur.com\/en\/wp-json\/wp\/v2\/types\/product"}],"replies":[{"embeddable":true,"href":"https:\/\/sakaba.mghosteur.com\/en\/wp-json\/wp\/v2\/comments?post=27258"}],"version-history":[{"count":0,"href":"https:\/\/sakaba.mghosteur.com\/en\/wp-json\/wp\/v2\/product\/27258\/revisions"}],"wp:attachment":[{"href":"https:\/\/sakaba.mghosteur.com\/en\/wp-json\/wp\/v2\/media?parent=27258"}],"wp:term":[{"taxonomy":"product_brand","embeddable":true,"href":"https:\/\/sakaba.mghosteur.com\/en\/wp-json\/wp\/v2\/product_brand?post=27258"},{"taxonomy":"product_cat","embeddable":true,"href":"https:\/\/sakaba.mghosteur.com\/en\/wp-json\/wp\/v2\/product_cat?post=27258"},{"taxonomy":"product_tag","embeddable":true,"href":"https:\/\/sakaba.mghosteur.com\/en\/wp-json\/wp\/v2\/product_tag?post=27258"}],"curies":[{"name":"wp","href":"https:\/\/api.w.org\/{rel}","templated":true}]}}