{"id":27263,"date":"2022-11-29T10:50:32","date_gmt":"2022-11-29T10:50:32","guid":{"rendered":"http:\/\/www.sakababeauty.com\/?post_type=product&#038;p=27263"},"modified":"2023-03-22T13:02:46","modified_gmt":"2023-03-22T13:02:46","slug":"good-molecules-overnight-exfoliant-treatment","status":"publish","type":"product","link":"https:\/\/sakaba.mghosteur.com\/en\/product\/good-molecules-overnight-exfoliant-treatment\/","title":{"rendered":"GOOD MOLECULES OVERNIGHT EXFOLIANT TREATMENT"},"content":{"rendered":"<p>Le traitement exfoliant de nuit de Good Molecules est un produit de soin pour la peau qui aide \u00e0 renouveler et \u00e0 lisser la surface de la peau pendant votre sommeil. Il est formul\u00e9 avec un m\u00e9lange d&#8217;acides alpha et b\u00eata hydroxyl\u00e9s \u00e0 10 % pour \u00e9liminer les cellules mortes de la peau et d\u00e9sobstruer les pores, r\u00e9v\u00e9lant ainsi une peau plus radieuse. Ce produit est disponible en format de 30 ml \/ 1 oz et convient aux v\u00e9g\u00e9taliens. Il ne contient pas de parfum et n&#8217;a jamais \u00e9t\u00e9 test\u00e9 sur des animaux. Pour l&#8217;utiliser, vous devez appliquer quelques gouttes sur une peau propre le soir jusqu&#8217;\u00e0 trois fois par semaine et laisser reposer pendant plusieurs minutes avant de poursuivre votre routine. Il est important de noter que ce produit peut provoquer une irritation s&#8217;il est utilis\u00e9 avec du r\u00e9tinol ou d&#8217;autres acides et qu&#8217;il est recommand\u00e9 de porter un \u00e9cran solaire lorsque les acides alpha-hydroxy font partie de votre routine. Si votre peau est tr\u00e8s sensible, il est recommand\u00e9 d&#8217;utiliser ce produit une fois par semaine jusqu&#8217;\u00e0 ce que votre peau devienne tol\u00e9rante.<\/p>","protected":false},"excerpt":{"rendered":"<p>Le traitement exfoliant de nuit de Good Molecules est un produit de soin pour la peau qui aide \u00e0 renouveler et \u00e0 lisser la surface de la peau pendant votre sommeil. Il est formul\u00e9 avec un m\u00e9lange d&#8217;acides alpha et b\u00eata hydroxyl\u00e9s \u00e0 10 % pour \u00e9liminer les cellules mortes de la peau et d\u00e9sobstruer<span class=\"read-more-faq\"><a href=\"https:\/\/sakaba.mghosteur.com\/en\/product\/good-molecules-overnight-exfoliant-treatment\/\">Read More<\/a><\/span><\/p>","protected":false},"featured_media":0,"comment_status":"closed","ping_status":"closed","template":"","meta":[],"product_brand":[],"product_cat":[377],"product_tag":[],"class_list":{"0":"post-27263","1":"product","2":"type-product","3":"status-publish","5":"product_cat-bath-body-works","7":"first","8":"instock","9":"shipping-taxable","10":"product-type-simple"},"jetpack-related-posts":[],"_links":{"self":[{"href":"https:\/\/sakaba.mghosteur.com\/en\/wp-json\/wp\/v2\/product\/27263","targetHints":{"allow":["GET"]}}],"collection":[{"href":"https:\/\/sakaba.mghosteur.com\/en\/wp-json\/wp\/v2\/product"}],"about":[{"href":"https:\/\/sakaba.mghosteur.com\/en\/wp-json\/wp\/v2\/types\/product"}],"replies":[{"embeddable":true,"href":"https:\/\/sakaba.mghosteur.com\/en\/wp-json\/wp\/v2\/comments?post=27263"}],"version-history":[{"count":0,"href":"https:\/\/sakaba.mghosteur.com\/en\/wp-json\/wp\/v2\/product\/27263\/revisions"}],"wp:attachment":[{"href":"https:\/\/sakaba.mghosteur.com\/en\/wp-json\/wp\/v2\/media?parent=27263"}],"wp:term":[{"taxonomy":"product_brand","embeddable":true,"href":"https:\/\/sakaba.mghosteur.com\/en\/wp-json\/wp\/v2\/product_brand?post=27263"},{"taxonomy":"product_cat","embeddable":true,"href":"https:\/\/sakaba.mghosteur.com\/en\/wp-json\/wp\/v2\/product_cat?post=27263"},{"taxonomy":"product_tag","embeddable":true,"href":"https:\/\/sakaba.mghosteur.com\/en\/wp-json\/wp\/v2\/product_tag?post=27263"}],"curies":[{"name":"wp","href":"https:\/\/api.w.org\/{rel}","templated":true}]}}