{"id":27270,"date":"2022-11-29T10:53:09","date_gmt":"2022-11-29T10:53:09","guid":{"rendered":"http:\/\/www.sakababeauty.com\/?post_type=product&#038;p=27270"},"modified":"2023-03-22T12:37:48","modified_gmt":"2023-03-22T12:37:48","slug":"good-molecules-niacinamide-brightening-toner","status":"publish","type":"product","link":"https:\/\/sakaba.mghosteur.com\/en\/product\/good-molecules-niacinamide-brightening-toner\/","title":{"rendered":"GOOD MOLECULES NIACINAMIDE BRIGHTENING TONER"},"content":{"rendered":"<p>D\u00e9couvrez le toner \u00e9claircissant niacinamide de Good Molecules, un produit phare pour une peau \u00e9clatante et uniforme. Ce toner sans alcool a \u00e9t\u00e9 sp\u00e9cialement formul\u00e9 avec des ingr\u00e9dients \u00e9claircissants pour r\u00e9duire les signes de matit\u00e9, de teint irr\u00e9gulier et de pores dilat\u00e9s. Avec un pH de 6,4, il convient parfaitement \u00e0 une utilisation quotidienne et convient aux v\u00e9g\u00e9taliens. Good Molecules s&#8217;engage \u00e9galement \u00e0 ne jamais tester ses produits sur les animaux, pour une beaut\u00e9 \u00e9thique et responsable. Pour une peau radieuse et saine, versez simplement le toner sur un coton et appliquez-le doucement sur une peau propre, ou distribuez-le dans vos paumes et tapotez-le jusqu&#8217;\u00e0 absorption compl\u00e8te. Faites l&#8217;exp\u00e9rience du toner \u00e9claircissant niacinamide de Good Molecules d\u00e8s maintenant pour une peau lumineuse et \u00e9clatante de sant\u00e9 !<\/p>","protected":false},"excerpt":{"rendered":"<p>D\u00e9couvrez le toner \u00e9claircissant niacinamide de Good Molecules, un produit phare pour une peau \u00e9clatante et uniforme. Ce toner sans alcool a \u00e9t\u00e9 sp\u00e9cialement formul\u00e9 avec des ingr\u00e9dients \u00e9claircissants pour r\u00e9duire les signes de matit\u00e9, de teint irr\u00e9gulier et de pores dilat\u00e9s. Avec un pH de 6,4, il convient parfaitement \u00e0 une utilisation quotidienne et<span class=\"read-more-faq\"><a href=\"https:\/\/sakaba.mghosteur.com\/en\/product\/good-molecules-niacinamide-brightening-toner\/\">Read More<\/a><\/span><\/p>","protected":false},"featured_media":0,"comment_status":"closed","ping_status":"closed","template":"","meta":[],"product_brand":[],"product_cat":[377],"product_tag":[],"class_list":{"0":"post-27270","1":"product","2":"type-product","3":"status-publish","5":"product_cat-bath-body-works","7":"first","8":"instock","9":"shipping-taxable","10":"product-type-simple"},"jetpack-related-posts":[{"id":27248,"url":"https:\/\/sakaba.mghosteur.com\/en\/product\/good-molecules-niacinamide-serum\/","url_meta":{"origin":27270,"position":0},"title":"GOOD MOLECULES NIACINAMIDE SERUM 30ML","author":"admin","date":"November 29, 2022","format":false,"excerpt":"Le s\u00e9rum Niacinamide de la marque Good Molecules est un produit de soin pour la peau qui aide \u00e0 obtenir une peau lisse et uniforme tout en minimisant l'apparence des pores. Ce s\u00e9rum l\u00e9ger contient 10 % de niacinamide, une vitamine B3, qui aide \u00e0 affiner le teint et la\u2026","rel":"","context":"Similar post","block_context":{"text":"Similar post","link":""},"img":{"alt_text":"","src":"","width":0,"height":0},"classes":[]},{"id":27333,"url":"https:\/\/sakaba.mghosteur.com\/en\/product\/good-molecules-discoloration-correcting-serum\/","url_meta":{"origin":27270,"position":1},"title":"GOOD MOLECULES DISCOLORATION CORRECTING SERUM","author":"admin","date":"November 29, 2022","format":false,"excerpt":"Convient \u00e0 tous les types de peau, ce s\u00e9rum correcteur de d\u00e9coloration est un produit de choix pour celles et ceux qui souhaitent retrouver un teint plus uniforme et \u00e9clatant. Sa formule innovante \u00e0 base d'acide tranexamique et de niacinamide permet de r\u00e9duire efficacement l'apparence des taches brunes, cicatrices d'acn\u00e9\u2026","rel":"","context":"Similar post","block_context":{"text":"Similar post","link":""},"img":{"alt_text":"","src":"","width":0,"height":0},"classes":[]},{"id":27277,"url":"https:\/\/sakaba.mghosteur.com\/en\/product\/good-molecules-daily-brightening-serum\/","url_meta":{"origin":27270,"position":2},"title":"GOOD MOLECULES DAILY  BRIGHTENING SERUM","author":"admin","date":"November 29, 2022","format":false,"excerpt":"Ce s\u00e9rum est facile \u00e0 int\u00e9grer \u00e0 votre routine de soins de la peau quotidienne, en appliquant simplement quelques gouttes sur votre visage et en massant doucement. Convient \u00e0 tous les types de peau. Avec une utilisation r\u00e9guli\u00e8re, vous pouvez vous attendre \u00e0 une peau plus lumineuse, plus lisse et\u2026","rel":"","context":"Similar post","block_context":{"text":"Similar post","link":""},"img":{"alt_text":"","src":"","width":0,"height":0},"classes":[]},{"id":27236,"url":"https:\/\/sakaba.mghosteur.com\/en\/product\/good-molecules-glycolic-exfoliating-toner\/","url_meta":{"origin":27270,"position":3},"title":"GOOD MOLECULES GLYCOLIC EXFOLIATING TONER","author":"admin","date":"November 29, 2022","format":false,"excerpt":"Le tonique exfoliant glycolique est le produit qu'il vous faut pour une peau plus lisse et plus lumineuse. Gr\u00e2ce \u00e0 sa formule \u00e0 base d'acide glycolique et de ferment de galactomyces, ce traitement de resurfa\u00e7age doux permet d'exfolier en douceur la surface de la peau pour favoriser un teint plus\u2026","rel":"","context":"Similar post","block_context":{"text":"Similar post","link":""},"img":{"alt_text":"","src":"","width":0,"height":0},"classes":[]},{"id":27327,"url":"https:\/\/sakaba.mghosteur.com\/en\/product\/good-molecules-pineapple-exfoliating-powder\/","url_meta":{"origin":27270,"position":4},"title":"GOOD MOLECULES PINEAPPLE EXFOLIATING POWDER","author":"admin","date":"November 29, 2022","format":false,"excerpt":"La poudre exfoliante ananas de la marque Good Molecules est une solution douce et efficace pour exfolier votre peau. Formul\u00e9e avec des enzymes de fruits, de la vitamine C et de la poudre de riz, elle \u00e9claircit, adoucit et exfolie en douceur votre peau pour r\u00e9v\u00e9ler une peau plus lumineuse\u2026","rel":"","context":"Similar post","block_context":{"text":"Similar post","link":""},"img":{"alt_text":"","src":"","width":0,"height":0},"classes":[]},{"id":29602,"url":"https:\/\/sakaba.mghosteur.com\/en\/product\/fenty-skin-watch-ya-tone-niacinamide-dard-spot-ser\/","url_meta":{"origin":27270,"position":5},"title":"FENTY SKIN WATCH YA TONE NIACINAMIDE DARD SPOT SER","author":"admin","date":"April 10, 2023","format":false,"excerpt":"D\u00e9couvrez le s\u00e9rum WATCH YA TONE NIACINAMIDE DARK SPOT de la marque FENTY, un traitement cibl\u00e9 pour une peau uniforme et lumineuse. Les taches sombres ne sont plus un probl\u00e8me avec ce cocktail concentr\u00e9 d'ingr\u00e9dients anti-taches. En seulement une semaine, vous verrez une am\u00e9lioration de l'apparence de votre peau, qui\u2026","rel":"","context":"Similar post","block_context":{"text":"Similar post","link":""},"img":{"alt_text":"","src":"","width":0,"height":0},"classes":[]}],"_links":{"self":[{"href":"https:\/\/sakaba.mghosteur.com\/en\/wp-json\/wp\/v2\/product\/27270","targetHints":{"allow":["GET"]}}],"collection":[{"href":"https:\/\/sakaba.mghosteur.com\/en\/wp-json\/wp\/v2\/product"}],"about":[{"href":"https:\/\/sakaba.mghosteur.com\/en\/wp-json\/wp\/v2\/types\/product"}],"replies":[{"embeddable":true,"href":"https:\/\/sakaba.mghosteur.com\/en\/wp-json\/wp\/v2\/comments?post=27270"}],"version-history":[{"count":0,"href":"https:\/\/sakaba.mghosteur.com\/en\/wp-json\/wp\/v2\/product\/27270\/revisions"}],"wp:attachment":[{"href":"https:\/\/sakaba.mghosteur.com\/en\/wp-json\/wp\/v2\/media?parent=27270"}],"wp:term":[{"taxonomy":"product_brand","embeddable":true,"href":"https:\/\/sakaba.mghosteur.com\/en\/wp-json\/wp\/v2\/product_brand?post=27270"},{"taxonomy":"product_cat","embeddable":true,"href":"https:\/\/sakaba.mghosteur.com\/en\/wp-json\/wp\/v2\/product_cat?post=27270"},{"taxonomy":"product_tag","embeddable":true,"href":"https:\/\/sakaba.mghosteur.com\/en\/wp-json\/wp\/v2\/product_tag?post=27270"}],"curies":[{"name":"wp","href":"https:\/\/api.w.org\/{rel}","templated":true}]}}