{"id":27273,"date":"2022-11-29T10:53:27","date_gmt":"2022-11-29T10:53:27","guid":{"rendered":"http:\/\/www.sakababeauty.com\/?post_type=product&#038;p=27273"},"modified":"2022-11-29T10:53:28","modified_gmt":"2022-11-29T10:53:28","slug":"tea-tree-skin-cleansing-matifying-toner","status":"publish","type":"product","link":"https:\/\/sakaba.mghosteur.com\/en\/product\/tea-tree-skin-cleansing-matifying-toner\/","title":{"rendered":"TEA TREE SKIN CLEANSING MATIFYING TONER"},"content":{"rendered":"","protected":false},"excerpt":{"rendered":"","protected":false},"featured_media":0,"comment_status":"closed","ping_status":"closed","template":"","meta":[],"product_brand":[],"product_cat":[377],"product_tag":[],"class_list":{"0":"post-27273","1":"product","2":"type-product","3":"status-publish","5":"product_cat-bath-body-works","7":"first","8":"instock","9":"shipping-taxable","10":"product-type-simple"},"jetpack-related-posts":[{"id":27258,"url":"https:\/\/sakaba.mghosteur.com\/en\/product\/tea-tree-skin-clearing-clay-mask\/","url_meta":{"origin":27273,"position":0},"title":"TEA TREE SKIN CLEARING CLAY MASK","author":"admin","date":"November 29, 2022","format":false,"excerpt":"","rel":"","context":"Similar post","block_context":{"text":"Similar post","link":""},"img":{"alt_text":"","src":"","width":0,"height":0},"classes":[]},{"id":26995,"url":"https:\/\/sakaba.mghosteur.com\/en\/product\/urban-skin-rx-even-tone-cleansing-bar-100g\/","url_meta":{"origin":27273,"position":1},"title":"URBAN SKIN RX EVEN TONE CLEANSING BAR 100G","author":"admin","date":"November 28, 2022","format":false,"excerpt":"","rel":"","context":"Similar post","block_context":{"text":"Similar post","link":""},"img":{"alt_text":"","src":"","width":0,"height":0},"classes":[]},{"id":30525,"url":"https:\/\/sakaba.mghosteur.com\/en\/product\/even-tone-cleansing-bar-3-in-1-treatment\/","url_meta":{"origin":27273,"position":2},"title":"EVEN TONE CLEANSING BAR 3 IN 1 TREATMENT","author":"admin","date":"May 13, 2023","format":false,"excerpt":"D\u00e9couvrez la barre nettoyante Even Tone de la marque Urban Skin pour am\u00e9liorer l'apparence de votre teint irr\u00e9gulier. Cette barre nettoyante est un nettoyant, un masque et un exfoliant tout-en-un pour cibler les taches brunes tenaces et r\u00e9v\u00e9ler un teint plus lumineux et plus uniforme. La formule prim\u00e9e est renforc\u00e9e\u2026","rel":"","context":"Similar post","block_context":{"text":"Similar post","link":""},"img":{"alt_text":"","src":"","width":0,"height":0},"classes":[]},{"id":33019,"url":"https:\/\/sakaba.mghosteur.com\/en\/product\/dove-even-tone-0-aluminiun-cucumber-green-tea-s\/","url_meta":{"origin":27273,"position":3},"title":"Dove Even Tone 0% Aluminiun cucumber &#038; green tea s","author":"admin","date":"May 17, 2024","format":false,"excerpt":"","rel":"","context":"Similar post","block_context":{"text":"Similar post","link":""},"img":{"alt_text":"","src":"","width":0,"height":0},"classes":[]},{"id":34942,"url":"https:\/\/sakaba.mghosteur.com\/en\/product\/innisfree-hydrating-cleansing-foamwith-green-tea\/","url_meta":{"origin":27273,"position":4},"title":"INNISFREE HYDRATING CLEANSING FOAMWITH GREEN TEA","author":"admin","date":"June 3, 2024","format":false,"excerpt":"","rel":"","context":"Similar post","block_context":{"text":"Similar post","link":""},"img":{"alt_text":"","src":"","width":0,"height":0},"classes":[]},{"id":26291,"url":"https:\/\/sakaba.mghosteur.com\/en\/product\/tea-tree-original-soap\/","url_meta":{"origin":27273,"position":5},"title":"TEA TREE ORIGINAL SOAP","author":"admin","date":"November 24, 2022","format":false,"excerpt":"","rel":"","context":"Similar post","block_context":{"text":"Similar post","link":""},"img":{"alt_text":"","src":"","width":0,"height":0},"classes":[]}],"_links":{"self":[{"href":"https:\/\/sakaba.mghosteur.com\/en\/wp-json\/wp\/v2\/product\/27273","targetHints":{"allow":["GET"]}}],"collection":[{"href":"https:\/\/sakaba.mghosteur.com\/en\/wp-json\/wp\/v2\/product"}],"about":[{"href":"https:\/\/sakaba.mghosteur.com\/en\/wp-json\/wp\/v2\/types\/product"}],"replies":[{"embeddable":true,"href":"https:\/\/sakaba.mghosteur.com\/en\/wp-json\/wp\/v2\/comments?post=27273"}],"version-history":[{"count":0,"href":"https:\/\/sakaba.mghosteur.com\/en\/wp-json\/wp\/v2\/product\/27273\/revisions"}],"wp:attachment":[{"href":"https:\/\/sakaba.mghosteur.com\/en\/wp-json\/wp\/v2\/media?parent=27273"}],"wp:term":[{"taxonomy":"product_brand","embeddable":true,"href":"https:\/\/sakaba.mghosteur.com\/en\/wp-json\/wp\/v2\/product_brand?post=27273"},{"taxonomy":"product_cat","embeddable":true,"href":"https:\/\/sakaba.mghosteur.com\/en\/wp-json\/wp\/v2\/product_cat?post=27273"},{"taxonomy":"product_tag","embeddable":true,"href":"https:\/\/sakaba.mghosteur.com\/en\/wp-json\/wp\/v2\/product_tag?post=27273"}],"curies":[{"name":"wp","href":"https:\/\/api.w.org\/{rel}","templated":true}]}}