{"id":27277,"date":"2022-11-29T10:54:53","date_gmt":"2022-11-29T10:54:53","guid":{"rendered":"http:\/\/www.sakababeauty.com\/?post_type=product&#038;p=27277"},"modified":"2023-03-21T17:55:03","modified_gmt":"2023-03-21T17:55:03","slug":"good-molecules-daily-brightening-serum","status":"publish","type":"product","link":"https:\/\/sakaba.mghosteur.com\/en\/product\/good-molecules-daily-brightening-serum\/","title":{"rendered":"GOOD MOLECULES DAILY  BRIGHTENING SERUM"},"content":{"rendered":"<p>Ce s\u00e9rum est facile \u00e0 int\u00e9grer \u00e0 votre routine de soins de la peau quotidienne, en appliquant simplement quelques gouttes sur votre visage et en massant doucement. Convient \u00e0 tous les types de peau. Avec une utilisation r\u00e9guli\u00e8re, vous pouvez vous attendre \u00e0 une peau plus lumineuse, plus lisse et plus \u00e9clatante. Alors essayez d\u00e8s maintenant le s\u00e9rum \u00e9claircissant quotidien de Good Molecules pour une peau plus saine et plus radieuse.<\/p>","protected":false},"excerpt":{"rendered":"<p>Ce s\u00e9rum est facile \u00e0 int\u00e9grer \u00e0 votre routine de soins de la peau quotidienne, en appliquant simplement quelques gouttes sur votre visage et en massant doucement. Convient \u00e0 tous les types de peau. Avec une utilisation r\u00e9guli\u00e8re, vous pouvez vous attendre \u00e0 une peau plus lumineuse, plus lisse et plus \u00e9clatante. Alors essayez d\u00e8s<span class=\"read-more-faq\"><a href=\"https:\/\/sakaba.mghosteur.com\/en\/product\/good-molecules-daily-brightening-serum\/\">Read More<\/a><\/span><\/p>","protected":false},"featured_media":0,"comment_status":"closed","ping_status":"closed","template":"","meta":[],"product_brand":[],"product_cat":[377],"product_tag":[],"class_list":{"0":"post-27277","1":"product","2":"type-product","3":"status-publish","5":"product_cat-bath-body-works","7":"first","8":"instock","9":"shipping-taxable","10":"product-type-simple"},"jetpack-related-posts":[],"_links":{"self":[{"href":"https:\/\/sakaba.mghosteur.com\/en\/wp-json\/wp\/v2\/product\/27277","targetHints":{"allow":["GET"]}}],"collection":[{"href":"https:\/\/sakaba.mghosteur.com\/en\/wp-json\/wp\/v2\/product"}],"about":[{"href":"https:\/\/sakaba.mghosteur.com\/en\/wp-json\/wp\/v2\/types\/product"}],"replies":[{"embeddable":true,"href":"https:\/\/sakaba.mghosteur.com\/en\/wp-json\/wp\/v2\/comments?post=27277"}],"version-history":[{"count":0,"href":"https:\/\/sakaba.mghosteur.com\/en\/wp-json\/wp\/v2\/product\/27277\/revisions"}],"wp:attachment":[{"href":"https:\/\/sakaba.mghosteur.com\/en\/wp-json\/wp\/v2\/media?parent=27277"}],"wp:term":[{"taxonomy":"product_brand","embeddable":true,"href":"https:\/\/sakaba.mghosteur.com\/en\/wp-json\/wp\/v2\/product_brand?post=27277"},{"taxonomy":"product_cat","embeddable":true,"href":"https:\/\/sakaba.mghosteur.com\/en\/wp-json\/wp\/v2\/product_cat?post=27277"},{"taxonomy":"product_tag","embeddable":true,"href":"https:\/\/sakaba.mghosteur.com\/en\/wp-json\/wp\/v2\/product_tag?post=27277"}],"curies":[{"name":"wp","href":"https:\/\/api.w.org\/{rel}","templated":true}]}}