{"id":27288,"date":"2022-11-29T10:56:00","date_gmt":"2022-11-29T10:56:00","guid":{"rendered":"http:\/\/www.sakababeauty.com\/?post_type=product&#038;p=27288"},"modified":"2022-11-29T10:56:00","modified_gmt":"2022-11-29T10:56:00","slug":"the-body-shop-vitamin-c-glow-protect-lotion","status":"publish","type":"product","link":"https:\/\/sakaba.mghosteur.com\/en\/product\/the-body-shop-vitamin-c-glow-protect-lotion\/","title":{"rendered":"THE BODY SHOP VITAMIN C GLOW PROTECT LOTION"},"content":{"rendered":"","protected":false},"excerpt":{"rendered":"","protected":false},"featured_media":0,"comment_status":"closed","ping_status":"closed","template":"","meta":[],"product_brand":[],"product_cat":[355],"product_tag":[],"class_list":{"0":"post-27288","1":"product","2":"type-product","3":"status-publish","5":"product_cat-hydratant-corps","7":"first","8":"instock","9":"shipping-taxable","10":"product-type-simple"},"jetpack-related-posts":[{"id":56161,"url":"https:\/\/sakaba.mghosteur.com\/en\/product\/dr-teals-body-lotion-glow-radiance\/","url_meta":{"origin":27288,"position":0},"title":"Dr Teal&#8217;s Body Lotion  Glow &#038; Radiance","author":"Sope DIA","date":"January 2, 2026","format":false,"excerpt":"La lotion corporelle au sel d'Epsom pur du Dr Teal offre un m\u00e9lange parfait pour des soins complets de la peau. Obtenez une peau \u00e9clatante et jeune gr\u00e2ce aux effets de la vitamine C Profitez des bienfaits stimulants des huiles essentielles d'agrumes sur votre moral. L'association d'aloe vera, de beurre\u2026","rel":"","context":"Similar post","block_context":{"text":"Similar post","link":""},"img":{"alt_text":"","src":"","width":0,"height":0},"classes":[]},{"id":26548,"url":"https:\/\/sakaba.mghosteur.com\/en\/product\/skin-success-body-lotion-glow\/","url_meta":{"origin":27288,"position":1},"title":"SKIN SUCCESS BODY LOTION GLOW","author":"admin","date":"November 25, 2022","format":false,"excerpt":"La lotion pour les mains et le corps Palmer's Skin Success GLOW Water Lily est un produit parfait pour celles et ceux qui recherchent une peau radieuse et \u00e9quilibr\u00e9e. Avec des ingr\u00e9dients naturels tels que le Lys Blanc, le Champignon Songyi, la Vitamine C et la R\u00e9glisse, cette lotion nourrit\u2026","rel":"","context":"Similar post","block_context":{"text":"Similar post","link":""},"img":{"alt_text":"","src":"","width":0,"height":0},"classes":[]},{"id":31538,"url":"https:\/\/sakaba.mghosteur.com\/en\/product\/vaseline-gluta-hya-flawless-glow-serum-in-lotion-200ml\/","url_meta":{"origin":27288,"position":2},"title":"VASELINE GLUTA HYA FLAWLESS GLOW SERUM IN LOTION  200ml","author":"admin","date":"May 10, 2024","format":false,"excerpt":"VASELINE GLUTA-HYA SERUM BURST LOTION FLAWLESS BRIGHT D\u00e9tails: Propuls\u00e9 par la technologie GlutaGlow, qui est 10 fois plus puissante que la vitamine C+. Le 10X Pro-R\u00e9tinol* est r\u00e9put\u00e9 pour son aide \u00e0 exfolier les cellules mortes de la peau, favorisant ainsi une peau unifi\u00e9e. Avantages: La technologie GlutaGlow, 10 fois\u2026","rel":"","context":"Similar post","block_context":{"text":"Similar post","link":""},"img":{"alt_text":"","src":"","width":0,"height":0},"classes":[]},{"id":27310,"url":"https:\/\/sakaba.mghosteur.com\/en\/product\/the-body-shop-tea-tree-soin-de-nuit-lotion\/","url_meta":{"origin":27288,"position":3},"title":"THE BODY SHOP TEA TREE SOIN DE NUIT LOTION","author":"admin","date":"November 29, 2022","format":false,"excerpt":"","rel":"","context":"Similar post","block_context":{"text":"Similar post","link":""},"img":{"alt_text":"","src":"","width":0,"height":0},"classes":[]},{"id":26615,"url":"https:\/\/sakaba.mghosteur.com\/en\/product\/relumins-intense-glow-every-day-body-lotion\/","url_meta":{"origin":27288,"position":4},"title":"RELUMINS INTENSE GLOW EVERY DAY BODY LOTION","author":"admin","date":"November 28, 2022","format":false,"excerpt":"","rel":"","context":"Similar post","block_context":{"text":"Similar post","link":""},"img":{"alt_text":"","src":"","width":0,"height":0},"classes":[]},{"id":25339,"url":"https:\/\/sakaba.mghosteur.com\/en\/product\/glow-recipe-broad-spectrum-spf-50-lotion\/","url_meta":{"origin":27288,"position":5},"title":"GLOW RECIPE BROAD SPECTRUM SPF 50 LOTION","author":"admin","date":"November 14, 2022","format":false,"excerpt":"","rel":"","context":"Similar post","block_context":{"text":"Similar post","link":""},"img":{"alt_text":"","src":"","width":0,"height":0},"classes":[]}],"_links":{"self":[{"href":"https:\/\/sakaba.mghosteur.com\/en\/wp-json\/wp\/v2\/product\/27288","targetHints":{"allow":["GET"]}}],"collection":[{"href":"https:\/\/sakaba.mghosteur.com\/en\/wp-json\/wp\/v2\/product"}],"about":[{"href":"https:\/\/sakaba.mghosteur.com\/en\/wp-json\/wp\/v2\/types\/product"}],"replies":[{"embeddable":true,"href":"https:\/\/sakaba.mghosteur.com\/en\/wp-json\/wp\/v2\/comments?post=27288"}],"version-history":[{"count":0,"href":"https:\/\/sakaba.mghosteur.com\/en\/wp-json\/wp\/v2\/product\/27288\/revisions"}],"wp:attachment":[{"href":"https:\/\/sakaba.mghosteur.com\/en\/wp-json\/wp\/v2\/media?parent=27288"}],"wp:term":[{"taxonomy":"product_brand","embeddable":true,"href":"https:\/\/sakaba.mghosteur.com\/en\/wp-json\/wp\/v2\/product_brand?post=27288"},{"taxonomy":"product_cat","embeddable":true,"href":"https:\/\/sakaba.mghosteur.com\/en\/wp-json\/wp\/v2\/product_cat?post=27288"},{"taxonomy":"product_tag","embeddable":true,"href":"https:\/\/sakaba.mghosteur.com\/en\/wp-json\/wp\/v2\/product_tag?post=27288"}],"curies":[{"name":"wp","href":"https:\/\/api.w.org\/{rel}","templated":true}]}}