{"id":27289,"date":"2022-11-29T10:57:04","date_gmt":"2022-11-29T10:57:04","guid":{"rendered":"http:\/\/www.sakababeauty.com\/?post_type=product&#038;p=27289"},"modified":"2023-03-21T16:57:43","modified_gmt":"2023-03-21T16:57:43","slug":"good-molecules-bakuchiol-oil-blend-for-dry-skin","status":"publish","type":"product","link":"https:\/\/sakaba.mghosteur.com\/en\/product\/good-molecules-bakuchiol-oil-blend-for-dry-skin\/","title":{"rendered":"GOOD MOLECULES BAKUCHIOL OIL BLEND FOR DRY SKIN"},"content":{"rendered":"<p>Ce produit est id\u00e9al pour ceux et celles qui cherchent \u00e0 hydrater leur peau s\u00e8che tout en luttant contre les signes de vieillissement. Le m\u00e9lange d&#8217;huiles de bakuchiol de Good Molecules p\u00e9n\u00e8tre en profondeur dans la peau pour lui redonner son \u00e9lasticit\u00e9 et sa fermet\u00e9 naturelle, tout en l&#8217;hydratant instantan\u00e9ment gr\u00e2ce \u00e0 ses ingr\u00e9dients nourrissants. Il est facile \u00e0 utiliser, il suffit d&#8217;appliquer quelques gouttes sur le visage et le cou, matin et soir, pour une peau plus douce, plus lisse et plus jeune en apparence. Commandez d\u00e8s maintenant le Bakuchiol Oil Blend for Dry Skin pour une peau plus saine et plus belle au quotidien !<\/p>","protected":false},"excerpt":{"rendered":"<p>Ce produit est id\u00e9al pour ceux et celles qui cherchent \u00e0 hydrater leur peau s\u00e8che tout en luttant contre les signes de vieillissement. Le m\u00e9lange d&#8217;huiles de bakuchiol de Good Molecules p\u00e9n\u00e8tre en profondeur dans la peau pour lui redonner son \u00e9lasticit\u00e9 et sa fermet\u00e9 naturelle, tout en l&#8217;hydratant instantan\u00e9ment gr\u00e2ce \u00e0 ses ingr\u00e9dients nourrissants.<span class=\"read-more-faq\"><a href=\"https:\/\/sakaba.mghosteur.com\/en\/product\/good-molecules-bakuchiol-oil-blend-for-dry-skin\/\">Read More<\/a><\/span><\/p>","protected":false},"featured_media":0,"comment_status":"closed","ping_status":"closed","template":"","meta":[],"product_brand":[],"product_cat":[377],"product_tag":[],"class_list":{"0":"post-27289","1":"product","2":"type-product","3":"status-publish","5":"product_cat-bath-body-works","7":"first","8":"instock","9":"shipping-taxable","10":"product-type-simple"},"jetpack-related-posts":[{"id":34745,"url":"https:\/\/sakaba.mghosteur.com\/en\/product\/jamaican-black-castor-oil-gm\/","url_meta":{"origin":27289,"position":0},"title":"SUNNY ISLE JAMAICAN BLACK CASTOR OIL GM","author":"admin","date":"May 31, 2024","format":false,"excerpt":"Sunny Isle The Original Jamaican Black Castor Oil is a hair oil that is made from pure Jamaican black castor seeds.\u00a0It is rich in nutrients such as omega fatty acids, vitamin E, and minerals, and is designed to moisturize dry hair, reduce breakage, and help repair damaged strands.\u00a0It has a\u2026","rel":"","context":"Similar post","block_context":{"text":"Similar post","link":""},"img":{"alt_text":"","src":"","width":0,"height":0},"classes":[]},{"id":33866,"url":"https:\/\/sakaba.mghosteur.com\/en\/product\/nars-soft-velvet-loose-powder\/","url_meta":{"origin":27289,"position":1},"title":"NARS SOFT VELVET LOOSE POWDER","author":"admin","date":"May 23, 2024","format":false,"excerpt":"Prolong the wear time of your foundation with the NARS Cosmetics Soft Velvet Loose Powder. The powder works to seal your foundation as well as controlling the production of oil in the skin. Perfect for covering up any fine lines, wrinkles and pores with a smooth finish. The NARS Cosmetics\u2026","rel":"","context":"Similar post","block_context":{"text":"Similar post","link":""},"img":{"alt_text":"","src":"","width":0,"height":0},"classes":[]}],"_links":{"self":[{"href":"https:\/\/sakaba.mghosteur.com\/en\/wp-json\/wp\/v2\/product\/27289","targetHints":{"allow":["GET"]}}],"collection":[{"href":"https:\/\/sakaba.mghosteur.com\/en\/wp-json\/wp\/v2\/product"}],"about":[{"href":"https:\/\/sakaba.mghosteur.com\/en\/wp-json\/wp\/v2\/types\/product"}],"replies":[{"embeddable":true,"href":"https:\/\/sakaba.mghosteur.com\/en\/wp-json\/wp\/v2\/comments?post=27289"}],"version-history":[{"count":0,"href":"https:\/\/sakaba.mghosteur.com\/en\/wp-json\/wp\/v2\/product\/27289\/revisions"}],"wp:attachment":[{"href":"https:\/\/sakaba.mghosteur.com\/en\/wp-json\/wp\/v2\/media?parent=27289"}],"wp:term":[{"taxonomy":"product_brand","embeddable":true,"href":"https:\/\/sakaba.mghosteur.com\/en\/wp-json\/wp\/v2\/product_brand?post=27289"},{"taxonomy":"product_cat","embeddable":true,"href":"https:\/\/sakaba.mghosteur.com\/en\/wp-json\/wp\/v2\/product_cat?post=27289"},{"taxonomy":"product_tag","embeddable":true,"href":"https:\/\/sakaba.mghosteur.com\/en\/wp-json\/wp\/v2\/product_tag?post=27289"}],"curies":[{"name":"wp","href":"https:\/\/api.w.org\/{rel}","templated":true}]}}