{"id":27296,"date":"2022-11-29T10:58:20","date_gmt":"2022-11-29T10:58:20","guid":{"rendered":"http:\/\/www.sakababeauty.com\/?post_type=product&#038;p=27296"},"modified":"2022-11-29T10:58:20","modified_gmt":"2022-11-29T10:58:20","slug":"tea-tree-squeaky-clean-scrub","status":"publish","type":"product","link":"https:\/\/sakaba.mghosteur.com\/en\/product\/tea-tree-squeaky-clean-scrub\/","title":{"rendered":"TEA TREE SQUEAKY CLEAN SCRUB"},"content":{"rendered":"","protected":false},"excerpt":{"rendered":"","protected":false},"featured_media":0,"comment_status":"closed","ping_status":"closed","template":"","meta":[],"product_brand":[],"product_cat":[377],"product_tag":[],"class_list":{"0":"post-27296","1":"product","2":"type-product","3":"status-publish","5":"product_cat-bath-body-works","7":"first","8":"instock","9":"shipping-taxable","10":"product-type-simple"},"jetpack-related-posts":[{"id":24553,"url":"https:\/\/sakaba.mghosteur.com\/en\/product\/clean-clear-morning-burst-facial-scrub\/","url_meta":{"origin":27296,"position":0},"title":"CLEAN &amp; CLEAR MORNING BURST FACIAL SCRUB","author":"admin","date":"November 10, 2022","format":false,"excerpt":"Le gommage visage Clean & Clear Morning Burst est un gommage v\u00e9g\u00e9talien sans huile qui contient de l'acide citrique et de la vitamine C. Il est con\u00e7u pour nettoyer, exfolier et rafra\u00eechir la peau en douceur.","rel":"","context":"Similar post","block_context":{"text":"Similar post","link":""},"img":{"alt_text":"","src":"","width":0,"height":0},"classes":[]},{"id":24559,"url":"https:\/\/sakaba.mghosteur.com\/en\/product\/clean-clear-blackhead-eraser-facial-scrub-with-2-salicylic-acid-acne-medication\/","url_meta":{"origin":27296,"position":1},"title":"Clean &#038; Clear Blackhead Eraser Facial Scrub with 2% Salicylic Acid Acne Medication","author":"admin","date":"November 10, 2022","format":false,"excerpt":"","rel":"","context":"Similar post","block_context":{"text":"Similar post","link":""},"img":{"alt_text":"","src":"","width":0,"height":0},"classes":[]},{"id":56232,"url":"https:\/\/sakaba.mghosteur.com\/en\/product\/tree-hut-vitamin-c-shea-sugar-scrub\/","url_meta":{"origin":27296,"position":2},"title":"Tree Hut Vitamin C Shea Sugar Scrub","author":"Sope DIA","date":"January 3, 2026","format":false,"excerpt":"Le gommage exfoliant pour le corps \u00e9limine la peau terne et s\u00e8che pour r\u00e9v\u00e9ler une peau \u00e9clatante, douce et lisse. Il nourrit en profondeur et \u00e9quilibre l\u2019hydratation de la peau pour aider \u00e0 restaurer l\u2019\u00e9clat naturel de la peau.","rel":"","context":"Similar post","block_context":{"text":"Similar post","link":""},"img":{"alt_text":"","src":"","width":0,"height":0},"classes":[]},{"id":26453,"url":"https:\/\/sakaba.mghosteur.com\/en\/product\/tree-hut-strawberry-shea-sugar-scrub\/","url_meta":{"origin":27296,"position":3},"title":"TREE HUT STRAWBERRY SHEA SUGAR SCRUB","author":"admin","date":"November 25, 2022","format":false,"excerpt":"Le gommage au sucre et \u00e0 la fraise Tree Hut est un gommage corporel qui utilise du sucre, du beurre de karit\u00e9, du BHA, de la fraise et des huiles naturelles pour nourrir et \u00e9quilibrer l'hydratation de la peau. Il est biologique, sans cruaut\u00e9 et sans alcool.","rel":"","context":"Similar post","block_context":{"text":"Similar post","link":""},"img":{"alt_text":"","src":"","width":0,"height":0},"classes":[]},{"id":26291,"url":"https:\/\/sakaba.mghosteur.com\/en\/product\/tea-tree-original-soap\/","url_meta":{"origin":27296,"position":4},"title":"TEA TREE ORIGINAL SOAP","author":"admin","date":"November 24, 2022","format":false,"excerpt":"","rel":"","context":"Similar post","block_context":{"text":"Similar post","link":""},"img":{"alt_text":"","src":"","width":0,"height":0},"classes":[]},{"id":27688,"url":"https:\/\/sakaba.mghosteur.com\/en\/product\/tea-tree-purifying-peel-off-mask\/","url_meta":{"origin":27296,"position":5},"title":"Tea tree purifying peel-off mask","author":"admin","date":"November 29, 2022","format":false,"excerpt":"","rel":"","context":"Similar post","block_context":{"text":"Similar post","link":""},"img":{"alt_text":"","src":"","width":0,"height":0},"classes":[]}],"_links":{"self":[{"href":"https:\/\/sakaba.mghosteur.com\/en\/wp-json\/wp\/v2\/product\/27296","targetHints":{"allow":["GET"]}}],"collection":[{"href":"https:\/\/sakaba.mghosteur.com\/en\/wp-json\/wp\/v2\/product"}],"about":[{"href":"https:\/\/sakaba.mghosteur.com\/en\/wp-json\/wp\/v2\/types\/product"}],"replies":[{"embeddable":true,"href":"https:\/\/sakaba.mghosteur.com\/en\/wp-json\/wp\/v2\/comments?post=27296"}],"version-history":[{"count":0,"href":"https:\/\/sakaba.mghosteur.com\/en\/wp-json\/wp\/v2\/product\/27296\/revisions"}],"wp:attachment":[{"href":"https:\/\/sakaba.mghosteur.com\/en\/wp-json\/wp\/v2\/media?parent=27296"}],"wp:term":[{"taxonomy":"product_brand","embeddable":true,"href":"https:\/\/sakaba.mghosteur.com\/en\/wp-json\/wp\/v2\/product_brand?post=27296"},{"taxonomy":"product_cat","embeddable":true,"href":"https:\/\/sakaba.mghosteur.com\/en\/wp-json\/wp\/v2\/product_cat?post=27296"},{"taxonomy":"product_tag","embeddable":true,"href":"https:\/\/sakaba.mghosteur.com\/en\/wp-json\/wp\/v2\/product_tag?post=27296"}],"curies":[{"name":"wp","href":"https:\/\/api.w.org\/{rel}","templated":true}]}}