{"id":27303,"date":"2022-11-29T10:59:50","date_gmt":"2022-11-29T10:59:50","guid":{"rendered":"http:\/\/www.sakababeauty.com\/?post_type=product&#038;p=27303"},"modified":"2022-11-29T10:59:51","modified_gmt":"2022-11-29T10:59:51","slug":"tea-tree-anti-imperfection-daily-solution","status":"publish","type":"product","link":"https:\/\/sakaba.mghosteur.com\/en\/product\/tea-tree-anti-imperfection-daily-solution\/","title":{"rendered":"TEA TREE ANTI IMPERFECTION DAILY SOLUTION"},"content":{"rendered":"","protected":false},"excerpt":{"rendered":"","protected":false},"featured_media":0,"comment_status":"closed","ping_status":"closed","template":"","meta":[],"product_brand":[],"product_cat":[355],"product_tag":[],"class_list":{"0":"post-27303","1":"product","2":"type-product","3":"status-publish","5":"product_cat-hydratant-corps","7":"first","8":"instock","9":"shipping-taxable","10":"product-type-simple"},"jetpack-related-posts":[{"id":33224,"url":"https:\/\/sakaba.mghosteur.com\/en\/product\/caudalie-brightening-solution-coffret\/","url_meta":{"origin":27303,"position":0},"title":"CAUDALIE BRIGHTENING SOLUTION COFFRET","author":"admin","date":"May 20, 2024","format":false,"excerpt":"Le Coffret Solution Eclaircissante Vinoperfect de Caudalie est un ensemble de trois produits comprenant un s\u00e9rum, une essence et une cr\u00e8me hydratante : S\u00e9rum \u00c9clat Anti-Imperfections Vinoperfect : \u00c9claircit le teint et corrige les imperfections Essence Eclaircissante Vinoperfect : Une essence visage qui illumine et lisse la peau pour un\u2026","rel":"","context":"Similar post","block_context":{"text":"Similar post","link":""},"img":{"alt_text":"","src":"","width":0,"height":0},"classes":[]},{"id":27371,"url":"https:\/\/sakaba.mghosteur.com\/en\/product\/the-inkey-list-c-50-blemish-night-treatment\/","url_meta":{"origin":27303,"position":1},"title":"THE INKEY LIST C-50 BLEMISH NIGHT TREATMENT","author":"admin","date":"November 29, 2022","format":false,"excerpt":"Le traitement de nuit anti-imperfections C-50 de The Inkey List est la solution id\u00e9ale pour ceux qui cherchent \u00e0 traiter leur peau pendant leur sommeil. Avec une formule efficace et puissante, ce traitement de gel de nuit travaille dur pour r\u00e9duire les \u00e9ruptions cutan\u00e9es, d\u00e9sobstruer les pores et r\u00e9duire l'apparence\u2026","rel":"","context":"Similar post","block_context":{"text":"Similar post","link":""},"img":{"alt_text":"","src":"","width":0,"height":0},"classes":[]},{"id":30082,"url":"https:\/\/sakaba.mghosteur.com\/en\/product\/pure-castile-liquid-soap-tea-tree\/","url_meta":{"origin":27303,"position":2},"title":"PURE-CASTILE LIQUID SOAP Tea Tree","author":"admin","date":"May 3, 2023","format":false,"excerpt":"D\u00e9couvrez le savon liquide Tea Tree Pure-Castille de Dr. Bronner, un produit biod\u00e9gradable, polyvalent et efficace pour nettoyer presque tout ! Ce savon concentr\u00e9 contient de l'huile d'arbre \u00e0 th\u00e9 pure, connue pour ses propri\u00e9t\u00e9s b\u00e9n\u00e9fiques pour les peaux \u00e0 tendance acn\u00e9ique et les pellicules. Fabriqu\u00e9 avec des ingr\u00e9dients biologiques\u2026","rel":"","context":"Similar post","block_context":{"text":"Similar post","link":""},"img":{"alt_text":"","src":"","width":0,"height":0},"classes":[]},{"id":26291,"url":"https:\/\/sakaba.mghosteur.com\/en\/product\/tea-tree-original-soap\/","url_meta":{"origin":27303,"position":3},"title":"TEA TREE ORIGINAL SOAP","author":"admin","date":"November 24, 2022","format":false,"excerpt":"","rel":"","context":"Similar post","block_context":{"text":"Similar post","link":""},"img":{"alt_text":"","src":"","width":0,"height":0},"classes":[]},{"id":27296,"url":"https:\/\/sakaba.mghosteur.com\/en\/product\/tea-tree-squeaky-clean-scrub\/","url_meta":{"origin":27303,"position":4},"title":"TEA TREE SQUEAKY CLEAN SCRUB","author":"admin","date":"November 29, 2022","format":false,"excerpt":"","rel":"","context":"Similar post","block_context":{"text":"Similar post","link":""},"img":{"alt_text":"","src":"","width":0,"height":0},"classes":[]},{"id":27688,"url":"https:\/\/sakaba.mghosteur.com\/en\/product\/tea-tree-purifying-peel-off-mask\/","url_meta":{"origin":27303,"position":5},"title":"Tea tree purifying peel-off mask","author":"admin","date":"November 29, 2022","format":false,"excerpt":"","rel":"","context":"Similar post","block_context":{"text":"Similar post","link":""},"img":{"alt_text":"","src":"","width":0,"height":0},"classes":[]}],"_links":{"self":[{"href":"https:\/\/sakaba.mghosteur.com\/en\/wp-json\/wp\/v2\/product\/27303","targetHints":{"allow":["GET"]}}],"collection":[{"href":"https:\/\/sakaba.mghosteur.com\/en\/wp-json\/wp\/v2\/product"}],"about":[{"href":"https:\/\/sakaba.mghosteur.com\/en\/wp-json\/wp\/v2\/types\/product"}],"replies":[{"embeddable":true,"href":"https:\/\/sakaba.mghosteur.com\/en\/wp-json\/wp\/v2\/comments?post=27303"}],"version-history":[{"count":0,"href":"https:\/\/sakaba.mghosteur.com\/en\/wp-json\/wp\/v2\/product\/27303\/revisions"}],"wp:attachment":[{"href":"https:\/\/sakaba.mghosteur.com\/en\/wp-json\/wp\/v2\/media?parent=27303"}],"wp:term":[{"taxonomy":"product_brand","embeddable":true,"href":"https:\/\/sakaba.mghosteur.com\/en\/wp-json\/wp\/v2\/product_brand?post=27303"},{"taxonomy":"product_cat","embeddable":true,"href":"https:\/\/sakaba.mghosteur.com\/en\/wp-json\/wp\/v2\/product_cat?post=27303"},{"taxonomy":"product_tag","embeddable":true,"href":"https:\/\/sakaba.mghosteur.com\/en\/wp-json\/wp\/v2\/product_tag?post=27303"}],"curies":[{"name":"wp","href":"https:\/\/api.w.org\/{rel}","templated":true}]}}