{"id":27306,"date":"2022-11-29T11:01:04","date_gmt":"2022-11-29T11:01:04","guid":{"rendered":"http:\/\/www.sakababeauty.com\/?post_type=product&#038;p=27306"},"modified":"2023-03-21T18:07:00","modified_gmt":"2023-03-21T18:07:00","slug":"good-molecules-discoloration-correcting-body-treat","status":"publish","type":"product","link":"https:\/\/sakaba.mghosteur.com\/en\/product\/good-molecules-discoloration-correcting-body-treat\/","title":{"rendered":"GOOD MOLECULES DISCOLORATION CORRECTING BODY TREAT"},"content":{"rendered":"<p>Id\u00e9al pour tous les types de peau, ce soin corporel correcteur de d\u00e9coloration de Good Molecules est une solution efficace pour les probl\u00e8mes de pigmentation de la peau. Il est formul\u00e9 avec de l&#8217;acide tranexamique avanc\u00e9 pour aider \u00e0 \u00e9liminer les taches brunes, les taches de vieillesse, l&#8217;hyperpigmentation et le teint irr\u00e9gulier. Ce produit hydratant est l\u00e9ger, non gras et p\u00e9n\u00e8tre facilement dans la peau pour aider \u00e0 estomper les d\u00e9colorations tenaces. Il est sans parfum, v\u00e9g\u00e9talien et a un pH de 4,4. Disponible en format de 120 ml \/ 4 oz. Commandez d\u00e8s maintenant pour obtenir une peau plus lumineuse et uniforme de la t\u00eate aux pieds!<\/p>","protected":false},"excerpt":{"rendered":"<p>Id\u00e9al pour tous les types de peau, ce soin corporel correcteur de d\u00e9coloration de Good Molecules est une solution efficace pour les probl\u00e8mes de pigmentation de la peau. Il est formul\u00e9 avec de l&#8217;acide tranexamique avanc\u00e9 pour aider \u00e0 \u00e9liminer les taches brunes, les taches de vieillesse, l&#8217;hyperpigmentation et le teint irr\u00e9gulier. Ce produit hydratant<span class=\"read-more-faq\"><a href=\"https:\/\/sakaba.mghosteur.com\/en\/product\/good-molecules-discoloration-correcting-body-treat\/\">Read More<\/a><\/span><\/p>","protected":false},"featured_media":0,"comment_status":"closed","ping_status":"closed","template":"","meta":[],"product_brand":[],"product_cat":[286],"product_tag":[],"class_list":{"0":"post-27306","1":"product","2":"type-product","3":"status-publish","5":"product_cat-corps","7":"first","8":"instock","9":"shipping-taxable","10":"product-type-simple"},"jetpack-related-posts":[{"id":27333,"url":"https:\/\/sakaba.mghosteur.com\/en\/product\/good-molecules-discoloration-correcting-serum\/","url_meta":{"origin":27306,"position":0},"title":"GOOD MOLECULES DISCOLORATION CORRECTING SERUM","author":"admin","date":"November 29, 2022","format":false,"excerpt":"Convient \u00e0 tous les types de peau, ce s\u00e9rum correcteur de d\u00e9coloration est un produit de choix pour celles et ceux qui souhaitent retrouver un teint plus uniforme et \u00e9clatant. Sa formule innovante \u00e0 base d'acide tranexamique et de niacinamide permet de r\u00e9duire efficacement l'apparence des taches brunes, cicatrices d'acn\u00e9\u2026","rel":"","context":"Similar post","block_context":{"text":"Similar post","link":""},"img":{"alt_text":"","src":"","width":0,"height":0},"classes":[]},{"id":27248,"url":"https:\/\/sakaba.mghosteur.com\/en\/product\/good-molecules-niacinamide-serum\/","url_meta":{"origin":27306,"position":1},"title":"GOOD MOLECULES NIACINAMIDE SERUM 30ML","author":"admin","date":"November 29, 2022","format":false,"excerpt":"Le s\u00e9rum Niacinamide de la marque Good Molecules est un produit de soin pour la peau qui aide \u00e0 obtenir une peau lisse et uniforme tout en minimisant l'apparence des pores. Ce s\u00e9rum l\u00e9ger contient 10 % de niacinamide, une vitamine B3, qui aide \u00e0 affiner le teint et la\u2026","rel":"","context":"Similar post","block_context":{"text":"Similar post","link":""},"img":{"alt_text":"","src":"","width":0,"height":0},"classes":[]},{"id":27254,"url":"https:\/\/sakaba.mghosteur.com\/en\/product\/good-molecules-bakuchiol-oil-blend-for-only-skin\/","url_meta":{"origin":27306,"position":2},"title":"GOOD MOLECULES BAKUCHIOL OIL BLEND FOR ONLY SKIN","author":"admin","date":"November 29, 2022","format":false,"excerpt":"Le produit propos\u00e9 est le m\u00e9lange d'huiles de Bakuchiol pour peaux grasses de Good Molecules. Cette huile pour le visage est con\u00e7ue pour aider \u00e0 raffermir et \u00e0 tonifier la peau tout en offrant une hydratation nourrissante. Le m\u00e9lange est l\u00e9ger et \u00e0 absorption rapide, ce qui le rend id\u00e9al\u2026","rel":"","context":"Similar post","block_context":{"text":"Similar post","link":""},"img":{"alt_text":"","src":"","width":0,"height":0},"classes":[]},{"id":27320,"url":"https:\/\/sakaba.mghosteur.com\/en\/product\/good-molecules-hyaluronic-acid-booting-essence\/","url_meta":{"origin":27306,"position":3},"title":"GOOD MOLECULES HYALURONIC ACID BOOTING ESSENCE","author":"admin","date":"November 29, 2022","format":false,"excerpt":"L'Essence Stimulante \u00e0 l'Acide Hyaluronique de Good Molecules est une formule puissante qui aide \u00e0 hydrater, raffermir et lisser votre peau en profondeur. Avec trois types d'acide hyaluronique, cette essence p\u00e9n\u00e8tre \u00e0 diff\u00e9rents niveaux pour nourrir et repulper votre peau. V\u00e9g\u00e9talienne et sans cruaut\u00e9, cette essence est \u00e9galement sans parfum\u2026","rel":"","context":"Similar post","block_context":{"text":"Similar post","link":""},"img":{"alt_text":"","src":"","width":0,"height":0},"classes":[]},{"id":29227,"url":"https:\/\/sakaba.mghosteur.com\/en\/product\/good-molecules-acne-foaming-cleanser\/","url_meta":{"origin":27306,"position":4},"title":"GOOD MOLECULES ACNE FOAMING CLEANSER","author":"admin","date":"March 21, 2023","format":false,"excerpt":"Le nettoyant moussant contre l'acn\u00e9 de Good Molecules est un produit de soin de la peau id\u00e9al pour traiter les \u00e9ruptions cutan\u00e9es et l'acn\u00e9. Avec une formule exfoliante douce, ce nettoyant moussant aide \u00e0 nettoyer en profondeur les pores, \u00e9liminant ainsi les impuret\u00e9s qui obstruent la peau. Aliment\u00e9 par 2\u2026","rel":"","context":"Similar post","block_context":{"text":"Similar post","link":""},"img":{"alt_text":"","src":"","width":0,"height":0},"classes":[]},{"id":26855,"url":"https:\/\/sakaba.mghosteur.com\/en\/product\/discoloration-repair-serum-with-tranexamic-acidba\/","url_meta":{"origin":27306,"position":5},"title":"DISCOLORATION REPAIR SERUM WITH TRANEXAMIC ACID+BA","author":"admin","date":"November 28, 2022","format":false,"excerpt":"Le S\u00e9rum R\u00e9parateur de D\u00e9coloration de la marque Paula's Choice est un produit de qualit\u00e9 pour votre routine de soin du visage. Avec son complexe tranexamique, bakuchiol et niacinamide, ce s\u00e9rum cible efficacement les taches brunes et grises tout en pr\u00e9venant la formation de nouvelles d\u00e9colorations. Il r\u00e9duit visiblement les\u2026","rel":"","context":"Similar post","block_context":{"text":"Similar post","link":""},"img":{"alt_text":"","src":"","width":0,"height":0},"classes":[]}],"_links":{"self":[{"href":"https:\/\/sakaba.mghosteur.com\/en\/wp-json\/wp\/v2\/product\/27306","targetHints":{"allow":["GET"]}}],"collection":[{"href":"https:\/\/sakaba.mghosteur.com\/en\/wp-json\/wp\/v2\/product"}],"about":[{"href":"https:\/\/sakaba.mghosteur.com\/en\/wp-json\/wp\/v2\/types\/product"}],"replies":[{"embeddable":true,"href":"https:\/\/sakaba.mghosteur.com\/en\/wp-json\/wp\/v2\/comments?post=27306"}],"version-history":[{"count":0,"href":"https:\/\/sakaba.mghosteur.com\/en\/wp-json\/wp\/v2\/product\/27306\/revisions"}],"wp:attachment":[{"href":"https:\/\/sakaba.mghosteur.com\/en\/wp-json\/wp\/v2\/media?parent=27306"}],"wp:term":[{"taxonomy":"product_brand","embeddable":true,"href":"https:\/\/sakaba.mghosteur.com\/en\/wp-json\/wp\/v2\/product_brand?post=27306"},{"taxonomy":"product_cat","embeddable":true,"href":"https:\/\/sakaba.mghosteur.com\/en\/wp-json\/wp\/v2\/product_cat?post=27306"},{"taxonomy":"product_tag","embeddable":true,"href":"https:\/\/sakaba.mghosteur.com\/en\/wp-json\/wp\/v2\/product_tag?post=27306"}],"curies":[{"name":"wp","href":"https:\/\/api.w.org\/{rel}","templated":true}]}}