{"id":27312,"date":"2022-11-29T11:02:14","date_gmt":"2022-11-29T11:02:14","guid":{"rendered":"http:\/\/www.sakababeauty.com\/?post_type=product&#038;p=27312"},"modified":"2023-03-22T13:35:42","modified_gmt":"2023-03-22T13:35:42","slug":"good-molecules-squalane-oil","status":"publish","type":"product","link":"https:\/\/sakaba.mghosteur.com\/en\/product\/good-molecules-squalane-oil\/","title":{"rendered":"GOOD MOLECULES SQUALANE OIL"},"content":{"rendered":"<p>D\u00e9couvrez l&#8217;Huile de Squalane de la marque Good Molecules, la solution id\u00e9ale pour hydrater la peau s\u00e8che et d\u00e9shydrat\u00e9e. Cette huile est compos\u00e9e \u00e0 100 % de squalane d&#8217;origine v\u00e9g\u00e9tale pour adoucir et sceller l&#8217;humidit\u00e9, ce qui permet d&#8217;obtenir un teint sain et hydrat\u00e9. Le format de 13 ml \/ 0,44 oz est parfait pour une utilisation quotidienne et convient \u00e0 tous les types de peau. De plus, cette huile est v\u00e9g\u00e9talienne, sans gluten, sans parfum et n&#8217;a jamais \u00e9t\u00e9 test\u00e9e sur les animaux. Pour l&#8217;utiliser, il suffit d&#8217;appliquer quelques gouttes sur la peau matin et soir apr\u00e8s les s\u00e9rums et autres traitements, puis de laisser absorber pendant 30 secondes. Offrez \u00e0 votre peau le soin qu&#8217;elle m\u00e9rite avec l&#8217;Huile de Squalane Good Molecules.<\/p>","protected":false},"excerpt":{"rendered":"<p>D\u00e9couvrez l&#8217;Huile de Squalane de la marque Good Molecules, la solution id\u00e9ale pour hydrater la peau s\u00e8che et d\u00e9shydrat\u00e9e. Cette huile est compos\u00e9e \u00e0 100 % de squalane d&#8217;origine v\u00e9g\u00e9tale pour adoucir et sceller l&#8217;humidit\u00e9, ce qui permet d&#8217;obtenir un teint sain et hydrat\u00e9. Le format de 13 ml \/ 0,44 oz est parfait pour<span class=\"read-more-faq\"><a href=\"https:\/\/sakaba.mghosteur.com\/en\/product\/good-molecules-squalane-oil\/\">Read More<\/a><\/span><\/p>","protected":false},"featured_media":0,"comment_status":"closed","ping_status":"closed","template":"","meta":[],"product_brand":[],"product_cat":[377],"product_tag":[],"class_list":{"0":"post-27312","1":"product","2":"type-product","3":"status-publish","5":"product_cat-bath-body-works","7":"first","8":"instock","9":"shipping-taxable","10":"product-type-simple"},"jetpack-related-posts":[],"_links":{"self":[{"href":"https:\/\/sakaba.mghosteur.com\/en\/wp-json\/wp\/v2\/product\/27312","targetHints":{"allow":["GET"]}}],"collection":[{"href":"https:\/\/sakaba.mghosteur.com\/en\/wp-json\/wp\/v2\/product"}],"about":[{"href":"https:\/\/sakaba.mghosteur.com\/en\/wp-json\/wp\/v2\/types\/product"}],"replies":[{"embeddable":true,"href":"https:\/\/sakaba.mghosteur.com\/en\/wp-json\/wp\/v2\/comments?post=27312"}],"version-history":[{"count":0,"href":"https:\/\/sakaba.mghosteur.com\/en\/wp-json\/wp\/v2\/product\/27312\/revisions"}],"wp:attachment":[{"href":"https:\/\/sakaba.mghosteur.com\/en\/wp-json\/wp\/v2\/media?parent=27312"}],"wp:term":[{"taxonomy":"product_brand","embeddable":true,"href":"https:\/\/sakaba.mghosteur.com\/en\/wp-json\/wp\/v2\/product_brand?post=27312"},{"taxonomy":"product_cat","embeddable":true,"href":"https:\/\/sakaba.mghosteur.com\/en\/wp-json\/wp\/v2\/product_cat?post=27312"},{"taxonomy":"product_tag","embeddable":true,"href":"https:\/\/sakaba.mghosteur.com\/en\/wp-json\/wp\/v2\/product_tag?post=27312"}],"curies":[{"name":"wp","href":"https:\/\/api.w.org\/{rel}","templated":true}]}}