{"id":27314,"date":"2022-11-29T11:02:55","date_gmt":"2022-11-29T11:02:55","guid":{"rendered":"http:\/\/www.sakababeauty.com\/?post_type=product&#038;p=27314"},"modified":"2022-11-29T11:02:56","modified_gmt":"2022-11-29T11:02:56","slug":"masque-peeling-glycolique","status":"publish","type":"product","link":"https:\/\/sakaba.mghosteur.com\/en\/product\/masque-peeling-glycolique\/","title":{"rendered":"MASQUE PEELING GLYCOLIQUE"},"content":{"rendered":"","protected":false},"excerpt":{"rendered":"","protected":false},"featured_media":0,"comment_status":"closed","ping_status":"closed","template":"","meta":[],"product_brand":[],"product_cat":[377],"product_tag":[],"class_list":{"0":"post-27314","1":"product","2":"type-product","3":"status-publish","5":"product_cat-bath-body-works","7":"first","8":"instock","9":"shipping-taxable","10":"product-type-simple"},"jetpack-related-posts":[{"id":33230,"url":"https:\/\/sakaba.mghosteur.com\/en\/product\/caudalie-vinoperfect-masque-peeling-glycolique\/","url_meta":{"origin":27314,"position":0},"title":"CAUDALIE VINOPERFECT MASQUE PEELING GLYCOLIQUE","author":"admin","date":"May 20, 2024","format":false,"excerpt":"","rel":"","context":"Similar post","block_context":{"text":"Similar post","link":""},"img":{"alt_text":"","src":"","width":0,"height":0},"classes":[]},{"id":31738,"url":"https:\/\/sakaba.mghosteur.com\/en\/product\/medix-5-5-10-glycolic-lactic-acid\/","url_meta":{"origin":27314,"position":1},"title":"MEDIX 5.5 10% GLYCOLIC + LACTIC ACID","author":"admin","date":"May 10, 2024","format":false,"excerpt":"Le s\u00e9rum \u00e0 l'acide glycolique Medix 5.5 r\u00e9duit visiblement l'apparence des pores obstru\u00e9s, de la texture de la peau rugueuse, du teint irr\u00e9gulier, des rougeurs et des taches brunes. Le peeling exfoliant de nuit pour le visage \u00e0 l'acide glycolique \u00e9limine efficacement les cellules mortes de la peau pour affiner,\u2026","rel":"","context":"Similar post","block_context":{"text":"Similar post","link":""},"img":{"alt_text":"","src":"","width":0,"height":0},"classes":[]},{"id":27429,"url":"https:\/\/sakaba.mghosteur.com\/en\/product\/the-inkey-list-apple-cider-vinegar-acid-peel\/","url_meta":{"origin":27314,"position":2},"title":"THE INKEY LIST APPLE CIDER VINEGAR ACID PEEL","author":"admin","date":"November 29, 2022","format":false,"excerpt":"Le peeling acide au vinaigre de cidre de pomme Inkey List est un exfoliant liquide qui peut \u00eatre utilis\u00e9 sur tous les types de peau, y compris les peaux grasses, mixtes et toutes. Il contient 2 % de vinaigre de cidre de pomme, 10 % d'acide glycolique et 5 %\u2026","rel":"","context":"Similar post","block_context":{"text":"Similar post","link":""},"img":{"alt_text":"","src":"","width":0,"height":0},"classes":[]},{"id":28010,"url":"https:\/\/sakaba.mghosteur.com\/en\/product\/squalane-glycolic-renewal-mask\/","url_meta":{"origin":27314,"position":3},"title":"BIOSSANCE SQUALANE+ GLYCOLIC RENEWAL MASK","author":"admin","date":"November 29, 2022","format":false,"excerpt":"Peeling, exfoliant et masque tout-en-un avec AHA pour minimiser les ridules, la d\u00e9coloration et l'apparence des pores dilat\u00e9s.","rel":"","context":"Similar post","block_context":{"text":"Similar post","link":""},"img":{"alt_text":"","src":"","width":0,"height":0},"classes":[]},{"id":26999,"url":"https:\/\/sakaba.mghosteur.com\/en\/product\/hyper-even-fade-and-glow-aha-mask\/","url_meta":{"origin":27314,"position":4},"title":"HYPER EVEN FADE AND GLOW AHA MASK","author":"admin","date":"November 28, 2022","format":false,"excerpt":"Le masque AHA Fade and Glow de la marque Hyper Even est le soin ultime pour redonner de l'\u00e9clat \u00e0 votre peau. Il est compos\u00e9 d'un duo AHA puissant, l'acide glycolique (5%) et l'acide mand\u00e9lique (5%), qui \u00e9liminent les impuret\u00e9s et illuminent instantan\u00e9ment le teint terne. La niacinamide et la\u2026","rel":"","context":"Similar post","block_context":{"text":"Similar post","link":""},"img":{"alt_text":"","src":"","width":0,"height":0},"classes":[]},{"id":26562,"url":"https:\/\/sakaba.mghosteur.com\/en\/product\/pixi-coffret-best-of-bright\/","url_meta":{"origin":27314,"position":5},"title":"PIXI COFFRET  BEST OF BRIGHT","author":"admin","date":"November 25, 2022","format":false,"excerpt":"Obtenez un teint \u00e9clatant de sant\u00e9 avec le kit Best of Bright de PIXI. Il combine un nettoyant luxueux, un tonique exfoliant et un masque \u00e0 la boue inspir\u00e9 du visage. Le trio agit ensemble pour restaurer un teint doux et lisse au toucher avec une clart\u00e9 accrue. Le kit\u2026","rel":"","context":"Similar post","block_context":{"text":"Similar post","link":""},"img":{"alt_text":"","src":"","width":0,"height":0},"classes":[]}],"_links":{"self":[{"href":"https:\/\/sakaba.mghosteur.com\/en\/wp-json\/wp\/v2\/product\/27314","targetHints":{"allow":["GET"]}}],"collection":[{"href":"https:\/\/sakaba.mghosteur.com\/en\/wp-json\/wp\/v2\/product"}],"about":[{"href":"https:\/\/sakaba.mghosteur.com\/en\/wp-json\/wp\/v2\/types\/product"}],"replies":[{"embeddable":true,"href":"https:\/\/sakaba.mghosteur.com\/en\/wp-json\/wp\/v2\/comments?post=27314"}],"version-history":[{"count":0,"href":"https:\/\/sakaba.mghosteur.com\/en\/wp-json\/wp\/v2\/product\/27314\/revisions"}],"wp:attachment":[{"href":"https:\/\/sakaba.mghosteur.com\/en\/wp-json\/wp\/v2\/media?parent=27314"}],"wp:term":[{"taxonomy":"product_brand","embeddable":true,"href":"https:\/\/sakaba.mghosteur.com\/en\/wp-json\/wp\/v2\/product_brand?post=27314"},{"taxonomy":"product_cat","embeddable":true,"href":"https:\/\/sakaba.mghosteur.com\/en\/wp-json\/wp\/v2\/product_cat?post=27314"},{"taxonomy":"product_tag","embeddable":true,"href":"https:\/\/sakaba.mghosteur.com\/en\/wp-json\/wp\/v2\/product_tag?post=27314"}],"curies":[{"name":"wp","href":"https:\/\/api.w.org\/{rel}","templated":true}]}}