{"id":27322,"date":"2022-11-29T11:03:49","date_gmt":"2022-11-29T11:03:49","guid":{"rendered":"http:\/\/www.sakababeauty.com\/?post_type=product&#038;p=27322"},"modified":"2022-11-29T11:03:49","modified_gmt":"2022-11-29T11:03:49","slug":"masque-purifiant","status":"publish","type":"product","link":"https:\/\/sakaba.mghosteur.com\/en\/product\/masque-purifiant\/","title":{"rendered":"MASQUE PURIFIANT"},"content":{"rendered":"","protected":false},"excerpt":{"rendered":"","protected":false},"featured_media":0,"comment_status":"closed","ping_status":"closed","template":"","meta":[],"product_brand":[],"product_cat":[377],"product_tag":[],"class_list":{"0":"post-27322","1":"product","2":"type-product","3":"status-publish","5":"product_cat-bath-body-works","7":"first","8":"instock","9":"shipping-taxable","10":"product-type-simple"},"jetpack-related-posts":[{"id":24707,"url":"https:\/\/sakaba.mghosteur.com\/en\/product\/cetaphil-purifying-clay-mask\/","url_meta":{"origin":27322,"position":0},"title":"CETAPHIL PURIFYING CLAY MASK","author":"admin","date":"November 10, 2022","format":false,"excerpt":"Le masque purifiant \u00e0 l'argile Cetaphil Pro Dermacontrol Bentonite Clay est un masque \u00e0 l'argile qui contient de l'argile bentonite, un puissant agent d\u00e9toxifiant qui aide \u00e0 combattre l'exc\u00e8s de s\u00e9bum et l'acn\u00e9. Il s'agit d'un masque cr\u00e9meux et super \u00e9talable con\u00e7u pour \u00e9liminer le s\u00e9bum et absorber la salet\u00e9\u2026","rel":"","context":"Similar post","block_context":{"text":"Similar post","link":""},"img":{"alt_text":"","src":"","width":0,"height":0},"classes":[]},{"id":30242,"url":"https:\/\/sakaba.mghosteur.com\/en\/product\/deep-clean-purifying-wash-off-clay-mask\/","url_meta":{"origin":27322,"position":1},"title":"Deep Clean Purifying Wash-Off Clay Mask","author":"admin","date":"May 4, 2023","format":false,"excerpt":"Un masque \u00e0 l'argile purifiant et nettoyant en profondeur est un type de produit de soin con\u00e7u pour aider \u00e0 \u00e9liminer les impuret\u00e9s et l'exc\u00e8s de s\u00e9bum de la peau. Le masque est g\u00e9n\u00e9ralement fabriqu\u00e9 \u00e0 partir d'une combinaison d'argiles naturelles, telles que la bentonite, le kaolin ou Pour utiliser\u2026","rel":"","context":"Similar post","block_context":{"text":"Similar post","link":""},"img":{"alt_text":"","src":"","width":0,"height":0},"classes":[]},{"id":27438,"url":"https:\/\/sakaba.mghosteur.com\/en\/product\/the-inkey-list-kaolin-face-mask\/","url_meta":{"origin":27322,"position":2},"title":"THE INKEY LIST KAOLIN FACE","author":"admin","date":"November 29, 2022","format":false,"excerpt":"Le masque \u00e0 l'argile de kaolin de la marque The Inkey List est un produit de soin de la peau de haute qualit\u00e9 qui offre une solution naturelle pour nettoyer et purifier votre peau en profondeur. En utilisant l'argile de kaolin, ce masque \u00e9limine les impuret\u00e9s et l'exc\u00e8s de s\u00e9bum\u2026","rel":"","context":"Similar post","block_context":{"text":"Similar post","link":""},"img":{"alt_text":"","src":"","width":0,"height":0},"classes":[]},{"id":29158,"url":"https:\/\/sakaba.mghosteur.com\/en\/product\/the-inkey-list-kaolin-clay-mask\/","url_meta":{"origin":27322,"position":3},"title":"THE INKEY LIST KAOLIN CLAY MASK","author":"admin","date":"March 15, 2023","format":false,"excerpt":"Le masque \u00e0 l'argile de kaolin de la marque The Inkey List est un produit de soin de la peau de haute qualit\u00e9 qui offre une solution naturelle pour nettoyer et purifier votre peau en profondeur. En utilisant l'argile de kaolin, ce masque \u00e9limine les impuret\u00e9s et l'exc\u00e8s de s\u00e9bum\u2026","rel":"","context":"Similar post","block_context":{"text":"Similar post","link":""},"img":{"alt_text":"","src":"","width":0,"height":0},"classes":[]},{"id":31369,"url":"https:\/\/sakaba.mghosteur.com\/en\/product\/paula-choice-clear-purifying-clay-mask\/","url_meta":{"origin":27322,"position":4},"title":"PAULA CHOICE CLEAR PURIFYING CLAY MASK","author":"admin","date":"May 10, 2024","format":false,"excerpt":"D\u00e9couvrez le Masque Purifiant \u00e0 l'Argile, une solution essentielle pour une peau \u00e9clatante. Formul\u00e9 pour \u00e9liminer le s\u00e9bum excessif, ce masque offre une purification profonde tout en affinant visiblement les pores. Apr\u00e8s le nettoyage, appliquez g\u00e9n\u00e9reusement sur le visage et le cou, en insistant sur les zones les plus sujettes\u2026","rel":"","context":"Similar post","block_context":{"text":"Similar post","link":""},"img":{"alt_text":"","src":"","width":0,"height":0},"classes":[]},{"id":33364,"url":"https:\/\/sakaba.mghosteur.com\/en\/product\/biore-charcoal-deep-cleansing-pore-strips-normal-to-oily-skin-6-count\/","url_meta":{"origin":27322,"position":5},"title":"Biore Charcoal Deep Cleansing Pore Strips, Normal to Oily Skin, 6 Count","author":"admin","date":"May 21, 2024","format":false,"excerpt":"\u00c9liminez les points noirs et r\u00e9duisez visiblement la taille des pores avec la bande nettoyante en profondeur Bior\u00e9 Blackhead Reducing. Ces bandes nasales nettoyantes en profondeur ciblent les points noirs et d\u00e9bouchent les pores. Pratiques et faciles \u00e0 utiliser, ces bandes de pores peuvent \u00eatre utilis\u00e9es 1 fois par semaine\u2026","rel":"","context":"Similar post","block_context":{"text":"Similar post","link":""},"img":{"alt_text":"","src":"","width":0,"height":0},"classes":[]}],"_links":{"self":[{"href":"https:\/\/sakaba.mghosteur.com\/en\/wp-json\/wp\/v2\/product\/27322","targetHints":{"allow":["GET"]}}],"collection":[{"href":"https:\/\/sakaba.mghosteur.com\/en\/wp-json\/wp\/v2\/product"}],"about":[{"href":"https:\/\/sakaba.mghosteur.com\/en\/wp-json\/wp\/v2\/types\/product"}],"replies":[{"embeddable":true,"href":"https:\/\/sakaba.mghosteur.com\/en\/wp-json\/wp\/v2\/comments?post=27322"}],"version-history":[{"count":0,"href":"https:\/\/sakaba.mghosteur.com\/en\/wp-json\/wp\/v2\/product\/27322\/revisions"}],"wp:attachment":[{"href":"https:\/\/sakaba.mghosteur.com\/en\/wp-json\/wp\/v2\/media?parent=27322"}],"wp:term":[{"taxonomy":"product_brand","embeddable":true,"href":"https:\/\/sakaba.mghosteur.com\/en\/wp-json\/wp\/v2\/product_brand?post=27322"},{"taxonomy":"product_cat","embeddable":true,"href":"https:\/\/sakaba.mghosteur.com\/en\/wp-json\/wp\/v2\/product_cat?post=27322"},{"taxonomy":"product_tag","embeddable":true,"href":"https:\/\/sakaba.mghosteur.com\/en\/wp-json\/wp\/v2\/product_tag?post=27322"}],"curies":[{"name":"wp","href":"https:\/\/api.w.org\/{rel}","templated":true}]}}