{"id":27327,"date":"2022-11-29T11:04:37","date_gmt":"2022-11-29T11:04:37","guid":{"rendered":"http:\/\/www.sakababeauty.com\/?post_type=product&#038;p=27327"},"modified":"2023-03-22T13:08:06","modified_gmt":"2023-03-22T13:08:06","slug":"good-molecules-pineapple-exfoliating-powder","status":"publish","type":"product","link":"https:\/\/sakaba.mghosteur.com\/en\/product\/good-molecules-pineapple-exfoliating-powder\/","title":{"rendered":"GOOD MOLECULES PINEAPPLE EXFOLIATING POWDER"},"content":{"rendered":"<p>La poudre exfoliante ananas de la marque Good Molecules est une solution douce et efficace pour exfolier votre peau. Formul\u00e9e avec des enzymes de fruits, de la vitamine C et de la poudre de riz, elle \u00e9claircit, adoucit et exfolie en douceur votre peau pour r\u00e9v\u00e9ler une peau plus lumineuse et plus fra\u00eeche. Cette poudre est sans parfum, sans silicone, sans huile min\u00e9rale, sans alcool et sans PEG, et convient donc \u00e0 tous les types de peau, y compris les peaux sensibles. Pour l&#8217;utiliser, il suffit de m\u00e9langer une cuill\u00e8re \u00e0 caf\u00e9 de poudre avec de l&#8217;eau pour former une mousse onctueuse, masser sur la peau avec des mouvements circulaires et rincer abondamment. Utilisez jusqu&#8217;\u00e0 4 fois par semaine pour des r\u00e9sultats optimaux.<\/p>","protected":false},"excerpt":{"rendered":"<p>La poudre exfoliante ananas de la marque Good Molecules est une solution douce et efficace pour exfolier votre peau. Formul\u00e9e avec des enzymes de fruits, de la vitamine C et de la poudre de riz, elle \u00e9claircit, adoucit et exfolie en douceur votre peau pour r\u00e9v\u00e9ler une peau plus lumineuse et plus fra\u00eeche. Cette poudre<span class=\"read-more-faq\"><a href=\"https:\/\/sakaba.mghosteur.com\/en\/product\/good-molecules-pineapple-exfoliating-powder\/\">Read More<\/a><\/span><\/p>","protected":false},"featured_media":0,"comment_status":"closed","ping_status":"closed","template":"","meta":[],"product_brand":[],"product_cat":[377],"product_tag":[],"class_list":{"0":"post-27327","1":"product","2":"type-product","3":"status-publish","5":"product_cat-bath-body-works","7":"first","8":"instock","9":"shipping-taxable","10":"product-type-simple"},"jetpack-related-posts":[],"_links":{"self":[{"href":"https:\/\/sakaba.mghosteur.com\/en\/wp-json\/wp\/v2\/product\/27327","targetHints":{"allow":["GET"]}}],"collection":[{"href":"https:\/\/sakaba.mghosteur.com\/en\/wp-json\/wp\/v2\/product"}],"about":[{"href":"https:\/\/sakaba.mghosteur.com\/en\/wp-json\/wp\/v2\/types\/product"}],"replies":[{"embeddable":true,"href":"https:\/\/sakaba.mghosteur.com\/en\/wp-json\/wp\/v2\/comments?post=27327"}],"version-history":[{"count":0,"href":"https:\/\/sakaba.mghosteur.com\/en\/wp-json\/wp\/v2\/product\/27327\/revisions"}],"wp:attachment":[{"href":"https:\/\/sakaba.mghosteur.com\/en\/wp-json\/wp\/v2\/media?parent=27327"}],"wp:term":[{"taxonomy":"product_brand","embeddable":true,"href":"https:\/\/sakaba.mghosteur.com\/en\/wp-json\/wp\/v2\/product_brand?post=27327"},{"taxonomy":"product_cat","embeddable":true,"href":"https:\/\/sakaba.mghosteur.com\/en\/wp-json\/wp\/v2\/product_cat?post=27327"},{"taxonomy":"product_tag","embeddable":true,"href":"https:\/\/sakaba.mghosteur.com\/en\/wp-json\/wp\/v2\/product_tag?post=27327"}],"curies":[{"name":"wp","href":"https:\/\/api.w.org\/{rel}","templated":true}]}}