{"id":27333,"date":"2022-11-29T11:06:17","date_gmt":"2022-11-29T11:06:17","guid":{"rendered":"http:\/\/www.sakababeauty.com\/?post_type=product&#038;p=27333"},"modified":"2023-03-21T18:17:29","modified_gmt":"2023-03-21T18:17:29","slug":"good-molecules-discoloration-correcting-serum","status":"publish","type":"product","link":"https:\/\/sakaba.mghosteur.com\/en\/product\/good-molecules-discoloration-correcting-serum\/","title":{"rendered":"GOOD MOLECULES DISCOLORATION CORRECTING SERUM"},"content":{"rendered":"<p>Convient \u00e0 tous les types de peau, ce s\u00e9rum correcteur de d\u00e9coloration est un produit de choix pour celles et ceux qui souhaitent retrouver un teint plus uniforme et \u00e9clatant. Sa formule innovante \u00e0 base d&#8217;acide tranexamique et de niacinamide permet de r\u00e9duire efficacement l&#8217;apparence des taches brunes, cicatrices d&#8217;acn\u00e9 et autres imperfections de la peau. Ce s\u00e9rum l\u00e9ger, sans parfum, convient parfaitement aux peaux sensibles. Avec son format pratique de 30 ml, vous pouvez l&#8217;emporter partout avec vous et l&#8217;utiliser facilement dans votre routine de soin. Commandez d\u00e8s maintenant notre s\u00e9rum correcteur de d\u00e9coloration et retrouvez une peau plus belle et plus lumineuse.<\/p>","protected":false},"excerpt":{"rendered":"<p>Convient \u00e0 tous les types de peau, ce s\u00e9rum correcteur de d\u00e9coloration est un produit de choix pour celles et ceux qui souhaitent retrouver un teint plus uniforme et \u00e9clatant. Sa formule innovante \u00e0 base d&#8217;acide tranexamique et de niacinamide permet de r\u00e9duire efficacement l&#8217;apparence des taches brunes, cicatrices d&#8217;acn\u00e9 et autres imperfections de la<span class=\"read-more-faq\"><a href=\"https:\/\/sakaba.mghosteur.com\/en\/product\/good-molecules-discoloration-correcting-serum\/\">Read More<\/a><\/span><\/p>","protected":false},"featured_media":0,"comment_status":"closed","ping_status":"closed","template":"","meta":[],"product_brand":[],"product_cat":[377],"product_tag":[],"class_list":{"0":"post-27333","1":"product","2":"type-product","3":"status-publish","5":"product_cat-bath-body-works","7":"first","8":"instock","9":"shipping-taxable","10":"product-type-simple"},"jetpack-related-posts":[],"_links":{"self":[{"href":"https:\/\/sakaba.mghosteur.com\/en\/wp-json\/wp\/v2\/product\/27333","targetHints":{"allow":["GET"]}}],"collection":[{"href":"https:\/\/sakaba.mghosteur.com\/en\/wp-json\/wp\/v2\/product"}],"about":[{"href":"https:\/\/sakaba.mghosteur.com\/en\/wp-json\/wp\/v2\/types\/product"}],"replies":[{"embeddable":true,"href":"https:\/\/sakaba.mghosteur.com\/en\/wp-json\/wp\/v2\/comments?post=27333"}],"version-history":[{"count":0,"href":"https:\/\/sakaba.mghosteur.com\/en\/wp-json\/wp\/v2\/product\/27333\/revisions"}],"wp:attachment":[{"href":"https:\/\/sakaba.mghosteur.com\/en\/wp-json\/wp\/v2\/media?parent=27333"}],"wp:term":[{"taxonomy":"product_brand","embeddable":true,"href":"https:\/\/sakaba.mghosteur.com\/en\/wp-json\/wp\/v2\/product_brand?post=27333"},{"taxonomy":"product_cat","embeddable":true,"href":"https:\/\/sakaba.mghosteur.com\/en\/wp-json\/wp\/v2\/product_cat?post=27333"},{"taxonomy":"product_tag","embeddable":true,"href":"https:\/\/sakaba.mghosteur.com\/en\/wp-json\/wp\/v2\/product_tag?post=27333"}],"curies":[{"name":"wp","href":"https:\/\/api.w.org\/{rel}","templated":true}]}}