{"id":27337,"date":"2022-11-29T11:06:06","date_gmt":"2022-11-29T11:06:06","guid":{"rendered":"http:\/\/www.sakababeauty.com\/?post_type=product&#038;p=27337"},"modified":"2022-11-29T11:06:06","modified_gmt":"2022-11-29T11:06:06","slug":"lip-sleeping-mask-vanilla","status":"publish","type":"product","link":"https:\/\/sakaba.mghosteur.com\/en\/product\/lip-sleeping-mask-vanilla\/","title":{"rendered":"LIP SLEEPING MASK VANILLA"},"content":{"rendered":"","protected":false},"excerpt":{"rendered":"","protected":false},"featured_media":0,"comment_status":"closed","ping_status":"closed","template":"","meta":[],"product_brand":[],"product_cat":[377],"product_tag":[],"class_list":{"0":"post-27337","1":"product","2":"type-product","3":"status-publish","5":"product_cat-bath-body-works","7":"first","8":"instock","9":"shipping-taxable","10":"product-type-simple"},"jetpack-related-posts":[{"id":31515,"url":"https:\/\/sakaba.mghosteur.com\/en\/product\/laneige-lip-sleeping-mask-vanilla\/","url_meta":{"origin":27337,"position":0},"title":"LANEIGE LIP SLEEPING MASK VANILLA","author":"admin","date":"May 10, 2024","format":false,"excerpt":"D\u00e9couvrez le masque de nuit nourrissant pour les l\u00e8vres, un essentiel de beaut\u00e9 de Laneige. Ce produit r\u00e9volutionnaire vous offre des l\u00e8vres douces et lisses d\u00e8s le r\u00e9veil, comme la peau d'un b\u00e9b\u00e9. Enrichi d'un m\u00e9lange pr\u00e9cieux de vitamine C et d'antioxydants puissants, ce masque nourrit intens\u00e9ment vos l\u00e8vres tout\u2026","rel":"","context":"Similar post","block_context":{"text":"Similar post","link":""},"img":{"alt_text":"","src":"","width":0,"height":0},"classes":[]},{"id":27211,"url":"https:\/\/sakaba.mghosteur.com\/en\/product\/lip-sleeping-mask-mango\/","url_meta":{"origin":27337,"position":1},"title":"LIP SLEEPING MASK MANGO","author":"admin","date":"November 29, 2022","format":false,"excerpt":"","rel":"","context":"Similar post","block_context":{"text":"Similar post","link":""},"img":{"alt_text":"","src":"","width":0,"height":0},"classes":[]},{"id":27196,"url":"https:\/\/sakaba.mghosteur.com\/en\/product\/lip-sleeping-mask-gummy-bear\/","url_meta":{"origin":27337,"position":2},"title":"LIP SLEEPING MASK GUMMY BEAR","author":"admin","date":"November 29, 2022","format":false,"excerpt":"","rel":"","context":"Similar post","block_context":{"text":"Similar post","link":""},"img":{"alt_text":"","src":"","width":0,"height":0},"classes":[]},{"id":27255,"url":"https:\/\/sakaba.mghosteur.com\/en\/product\/lip-sleeping-mask-sweet-candy\/","url_meta":{"origin":27337,"position":3},"title":"LIP SLEEPING MASK SWEET CANDY","author":"admin","date":"November 29, 2022","format":false,"excerpt":"","rel":"","context":"Similar post","block_context":{"text":"Similar post","link":""},"img":{"alt_text":"","src":"","width":0,"height":0},"classes":[]},{"id":27206,"url":"https:\/\/sakaba.mghosteur.com\/en\/product\/laneige-lip-sleeping-mask\/","url_meta":{"origin":27337,"position":4},"title":"LANEIGE LIP SLEEPING MASK","author":"admin","date":"November 29, 2022","format":false,"excerpt":"","rel":"","context":"Similar post","block_context":{"text":"Similar post","link":""},"img":{"alt_text":"","src":"","width":0,"height":0},"classes":[]},{"id":27179,"url":"https:\/\/sakaba.mghosteur.com\/en\/product\/laneige-lip-sleeping-mask-20g\/","url_meta":{"origin":27337,"position":5},"title":"LANEIGE LIP SLEEPING MASK 20g","author":"admin","date":"November 29, 2022","format":false,"excerpt":"","rel":"","context":"Similar post","block_context":{"text":"Similar post","link":""},"img":{"alt_text":"","src":"","width":0,"height":0},"classes":[]}],"_links":{"self":[{"href":"https:\/\/sakaba.mghosteur.com\/en\/wp-json\/wp\/v2\/product\/27337","targetHints":{"allow":["GET"]}}],"collection":[{"href":"https:\/\/sakaba.mghosteur.com\/en\/wp-json\/wp\/v2\/product"}],"about":[{"href":"https:\/\/sakaba.mghosteur.com\/en\/wp-json\/wp\/v2\/types\/product"}],"replies":[{"embeddable":true,"href":"https:\/\/sakaba.mghosteur.com\/en\/wp-json\/wp\/v2\/comments?post=27337"}],"version-history":[{"count":0,"href":"https:\/\/sakaba.mghosteur.com\/en\/wp-json\/wp\/v2\/product\/27337\/revisions"}],"wp:attachment":[{"href":"https:\/\/sakaba.mghosteur.com\/en\/wp-json\/wp\/v2\/media?parent=27337"}],"wp:term":[{"taxonomy":"product_brand","embeddable":true,"href":"https:\/\/sakaba.mghosteur.com\/en\/wp-json\/wp\/v2\/product_brand?post=27337"},{"taxonomy":"product_cat","embeddable":true,"href":"https:\/\/sakaba.mghosteur.com\/en\/wp-json\/wp\/v2\/product_cat?post=27337"},{"taxonomy":"product_tag","embeddable":true,"href":"https:\/\/sakaba.mghosteur.com\/en\/wp-json\/wp\/v2\/product_tag?post=27337"}],"curies":[{"name":"wp","href":"https:\/\/api.w.org\/{rel}","templated":true}]}}