{"id":27342,"date":"2022-11-29T11:07:19","date_gmt":"2022-11-29T11:07:19","guid":{"rendered":"http:\/\/www.sakababeauty.com\/?post_type=product&#038;p=27342"},"modified":"2023-03-22T15:33:43","modified_gmt":"2023-03-22T15:33:43","slug":"good-molecules-ultra-hydrating-facial-oil","status":"publish","type":"product","link":"https:\/\/sakaba.mghosteur.com\/en\/product\/good-molecules-ultra-hydrating-facial-oil\/","title":{"rendered":"GOOD MOLECULES ULTRA HYDRATING FACIAL OIL"},"content":{"rendered":"<div class=\"flex-1 overflow-hidden\">\n<div class=\"react-scroll-to-bottom--css-aalzk-79elbk h-full dark:bg-gray-800\">\n<div class=\"react-scroll-to-bottom--css-aalzk-1n7m0yu\">\n<div class=\"flex flex-col items-center text-sm dark:bg-gray-800\">\n<div class=\"group w-full text-gray-800 dark:text-gray-100 border-b border-black\/10 dark:border-gray-900\/50 bg-gray-50 dark:bg-[#444654]\">\n<div class=\"text-base gap-4 md:gap-6 md:max-w-2xl lg:max-w-2xl xl:max-w-3xl p-4 md:py-6 flex lg:px-0 m-auto\">\n<div class=\"relative flex w-[calc(100%-50px)] flex-col gap-1 md:gap-3 lg:w-[calc(100%-115px)]\">\n<div class=\"flex flex-grow flex-col gap-3\">\n<div class=\"min-h-[20px] flex flex-col items-start gap-4 whitespace-pre-wrap\">\n<div class=\"markdown prose w-full break-words dark:prose-invert light\">\n<p>D\u00e9couvrez l&#8217;huile pour le visage ultra-hydratante de Good Molecules ! Cette huile v\u00e9g\u00e9talienne et sans gluten est le choix parfait pour tous les types de peau. Sa formule l\u00e9g\u00e8re contenant de l&#8217;huile de cam\u00e9lia et de l&#8217;huile d&#8217;argousier soulage la s\u00e9cheresse et la d\u00e9shydratation, tout en laissant votre peau avec une lueur douce et ros\u00e9e. Ce produit est disponible en format pratique de 13 ml \/ 0,44 oz et ne contient ni parfum ni ingr\u00e9dients d&#8217;origine animale. Utilisez-le comme derni\u00e8re \u00e9tape de votre routine quotidienne pour une hydratation optimale. Gardez \u00e0 l&#8217;esprit que l&#8217;huile d&#8217;argousier de haute qualit\u00e9 peut laisser une teinte jaune temporaire sur la peau, donc nous vous recommandons de l&#8217;utiliser la nuit. Faites l&#8217;exp\u00e9rience de la diff\u00e9rence que peut faire une hydratation sup\u00e9rieure avec l&#8217;huile pour le visage ultra-hydratante de Good Molecules !<\/p>\n<\/div>\n<\/div>\n<\/div>\n<div class=\"flex justify-between\">\n<div class=\"text-gray-400 flex self-end lg:self-center justify-center mt-2 gap-3 md:gap-4 lg:gap-1 lg:absolute lg:top-0 lg:translate-x-full lg:right-0 lg:mt-0 lg:pl-2 visible\"><\/div>\n<\/div>\n<\/div>\n<\/div>\n<\/div>\n<div class=\"w-full h-32 md:h-48 flex-shrink-0\"><\/div>\n<\/div>\n<p>&nbsp;<\/p>\n<\/div>\n<\/div>\n<\/div>\n<div class=\"absolute bottom-0 left-0 w-full border-t md:border-t-0 dark:border-white\/20 md:border-transparent md:dark:border-transparent md:bg-vert-light-gradient bg-white dark:bg-gray-800 md:!bg-transparent dark:md:bg-vert-dark-gradient pt-2\">\n<form class=\"stretch mx-2 flex flex-row gap-3 last:mb-2 md:mx-4 md:last:mb-6 lg:mx-auto lg:max-w-3xl\" action=\"\">\n<div class=\"relative flex h-full flex-1 md:flex-col\">\n<div class=\"flex ml-1 md:w-full md:m-auto md:mb-2 gap-0 md:gap-2 justify-center\"><\/div>\n<\/div>\n<input type=\"hidden\" name=\"trp-form-language\" value=\"en\"\/><\/form>\n<\/div>","protected":false},"excerpt":{"rendered":"<p>D\u00e9couvrez l&#8217;huile pour le visage ultra-hydratante de Good Molecules ! Cette huile v\u00e9g\u00e9talienne et sans gluten est le choix parfait pour tous les types de peau. Sa formule l\u00e9g\u00e8re contenant de l&#8217;huile de cam\u00e9lia et de l&#8217;huile d&#8217;argousier soulage la s\u00e9cheresse et la d\u00e9shydratation, tout en laissant votre peau avec une lueur douce et ros\u00e9e.<span class=\"read-more-faq\"><a href=\"https:\/\/sakaba.mghosteur.com\/en\/product\/good-molecules-ultra-hydrating-facial-oil\/\">Read More<\/a><\/span><\/p>","protected":false},"featured_media":0,"comment_status":"closed","ping_status":"closed","template":"","meta":[],"product_brand":[],"product_cat":[377],"product_tag":[],"class_list":{"0":"post-27342","1":"product","2":"type-product","3":"status-publish","5":"product_cat-bath-body-works","7":"first","8":"instock","9":"shipping-taxable","10":"product-type-simple"},"jetpack-related-posts":[],"_links":{"self":[{"href":"https:\/\/sakaba.mghosteur.com\/en\/wp-json\/wp\/v2\/product\/27342","targetHints":{"allow":["GET"]}}],"collection":[{"href":"https:\/\/sakaba.mghosteur.com\/en\/wp-json\/wp\/v2\/product"}],"about":[{"href":"https:\/\/sakaba.mghosteur.com\/en\/wp-json\/wp\/v2\/types\/product"}],"replies":[{"embeddable":true,"href":"https:\/\/sakaba.mghosteur.com\/en\/wp-json\/wp\/v2\/comments?post=27342"}],"version-history":[{"count":0,"href":"https:\/\/sakaba.mghosteur.com\/en\/wp-json\/wp\/v2\/product\/27342\/revisions"}],"wp:attachment":[{"href":"https:\/\/sakaba.mghosteur.com\/en\/wp-json\/wp\/v2\/media?parent=27342"}],"wp:term":[{"taxonomy":"product_brand","embeddable":true,"href":"https:\/\/sakaba.mghosteur.com\/en\/wp-json\/wp\/v2\/product_brand?post=27342"},{"taxonomy":"product_cat","embeddable":true,"href":"https:\/\/sakaba.mghosteur.com\/en\/wp-json\/wp\/v2\/product_cat?post=27342"},{"taxonomy":"product_tag","embeddable":true,"href":"https:\/\/sakaba.mghosteur.com\/en\/wp-json\/wp\/v2\/product_tag?post=27342"}],"curies":[{"name":"wp","href":"https:\/\/api.w.org\/{rel}","templated":true}]}}