{"id":27345,"date":"2022-11-29T11:07:53","date_gmt":"2022-11-29T11:07:53","guid":{"rendered":"http:\/\/www.sakababeauty.com\/?post_type=product&#038;p=27345"},"modified":"2024-08-08T15:30:34","modified_gmt":"2024-08-08T15:30:34","slug":"algenist-blue-algae-vitamin-c-dark-spot","status":"publish","type":"product","link":"https:\/\/sakaba.mghosteur.com\/en\/product\/algenist-blue-algae-vitamin-c-dark-spot\/","title":{"rendered":"ALGENIST BLUE ALGAE VITAMIN C DARK SPOT"},"content":{"rendered":"<p>Un puissant peeling resurfa\u00e7ant et exfoliant infus\u00e9 de vitamine C exclusive d&#8217;algues bleues, d&#8217;un complexe triple acide, d&#8217;un m\u00e9lange d&#8217;AHA, de BHA et de PHA pour aider \u00e0 r\u00e9duire l&#8217;apparence des taches brunes, des d\u00e9colorations, des imperfections et des imperfections &#8211; r\u00e9v\u00e9lant un teint lisse, radieux et uniforme.<\/p>","protected":false},"excerpt":{"rendered":"<p>Un puissant peeling resurfa\u00e7ant et exfoliant infus\u00e9 de vitamine C exclusive d&#8217;algues bleues, d&#8217;un complexe triple acide, d&#8217;un m\u00e9lange d&#8217;AHA, de BHA et de PHA pour aider \u00e0 r\u00e9duire l&#8217;apparence des taches brunes, des d\u00e9colorations, des imperfections et des imperfections &#8211; r\u00e9v\u00e9lant un teint lisse, radieux et uniforme.<\/p>","protected":false},"featured_media":0,"comment_status":"closed","ping_status":"closed","template":"","meta":[],"product_brand":[],"product_cat":[293,451,334],"product_tag":[],"class_list":{"0":"post-27345","1":"product","2":"type-product","3":"status-publish","5":"product_cat-anti-taches","6":"product_cat-aab-soin-du-visage","7":"product_cat-traitement-serum","9":"first","10":"instock","11":"shipping-taxable","12":"product-type-simple"},"jetpack-related-posts":[{"id":31578,"url":"https:\/\/sakaba.mghosteur.com\/en\/product\/cosrx-the-vitamin-c-13-20ml\/","url_meta":{"origin":27345,"position":0},"title":"COSRX THE VITAMIN C 13 20ML","author":"admin","date":"May 10, 2024","format":false,"excerpt":"D\u00e9couvrez le S\u00e9rum Vitamine C 13, un v\u00e9ritable \u00e9lixir de jeunesse pour votre peau ! Ce s\u00e9rum doux \u00e0 la vitamine C est sp\u00e9cialement con\u00e7u pour les peaux sensibles, id\u00e9al pour une utilisation quotidienne. Sa formule unique agit en profondeur pour att\u00e9nuer les imperfections, les taches brunes et les taches\u2026","rel":"","context":"Similar post","block_context":{"text":"Similar post","link":""},"img":{"alt_text":"","src":"","width":0,"height":0},"classes":[]},{"id":27371,"url":"https:\/\/sakaba.mghosteur.com\/en\/product\/the-inkey-list-c-50-blemish-night-treatment\/","url_meta":{"origin":27345,"position":1},"title":"THE INKEY LIST C-50 BLEMISH NIGHT TREATMENT","author":"admin","date":"November 29, 2022","format":false,"excerpt":"Le traitement de nuit anti-imperfections C-50 de The Inkey List est la solution id\u00e9ale pour ceux qui cherchent \u00e0 traiter leur peau pendant leur sommeil. Avec une formule efficace et puissante, ce traitement de gel de nuit travaille dur pour r\u00e9duire les \u00e9ruptions cutan\u00e9es, d\u00e9sobstruer les pores et r\u00e9duire l'apparence\u2026","rel":"","context":"Similar post","block_context":{"text":"Similar post","link":""},"img":{"alt_text":"","src":"","width":0,"height":0},"classes":[]},{"id":30429,"url":"https:\/\/sakaba.mghosteur.com\/en\/product\/refreshingly-clear-facial-wash\/","url_meta":{"origin":27345,"position":2},"title":"REFRESHINGLY CLEAR FACIAL WASH","author":"admin","date":"May 10, 2023","format":false,"excerpt":"D\u00e9couvrez le nettoyant pour le visage NEUTROGENA Rafra\u00eechissant et clair au pamplemousse rose et \u00e0 la vitamine C, un nettoyant quotidien vivifiant pour le visage d\u00e9velopp\u00e9 avec des dermatologues. Sp\u00e9cialement con\u00e7u pour les peaux sujettes aux imperfections, ce gel nettoyant nettoie en douceur pour aider \u00e0 pr\u00e9venir les imperfections, sans\u2026","rel":"","context":"Similar post","block_context":{"text":"Similar post","link":""},"img":{"alt_text":"","src":"","width":0,"height":0},"classes":[]},{"id":26991,"url":"https:\/\/sakaba.mghosteur.com\/en\/product\/facetheory-regenacalm-serum-pro\/","url_meta":{"origin":27345,"position":3},"title":"FACETHEORY Regenacalm Serum S1 Pro","author":"admin","date":"November 28, 2022","format":false,"excerpt":"D\u00e9couvrez le Regenacalm Serum S1 Pro de la marque FACETHEORY, un s\u00e9rum concentr\u00e9 en actifs pour une peau plus jeune et plus \u00e9clatante. Formul\u00e9 avec 3% de r\u00e9tino\u00efde encapsul\u00e9 dans des liposomes, ce s\u00e9rum agit sur les ridules, les rides, les imperfections, les cicatrices d'acn\u00e9 et l'hyperpigmentation en p\u00e9n\u00e9trant plus\u2026","rel":"","context":"Similar post","block_context":{"text":"Similar post","link":""},"img":{"alt_text":"","src":"","width":0,"height":0},"classes":[]},{"id":27441,"url":"https:\/\/sakaba.mghosteur.com\/en\/product\/the-inkey-niacinamide\/","url_meta":{"origin":27345,"position":4},"title":"THE INKEY NIACINAMIDE","author":"admin","date":"November 29, 2022","format":false,"excerpt":"Compos\u00e9 de 10 % de niacinamide et de 1 % d'acide hyaluronique, le s\u00e9rum \u00e0 la niacinamide de The INKEY List minimise l'apparence des pores et des imperfections. La vitamine B3 naturelle, la niacinamide, est connue pour sa capacit\u00e9 \u00e0 contr\u00f4ler l'apparence du s\u00e9bum et de la pigmentation, id\u00e9ale pour\u2026","rel":"","context":"Similar post","block_context":{"text":"Similar post","link":""},"img":{"alt_text":"","src":"","width":0,"height":0},"classes":[]},{"id":26988,"url":"https:\/\/sakaba.mghosteur.com\/en\/product\/facetheory-regenacalm-serum\/","url_meta":{"origin":27345,"position":5},"title":"FACETHEORY Regenacalm 2% Retinol and Vitamin C Serum S1","author":"admin","date":"November 28, 2022","format":false,"excerpt":"Produit : Regenacalm 2% R\u00e9tinol et Vitamine C S\u00e9rum S1 Marque : Facetheory Le s\u00e9rum Regenacalm de Facetheory est un produit hautement efficace con\u00e7u pour cibler les ridules, les rides, les imperfections, les cicatrices d'acn\u00e9, la rosac\u00e9e et l'hyperpigmentation. Sa formule contient de l'ester de r\u00e9tinol stabilis\u00e9 \u00e0 2%, de\u2026","rel":"","context":"Similar post","block_context":{"text":"Similar post","link":""},"img":{"alt_text":"","src":"","width":0,"height":0},"classes":[]}],"_links":{"self":[{"href":"https:\/\/sakaba.mghosteur.com\/en\/wp-json\/wp\/v2\/product\/27345","targetHints":{"allow":["GET"]}}],"collection":[{"href":"https:\/\/sakaba.mghosteur.com\/en\/wp-json\/wp\/v2\/product"}],"about":[{"href":"https:\/\/sakaba.mghosteur.com\/en\/wp-json\/wp\/v2\/types\/product"}],"replies":[{"embeddable":true,"href":"https:\/\/sakaba.mghosteur.com\/en\/wp-json\/wp\/v2\/comments?post=27345"}],"version-history":[{"count":0,"href":"https:\/\/sakaba.mghosteur.com\/en\/wp-json\/wp\/v2\/product\/27345\/revisions"}],"wp:attachment":[{"href":"https:\/\/sakaba.mghosteur.com\/en\/wp-json\/wp\/v2\/media?parent=27345"}],"wp:term":[{"taxonomy":"product_brand","embeddable":true,"href":"https:\/\/sakaba.mghosteur.com\/en\/wp-json\/wp\/v2\/product_brand?post=27345"},{"taxonomy":"product_cat","embeddable":true,"href":"https:\/\/sakaba.mghosteur.com\/en\/wp-json\/wp\/v2\/product_cat?post=27345"},{"taxonomy":"product_tag","embeddable":true,"href":"https:\/\/sakaba.mghosteur.com\/en\/wp-json\/wp\/v2\/product_tag?post=27345"}],"curies":[{"name":"wp","href":"https:\/\/api.w.org\/{rel}","templated":true}]}}