{"id":27353,"date":"2022-11-29T11:09:20","date_gmt":"2022-11-29T11:09:20","guid":{"rendered":"http:\/\/www.sakababeauty.com\/?post_type=product&#038;p=27353"},"modified":"2023-03-21T17:42:37","modified_gmt":"2023-03-21T17:42:37","slug":"good-molecules-clarify-cleanser-bar","status":"publish","type":"product","link":"https:\/\/sakaba.mghosteur.com\/en\/product\/good-molecules-clarify-cleanser-bar\/","title":{"rendered":"GOOD MOLECULES CLARIFY &#038;CLEANSER BAR"},"content":{"rendered":"<div class=\"flex-1 overflow-hidden\">\n<div class=\"react-scroll-to-bottom--css-iimdq-79elbk h-full dark:bg-gray-800\">\n<div class=\"react-scroll-to-bottom--css-iimdq-1n7m0yu\">\n<div class=\"flex flex-col items-center text-sm dark:bg-gray-800\">\n<div class=\"group w-full text-gray-800 dark:text-gray-100 border-b border-black\/10 dark:border-gray-900\/50 bg-gray-50 dark:bg-[#444654]\">\n<div class=\"text-base gap-4 md:gap-6 md:max-w-2xl lg:max-w-2xl xl:max-w-3xl p-4 md:py-6 flex lg:px-0 m-auto\">\n<div class=\"relative flex w-[calc(100%-50px)] flex-col gap-1 md:gap-3 lg:w-[calc(100%-115px)]\">\n<div class=\"flex flex-grow flex-col gap-3\">\n<div class=\"min-h-[20px] flex flex-col items-start gap-4 whitespace-pre-wrap\">\n<div class=\"markdown prose w-full break-words dark:prose-invert light\">\n<p>La Barre Clarifier &amp; Nettoyer est un pain nettoyant ultra doux qui d\u00e9toxifie la peau sans la d\u00e9caper pour un nettoyage confortable. Ce produit est formul\u00e9 avec un m\u00e9lange au pH \u00e9quilibr\u00e9 d&#8217;ingr\u00e9dients nettoyants et apaisants, qui \u00e9limine les impuret\u00e9s du visage et du corps pour laisser la peau claire et uniforme, sans laisser de sensation de tiraillement ou d&#8217;irritation.<\/p>\n<p>Cette barre nettoyante est adapt\u00e9e \u00e0 tous les types de peau, y compris les peaux sensibles, et elle est formul\u00e9e sans savon, sulfates et parab\u00e8nes. De plus, elle est v\u00e9g\u00e9talienne et sans cruaut\u00e9, ce qui en fait un choix respectueux de l&#8217;environnement et des animaux.<\/p>\n<p>Si vous cherchez une solution de nettoyage douce mais efficace pour votre peau, la Barre Clarifier &amp; Nettoyer est le produit id\u00e9al pour vous. Commandez d\u00e8s maintenant et d\u00e9couvrez les bienfaits d&#8217;un nettoyage en douceur pour une peau saine et \u00e9clatante.<\/p>\n<\/div>\n<\/div>\n<\/div>\n<\/div>\n<\/div>\n<\/div>\n<\/div>\n<\/div>\n<\/div>\n<\/div>","protected":false},"excerpt":{"rendered":"<p>La Barre Clarifier &amp; Nettoyer est un pain nettoyant ultra doux qui d\u00e9toxifie la peau sans la d\u00e9caper pour un nettoyage confortable. Ce produit est formul\u00e9 avec un m\u00e9lange au pH \u00e9quilibr\u00e9 d&#8217;ingr\u00e9dients nettoyants et apaisants, qui \u00e9limine les impuret\u00e9s du visage et du corps pour laisser la peau claire et uniforme, sans laisser de<span class=\"read-more-faq\"><a href=\"https:\/\/sakaba.mghosteur.com\/en\/product\/good-molecules-clarify-cleanser-bar\/\">Read More<\/a><\/span><\/p>","protected":false},"featured_media":0,"comment_status":"closed","ping_status":"closed","template":"","meta":[],"product_brand":[],"product_cat":[446],"product_tag":[],"class_list":{"0":"post-27353","1":"product","2":"type-product","3":"status-publish","5":"product_cat-nettoyant","7":"first","8":"instock","9":"shipping-taxable","10":"product-type-simple"},"jetpack-related-posts":[{"id":24397,"url":"https:\/\/sakaba.mghosteur.com\/en\/product\/palmers-skin-therapy-cleansing-oil-face\/","url_meta":{"origin":27353,"position":0},"title":"PALMERS SKIN THERAPY CLEANSING OIL FACE","author":"admin","date":"November 10, 2022","format":false,"excerpt":"Introducing Skin Therapy Huile Nettoyante Visage by Palmer's - une huile nettoyante douce pour le visage qui nettoie en profondeur votre peau sans la d\u00e9caper. Cette huile est con\u00e7ue pour enlever efficacement le maquillage, le maquillage des yeux et les impuret\u00e9s, tout en \u00e9tant non-com\u00e9dog\u00e8ne et n'obstrue pas les pores.\u2026","rel":"","context":"Similar post","block_context":{"text":"Similar post","link":""},"img":{"alt_text":"","src":"","width":0,"height":0},"classes":[]},{"id":26362,"url":"https:\/\/sakaba.mghosteur.com\/en\/product\/paulas-choice-omega-complex-cleansing-balm\/","url_meta":{"origin":27353,"position":1},"title":"PAULA&#8217;S CHOICE OMEGA + COMPLEX CLEANSING BALM","author":"admin","date":"November 25, 2022","format":false,"excerpt":"Le Baume Nettoyant Complexe Om\u00e9ga+ de la marque Paula's Choice est un nettoyant triple action pour la peau. Il est formul\u00e9 avec des om\u00e9gas 3, 6 et 9 pour nettoyer, adoucir et apaiser la peau tout en la rin\u00e7ant compl\u00e8tement. Ce produit nettoie en profondeur sans perturber la barri\u00e8re cutan\u00e9e\u2026","rel":"","context":"Similar post","block_context":{"text":"Similar post","link":""},"img":{"alt_text":"","src":"","width":0,"height":0},"classes":[]},{"id":23932,"url":"https:\/\/sakaba.mghosteur.com\/en\/product\/cerave-makeup-removing-cleanser-balm\/","url_meta":{"origin":27353,"position":2},"title":"CERAVE  MAKEUP REMOVING CLEANSER BALM","author":"admin","date":"November 9, 2022","format":false,"excerpt":"Le baume nettoyant d\u00e9maquillant CeraVe est le produit parfait pour tous les types de peau. Il est sans alcool, sans parfum, sans savon et sans paraben, ce qui en fait un choix id\u00e9al pour les peaux sensibles. Ce baume nettoyant est con\u00e7u pour \u00e9liminer efficacement le maquillage, la salet\u00e9 et\u2026","rel":"","context":"Similar post","block_context":{"text":"Similar post","link":""},"img":{"alt_text":"","src":"","width":0,"height":0},"classes":[]},{"id":30525,"url":"https:\/\/sakaba.mghosteur.com\/en\/product\/even-tone-cleansing-bar-3-in-1-treatment\/","url_meta":{"origin":27353,"position":3},"title":"EVEN TONE CLEANSING BAR 3 IN 1 TREATMENT","author":"admin","date":"May 13, 2023","format":false,"excerpt":"D\u00e9couvrez la barre nettoyante Even Tone de la marque Urban Skin pour am\u00e9liorer l'apparence de votre teint irr\u00e9gulier. Cette barre nettoyante est un nettoyant, un masque et un exfoliant tout-en-un pour cibler les taches brunes tenaces et r\u00e9v\u00e9ler un teint plus lumineux et plus uniforme. La formule prim\u00e9e est renforc\u00e9e\u2026","rel":"","context":"Similar post","block_context":{"text":"Similar post","link":""},"img":{"alt_text":"","src":"","width":0,"height":0},"classes":[]},{"id":23918,"url":"https:\/\/sakaba.mghosteur.com\/en\/product\/cerave-acne-control-cleanser\/","url_meta":{"origin":27353,"position":4},"title":"CERAVE ACNE CONTROL CLEANSER","author":"admin","date":"November 9, 2022","format":false,"excerpt":"Le nettoyant anti-acn\u00e9 de CeraVe est un gel nettoyant pour le visage sp\u00e9cialement con\u00e7u pour les peaux sujettes \u00e0 l'acn\u00e9. Il contient 2% d'acide salicylique, qui aide \u00e0 traiter l'acn\u00e9 existante et \u00e0 pr\u00e9venir de nouvelles \u00e9ruptions en p\u00e9n\u00e9trant les pores de la peau. En outre, l'argile hectorite aide \u00e0\u2026","rel":"","context":"Similar post","block_context":{"text":"Similar post","link":""},"img":{"alt_text":"","src":"","width":0,"height":0},"classes":[]},{"id":24173,"url":"https:\/\/sakaba.mghosteur.com\/en\/product\/cerave-hydrating-facial-cleanser-355-ml\/","url_meta":{"origin":27353,"position":5},"title":"CERAVE HYDRATING FACIAL CLEANSER 355 ML","author":"admin","date":"November 9, 2022","format":false,"excerpt":"Le nettoyant hydratant pour le visage CeraVe est le choix parfait pour une peau propre, hydrat\u00e9e et saine. Con\u00e7u avec des ingr\u00e9dients soigneusement s\u00e9lectionn\u00e9s, tels que les c\u00e9ramides et l'acide hyaluronique, ce nettoyant doux pour le visage est sp\u00e9cialement formul\u00e9 pour les peaux normales \u00e0 s\u00e8ches. Contrairement aux nettoyants classiques\u2026","rel":"","context":"Similar post","block_context":{"text":"Similar post","link":""},"img":{"alt_text":"","src":"","width":0,"height":0},"classes":[]}],"_links":{"self":[{"href":"https:\/\/sakaba.mghosteur.com\/en\/wp-json\/wp\/v2\/product\/27353","targetHints":{"allow":["GET"]}}],"collection":[{"href":"https:\/\/sakaba.mghosteur.com\/en\/wp-json\/wp\/v2\/product"}],"about":[{"href":"https:\/\/sakaba.mghosteur.com\/en\/wp-json\/wp\/v2\/types\/product"}],"replies":[{"embeddable":true,"href":"https:\/\/sakaba.mghosteur.com\/en\/wp-json\/wp\/v2\/comments?post=27353"}],"version-history":[{"count":0,"href":"https:\/\/sakaba.mghosteur.com\/en\/wp-json\/wp\/v2\/product\/27353\/revisions"}],"wp:attachment":[{"href":"https:\/\/sakaba.mghosteur.com\/en\/wp-json\/wp\/v2\/media?parent=27353"}],"wp:term":[{"taxonomy":"product_brand","embeddable":true,"href":"https:\/\/sakaba.mghosteur.com\/en\/wp-json\/wp\/v2\/product_brand?post=27353"},{"taxonomy":"product_cat","embeddable":true,"href":"https:\/\/sakaba.mghosteur.com\/en\/wp-json\/wp\/v2\/product_cat?post=27353"},{"taxonomy":"product_tag","embeddable":true,"href":"https:\/\/sakaba.mghosteur.com\/en\/wp-json\/wp\/v2\/product_tag?post=27353"}],"curies":[{"name":"wp","href":"https:\/\/api.w.org\/{rel}","templated":true}]}}