{"id":27363,"date":"2022-11-29T11:15:14","date_gmt":"2022-11-29T11:15:14","guid":{"rendered":"http:\/\/www.sakababeauty.com\/?post_type=product&#038;p=27363"},"modified":"2022-11-29T11:15:15","modified_gmt":"2022-11-29T11:15:15","slug":"ren-clean-skincare-daily-aha-tonic","status":"publish","type":"product","link":"https:\/\/sakaba.mghosteur.com\/en\/product\/ren-clean-skincare-daily-aha-tonic\/","title":{"rendered":"REN CLEAN SKINCARE DAILY AHA TONIC"},"content":{"rendered":"","protected":false},"excerpt":{"rendered":"","protected":false},"featured_media":0,"comment_status":"closed","ping_status":"closed","template":"","meta":[],"product_brand":[],"product_cat":[377],"product_tag":[],"class_list":{"0":"post-27363","1":"product","2":"type-product","3":"status-publish","5":"product_cat-bath-body-works","7":"first","8":"instock","9":"shipping-taxable","10":"product-type-simple"},"jetpack-related-posts":[{"id":27385,"url":"https:\/\/sakaba.mghosteur.com\/en\/product\/ren-clean-skincare-overnight-glow-dark-spot\/","url_meta":{"origin":27363,"position":0},"title":"REN CLEAN SKINCARE OVERNIGHT GLOW DARK SPOT","author":"admin","date":"November 29, 2022","format":false,"excerpt":"La cr\u00e8me de nuit anti-taches Overnight Glow de Ren est une cr\u00e8me anti-imperfections pour tous les types de peau. R\u00e9veillez-vous avec une peau visiblement plus rebondie le matin, sans taches brunes dans l'obscurit\u00e9. Cliniquement prouv\u00e9e pour r\u00e9duire la taille des taches brunes apr\u00e8s 7 jours*, la formule v\u00e9g\u00e9talienne de la\u2026","rel":"","context":"Similar post","block_context":{"text":"Similar post","link":""},"img":{"alt_text":"","src":"","width":0,"height":0},"classes":[]},{"id":27505,"url":"https:\/\/sakaba.mghosteur.com\/en\/product\/ginger-vitamin-c-bright-spot-tonic\/","url_meta":{"origin":27363,"position":1},"title":"GINGER + VITAMIN C BRIGHT SPOT TONIC","author":"admin","date":"November 29, 2022","format":false,"excerpt":"","rel":"","context":"Similar post","block_context":{"text":"Similar post","link":""},"img":{"alt_text":"","src":"","width":0,"height":0},"classes":[]},{"id":27133,"url":"https:\/\/sakaba.mghosteur.com\/en\/product\/mele-even-tone-post-cleanse-tonic\/","url_meta":{"origin":27363,"position":2},"title":"MELE EVEN TONE POST CLEANSE TONIC","author":"admin","date":"November 29, 2022","format":false,"excerpt":"","rel":"","context":"Similar post","block_context":{"text":"Similar post","link":""},"img":{"alt_text":"","src":"","width":0,"height":0},"classes":[]},{"id":32930,"url":"https:\/\/sakaba.mghosteur.com\/en\/product\/pixi-botanical-collagen-tonic-100ml\/","url_meta":{"origin":27363,"position":3},"title":"PIXI BOTANICAL COLLAGEN TONIC 100ML","author":"admin","date":"May 16, 2024","format":false,"excerpt":"Pixi Botanical Collagen Tonic est un tonique volumateur qui aide \u00e0 lisser les ridules et \u00e0 am\u00e9liorer la texture in\u00e9gale de la peau. Il est formul\u00e9 avec du collag\u00e8ne d'acacia et des peptides pour aider \u00e0 promouvoir un teint d'apparence jeune. Il est sans alcool, sans cruaut\u00e9 et convient \u00e0\u2026","rel":"","context":"Similar post","block_context":{"text":"Similar post","link":""},"img":{"alt_text":"","src":"","width":0,"height":0},"classes":[]},{"id":32939,"url":"https:\/\/sakaba.mghosteur.com\/en\/product\/pixi-skintreats-collagen-tonic-250ml\/","url_meta":{"origin":27363,"position":4},"title":"PIXI SKIN TREATS COLLAGEN TONIC 250ML","author":"admin","date":"May 16, 2024","format":false,"excerpt":"Pixi Botanical Collagen Tonic est un tonique volumateur qui aide \u00e0 lisser les ridules et \u00e0 am\u00e9liorer la texture in\u00e9gale de la peau. Il est formul\u00e9 avec du collag\u00e8ne d'acacia et des peptides pour aider \u00e0 promouvoir un teint d'apparence jeune. Il est sans alcool, sans cruaut\u00e9 et convient \u00e0\u2026","rel":"","context":"Similar post","block_context":{"text":"Similar post","link":""},"img":{"alt_text":"","src":"","width":0,"height":0},"classes":[]},{"id":32948,"url":"https:\/\/sakaba.mghosteur.com\/en\/product\/pixi-vitamine-c-tonic-100ml\/","url_meta":{"origin":27363,"position":5},"title":"PIXI VITAMINE C TONIC 100ML","author":"admin","date":"May 16, 2024","format":false,"excerpt":"Pixi Vitamin C Tonic est un tonique qui contient de la vitamine C, des probiotiques et de l'\u00e9corce de saule. Il convient \u00e0 tous les types de peau et est sans alcool ni parab\u00e8nes. Avantages: Garde la peau douce, hydrat\u00e9e et lumineuse Aide \u00e0 nettoyer les pores G\u00e8re le s\u00e9bum\u2026","rel":"","context":"Similar post","block_context":{"text":"Similar post","link":""},"img":{"alt_text":"","src":"","width":0,"height":0},"classes":[]}],"_links":{"self":[{"href":"https:\/\/sakaba.mghosteur.com\/en\/wp-json\/wp\/v2\/product\/27363","targetHints":{"allow":["GET"]}}],"collection":[{"href":"https:\/\/sakaba.mghosteur.com\/en\/wp-json\/wp\/v2\/product"}],"about":[{"href":"https:\/\/sakaba.mghosteur.com\/en\/wp-json\/wp\/v2\/types\/product"}],"replies":[{"embeddable":true,"href":"https:\/\/sakaba.mghosteur.com\/en\/wp-json\/wp\/v2\/comments?post=27363"}],"version-history":[{"count":0,"href":"https:\/\/sakaba.mghosteur.com\/en\/wp-json\/wp\/v2\/product\/27363\/revisions"}],"wp:attachment":[{"href":"https:\/\/sakaba.mghosteur.com\/en\/wp-json\/wp\/v2\/media?parent=27363"}],"wp:term":[{"taxonomy":"product_brand","embeddable":true,"href":"https:\/\/sakaba.mghosteur.com\/en\/wp-json\/wp\/v2\/product_brand?post=27363"},{"taxonomy":"product_cat","embeddable":true,"href":"https:\/\/sakaba.mghosteur.com\/en\/wp-json\/wp\/v2\/product_cat?post=27363"},{"taxonomy":"product_tag","embeddable":true,"href":"https:\/\/sakaba.mghosteur.com\/en\/wp-json\/wp\/v2\/product_tag?post=27363"}],"curies":[{"name":"wp","href":"https:\/\/api.w.org\/{rel}","templated":true}]}}