{"id":27367,"date":"2022-11-29T11:14:14","date_gmt":"2022-11-29T11:14:14","guid":{"rendered":"http:\/\/www.sakababeauty.com\/?post_type=product&#038;p=27367"},"modified":"2023-03-20T12:14:13","modified_gmt":"2023-03-20T12:14:13","slug":"the-inkey-list-succinic-acid-acne-treatment","status":"publish","type":"product","link":"https:\/\/sakaba.mghosteur.com\/en\/product\/the-inkey-list-succinic-acid-acne-treatment\/","title":{"rendered":"THE INKEY LIST SUCCINIC ACID ACNE TREATMENT"},"content":{"rendered":"<p>Si vous cherchez un traitement efficace contre l&#8217;acn\u00e9, ne cherchez plus ! Le traitement \u00e0 l&#8217;acide succinique de la marque The Inkey List est l\u00e0 pour vous. Gr\u00e2ce \u00e0 sa formule douce et non ass\u00e9chante, il vous aidera \u00e0 \u00e9liminer rapidement les imperfections, r\u00e9duire l&#8217;inflammation et pr\u00e9venir l&#8217;obstruction des pores.<\/p>\n<p>Ce traitement cibl\u00e9 contient 2% d&#8217;acide succinique, qui r\u00e9duit en douceur la taille des imperfections, tout en r\u00e9duisant les niveaux d&#8217;huile et en d\u00e9bloquant les pores pour \u00e9viter leur obstruction. En plus de cela, il contient \u00e9galement 2% de soufre et 1% d&#8217;acide salicylique, qui agissent ensemble pour r\u00e9duire les imperfections et les points noirs tout en restant doux pour votre peau.<\/p>\n<p>Gr\u00e2ce \u00e0 sa formule cr\u00e8me, ce traitement se superpose facilement sous le maquillage sans s&#8217;\u00e9cailler. Vous pouvez donc l&#8217;utiliser facilement dans votre routine quotidienne de soin de la peau pour des r\u00e9sultats visibles. Offrez \u00e0 votre peau le traitement qu&#8217;elle m\u00e9rite avec le traitement \u00e0 l&#8217;acide succinique de The Inkey List.<\/p>","protected":false},"excerpt":{"rendered":"<p>Si vous cherchez un traitement efficace contre l&#8217;acn\u00e9, ne cherchez plus ! Le traitement \u00e0 l&#8217;acide succinique de la marque The Inkey List est l\u00e0 pour vous. Gr\u00e2ce \u00e0 sa formule douce et non ass\u00e9chante, il vous aidera \u00e0 \u00e9liminer rapidement les imperfections, r\u00e9duire l&#8217;inflammation et pr\u00e9venir l&#8217;obstruction des pores. Ce traitement cibl\u00e9 contient 2%<span class=\"read-more-faq\"><a href=\"https:\/\/sakaba.mghosteur.com\/en\/product\/the-inkey-list-succinic-acid-acne-treatment\/\">Read More<\/a><\/span><\/p>","protected":false},"featured_media":0,"comment_status":"closed","ping_status":"closed","template":"","meta":[],"product_brand":[],"product_cat":[377],"product_tag":[],"class_list":{"0":"post-27367","1":"product","2":"type-product","3":"status-publish","5":"product_cat-bath-body-works","7":"first","8":"instock","9":"shipping-taxable","10":"product-type-simple"},"jetpack-related-posts":[{"id":27371,"url":"https:\/\/sakaba.mghosteur.com\/en\/product\/the-inkey-list-c-50-blemish-night-treatment\/","url_meta":{"origin":27367,"position":0},"title":"THE INKEY LIST C-50 BLEMISH NIGHT TREATMENT","author":"admin","date":"November 29, 2022","format":false,"excerpt":"Le traitement de nuit anti-imperfections C-50 de The Inkey List est la solution id\u00e9ale pour ceux qui cherchent \u00e0 traiter leur peau pendant leur sommeil. Avec une formule efficace et puissante, ce traitement de gel de nuit travaille dur pour r\u00e9duire les \u00e9ruptions cutan\u00e9es, d\u00e9sobstruer les pores et r\u00e9duire l'apparence\u2026","rel":"","context":"Similar post","block_context":{"text":"Similar post","link":""},"img":{"alt_text":"","src":"","width":0,"height":0},"classes":[]},{"id":27429,"url":"https:\/\/sakaba.mghosteur.com\/en\/product\/the-inkey-list-apple-cider-vinegar-acid-peel\/","url_meta":{"origin":27367,"position":1},"title":"THE INKEY LIST APPLE CIDER VINEGAR ACID PEEL","author":"admin","date":"November 29, 2022","format":false,"excerpt":"Le peeling acide au vinaigre de cidre de pomme Inkey List est un exfoliant liquide qui peut \u00eatre utilis\u00e9 sur tous les types de peau, y compris les peaux grasses, mixtes et toutes. Il contient 2 % de vinaigre de cidre de pomme, 10 % d'acide glycolique et 5 %\u2026","rel":"","context":"Similar post","block_context":{"text":"Similar post","link":""},"img":{"alt_text":"","src":"","width":0,"height":0},"classes":[]},{"id":29149,"url":"https:\/\/sakaba.mghosteur.com\/en\/product\/the-inkey-list-5-benzoyl-peroxide-cleanser\/","url_meta":{"origin":27367,"position":2},"title":"THE INKEY LIST 5% BENZOYL PEROXIDE CLEANSER","author":"admin","date":"March 15, 2023","format":false,"excerpt":"Dites adieu \u00e0 l'acn\u00e9 r\u00e9guli\u00e8re ou persistante gr\u00e2ce \u00e0 la solution contre l'acn\u00e9 de The Inkey List. Cette formule unique, cr\u00e9\u00e9e en partenariat avec des dermatologues, contient 5% de peroxyde de benzoyle pour aider \u00e0 \u00e9liminer les boutons irrit\u00e9s et les points blancs disgracieux. La solution contre l'acn\u00e9 de The\u2026","rel":"","context":"Similar post","block_context":{"text":"Similar post","link":""},"img":{"alt_text":"","src":"","width":0,"height":0},"classes":[]},{"id":31642,"url":"https:\/\/sakaba.mghosteur.com\/en\/product\/the-inkey-niacinamide-serum\/","url_meta":{"origin":27367,"position":3},"title":"THE INKEY NIACINAMIDE SERUM","author":"admin","date":"May 10, 2024","format":false,"excerpt":"S\u00e9rum Niacinamide Un s\u00e9rum \u00e0 la niacinamide l\u00e9ger et puissant, parfait pour une int\u00e9gration ais\u00e9e dans votre routine de soins de la peau. Dot\u00e9 de 10 % de niacinamide, cette vitamine B3 d'origine naturelle est reconnue pour sa capacit\u00e9 \u00e0 r\u00e9duire efficacement l'exc\u00e8s de s\u00e9bum, les imperfections et les rougeurs.\u2026","rel":"","context":"Similar post","block_context":{"text":"Similar post","link":""},"img":{"alt_text":"","src":"","width":0,"height":0},"classes":[]},{"id":29153,"url":"https:\/\/sakaba.mghosteur.com\/en\/product\/the-inkey-list-hyaluronic-acid-100-ml\/","url_meta":{"origin":27367,"position":4},"title":"THE INKEY LIST HYALURONIC ACID 100 ML","author":"admin","date":"March 15, 2023","format":false,"excerpt":"La solution contre l'acn\u00e9 de la marque The Inkey List est un nettoyant hydratant en profondeur sp\u00e9cialement formul\u00e9 pour une peau douce, lisse et saine. Ce produit a \u00e9t\u00e9 test\u00e9 dermatologiquement pour offrir une efficacit\u00e9 optimale contre l'acn\u00e9. La formule l\u00e9g\u00e8rement moussante du nettoyant est enrichie en acide hyaluronique pour\u2026","rel":"","context":"Similar post","block_context":{"text":"Similar post","link":""},"img":{"alt_text":"","src":"","width":0,"height":0},"classes":[]},{"id":27441,"url":"https:\/\/sakaba.mghosteur.com\/en\/product\/the-inkey-niacinamide\/","url_meta":{"origin":27367,"position":5},"title":"THE INKEY NIACINAMIDE","author":"admin","date":"November 29, 2022","format":false,"excerpt":"Compos\u00e9 de 10 % de niacinamide et de 1 % d'acide hyaluronique, le s\u00e9rum \u00e0 la niacinamide de The INKEY List minimise l'apparence des pores et des imperfections. La vitamine B3 naturelle, la niacinamide, est connue pour sa capacit\u00e9 \u00e0 contr\u00f4ler l'apparence du s\u00e9bum et de la pigmentation, id\u00e9ale pour\u2026","rel":"","context":"Similar post","block_context":{"text":"Similar post","link":""},"img":{"alt_text":"","src":"","width":0,"height":0},"classes":[]}],"_links":{"self":[{"href":"https:\/\/sakaba.mghosteur.com\/en\/wp-json\/wp\/v2\/product\/27367","targetHints":{"allow":["GET"]}}],"collection":[{"href":"https:\/\/sakaba.mghosteur.com\/en\/wp-json\/wp\/v2\/product"}],"about":[{"href":"https:\/\/sakaba.mghosteur.com\/en\/wp-json\/wp\/v2\/types\/product"}],"replies":[{"embeddable":true,"href":"https:\/\/sakaba.mghosteur.com\/en\/wp-json\/wp\/v2\/comments?post=27367"}],"version-history":[{"count":0,"href":"https:\/\/sakaba.mghosteur.com\/en\/wp-json\/wp\/v2\/product\/27367\/revisions"}],"wp:attachment":[{"href":"https:\/\/sakaba.mghosteur.com\/en\/wp-json\/wp\/v2\/media?parent=27367"}],"wp:term":[{"taxonomy":"product_brand","embeddable":true,"href":"https:\/\/sakaba.mghosteur.com\/en\/wp-json\/wp\/v2\/product_brand?post=27367"},{"taxonomy":"product_cat","embeddable":true,"href":"https:\/\/sakaba.mghosteur.com\/en\/wp-json\/wp\/v2\/product_cat?post=27367"},{"taxonomy":"product_tag","embeddable":true,"href":"https:\/\/sakaba.mghosteur.com\/en\/wp-json\/wp\/v2\/product_tag?post=27367"}],"curies":[{"name":"wp","href":"https:\/\/api.w.org\/{rel}","templated":true}]}}