{"id":27368,"date":"2022-11-29T11:18:11","date_gmt":"2022-11-29T11:18:11","guid":{"rendered":"http:\/\/www.sakababeauty.com\/?post_type=product&#038;p=27368"},"modified":"2022-11-29T11:18:12","modified_gmt":"2022-11-29T11:18:12","slug":"dove-men-care","status":"publish","type":"product","link":"https:\/\/sakaba.mghosteur.com\/en\/product\/dove-men-care\/","title":{"rendered":"Dove men care"},"content":{"rendered":"","protected":false},"excerpt":{"rendered":"","protected":false},"featured_media":0,"comment_status":"closed","ping_status":"closed","template":"","meta":[],"product_brand":[],"product_cat":[447,288],"product_tag":[],"class_list":{"0":"post-27368","1":"product","2":"type-product","3":"status-publish","5":"product_cat-aac-bain-et-corps","6":"product_cat-aaf-homme","8":"first","9":"instock","10":"shipping-taxable","11":"product-type-simple"},"jetpack-related-posts":[{"id":33048,"url":"https:\/\/sakaba.mghosteur.com\/en\/product\/dove-men-care-cool-fresh\/","url_meta":{"origin":27368,"position":0},"title":"DOVE MEN CARE COOL FRESH","author":"admin","date":"May 17, 2024","format":false,"excerpt":"Offrez \u00e0 vos aisselles une fra\u00eecheur longue dur\u00e9e et une protection de 72 heures contre la transpiration et les odeurs avec ce antisudorifique en spray sec pour hommes.","rel":"","context":"Similar post","block_context":{"text":"Similar post","link":""},"img":{"alt_text":"","src":"","width":0,"height":0},"classes":[]},{"id":32999,"url":"https:\/\/sakaba.mghosteur.com\/en\/product\/dove-advanced-care-dry-spray-rose-petals\/","url_meta":{"origin":27368,"position":1},"title":"DOVE ADVANCED CARE DRY SPRAY ROSE PETALS","author":"admin","date":"May 17, 2024","format":false,"excerpt":"","rel":"","context":"Similar post","block_context":{"text":"Similar post","link":""},"img":{"alt_text":"","src":"","width":0,"height":0},"classes":[]},{"id":33002,"url":"https:\/\/sakaba.mghosteur.com\/en\/product\/dove-care-protect-hand-wash-antibacterial\/","url_meta":{"origin":27368,"position":2},"title":"DOVE CARE PROTECT HAND WASH ANTIBACTERIAL","author":"admin","date":"May 17, 2024","format":false,"excerpt":"","rel":"","context":"Similar post","block_context":{"text":"Similar post","link":""},"img":{"alt_text":"","src":"","width":0,"height":0},"classes":[]},{"id":32992,"url":"https:\/\/sakaba.mghosteur.com\/en\/product\/dove-advanced-care-100-color-sheer-fres-dry-spay-invidible\/","url_meta":{"origin":27368,"position":3},"title":"DOVE ADVANCED CARE 100 COLOR SHEER FRES DRY SPAY INVIDIBLE","author":"admin","date":"May 17, 2024","format":false,"excerpt":"","rel":"","context":"Similar post","block_context":{"text":"Similar post","link":""},"img":{"alt_text":"","src":"","width":0,"height":0},"classes":[]},{"id":32995,"url":"https:\/\/sakaba.mghosteur.com\/en\/product\/dove-advanced-care-apple-white-tea-dry-spay-go-fresh\/","url_meta":{"origin":27368,"position":4},"title":"DOVE ADVANCED CARE APPLE &amp; WHITE TEA DRY SPAY GO FRESH","author":"admin","date":"May 17, 2024","format":false,"excerpt":"Un d\u00e9odorant anti-transpirant en spray sec 72 heures au parfum de pomme fra\u00eeche, pour des aisselles ultra douces, m\u00eame apr\u00e8s le rasage.","rel":"","context":"Similar post","block_context":{"text":"Similar post","link":""},"img":{"alt_text":"","src":"","width":0,"height":0},"classes":[]},{"id":33022,"url":"https:\/\/sakaba.mghosteur.com\/en\/product\/dove-even-tone-antiperspirant\/","url_meta":{"origin":27368,"position":5},"title":"DOVE Even Tone Antiperspirant","author":"admin","date":"May 17, 2024","format":false,"excerpt":"","rel":"","context":"Similar post","block_context":{"text":"Similar post","link":""},"img":{"alt_text":"","src":"","width":0,"height":0},"classes":[]}],"_links":{"self":[{"href":"https:\/\/sakaba.mghosteur.com\/en\/wp-json\/wp\/v2\/product\/27368","targetHints":{"allow":["GET"]}}],"collection":[{"href":"https:\/\/sakaba.mghosteur.com\/en\/wp-json\/wp\/v2\/product"}],"about":[{"href":"https:\/\/sakaba.mghosteur.com\/en\/wp-json\/wp\/v2\/types\/product"}],"replies":[{"embeddable":true,"href":"https:\/\/sakaba.mghosteur.com\/en\/wp-json\/wp\/v2\/comments?post=27368"}],"version-history":[{"count":0,"href":"https:\/\/sakaba.mghosteur.com\/en\/wp-json\/wp\/v2\/product\/27368\/revisions"}],"wp:attachment":[{"href":"https:\/\/sakaba.mghosteur.com\/en\/wp-json\/wp\/v2\/media?parent=27368"}],"wp:term":[{"taxonomy":"product_brand","embeddable":true,"href":"https:\/\/sakaba.mghosteur.com\/en\/wp-json\/wp\/v2\/product_brand?post=27368"},{"taxonomy":"product_cat","embeddable":true,"href":"https:\/\/sakaba.mghosteur.com\/en\/wp-json\/wp\/v2\/product_cat?post=27368"},{"taxonomy":"product_tag","embeddable":true,"href":"https:\/\/sakaba.mghosteur.com\/en\/wp-json\/wp\/v2\/product_tag?post=27368"}],"curies":[{"name":"wp","href":"https:\/\/api.w.org\/{rel}","templated":true}]}}