{"id":27377,"date":"2022-11-29T11:16:43","date_gmt":"2022-11-29T11:16:43","guid":{"rendered":"http:\/\/www.sakababeauty.com\/?post_type=product&#038;p=27377"},"modified":"2024-08-15T02:23:37","modified_gmt":"2024-08-15T02:23:37","slug":"the-inkey-salicylic-acid-cleanser","status":"publish","type":"product","link":"https:\/\/sakaba.mghosteur.com\/en\/product\/the-inkey-salicylic-acid-cleanser\/","title":{"rendered":"THE INKEY SALICYLIC ACID CLEANSER"},"content":{"rendered":"<p>Le nettoyant \u00e0 l&#8217;acide salicylique \u00e9limine le maquillage et la salet\u00e9 tout en r\u00e9duisant les points noirs et les \u00e9ruptions cutan\u00e9es. Contenant 2% d&#8217;acide salicylique et du zinc, il aide \u00e9galement \u00e0 contr\u00f4ler le s\u00e9bum et \u00e0 uniformiser le teint.<\/p>","protected":false},"excerpt":{"rendered":"<p>Le nettoyant \u00e0 l&#8217;acide salicylique \u00e9limine le maquillage et la salet\u00e9 tout en r\u00e9duisant les points noirs et les \u00e9ruptions cutan\u00e9es. Contenant 2% d&#8217;acide salicylique et du zinc, il aide \u00e9galement \u00e0 contr\u00f4ler le s\u00e9bum et \u00e0 uniformiser le teint.<\/p>","protected":false},"featured_media":0,"comment_status":"closed","ping_status":"closed","template":"","meta":[],"product_brand":[],"product_cat":[324,384,451],"product_tag":[],"class_list":{"0":"post-27377","1":"product","2":"type-product","3":"status-publish","5":"product_cat-demaquillant-nettoyant","6":"product_cat-peaux-grasses","7":"product_cat-aab-soin-du-visage","9":"first","10":"instock","11":"shipping-taxable","12":"product-type-simple"},"jetpack-related-posts":[{"id":28058,"url":"https:\/\/sakaba.mghosteur.com\/en\/product\/naturium-the-perfector-salicylic-acid-body-wash\/","url_meta":{"origin":27377,"position":0},"title":"NATURIUM THE PERFECTOR SALICYLIC ACID BODY WASH","author":"admin","date":"November 29, 2022","format":false,"excerpt":"Le gel douche \u00e0 l'acide salicylique r\u00e9g\u00e9n\u00e9rant pour la peau est formul\u00e9 avec de l'acide salicylique encapsul\u00e9 \u00e0 lib\u00e9ration prolong\u00e9e qui offre une exfoliation douce pour aider \u00e0 purifier les pores et \u00e0 lisser la peau sans s\u00e9cheresse ni irritation. D\u00e9velopp\u00e9 pour tous les types de peau et adapt\u00e9 \u00e0\u2026","rel":"","context":"Similar post","block_context":{"text":"Similar post","link":""},"img":{"alt_text":"","src":"","width":0,"height":0},"classes":[]},{"id":29198,"url":"https:\/\/sakaba.mghosteur.com\/en\/product\/the-inkey-list-salicylic-acid-exfoliant-soin-cuir\/","url_meta":{"origin":27377,"position":1},"title":"THE INKEY LIST SALICYLIC ACID EXFOLIANT CUIR CHEVELU","author":"admin","date":"March 21, 2023","format":false,"excerpt":"Dites adieu aux pellicules et aux d\u00e9mangeaisons gr\u00e2ce au Traitement Exfoliant du Cuir Chevelu \u00e0 l'Acide Salicylique. Ce s\u00e9rum l\u00e9ger \u00e9quilibre la production de s\u00e9bum, r\u00e9duit les rougeurs et hydrate votre cuir chevelu et vos cheveux gr\u00e2ce aux ingr\u00e9dients FLUIDIPURE\u2122 8G et PANTHENOL. L'acide salicylique exfolie en douceur votre cuir\u2026","rel":"","context":"Similar post","block_context":{"text":"Similar post","link":""},"img":{"alt_text":"","src":"","width":0,"height":0},"classes":[]},{"id":29485,"url":"https:\/\/sakaba.mghosteur.com\/en\/product\/cosrx-salicylic-acid-daily-gentle-cleanser\/","url_meta":{"origin":27377,"position":2},"title":"COSRX SALICYLIC ACID DAILY GENTLE CLEANSER","author":"admin","date":"April 6, 2023","format":false,"excerpt":"Le Nettoyant doux quotidien \u00e0 l'acide salicylique est un produit qui nettoie en douceur la peau sans la dess\u00e9cher. Il utilise de l'acide salicylique pour \u00e9liminer les impuret\u00e9s et l'exc\u00e8s de s\u00e9bum tout en luttant contre l'acn\u00e9 et les imperfections. Ce nettoyant laisse la peau douce et lisse sans sensation\u2026","rel":"","context":"Similar post","block_context":{"text":"Similar post","link":""},"img":{"alt_text":"","src":"","width":0,"height":0},"classes":[]},{"id":24352,"url":"https:\/\/sakaba.mghosteur.com\/en\/product\/neutrogena-rapid-clear-acne-eliminating-spot-gel\/","url_meta":{"origin":27377,"position":3},"title":"NEUTROGENA RAPID CLEAR ACNE ELIMINATING SPOT GEL","author":"admin","date":"November 10, 2022","format":false,"excerpt":"D\u00e9couvrez le traitement rapide et transparent de l'acn\u00e9 \u00e0 l'acide salicylique avec hamam\u00e9lis de la marque Neutrogena. Ce gel contre l'acn\u00e9 est l'ajout parfait \u00e0 votre routine de soins de la peau pour pr\u00e9venir et traiter les boutons. Con\u00e7u pour les peaux sujettes \u00e0 l'acn\u00e9, il \u00e9limine rapidement les \u00e9ruptions\u2026","rel":"","context":"Similar post","block_context":{"text":"Similar post","link":""},"img":{"alt_text":"","src":"","width":0,"height":0},"classes":[]},{"id":26871,"url":"https:\/\/sakaba.mghosteur.com\/en\/product\/skin-perfecting-bha-9-salicylic-acid\/","url_meta":{"origin":27377,"position":4},"title":"BHA 9 Treatment","author":"admin","date":"November 28, 2022","format":false,"excerpt":"Cet exfoliant BHA concentr\u00e9 et unique sans rin\u00e7age \u00e0 l'acide salicylique fait des merveilles pour am\u00e9liorer l'apparence des probl\u00e8mes de peau tenaces tels que les pores dilat\u00e9s ou obstru\u00e9s, les bosses et les plaques de peau rugueuse et s\u00e8che. Il convient m\u00eame aux peaux sujettes aux miliums. Offre une lib\u00e9ration\u2026","rel":"","context":"Similar post","block_context":{"text":"Similar post","link":""},"img":{"alt_text":"","src":"","width":0,"height":0},"classes":[]},{"id":27487,"url":"https:\/\/sakaba.mghosteur.com\/en\/product\/the-ordinary-salicylic-acid-2-anhydrous-solution-2\/","url_meta":{"origin":27377,"position":5},"title":"THE ORDINARY SALICYLIC ACID 2% ANHYDROUS SOLUTION","author":"admin","date":"November 29, 2022","format":false,"excerpt":"La solution anhydre d'acide salicylique \u00e0 2 % de la marque The Ordinary est une formule douce con\u00e7ue pour exfolier en douceur la peau, d\u00e9congestionner les pores, lisser les irr\u00e9gularit\u00e9s de texture et r\u00e9duire les rougeurs et le teint irr\u00e9gulier. Cette formule se distingue des autres offres d'acide salicylique gr\u00e2ce\u2026","rel":"","context":"Similar post","block_context":{"text":"Similar post","link":""},"img":{"alt_text":"","src":"","width":0,"height":0},"classes":[]}],"_links":{"self":[{"href":"https:\/\/sakaba.mghosteur.com\/en\/wp-json\/wp\/v2\/product\/27377","targetHints":{"allow":["GET"]}}],"collection":[{"href":"https:\/\/sakaba.mghosteur.com\/en\/wp-json\/wp\/v2\/product"}],"about":[{"href":"https:\/\/sakaba.mghosteur.com\/en\/wp-json\/wp\/v2\/types\/product"}],"replies":[{"embeddable":true,"href":"https:\/\/sakaba.mghosteur.com\/en\/wp-json\/wp\/v2\/comments?post=27377"}],"version-history":[{"count":0,"href":"https:\/\/sakaba.mghosteur.com\/en\/wp-json\/wp\/v2\/product\/27377\/revisions"}],"wp:attachment":[{"href":"https:\/\/sakaba.mghosteur.com\/en\/wp-json\/wp\/v2\/media?parent=27377"}],"wp:term":[{"taxonomy":"product_brand","embeddable":true,"href":"https:\/\/sakaba.mghosteur.com\/en\/wp-json\/wp\/v2\/product_brand?post=27377"},{"taxonomy":"product_cat","embeddable":true,"href":"https:\/\/sakaba.mghosteur.com\/en\/wp-json\/wp\/v2\/product_cat?post=27377"},{"taxonomy":"product_tag","embeddable":true,"href":"https:\/\/sakaba.mghosteur.com\/en\/wp-json\/wp\/v2\/product_tag?post=27377"}],"curies":[{"name":"wp","href":"https:\/\/api.w.org\/{rel}","templated":true}]}}