{"id":27390,"date":"2022-11-29T11:21:31","date_gmt":"2022-11-29T11:21:31","guid":{"rendered":"http:\/\/www.sakababeauty.com\/?post_type=product&#038;p=27390"},"modified":"2022-11-29T11:21:31","modified_gmt":"2022-11-29T11:21:31","slug":"ginger-vitamin-c-serum-shot","status":"publish","type":"product","link":"https:\/\/sakaba.mghosteur.com\/en\/product\/ginger-vitamin-c-serum-shot\/","title":{"rendered":"GINGER +VITAMIN C SERUM SHOT"},"content":{"rendered":"","protected":false},"excerpt":{"rendered":"","protected":false},"featured_media":0,"comment_status":"closed","ping_status":"closed","template":"","meta":[],"product_brand":[],"product_cat":[450],"product_tag":[],"class_list":{"0":"post-27390","1":"product","2":"type-product","3":"status-publish","5":"product_cat-soin-de-la-peau","7":"first","8":"instock","9":"shipping-taxable","10":"product-type-simple"},"jetpack-related-posts":[{"id":27505,"url":"https:\/\/sakaba.mghosteur.com\/en\/product\/ginger-vitamin-c-bright-spot-tonic\/","url_meta":{"origin":27390,"position":0},"title":"GINGER + VITAMIN C BRIGHT SPOT TONIC","author":"admin","date":"November 29, 2022","format":false,"excerpt":"","rel":"","context":"Similar post","block_context":{"text":"Similar post","link":""},"img":{"alt_text":"","src":"","width":0,"height":0},"classes":[]},{"id":27843,"url":"https:\/\/sakaba.mghosteur.com\/en\/product\/ginger-turmeric-vitamin-c-jelly-mask\/","url_meta":{"origin":27390,"position":1},"title":"GINGER TURMERIC VITAMIN C JELLY MASK","author":"admin","date":"November 29, 2022","format":false,"excerpt":"","rel":"","context":"Similar post","block_context":{"text":"Similar post","link":""},"img":{"alt_text":"","src":"","width":0,"height":0},"classes":[]},{"id":27556,"url":"https:\/\/sakaba.mghosteur.com\/en\/product\/ginger-vitamin-c-oil-free-gel-moisturizer-hydrat\/","url_meta":{"origin":27390,"position":2},"title":"GINGER + VITAMIN C OIL FREE GEL MOISTURIZER HYDRAT","author":"admin","date":"November 29, 2022","format":false,"excerpt":"","rel":"","context":"Similar post","block_context":{"text":"Similar post","link":""},"img":{"alt_text":"","src":"","width":0,"height":0},"classes":[]},{"id":23965,"url":"https:\/\/sakaba.mghosteur.com\/en\/product\/cerave-skin-renewing-vitamin-c-serum\/","url_meta":{"origin":27390,"position":3},"title":"CERAVE SKIN RENEWING VITAMIN C SERUM","author":"admin","date":"November 9, 2022","format":false,"excerpt":"Le s\u00e9rum \u00e0 la vitamine C r\u00e9g\u00e9n\u00e9rant pour la peau de CeraVe est un v\u00e9ritable alli\u00e9 pour votre peau. Enrichi en 10% de vitamine C pure, ce s\u00e9rum antioxydant \u00e9claircit visiblement le teint et am\u00e9liore l'apparence des ridules, des taches brunes et du teint irr\u00e9gulier. Formul\u00e9 avec trois c\u00e9ramides essentiels,\u2026","rel":"","context":"Similar post","block_context":{"text":"Similar post","link":""},"img":{"alt_text":"","src":"","width":0,"height":0},"classes":[]},{"id":29210,"url":"https:\/\/sakaba.mghosteur.com\/en\/product\/the-inkey-15-vitamine-c-serum-egf\/","url_meta":{"origin":27390,"position":4},"title":"THE INKEY 15% VITAMINE C + S\u00c9RUM EGF","author":"admin","date":"March 21, 2023","format":false,"excerpt":"Le s\u00e9rum 15% vitamine C + EGF est id\u00e9al pour tous ceux qui souhaitent une peau \u00e9clatante et jeune. La formule l\u00e9g\u00e8re de ce s\u00e9rum contient des ingr\u00e9dients puissants tels que la vitamine C et l'EGF, qui aident \u00e0 prot\u00e9ger votre peau contre les radicaux libres et \u00e0 stimuler la\u2026","rel":"","context":"Similar post","block_context":{"text":"Similar post","link":""},"img":{"alt_text":"","src":"","width":0,"height":0},"classes":[]},{"id":31433,"url":"https:\/\/sakaba.mghosteur.com\/en\/product\/numbuzin-5-vitamin-concentrated-serum-30ml\/","url_meta":{"origin":27390,"position":5},"title":"NUMBUZIN 5+ VITAMIN CONCENTRATED SERUM 30ML","author":"admin","date":"May 10, 2024","format":false,"excerpt":"D\u00e9couvrez le S\u00e9rum Concentr\u00e9 Vitamine No.5, une fusion de puissants antioxydants tels que le glutathion et la niacinamide. Ce s\u00e9rum de 30 ml est con\u00e7u pour unifier et hydrater votre peau tout en lui apportant une protection sup\u00e9rieure. Sa formule innovante associe des ingr\u00e9dients \u00e9claircissants comme l'alpha-arbutine et la vitamine\u2026","rel":"","context":"Similar post","block_context":{"text":"Similar post","link":""},"img":{"alt_text":"","src":"","width":0,"height":0},"classes":[]}],"_links":{"self":[{"href":"https:\/\/sakaba.mghosteur.com\/en\/wp-json\/wp\/v2\/product\/27390","targetHints":{"allow":["GET"]}}],"collection":[{"href":"https:\/\/sakaba.mghosteur.com\/en\/wp-json\/wp\/v2\/product"}],"about":[{"href":"https:\/\/sakaba.mghosteur.com\/en\/wp-json\/wp\/v2\/types\/product"}],"replies":[{"embeddable":true,"href":"https:\/\/sakaba.mghosteur.com\/en\/wp-json\/wp\/v2\/comments?post=27390"}],"version-history":[{"count":0,"href":"https:\/\/sakaba.mghosteur.com\/en\/wp-json\/wp\/v2\/product\/27390\/revisions"}],"wp:attachment":[{"href":"https:\/\/sakaba.mghosteur.com\/en\/wp-json\/wp\/v2\/media?parent=27390"}],"wp:term":[{"taxonomy":"product_brand","embeddable":true,"href":"https:\/\/sakaba.mghosteur.com\/en\/wp-json\/wp\/v2\/product_brand?post=27390"},{"taxonomy":"product_cat","embeddable":true,"href":"https:\/\/sakaba.mghosteur.com\/en\/wp-json\/wp\/v2\/product_cat?post=27390"},{"taxonomy":"product_tag","embeddable":true,"href":"https:\/\/sakaba.mghosteur.com\/en\/wp-json\/wp\/v2\/product_tag?post=27390"}],"curies":[{"name":"wp","href":"https:\/\/api.w.org\/{rel}","templated":true}]}}