{"id":27391,"date":"2022-11-29T11:21:48","date_gmt":"2022-11-29T11:21:48","guid":{"rendered":"http:\/\/www.sakababeauty.com\/?post_type=product&#038;p=27391"},"modified":"2023-03-15T12:03:13","modified_gmt":"2023-03-15T12:03:13","slug":"the-inkey-list-fulvic-acid-brightening-cleanser","status":"publish","type":"product","link":"https:\/\/sakaba.mghosteur.com\/en\/product\/the-inkey-list-fulvic-acid-brightening-cleanser\/","title":{"rendered":"THE INKEY LIST FULVIC ACID BRIGHTENING CLEANSER"},"content":{"rendered":"<p>Le nettoyant \u00e0 l&#8217;acide fulvique de The Inkey List est un produit de soin de la peau de qualit\u00e9 sup\u00e9rieure qui vous aidera \u00e0 obtenir un teint plus lumineux et plus sain. Ce gel nettoyant exfoliant doux est parfait pour enlever le maquillage, y compris le maquillage des yeux, pour un nettoyage en profondeur de la peau.<\/p>\n<p>Gr\u00e2ce \u00e0 sa formule enrichie en 0,5 % de tourbe nordique, riche en acide fulvique, ce nettoyant agit comme un puissant antioxydant aux propri\u00e9t\u00e9s anti-inflammatoires, aidant \u00e0 am\u00e9liorer l&#8217;apparence du teint irr\u00e9gulier tout en laissant la peau douce et apais\u00e9e. De plus, la pr\u00e9sence de la prune de Kakadum, riche en vitamine C, rehausse instantan\u00e9ment l&#8217;\u00e9clat de la peau, tandis que l&#8217;extrait de racine de r\u00e9glisse aide \u00e0 apaiser et \u00e0 r\u00e9duire l&#8217;hyperpigmentation.<\/p>\n<p>Ce produit de qualit\u00e9 sup\u00e9rieure est un excellent choix pour ceux qui cherchent \u00e0 obtenir un teint plus lumineux et plus sain tout en b\u00e9n\u00e9ficiant d&#8217;un nettoyage en profondeur et d&#8217;une exfoliation douce. Essayez le nettoyant \u00e0 l&#8217;acide fulvique de The Inkey List d\u00e8s maintenant et d\u00e9couvrez une peau plus belle et plus radieuse.<\/p>","protected":false},"excerpt":{"rendered":"<p>Le nettoyant \u00e0 l&#8217;acide fulvique de The Inkey List est un produit de soin de la peau de qualit\u00e9 sup\u00e9rieure qui vous aidera \u00e0 obtenir un teint plus lumineux et plus sain. Ce gel nettoyant exfoliant doux est parfait pour enlever le maquillage, y compris le maquillage des yeux, pour un nettoyage en profondeur de<span class=\"read-more-faq\"><a href=\"https:\/\/sakaba.mghosteur.com\/en\/product\/the-inkey-list-fulvic-acid-brightening-cleanser\/\">Read More<\/a><\/span><\/p>","protected":false},"featured_media":0,"comment_status":"closed","ping_status":"closed","template":"","meta":[],"product_brand":[],"product_cat":[377],"product_tag":[],"class_list":{"0":"post-27391","1":"product","2":"type-product","3":"status-publish","5":"product_cat-bath-body-works","7":"first","8":"instock","9":"shipping-taxable","10":"product-type-simple"},"jetpack-related-posts":[{"id":29139,"url":"https:\/\/sakaba.mghosteur.com\/en\/product\/the-inkey-list-coffret-winter-skin-101\/","url_meta":{"origin":27391,"position":0},"title":"THE INKEY LIST COFFRET WINTER SKIN 101","author":"admin","date":"March 15, 2023","format":false,"excerpt":"L'ensemble INKEY List Winter Skin 101 de la marque THE INKEY LIST est la solution parfaite pour les peaux s\u00e8ches et hivernales qui ont besoin d'\u00eatre chouchout\u00e9es. Ce kit complet en 4 \u00e9tapes vous offre des produits en taille r\u00e9elle pour une peau renouvel\u00e9e et hydrat\u00e9e. Le Baume nettoyant \u00e0\u2026","rel":"","context":"Similar post","block_context":{"text":"Similar post","link":""},"img":{"alt_text":"","src":"","width":0,"height":0},"classes":[]},{"id":27420,"url":"https:\/\/sakaba.mghosteur.com\/en\/product\/the-inkey-list-vitamin-c\/","url_meta":{"origin":27391,"position":1},"title":"THE INKEY LIST VITAMIN C SERUM","author":"admin","date":"November 29, 2022","format":false,"excerpt":"Le s\u00e9rum \u00e0 la vitamine C est un antioxydant puissant pour la peau. Il peut aider \u00e0 lutter contre l'hyperpigmentation, le teint terne et les ridules. Formul\u00e9 avec 30 % d'acide L-ascorbique pur, ce s\u00e9rum aide votre peau \u00e0 para\u00eetre plus lumineuse et \u00e0 cibler les signes du vieillissement. Utilisez-le\u2026","rel":"","context":"Similar post","block_context":{"text":"Similar post","link":""},"img":{"alt_text":"","src":"","width":0,"height":0},"classes":[]},{"id":27438,"url":"https:\/\/sakaba.mghosteur.com\/en\/product\/the-inkey-list-kaolin-face-mask\/","url_meta":{"origin":27391,"position":2},"title":"THE INKEY LIST KAOLIN FACE","author":"admin","date":"November 29, 2022","format":false,"excerpt":"Le masque \u00e0 l'argile de kaolin de la marque The Inkey List est un produit de soin de la peau de haute qualit\u00e9 qui offre une solution naturelle pour nettoyer et purifier votre peau en profondeur. En utilisant l'argile de kaolin, ce masque \u00e9limine les impuret\u00e9s et l'exc\u00e8s de s\u00e9bum\u2026","rel":"","context":"Similar post","block_context":{"text":"Similar post","link":""},"img":{"alt_text":"","src":"","width":0,"height":0},"classes":[]},{"id":29158,"url":"https:\/\/sakaba.mghosteur.com\/en\/product\/the-inkey-list-kaolin-clay-mask\/","url_meta":{"origin":27391,"position":3},"title":"THE INKEY LIST KAOLIN CLAY MASK","author":"admin","date":"March 15, 2023","format":false,"excerpt":"Le masque \u00e0 l'argile de kaolin de la marque The Inkey List est un produit de soin de la peau de haute qualit\u00e9 qui offre une solution naturelle pour nettoyer et purifier votre peau en profondeur. En utilisant l'argile de kaolin, ce masque \u00e9limine les impuret\u00e9s et l'exc\u00e8s de s\u00e9bum\u2026","rel":"","context":"Similar post","block_context":{"text":"Similar post","link":""},"img":{"alt_text":"","src":"","width":0,"height":0},"classes":[]},{"id":27426,"url":"https:\/\/sakaba.mghosteur.com\/en\/product\/the-inkey-list-q10\/","url_meta":{"origin":27391,"position":4},"title":"THE INKEY LIST Q10","author":"admin","date":"November 29, 2022","format":false,"excerpt":"Le s\u00e9rum Q10 de la marque The Inkey List est un produit de soin essentiel pour prot\u00e9ger votre peau et combattre les signes du vieillissement. Gr\u00e2ce \u00e0 sa formule riche en antioxydants, ce s\u00e9rum aide \u00e0 prot\u00e9ger votre peau contre les agressions ext\u00e9rieures telles que la pollution et les rayons\u2026","rel":"","context":"Similar post","block_context":{"text":"Similar post","link":""},"img":{"alt_text":"","src":"","width":0,"height":0},"classes":[]},{"id":29187,"url":"https:\/\/sakaba.mghosteur.com\/en\/product\/the-inkey-list-oat-cleansing-balm-150-ml\/","url_meta":{"origin":27391,"position":5},"title":"THE INKEY LIST OAT CLEANSING BALM 150 ML","author":"admin","date":"March 20, 2023","format":false,"excerpt":"Le baume d\u00e9maquillant \u00e0 l'avoine de la marque The Inkey List est un produit de nettoyage essentiel pour votre routine de soins de la peau. Ce baume nettoyant riche est con\u00e7u pour \u00e9liminer en douceur le maquillage et les impuret\u00e9s sans dess\u00e9cher la peau, la laissant hydrat\u00e9e et nourrie. Le\u2026","rel":"","context":"Similar post","block_context":{"text":"Similar post","link":""},"img":{"alt_text":"","src":"","width":0,"height":0},"classes":[]}],"_links":{"self":[{"href":"https:\/\/sakaba.mghosteur.com\/en\/wp-json\/wp\/v2\/product\/27391","targetHints":{"allow":["GET"]}}],"collection":[{"href":"https:\/\/sakaba.mghosteur.com\/en\/wp-json\/wp\/v2\/product"}],"about":[{"href":"https:\/\/sakaba.mghosteur.com\/en\/wp-json\/wp\/v2\/types\/product"}],"replies":[{"embeddable":true,"href":"https:\/\/sakaba.mghosteur.com\/en\/wp-json\/wp\/v2\/comments?post=27391"}],"version-history":[{"count":0,"href":"https:\/\/sakaba.mghosteur.com\/en\/wp-json\/wp\/v2\/product\/27391\/revisions"}],"wp:attachment":[{"href":"https:\/\/sakaba.mghosteur.com\/en\/wp-json\/wp\/v2\/media?parent=27391"}],"wp:term":[{"taxonomy":"product_brand","embeddable":true,"href":"https:\/\/sakaba.mghosteur.com\/en\/wp-json\/wp\/v2\/product_brand?post=27391"},{"taxonomy":"product_cat","embeddable":true,"href":"https:\/\/sakaba.mghosteur.com\/en\/wp-json\/wp\/v2\/product_cat?post=27391"},{"taxonomy":"product_tag","embeddable":true,"href":"https:\/\/sakaba.mghosteur.com\/en\/wp-json\/wp\/v2\/product_tag?post=27391"}],"curies":[{"name":"wp","href":"https:\/\/api.w.org\/{rel}","templated":true}]}}