{"id":27396,"date":"2022-11-29T11:23:49","date_gmt":"2022-11-29T11:23:49","guid":{"rendered":"http:\/\/www.sakababeauty.com\/?post_type=product&#038;p=27396"},"modified":"2022-11-29T11:23:50","modified_gmt":"2022-11-29T11:23:50","slug":"sweet-chef-booster-eye-cream","status":"publish","type":"product","link":"https:\/\/sakaba.mghosteur.com\/en\/product\/sweet-chef-booster-eye-cream\/","title":{"rendered":"SWEET CHEF BOOSTER EYE CREAM"},"content":{"rendered":"","protected":false},"excerpt":{"rendered":"","protected":false},"featured_media":0,"comment_status":"closed","ping_status":"closed","template":"","meta":[],"product_brand":[],"product_cat":[297],"product_tag":[],"class_list":{"0":"post-27396","1":"product","2":"type-product","3":"status-publish","5":"product_cat-yeux","7":"first","8":"instock","9":"shipping-taxable","10":"product-type-simple"},"jetpack-related-posts":[{"id":26770,"url":"https:\/\/sakaba.mghosteur.com\/en\/product\/olay-eyes-collagen-peptide-24-eye-cream\/","url_meta":{"origin":27396,"position":0},"title":"Olay Eyes Collagen Peptide 24 Eye Cream","author":"admin","date":"November 28, 2022","format":false,"excerpt":"","rel":"","context":"Similar post","block_context":{"text":"Similar post","link":""},"img":{"alt_text":"","src":"","width":0,"height":0},"classes":[]},{"id":27946,"url":"https:\/\/sakaba.mghosteur.com\/en\/product\/origins-ginzing-eye-cream\/","url_meta":{"origin":27396,"position":1},"title":"ORIGINS GINZING EYE CREAM","author":"admin","date":"November 29, 2022","format":false,"excerpt":"","rel":"","context":"Similar post","block_context":{"text":"Similar post","link":""},"img":{"alt_text":"","src":"","width":0,"height":0},"classes":[]},{"id":31801,"url":"https:\/\/sakaba.mghosteur.com\/en\/product\/olay-eyes-brigthtening-eye-cream\/","url_meta":{"origin":27396,"position":2},"title":"Olay Eyes Brigthtening eye cream","author":"admin","date":"May 10, 2024","format":false,"excerpt":"La cr\u00e8me \u00e9claircissante pour les yeux Olay pour les cernes est une cr\u00e8me qui hydrate le contour des yeux pour aider \u00e0 r\u00e9duire les cernes, les rides et \u00e0 lisser les ridules. Elle contient de la vitamine E, de la vitamine C, de la caf\u00e9ine, de la niacinamide et du\u2026","rel":"","context":"Similar post","block_context":{"text":"Similar post","link":""},"img":{"alt_text":"","src":"","width":0,"height":0},"classes":[]},{"id":26439,"url":"https:\/\/sakaba.mghosteur.com\/en\/product\/vital-e-antioxydant-eye-cream\/","url_meta":{"origin":27396,"position":3},"title":"VITAL E ANTIOXYDANT EYE CREAM","author":"admin","date":"November 25, 2022","format":false,"excerpt":"","rel":"","context":"Similar post","block_context":{"text":"Similar post","link":""},"img":{"alt_text":"","src":"","width":0,"height":0},"classes":[]},{"id":25663,"url":"https:\/\/sakaba.mghosteur.com\/en\/product\/daggett-ramsdell-eye-fade-cream\/","url_meta":{"origin":27396,"position":4},"title":"Daggett &#038; Ramsdell Eye Fade Cream","author":"admin","date":"November 14, 2022","format":false,"excerpt":"","rel":"","context":"Similar post","block_context":{"text":"Similar post","link":""},"img":{"alt_text":"","src":"","width":0,"height":0},"classes":[]},{"id":23127,"url":"https:\/\/sakaba.mghosteur.com\/en\/product\/bobbi-brown-extra-eye-repair-cream\/","url_meta":{"origin":27396,"position":5},"title":"Bobbi Brown Extra Eye Repair Cream","author":"admin","date":"October 25, 2022","format":false,"excerpt":"","rel":"","context":"Similar post","block_context":{"text":"Similar post","link":""},"img":{"alt_text":"","src":"","width":0,"height":0},"classes":[]}],"_links":{"self":[{"href":"https:\/\/sakaba.mghosteur.com\/en\/wp-json\/wp\/v2\/product\/27396","targetHints":{"allow":["GET"]}}],"collection":[{"href":"https:\/\/sakaba.mghosteur.com\/en\/wp-json\/wp\/v2\/product"}],"about":[{"href":"https:\/\/sakaba.mghosteur.com\/en\/wp-json\/wp\/v2\/types\/product"}],"replies":[{"embeddable":true,"href":"https:\/\/sakaba.mghosteur.com\/en\/wp-json\/wp\/v2\/comments?post=27396"}],"version-history":[{"count":0,"href":"https:\/\/sakaba.mghosteur.com\/en\/wp-json\/wp\/v2\/product\/27396\/revisions"}],"wp:attachment":[{"href":"https:\/\/sakaba.mghosteur.com\/en\/wp-json\/wp\/v2\/media?parent=27396"}],"wp:term":[{"taxonomy":"product_brand","embeddable":true,"href":"https:\/\/sakaba.mghosteur.com\/en\/wp-json\/wp\/v2\/product_brand?post=27396"},{"taxonomy":"product_cat","embeddable":true,"href":"https:\/\/sakaba.mghosteur.com\/en\/wp-json\/wp\/v2\/product_cat?post=27396"},{"taxonomy":"product_tag","embeddable":true,"href":"https:\/\/sakaba.mghosteur.com\/en\/wp-json\/wp\/v2\/product_tag?post=27396"}],"curies":[{"name":"wp","href":"https:\/\/api.w.org\/{rel}","templated":true}]}}