{"id":27397,"date":"2022-11-29T11:24:20","date_gmt":"2022-11-29T11:24:20","guid":{"rendered":"http:\/\/www.sakababeauty.com\/?post_type=product&#038;p=27397"},"modified":"2022-11-29T11:24:20","modified_gmt":"2022-11-29T11:24:20","slug":"noxzema-ultimate-clear-daily-deep-pore","status":"publish","type":"product","link":"https:\/\/sakaba.mghosteur.com\/en\/product\/noxzema-ultimate-clear-daily-deep-pore\/","title":{"rendered":"Noxzema Ultimate clear daily deep pore"},"content":{"rendered":"","protected":false},"excerpt":{"rendered":"","protected":false},"featured_media":0,"comment_status":"closed","ping_status":"closed","template":"","meta":[],"product_brand":[],"product_cat":[446],"product_tag":[],"class_list":{"0":"post-27397","1":"product","2":"type-product","3":"status-publish","5":"product_cat-nettoyant","7":"first","8":"instock","9":"shipping-taxable","10":"product-type-simple"},"jetpack-related-posts":[{"id":27409,"url":"https:\/\/sakaba.mghosteur.com\/en\/product\/noxzema-ultimate-clear-anti-blemish-pads\/","url_meta":{"origin":27397,"position":0},"title":"Noxzema ultimate clear anti blemish pads","author":"admin","date":"November 29, 2022","format":false,"excerpt":"","rel":"","context":"Similar post","block_context":{"text":"Similar post","link":""},"img":{"alt_text":"","src":"","width":0,"height":0},"classes":[]},{"id":34271,"url":"https:\/\/sakaba.mghosteur.com\/en\/product\/urban-skin-rx-clear-skin-deep-cleans-pores-and-oil\/","url_meta":{"origin":27397,"position":1},"title":"URBAN SKIN RX CLEAR SKIN DEEP CLEANS PORES AND OIL","author":"admin","date":"May 27, 2024","format":false,"excerpt":"","rel":"","context":"Similar post","block_context":{"text":"Similar post","link":""},"img":{"alt_text":"","src":"","width":0,"height":0},"classes":[]},{"id":33373,"url":"https:\/\/sakaba.mghosteur.com\/en\/product\/biore-deep-pore-cleansing-charcoal-daily-face-wash-for-oily-skin\/","url_meta":{"origin":27397,"position":2},"title":"Biore Deep Pore Cleansing Charcoal Daily Face Wash, for Oily Skin","author":"admin","date":"May 21, 2024","format":false,"excerpt":"","rel":"","context":"Similar post","block_context":{"text":"Similar post","link":""},"img":{"alt_text":"","src":"","width":0,"height":0},"classes":[]},{"id":24574,"url":"https:\/\/sakaba.mghosteur.com\/en\/product\/aveeno-clear-complexion-sheer-daily-moisturizer\/","url_meta":{"origin":27397,"position":3},"title":"AVEENO CLEAR COMPLEXION SHEER DAILY MOISTURIZER","author":"admin","date":"November 10, 2022","format":false,"excerpt":"Hydratez la peau, unifiez le teint et aidez \u00e0 r\u00e9v\u00e9ler le v\u00e9ritable \u00e9clat de votre peau avec l'hydratant quotidien transparent Aveeno Clear Complexion avec \u00e9cran solaire SPF 30. Sp\u00e9cialement formul\u00e9e pour les peaux sujettes aux \u00e9ruptions cutan\u00e9es, cette lotion l\u00e9g\u00e8re pour le visage contient un complexe total de soja pour\u2026","rel":"","context":"Similar post","block_context":{"text":"Similar post","link":""},"img":{"alt_text":"","src":"","width":0,"height":0},"classes":[]},{"id":24730,"url":"https:\/\/sakaba.mghosteur.com\/en\/product\/differin-cleanser-dailydeep\/","url_meta":{"origin":27397,"position":4},"title":"DIFFERIN CLEANSER DAILY DEEP","author":"admin","date":"November 10, 2022","format":false,"excerpt":"Le nettoyant quotidien en profondeur offre la puissance du peroxyde de benzoyle, mais avec moins d'irritation et de rougeurs. Contient 5 % de peroxyde de benzoyle qui p\u00e9n\u00e8tre profond\u00e9ment dans les pores pour traiter et pr\u00e9venir l'acn\u00e9 Formule micronis\u00e9e \u00e0 double action qui s'est av\u00e9r\u00e9e moins irritante que les formules\u2026","rel":"","context":"Similar post","block_context":{"text":"Similar post","link":""},"img":{"alt_text":"","src":"","width":0,"height":0},"classes":[]},{"id":27546,"url":"https:\/\/sakaba.mghosteur.com\/en\/product\/biore-deep-pore-charcoal-cleanser\/","url_meta":{"origin":27397,"position":5},"title":"Bior\u00e9 deep pore charcoal cleanser","author":"admin","date":"November 29, 2022","format":false,"excerpt":"","rel":"","context":"Similar post","block_context":{"text":"Similar post","link":""},"img":{"alt_text":"","src":"","width":0,"height":0},"classes":[]}],"_links":{"self":[{"href":"https:\/\/sakaba.mghosteur.com\/en\/wp-json\/wp\/v2\/product\/27397","targetHints":{"allow":["GET"]}}],"collection":[{"href":"https:\/\/sakaba.mghosteur.com\/en\/wp-json\/wp\/v2\/product"}],"about":[{"href":"https:\/\/sakaba.mghosteur.com\/en\/wp-json\/wp\/v2\/types\/product"}],"replies":[{"embeddable":true,"href":"https:\/\/sakaba.mghosteur.com\/en\/wp-json\/wp\/v2\/comments?post=27397"}],"version-history":[{"count":0,"href":"https:\/\/sakaba.mghosteur.com\/en\/wp-json\/wp\/v2\/product\/27397\/revisions"}],"wp:attachment":[{"href":"https:\/\/sakaba.mghosteur.com\/en\/wp-json\/wp\/v2\/media?parent=27397"}],"wp:term":[{"taxonomy":"product_brand","embeddable":true,"href":"https:\/\/sakaba.mghosteur.com\/en\/wp-json\/wp\/v2\/product_brand?post=27397"},{"taxonomy":"product_cat","embeddable":true,"href":"https:\/\/sakaba.mghosteur.com\/en\/wp-json\/wp\/v2\/product_cat?post=27397"},{"taxonomy":"product_tag","embeddable":true,"href":"https:\/\/sakaba.mghosteur.com\/en\/wp-json\/wp\/v2\/product_tag?post=27397"}],"curies":[{"name":"wp","href":"https:\/\/api.w.org\/{rel}","templated":true}]}}