{"id":27398,"date":"2022-11-29T11:23:15","date_gmt":"2022-11-29T11:23:15","guid":{"rendered":"http:\/\/www.sakababeauty.com\/?post_type=product&#038;p=27398"},"modified":"2023-03-21T13:33:14","modified_gmt":"2023-03-21T13:33:14","slug":"the-inkey-list-tranexamic-acid-night-treatment","status":"publish","type":"product","link":"https:\/\/sakaba.mghosteur.com\/en\/product\/the-inkey-list-tranexamic-acid-night-treatment\/","title":{"rendered":"THE INKEY LIST TRANEXAMIC ACID NIGHT TREATMENT"},"content":{"rendered":"<p>Le traitement de nuit \u00e0 l&#8217;acide tranexamique de la liste Inkey cible l&#8217;hyperpigmentation pour un teint plus uniforme et lumineux. R\u00e9duisez les taches brunes et les taches in\u00e9gales pour une peau plus belle.<\/p>","protected":false},"excerpt":{"rendered":"<p>Le traitement de nuit \u00e0 l&#8217;acide tranexamique de la liste Inkey cible l&#8217;hyperpigmentation pour un teint plus uniforme et lumineux. R\u00e9duisez les taches brunes et les taches in\u00e9gales pour une peau plus belle.<\/p>","protected":false},"featured_media":0,"comment_status":"closed","ping_status":"closed","template":"","meta":[],"product_brand":[],"product_cat":[377],"product_tag":[],"class_list":{"0":"post-27398","1":"product","2":"type-product","3":"status-publish","5":"product_cat-bath-body-works","7":"first","8":"instock","9":"shipping-taxable","10":"product-type-simple"},"jetpack-related-posts":[{"id":31633,"url":"https:\/\/sakaba.mghosteur.com\/en\/product\/the-inkey-list-tranexamic-acid-serum\/","url_meta":{"origin":27398,"position":0},"title":"THE INKEY LIST TRANEXAMIC ACID SERUM","author":"admin","date":"May 10, 2024","format":false,"excerpt":"Ce gel de traitement cible l'hyperpigmentation, les taches in\u00e9gales et les taches brunes, illuminant ainsi le teint de la peau et aidant \u00e0 r\u00e9duire les taches brunes et l'irr\u00e9gularit\u00e9 du teint. Formul\u00e9 avec 2 % d'acide tranexamique, un acide amin\u00e9 puissant, 2 % d'extrait de baie d'a\u00e7a\u00ef pour favoriser un\u2026","rel":"","context":"Similar post","block_context":{"text":"Similar post","link":""},"img":{"alt_text":"","src":"","width":0,"height":0},"classes":[]},{"id":27417,"url":"https:\/\/sakaba.mghosteur.com\/en\/product\/the-inkey-list-beta-hydroxy-acid\/","url_meta":{"origin":27398,"position":1},"title":"THE INKEY LIST BETA HYDROXY ACID","author":"admin","date":"November 29, 2022","format":false,"excerpt":"Ce s\u00e9rum d'acide b\u00eata-hydroxyl\u00e9 (BHA) de la marque The Inkey List est un must-have pour tous ceux qui cherchent \u00e0 am\u00e9liorer leur routine de soin de la peau. Avec une concentration de 2 % d'acide salicylique, il est capable de p\u00e9n\u00e9trer profond\u00e9ment dans les pores de votre peau, aidant \u00e0\u2026","rel":"","context":"Similar post","block_context":{"text":"Similar post","link":""},"img":{"alt_text":"","src":"","width":0,"height":0},"classes":[]},{"id":27391,"url":"https:\/\/sakaba.mghosteur.com\/en\/product\/the-inkey-list-fulvic-acid-brightening-cleanser\/","url_meta":{"origin":27398,"position":2},"title":"THE INKEY LIST FULVIC ACID BRIGHTENING CLEANSER","author":"admin","date":"November 29, 2022","format":false,"excerpt":"Le nettoyant \u00e0 l'acide fulvique de The Inkey List est un produit de soin de la peau de qualit\u00e9 sup\u00e9rieure qui vous aidera \u00e0 obtenir un teint plus lumineux et plus sain. Ce gel nettoyant exfoliant doux est parfait pour enlever le maquillage, y compris le maquillage des yeux, pour\u2026","rel":"","context":"Similar post","block_context":{"text":"Similar post","link":""},"img":{"alt_text":"","src":"","width":0,"height":0},"classes":[]},{"id":31639,"url":"https:\/\/sakaba.mghosteur.com\/en\/product\/the-inkey-list-vitamin-c-face-serum\/","url_meta":{"origin":27398,"position":3},"title":"THE INKEY LIST VITAMIN C FACE SERUM","author":"admin","date":"May 10, 2024","format":false,"excerpt":"S\u00e9rum \u00e0 la vitamine C La vitamine C, puissant antioxydant multifonctionnel et ingr\u00e9dient \u00e9claircissant pour la peau, est \u00e0 l'honneur dans ce s\u00e9rum. Aidant \u00e0 combattre l\u2019apparence de l\u2019hyperpigmentation, du teint terne et des ridules, ce s\u00e9rum est un alli\u00e9 pr\u00e9cieux dans votre routine de soins. Formul\u00e9 avec 30 %\u2026","rel":"","context":"Similar post","block_context":{"text":"Similar post","link":""},"img":{"alt_text":"","src":"","width":0,"height":0},"classes":[]},{"id":27367,"url":"https:\/\/sakaba.mghosteur.com\/en\/product\/the-inkey-list-succinic-acid-acne-treatment\/","url_meta":{"origin":27398,"position":4},"title":"THE INKEY LIST SUCCINIC ACID ACNE TREATMENT","author":"admin","date":"November 29, 2022","format":false,"excerpt":"Si vous cherchez un traitement efficace contre l'acn\u00e9, ne cherchez plus ! Le traitement \u00e0 l'acide succinique de la marque The Inkey List est l\u00e0 pour vous. Gr\u00e2ce \u00e0 sa formule douce et non ass\u00e9chante, il vous aidera \u00e0 \u00e9liminer rapidement les imperfections, r\u00e9duire l'inflammation et pr\u00e9venir l'obstruction des pores.\u2026","rel":"","context":"Similar post","block_context":{"text":"Similar post","link":""},"img":{"alt_text":"","src":"","width":0,"height":0},"classes":[]},{"id":27441,"url":"https:\/\/sakaba.mghosteur.com\/en\/product\/the-inkey-niacinamide\/","url_meta":{"origin":27398,"position":5},"title":"THE INKEY NIACINAMIDE","author":"admin","date":"November 29, 2022","format":false,"excerpt":"Compos\u00e9 de 10 % de niacinamide et de 1 % d'acide hyaluronique, le s\u00e9rum \u00e0 la niacinamide de The INKEY List minimise l'apparence des pores et des imperfections. La vitamine B3 naturelle, la niacinamide, est connue pour sa capacit\u00e9 \u00e0 contr\u00f4ler l'apparence du s\u00e9bum et de la pigmentation, id\u00e9ale pour\u2026","rel":"","context":"Similar post","block_context":{"text":"Similar post","link":""},"img":{"alt_text":"","src":"","width":0,"height":0},"classes":[]}],"_links":{"self":[{"href":"https:\/\/sakaba.mghosteur.com\/en\/wp-json\/wp\/v2\/product\/27398","targetHints":{"allow":["GET"]}}],"collection":[{"href":"https:\/\/sakaba.mghosteur.com\/en\/wp-json\/wp\/v2\/product"}],"about":[{"href":"https:\/\/sakaba.mghosteur.com\/en\/wp-json\/wp\/v2\/types\/product"}],"replies":[{"embeddable":true,"href":"https:\/\/sakaba.mghosteur.com\/en\/wp-json\/wp\/v2\/comments?post=27398"}],"version-history":[{"count":0,"href":"https:\/\/sakaba.mghosteur.com\/en\/wp-json\/wp\/v2\/product\/27398\/revisions"}],"wp:attachment":[{"href":"https:\/\/sakaba.mghosteur.com\/en\/wp-json\/wp\/v2\/media?parent=27398"}],"wp:term":[{"taxonomy":"product_brand","embeddable":true,"href":"https:\/\/sakaba.mghosteur.com\/en\/wp-json\/wp\/v2\/product_brand?post=27398"},{"taxonomy":"product_cat","embeddable":true,"href":"https:\/\/sakaba.mghosteur.com\/en\/wp-json\/wp\/v2\/product_cat?post=27398"},{"taxonomy":"product_tag","embeddable":true,"href":"https:\/\/sakaba.mghosteur.com\/en\/wp-json\/wp\/v2\/product_tag?post=27398"}],"curies":[{"name":"wp","href":"https:\/\/api.w.org\/{rel}","templated":true}]}}