{"id":27402,"date":"2022-11-29T11:24:10","date_gmt":"2022-11-29T11:24:10","guid":{"rendered":"http:\/\/www.sakababeauty.com\/?post_type=product&#038;p=27402"},"modified":"2023-03-20T12:25:35","modified_gmt":"2023-03-20T12:25:35","slug":"the-inkey-list-alpha-arbutin-2","status":"publish","type":"product","link":"https:\/\/sakaba.mghosteur.com\/en\/product\/the-inkey-list-alpha-arbutin-2\/","title":{"rendered":"THE INKEY LIST ALPHA ARBUTIN"},"content":{"rendered":"<p>Le s\u00e9rum Alpha Arbutine de la marque The Inkey List est un v\u00e9ritable concentr\u00e9 d&#8217;efficacit\u00e9 pour retrouver une peau \u00e9clatante et un teint uniforme. Avec sa formule concentr\u00e9e \u00e0 2% d&#8217;alpha arbutine, ce s\u00e9rum est sp\u00e9cialement con\u00e7u pour r\u00e9duire l&#8217;apparence de l&#8217;hyperpigmentation et des taches brunes sur la peau.<\/p>\n<p>Gr\u00e2ce \u00e0 ses propri\u00e9t\u00e9s \u00e9claircissantes d\u00e9riv\u00e9es des feuilles de la busserole, ce s\u00e9rum est un v\u00e9ritable alli\u00e9 pour am\u00e9liorer le teint g\u00e9n\u00e9ral de votre peau. Et ce n&#8217;est pas tout ! La pr\u00e9sence de squalane dans sa formule aide \u00e0 maintenir une hydratation optimale de votre peau, tout en la rendant plus douce et plus souple.<\/p>\n<p>Ce s\u00e9rum non irritant est parfait pour tous les types de peau, m\u00eame les plus sensibles. Appliquez-le matin et soir pour des r\u00e9sultats visibles d\u00e8s les premi\u00e8res utilisations. Optez pour le s\u00e9rum Alpha Arbutine de The Inkey List et retrouvez une peau \u00e9clatante de sant\u00e9 !<\/p>","protected":false},"excerpt":{"rendered":"<p>Le s\u00e9rum Alpha Arbutine de la marque The Inkey List est un v\u00e9ritable concentr\u00e9 d&#8217;efficacit\u00e9 pour retrouver une peau \u00e9clatante et un teint uniforme. Avec sa formule concentr\u00e9e \u00e0 2% d&#8217;alpha arbutine, ce s\u00e9rum est sp\u00e9cialement con\u00e7u pour r\u00e9duire l&#8217;apparence de l&#8217;hyperpigmentation et des taches brunes sur la peau. Gr\u00e2ce \u00e0 ses propri\u00e9t\u00e9s \u00e9claircissantes d\u00e9riv\u00e9es<span class=\"read-more-faq\"><a href=\"https:\/\/sakaba.mghosteur.com\/en\/product\/the-inkey-list-alpha-arbutin-2\/\">Read More<\/a><\/span><\/p>","protected":false},"featured_media":0,"comment_status":"closed","ping_status":"closed","template":"","meta":[],"product_brand":[],"product_cat":[377],"product_tag":[],"class_list":{"0":"post-27402","1":"product","2":"type-product","3":"status-publish","5":"product_cat-bath-body-works","7":"first","8":"instock","9":"shipping-taxable","10":"product-type-simple"},"jetpack-related-posts":[{"id":56158,"url":"https:\/\/sakaba.mghosteur.com\/en\/product\/cosrx-the-alpha-arbutin-2-discoloration-care-serum\/","url_meta":{"origin":27402,"position":0},"title":"COSRX The Alpha Arbutin 2 Discoloration Care Serum","author":"Sope DIA","date":"January 2, 2026","format":false,"excerpt":"Le\u00a0COSRX The Alpha-Arbutin 2% Discoloration Care Serum\u00a0est votre nouveau secret pour une peau lisse et \u00e9clatante ! Ce s\u00e9rum puissant est enrichi de 2 % d'alpha-arbutine, un ingr\u00e9dient \u00e9prouv\u00e9 qui aide \u00e0 r\u00e9duire les taches pigmentaires et les d\u00e9colorations cutan\u00e9es. Il agit efficacement pour att\u00e9nuer les taches brunes, uniformiser le\u2026","rel":"","context":"Similar post","block_context":{"text":"Similar post","link":""},"img":{"alt_text":"","src":"","width":0,"height":0},"classes":[]},{"id":28919,"url":"https:\/\/sakaba.mghosteur.com\/en\/product\/the-ordinary-alpha-arbutin-2-ha\/","url_meta":{"origin":27402,"position":1},"title":"THE ORDINARY ALPHA ARBUTIN 2% + HA","author":"admin","date":"March 8, 2023","format":false,"excerpt":"Le s\u00e9rum Alpha Arbutine 2% + HA de The Ordinary est un produit de soin de la peau \u00e0 base d'eau, con\u00e7u pour am\u00e9liorer visiblement la pigmentation et cibler les probl\u00e8mes de teint irr\u00e9gulier. Ce produit contient une concentration \u00e9lev\u00e9e d'alpha arbutine purifi\u00e9e, un ingr\u00e9dient \u00e9claircissant bien connu, qui agit\u2026","rel":"","context":"Similar post","block_context":{"text":"Similar post","link":""},"img":{"alt_text":"","src":"","width":0,"height":0},"classes":[]},{"id":28241,"url":"https:\/\/sakaba.mghosteur.com\/en\/product\/the-ordinary-ascorbic-acid-8-alpha-arbutin-2\/","url_meta":{"origin":27402,"position":2},"title":"THE ORDINARY ASCORBIC ACID 8% ALPHA ARBUTIN 2%","author":"admin","date":"November 30, 2022","format":false,"excerpt":"Le s\u00e9rum Acide Ascorbique 8% + Alpha Arbutine 2% de la marque The Ordinary est un produit hautement efficace pour am\u00e9liorer la pigmentation et l'\u00e9clat de votre peau. Sa formule unique et sans eau combine deux agents \u00e9claircissants puissants : la vitamine C directe \u00e0 8% et l'alpha arbutine \u00e0\u2026","rel":"","context":"Similar post","block_context":{"text":"Similar post","link":""},"img":{"alt_text":"","src":"","width":0,"height":0},"classes":[]},{"id":31367,"url":"https:\/\/sakaba.mghosteur.com\/en\/product\/beauty-of-joseon-glow-deep-serum-rice-alpha-arbutin\/","url_meta":{"origin":27402,"position":3},"title":"BEAUTY OF JOSEON GLOW DEEP SERUM RICE + ALPHA ARBUTIN","author":"admin","date":"May 10, 2024","format":false,"excerpt":"Glow Deep Serum : Rice + Alpha-Arbutin Description : Le S\u00e9rum Glow Deep : Rice + Alpha-Arbutin est sp\u00e9cialement formul\u00e9 pour les personnes souffrant de probl\u00e8mes de pigmentation et de teint irr\u00e9gulier. Enrichi avec 68 % d'eau de son de riz et 2 % d'alpha-arbutine, ce s\u00e9rum agit efficacement pour\u2026","rel":"","context":"Similar post","block_context":{"text":"Similar post","link":""},"img":{"alt_text":"","src":"","width":0,"height":0},"classes":[]},{"id":56147,"url":"https:\/\/sakaba.mghosteur.com\/en\/product\/beauty-of-joseon-glow-deep-serum-rice-alpha-arbutin-2\/","url_meta":{"origin":27402,"position":4},"title":"Beauty of Joseon Glow Deep Serum  Rice + Alpha-Arbutin","author":"Sope DIA","date":"January 2, 2026","format":false,"excerpt":"R\u00e9v\u00e9lation \u00e9clatante\u00a0: D\u00e9couvrez les secrets de beaut\u00e9 de Joseon avec le S\u00e9rum \u00c9clat Profond, un m\u00e9lange m\u00e9ticuleusement \u00e9labor\u00e9 \u00e0 base de riz et d\u2019alpha-arbutine pour un \u00e9clat incomparable. Att\u00e9nuez les taches brunes, les irr\u00e9gularit\u00e9s de pigmentation et les cicatrices d\u2019acn\u00e9 gr\u00e2ce \u00e0 une formule puissante enrichie en riz et en\u2026","rel":"","context":"Similar post","block_context":{"text":"Similar post","link":""},"img":{"alt_text":"","src":"","width":0,"height":0},"classes":[]},{"id":29144,"url":"https:\/\/sakaba.mghosteur.com\/en\/product\/the-inkey-list-1-retinol-serum\/","url_meta":{"origin":27402,"position":5},"title":"THE INKEY LIST 1% RETINOL SERUM","author":"admin","date":"March 15, 2023","format":false,"excerpt":"Le s\u00e9rum R\u00e9tinol de la marque The Inkey List est un choix parfait pour tous ceux qui cherchent \u00e0 lutter contre les signes du vieillissement tout en obtenant une peau plus lumineuse et plus uniforme. Enrichi en r\u00e9tinol \u00e0 lib\u00e9ration lente, un d\u00e9riv\u00e9 de la vitamine A, ce s\u00e9rum est\u2026","rel":"","context":"Similar post","block_context":{"text":"Similar post","link":""},"img":{"alt_text":"","src":"","width":0,"height":0},"classes":[]}],"_links":{"self":[{"href":"https:\/\/sakaba.mghosteur.com\/en\/wp-json\/wp\/v2\/product\/27402","targetHints":{"allow":["GET"]}}],"collection":[{"href":"https:\/\/sakaba.mghosteur.com\/en\/wp-json\/wp\/v2\/product"}],"about":[{"href":"https:\/\/sakaba.mghosteur.com\/en\/wp-json\/wp\/v2\/types\/product"}],"replies":[{"embeddable":true,"href":"https:\/\/sakaba.mghosteur.com\/en\/wp-json\/wp\/v2\/comments?post=27402"}],"version-history":[{"count":0,"href":"https:\/\/sakaba.mghosteur.com\/en\/wp-json\/wp\/v2\/product\/27402\/revisions"}],"wp:attachment":[{"href":"https:\/\/sakaba.mghosteur.com\/en\/wp-json\/wp\/v2\/media?parent=27402"}],"wp:term":[{"taxonomy":"product_brand","embeddable":true,"href":"https:\/\/sakaba.mghosteur.com\/en\/wp-json\/wp\/v2\/product_brand?post=27402"},{"taxonomy":"product_cat","embeddable":true,"href":"https:\/\/sakaba.mghosteur.com\/en\/wp-json\/wp\/v2\/product_cat?post=27402"},{"taxonomy":"product_tag","embeddable":true,"href":"https:\/\/sakaba.mghosteur.com\/en\/wp-json\/wp\/v2\/product_tag?post=27402"}],"curies":[{"name":"wp","href":"https:\/\/api.w.org\/{rel}","templated":true}]}}