{"id":27408,"date":"2022-11-29T11:25:48","date_gmt":"2022-11-29T11:25:48","guid":{"rendered":"http:\/\/www.sakababeauty.com\/?post_type=product&#038;p=27408"},"modified":"2023-03-21T15:55:58","modified_gmt":"2023-03-21T15:55:58","slug":"the-inkey-list-turmeric-face-moisturizer","status":"publish","type":"product","link":"https:\/\/sakaba.mghosteur.com\/en\/product\/the-inkey-list-turmeric-face-moisturizer\/","title":{"rendered":"THE INKEY LIST TURMERIC FACE MOISTURIZER"},"content":{"rendered":"<p>La Cr\u00e8me hydratante au curcuma de THE INKEY LIST est un produit antioxydant qui hydrate et prot\u00e8ge votre peau. Elle est id\u00e9ale pour gu\u00e9rir la peau s\u00e8che et redonner de l&#8217;\u00e9clat \u00e0 votre teint tout en l&#8217;unifiant.<\/p>","protected":false},"excerpt":{"rendered":"<p>La Cr\u00e8me hydratante au curcuma de THE INKEY LIST est un produit antioxydant qui hydrate et prot\u00e8ge votre peau. Elle est id\u00e9ale pour gu\u00e9rir la peau s\u00e8che et redonner de l&#8217;\u00e9clat \u00e0 votre teint tout en l&#8217;unifiant.<\/p>","protected":false},"featured_media":0,"comment_status":"closed","ping_status":"closed","template":"","meta":[],"product_brand":[],"product_cat":[377],"product_tag":[],"class_list":{"0":"post-27408","1":"product","2":"type-product","3":"status-publish","5":"product_cat-bath-body-works","7":"first","8":"instock","9":"shipping-taxable","10":"product-type-simple"},"jetpack-related-posts":[{"id":29174,"url":"https:\/\/sakaba.mghosteur.com\/en\/product\/the-inkey-list-bakuchiol\/","url_meta":{"origin":27408,"position":0},"title":"THE INKEY LIST BAKUCHIOL","author":"admin","date":"March 20, 2023","format":false,"excerpt":"D\u00e9couvrez le Bakuchiol Hydratant de la marque The Inkey List, un produit naturel qui aide \u00e0 r\u00e9duire l'apparence des rides et ridules tout en uniformisant le teint de votre peau. Ce produit est formul\u00e9 avec du bakuchiol, une alternative naturelle au r\u00e9tinol, qui est d'origine v\u00e9g\u00e9tale et poss\u00e8de des propri\u00e9t\u00e9s\u2026","rel":"","context":"Similar post","block_context":{"text":"Similar post","link":""},"img":{"alt_text":"","src":"","width":0,"height":0},"classes":[]},{"id":27358,"url":"https:\/\/sakaba.mghosteur.com\/en\/product\/the-inkey-list-omega-water-cream\/","url_meta":{"origin":27408,"position":1},"title":"THE INKEY LIST OMEGA WATER CREAM","author":"admin","date":"November 29, 2022","format":false,"excerpt":"La cr\u00e8me d'eau Om\u00e9ga de la marque The Inkey List est un hydratant l\u00e9ger et sans huile pour la peau. Sa formulation unique \u00e0 base d'eau et sans silicone aide \u00e0 maintenir une barri\u00e8re cutan\u00e9e saine pour une hydratation imm\u00e9diate et longue dur\u00e9e. Test\u00e9e dermatologiquement, elle contient un complexe d'acides\u2026","rel":"","context":"Similar post","block_context":{"text":"Similar post","link":""},"img":{"alt_text":"","src":"","width":0,"height":0},"classes":[]},{"id":27426,"url":"https:\/\/sakaba.mghosteur.com\/en\/product\/the-inkey-list-q10\/","url_meta":{"origin":27408,"position":2},"title":"THE INKEY LIST Q10","author":"admin","date":"November 29, 2022","format":false,"excerpt":"Le s\u00e9rum Q10 de la marque The Inkey List est un produit de soin essentiel pour prot\u00e9ger votre peau et combattre les signes du vieillissement. Gr\u00e2ce \u00e0 sa formule riche en antioxydants, ce s\u00e9rum aide \u00e0 prot\u00e9ger votre peau contre les agressions ext\u00e9rieures telles que la pollution et les rayons\u2026","rel":"","context":"Similar post","block_context":{"text":"Similar post","link":""},"img":{"alt_text":"","src":"","width":0,"height":0},"classes":[]},{"id":27435,"url":"https:\/\/sakaba.mghosteur.com\/en\/product\/the-inkey-list-collagen-booster\/","url_meta":{"origin":27408,"position":3},"title":"THE INKEY LIST COLLAGEN BOOSTER","author":"admin","date":"November 29, 2022","format":false,"excerpt":"Le Collagen Booster de The Inkey List est un must-have pour toute personne soucieuse de la sant\u00e9 de sa peau. Ce s\u00e9rum est con\u00e7u pour aider \u00e0 am\u00e9liorer la texture de la peau en stimulant la production naturelle de collag\u00e8ne, pour une apparence plus jeune et plus radieuse. Le peptide\u2026","rel":"","context":"Similar post","block_context":{"text":"Similar post","link":""},"img":{"alt_text":"","src":"","width":0,"height":0},"classes":[]},{"id":29153,"url":"https:\/\/sakaba.mghosteur.com\/en\/product\/the-inkey-list-hyaluronic-acid-100-ml\/","url_meta":{"origin":27408,"position":4},"title":"THE INKEY LIST HYALURONIC ACID 100 ML","author":"admin","date":"March 15, 2023","format":false,"excerpt":"La solution contre l'acn\u00e9 de la marque The Inkey List est un nettoyant hydratant en profondeur sp\u00e9cialement formul\u00e9 pour une peau douce, lisse et saine. Ce produit a \u00e9t\u00e9 test\u00e9 dermatologiquement pour offrir une efficacit\u00e9 optimale contre l'acn\u00e9. La formule l\u00e9g\u00e8rement moussante du nettoyant est enrichie en acide hyaluronique pour\u2026","rel":"","context":"Similar post","block_context":{"text":"Similar post","link":""},"img":{"alt_text":"","src":"","width":0,"height":0},"classes":[]},{"id":27402,"url":"https:\/\/sakaba.mghosteur.com\/en\/product\/the-inkey-list-alpha-arbutin-2\/","url_meta":{"origin":27408,"position":5},"title":"THE INKEY LIST ALPHA ARBUTIN","author":"admin","date":"November 29, 2022","format":false,"excerpt":"Le s\u00e9rum Alpha Arbutine de la marque The Inkey List est un v\u00e9ritable concentr\u00e9 d'efficacit\u00e9 pour retrouver une peau \u00e9clatante et un teint uniforme. Avec sa formule concentr\u00e9e \u00e0 2% d'alpha arbutine, ce s\u00e9rum est sp\u00e9cialement con\u00e7u pour r\u00e9duire l'apparence de l'hyperpigmentation et des taches brunes sur la peau. Gr\u00e2ce\u2026","rel":"","context":"Similar post","block_context":{"text":"Similar post","link":""},"img":{"alt_text":"","src":"","width":0,"height":0},"classes":[]}],"_links":{"self":[{"href":"https:\/\/sakaba.mghosteur.com\/en\/wp-json\/wp\/v2\/product\/27408","targetHints":{"allow":["GET"]}}],"collection":[{"href":"https:\/\/sakaba.mghosteur.com\/en\/wp-json\/wp\/v2\/product"}],"about":[{"href":"https:\/\/sakaba.mghosteur.com\/en\/wp-json\/wp\/v2\/types\/product"}],"replies":[{"embeddable":true,"href":"https:\/\/sakaba.mghosteur.com\/en\/wp-json\/wp\/v2\/comments?post=27408"}],"version-history":[{"count":0,"href":"https:\/\/sakaba.mghosteur.com\/en\/wp-json\/wp\/v2\/product\/27408\/revisions"}],"wp:attachment":[{"href":"https:\/\/sakaba.mghosteur.com\/en\/wp-json\/wp\/v2\/media?parent=27408"}],"wp:term":[{"taxonomy":"product_brand","embeddable":true,"href":"https:\/\/sakaba.mghosteur.com\/en\/wp-json\/wp\/v2\/product_brand?post=27408"},{"taxonomy":"product_cat","embeddable":true,"href":"https:\/\/sakaba.mghosteur.com\/en\/wp-json\/wp\/v2\/product_cat?post=27408"},{"taxonomy":"product_tag","embeddable":true,"href":"https:\/\/sakaba.mghosteur.com\/en\/wp-json\/wp\/v2\/product_tag?post=27408"}],"curies":[{"name":"wp","href":"https:\/\/api.w.org\/{rel}","templated":true}]}}