{"id":27417,"date":"2022-11-29T11:27:56","date_gmt":"2022-11-29T11:27:56","guid":{"rendered":"http:\/\/www.sakababeauty.com\/?post_type=product&#038;p=27417"},"modified":"2023-03-20T12:49:49","modified_gmt":"2023-03-20T12:49:49","slug":"the-inkey-list-beta-hydroxy-acid","status":"publish","type":"product","link":"https:\/\/sakaba.mghosteur.com\/en\/product\/the-inkey-list-beta-hydroxy-acid\/","title":{"rendered":"THE INKEY LIST BETA HYDROXY ACID"},"content":{"rendered":"<p>Ce s\u00e9rum d&#8217;acide b\u00eata-hydroxyl\u00e9 (BHA) de la marque The Inkey List est un must-have pour tous ceux qui cherchent \u00e0 am\u00e9liorer leur routine de soin de la peau. Avec une concentration de 2 % d&#8217;acide salicylique, il est capable de p\u00e9n\u00e9trer profond\u00e9ment dans les pores de votre peau, aidant \u00e0 \u00e9liminer les impuret\u00e9s et \u00e0 combattre les points noirs et les \u00e9ruptions cutan\u00e9es.<\/p>\n<p>Le s\u00e9rum BHA est particuli\u00e8rement efficace pour les peaux grasses, car il est dot\u00e9 de propri\u00e9t\u00e9s anti-inflammatoires et antibact\u00e9riennes qui aident \u00e0 calmer les peaux sujettes aux \u00e9ruptions cutan\u00e9es, sans provoquer de br\u00fblure ou de picotement d\u00e9sagr\u00e9able. De plus, l&#8217;ajout d&#8217;acide hyaluronique \u00e0 1 % permet d&#8217;hydrater la peau et d&#8217;\u00e9viter tout dess\u00e8chement.<\/p>\n<p>Utiliser ce s\u00e9rum BHA r\u00e9guli\u00e8rement peut aider \u00e0 r\u00e9duire l&#8217;apparence des pores et \u00e0 obtenir une peau plus lisse et plus claire. Son format facile \u00e0 appliquer permet de l&#8217;int\u00e9grer facilement dans votre routine de soin de la peau quotidienne. Optez pour le s\u00e9rum BHA de The Inkey List pour une peau plus saine et plus radieuse.<\/p>","protected":false},"excerpt":{"rendered":"<p>Ce s\u00e9rum d&#8217;acide b\u00eata-hydroxyl\u00e9 (BHA) de la marque The Inkey List est un must-have pour tous ceux qui cherchent \u00e0 am\u00e9liorer leur routine de soin de la peau. Avec une concentration de 2 % d&#8217;acide salicylique, il est capable de p\u00e9n\u00e9trer profond\u00e9ment dans les pores de votre peau, aidant \u00e0 \u00e9liminer les impuret\u00e9s et \u00e0<span class=\"read-more-faq\"><a href=\"https:\/\/sakaba.mghosteur.com\/en\/product\/the-inkey-list-beta-hydroxy-acid\/\">Read More<\/a><\/span><\/p>","protected":false},"featured_media":0,"comment_status":"closed","ping_status":"closed","template":"","meta":[],"product_brand":[],"product_cat":[377],"product_tag":[],"class_list":{"0":"post-27417","1":"product","2":"type-product","3":"status-publish","5":"product_cat-bath-body-works","7":"first","8":"instock","9":"shipping-taxable","10":"product-type-simple"},"jetpack-related-posts":[{"id":27429,"url":"https:\/\/sakaba.mghosteur.com\/en\/product\/the-inkey-list-apple-cider-vinegar-acid-peel\/","url_meta":{"origin":27417,"position":0},"title":"THE INKEY LIST APPLE CIDER VINEGAR ACID PEEL","author":"admin","date":"November 29, 2022","format":false,"excerpt":"Le peeling acide au vinaigre de cidre de pomme Inkey List est un exfoliant liquide qui peut \u00eatre utilis\u00e9 sur tous les types de peau, y compris les peaux grasses, mixtes et toutes. Il contient 2 % de vinaigre de cidre de pomme, 10 % d'acide glycolique et 5 %\u2026","rel":"","context":"Similar post","block_context":{"text":"Similar post","link":""},"img":{"alt_text":"","src":"","width":0,"height":0},"classes":[]},{"id":27371,"url":"https:\/\/sakaba.mghosteur.com\/en\/product\/the-inkey-list-c-50-blemish-night-treatment\/","url_meta":{"origin":27417,"position":1},"title":"THE INKEY LIST C-50 BLEMISH NIGHT TREATMENT","author":"admin","date":"November 29, 2022","format":false,"excerpt":"Le traitement de nuit anti-imperfections C-50 de The Inkey List est la solution id\u00e9ale pour ceux qui cherchent \u00e0 traiter leur peau pendant leur sommeil. Avec une formule efficace et puissante, ce traitement de gel de nuit travaille dur pour r\u00e9duire les \u00e9ruptions cutan\u00e9es, d\u00e9sobstruer les pores et r\u00e9duire l'apparence\u2026","rel":"","context":"Similar post","block_context":{"text":"Similar post","link":""},"img":{"alt_text":"","src":"","width":0,"height":0},"classes":[]},{"id":31639,"url":"https:\/\/sakaba.mghosteur.com\/en\/product\/the-inkey-list-vitamin-c-face-serum\/","url_meta":{"origin":27417,"position":2},"title":"THE INKEY LIST VITAMIN C FACE SERUM","author":"admin","date":"May 10, 2024","format":false,"excerpt":"S\u00e9rum \u00e0 la vitamine C La vitamine C, puissant antioxydant multifonctionnel et ingr\u00e9dient \u00e9claircissant pour la peau, est \u00e0 l'honneur dans ce s\u00e9rum. Aidant \u00e0 combattre l\u2019apparence de l\u2019hyperpigmentation, du teint terne et des ridules, ce s\u00e9rum est un alli\u00e9 pr\u00e9cieux dans votre routine de soins. Formul\u00e9 avec 30 %\u2026","rel":"","context":"Similar post","block_context":{"text":"Similar post","link":""},"img":{"alt_text":"","src":"","width":0,"height":0},"classes":[]},{"id":29216,"url":"https:\/\/sakaba.mghosteur.com\/en\/product\/bha-clarify-gel-cream\/","url_meta":{"origin":27417,"position":3},"title":"BHA CLARIFY GEL CREAM","author":"admin","date":"March 21, 2023","format":false,"excerpt":"Le Gel-Cr\u00e8me Clarifiant BHA est une solution parfaite pour apaiser les peaux irrit\u00e9es sujettes aux imperfections. Ce produit est con\u00e7u avec une formule l\u00e9g\u00e8re qui contient un m\u00e9lange d'acide salicylique, d'extraits de th\u00e9 vert et de centella asiatica pour calmer la peau et lutter contre l'apparition des \u00e9ruptions cutan\u00e9es. De\u2026","rel":"","context":"Similar post","block_context":{"text":"Similar post","link":""},"img":{"alt_text":"","src":"","width":0,"height":0},"classes":[]},{"id":31642,"url":"https:\/\/sakaba.mghosteur.com\/en\/product\/the-inkey-niacinamide-serum\/","url_meta":{"origin":27417,"position":4},"title":"THE INKEY NIACINAMIDE SERUM","author":"admin","date":"May 10, 2024","format":false,"excerpt":"S\u00e9rum Niacinamide Un s\u00e9rum \u00e0 la niacinamide l\u00e9ger et puissant, parfait pour une int\u00e9gration ais\u00e9e dans votre routine de soins de la peau. Dot\u00e9 de 10 % de niacinamide, cette vitamine B3 d'origine naturelle est reconnue pour sa capacit\u00e9 \u00e0 r\u00e9duire efficacement l'exc\u00e8s de s\u00e9bum, les imperfections et les rougeurs.\u2026","rel":"","context":"Similar post","block_context":{"text":"Similar post","link":""},"img":{"alt_text":"","src":"","width":0,"height":0},"classes":[]},{"id":23934,"url":"https:\/\/sakaba.mghosteur.com\/en\/product\/cerave-acne-control-gel-2-salicylic-acid\/","url_meta":{"origin":27417,"position":5},"title":"CERAVE : ACNE CONTROL GEL 2% SALICYLIC ACID","author":"admin","date":"November 9, 2022","format":false,"excerpt":"Le gel anti-acn\u00e9 hydratant CeraVe Acne Control Gel est la solution compl\u00e8te pour traiter l'acn\u00e9 et pr\u00e9venir les \u00e9ruptions cutan\u00e9es futures. Avec sa formule l\u00e9g\u00e8re et non ass\u00e9chante, il est parfait pour une utilisation quotidienne et convient \u00e0 tous les types de peau, m\u00eame les plus sensibles. Enrichi en acides\u2026","rel":"","context":"Similar post","block_context":{"text":"Similar post","link":""},"img":{"alt_text":"","src":"","width":0,"height":0},"classes":[]}],"_links":{"self":[{"href":"https:\/\/sakaba.mghosteur.com\/en\/wp-json\/wp\/v2\/product\/27417","targetHints":{"allow":["GET"]}}],"collection":[{"href":"https:\/\/sakaba.mghosteur.com\/en\/wp-json\/wp\/v2\/product"}],"about":[{"href":"https:\/\/sakaba.mghosteur.com\/en\/wp-json\/wp\/v2\/types\/product"}],"replies":[{"embeddable":true,"href":"https:\/\/sakaba.mghosteur.com\/en\/wp-json\/wp\/v2\/comments?post=27417"}],"version-history":[{"count":0,"href":"https:\/\/sakaba.mghosteur.com\/en\/wp-json\/wp\/v2\/product\/27417\/revisions"}],"wp:attachment":[{"href":"https:\/\/sakaba.mghosteur.com\/en\/wp-json\/wp\/v2\/media?parent=27417"}],"wp:term":[{"taxonomy":"product_brand","embeddable":true,"href":"https:\/\/sakaba.mghosteur.com\/en\/wp-json\/wp\/v2\/product_brand?post=27417"},{"taxonomy":"product_cat","embeddable":true,"href":"https:\/\/sakaba.mghosteur.com\/en\/wp-json\/wp\/v2\/product_cat?post=27417"},{"taxonomy":"product_tag","embeddable":true,"href":"https:\/\/sakaba.mghosteur.com\/en\/wp-json\/wp\/v2\/product_tag?post=27417"}],"curies":[{"name":"wp","href":"https:\/\/api.w.org\/{rel}","templated":true}]}}