{"id":27423,"date":"2022-11-29T11:34:19","date_gmt":"2022-11-29T11:34:19","guid":{"rendered":"http:\/\/www.sakababeauty.com\/?post_type=product&#038;p=27423"},"modified":"2022-11-29T11:34:19","modified_gmt":"2022-11-29T11:34:19","slug":"the-inkey-list-hyaluronic-acid-cleanser","status":"publish","type":"product","link":"https:\/\/sakaba.mghosteur.com\/en\/product\/the-inkey-list-hyaluronic-acid-cleanser\/","title":{"rendered":"THE INKEY LIST HYALURONIC ACID CLEANSER"},"content":{"rendered":"","protected":false},"excerpt":{"rendered":"","protected":false},"featured_media":0,"comment_status":"closed","ping_status":"closed","template":"","meta":[],"product_brand":[],"product_cat":[377],"product_tag":[],"class_list":{"0":"post-27423","1":"product","2":"type-product","3":"status-publish","5":"product_cat-bath-body-works","7":"first","8":"instock","9":"shipping-taxable","10":"product-type-simple"},"jetpack-related-posts":[{"id":27383,"url":"https:\/\/sakaba.mghosteur.com\/en\/product\/the-inkey-list-hyaluronic-acid-serum\/","url_meta":{"origin":27423,"position":0},"title":"THE INKEY LIST HYALURONIC ACID SERUM","author":"admin","date":"November 29, 2022","format":false,"excerpt":"","rel":"","context":"Similar post","block_context":{"text":"Similar post","link":""},"img":{"alt_text":"","src":"","width":0,"height":0},"classes":[]},{"id":29153,"url":"https:\/\/sakaba.mghosteur.com\/en\/product\/the-inkey-list-hyaluronic-acid-100-ml\/","url_meta":{"origin":27423,"position":1},"title":"THE INKEY LIST HYALURONIC ACID 100 ML","author":"admin","date":"March 15, 2023","format":false,"excerpt":"La solution contre l'acn\u00e9 de la marque The Inkey List est un nettoyant hydratant en profondeur sp\u00e9cialement formul\u00e9 pour une peau douce, lisse et saine. Ce produit a \u00e9t\u00e9 test\u00e9 dermatologiquement pour offrir une efficacit\u00e9 optimale contre l'acn\u00e9. La formule l\u00e9g\u00e8rement moussante du nettoyant est enrichie en acide hyaluronique pour\u2026","rel":"","context":"Similar post","block_context":{"text":"Similar post","link":""},"img":{"alt_text":"","src":"","width":0,"height":0},"classes":[]},{"id":27239,"url":"https:\/\/sakaba.mghosteur.com\/en\/product\/the-inkey-list-hyaluronic-acid-hydrating-hair\/","url_meta":{"origin":27423,"position":2},"title":"THE INKEY LIST HYALURONIC ACID HYDRATING HAIR","author":"admin","date":"November 29, 2022","format":false,"excerpt":"Le traitement capillaire hydratant \u00e0 l'acide hyaluronique de la marque The Inkey List est un s\u00e9rum l\u00e9ger qui aide \u00e0 hydrater et \u00e0 am\u00e9liorer la sant\u00e9 de vos cheveux. Formul\u00e9 avec des acides hyaluroniques optimis\u00e9s de poids mol\u00e9culaire \u00e9lev\u00e9 et bas, ce traitement capillaire p\u00e9n\u00e8tre profond\u00e9ment dans vos cheveux pour\u2026","rel":"","context":"Similar post","block_context":{"text":"Similar post","link":""},"img":{"alt_text":"","src":"","width":0,"height":0},"classes":[]},{"id":31628,"url":"https:\/\/sakaba.mghosteur.com\/en\/product\/the-inkey-list-hyaluronic-acid-thydrating-hair-tre\/","url_meta":{"origin":27423,"position":3},"title":"THE INKEY LIST HYALURONIC ACID HYDRATING HAIR TREATMENT","author":"admin","date":"May 10, 2024","format":false,"excerpt":"D\u00e9couvrez ce traitement capillaire hydratant \u00e0 l'acide hyaluronique, une solution innovante pour nourrir et revitaliser vos cheveux en profondeur. Formul\u00e9 avec des acides hyaluroniques de poids mol\u00e9culaire haut et bas, ce s\u00e9rum l\u00e9ger est con\u00e7u pour hydrater en profondeur, r\u00e9duire les frisottis et renforcer la r\u00e9sistance de vos cheveux contre\u2026","rel":"","context":"Similar post","block_context":{"text":"Similar post","link":""},"img":{"alt_text":"","src":"","width":0,"height":0},"classes":[]},{"id":27391,"url":"https:\/\/sakaba.mghosteur.com\/en\/product\/the-inkey-list-fulvic-acid-brightening-cleanser\/","url_meta":{"origin":27423,"position":4},"title":"THE INKEY LIST FULVIC ACID BRIGHTENING CLEANSER","author":"admin","date":"November 29, 2022","format":false,"excerpt":"Le nettoyant \u00e0 l'acide fulvique de The Inkey List est un produit de soin de la peau de qualit\u00e9 sup\u00e9rieure qui vous aidera \u00e0 obtenir un teint plus lumineux et plus sain. Ce gel nettoyant exfoliant doux est parfait pour enlever le maquillage, y compris le maquillage des yeux, pour\u2026","rel":"","context":"Similar post","block_context":{"text":"Similar post","link":""},"img":{"alt_text":"","src":"","width":0,"height":0},"classes":[]},{"id":29149,"url":"https:\/\/sakaba.mghosteur.com\/en\/product\/the-inkey-list-5-benzoyl-peroxide-cleanser\/","url_meta":{"origin":27423,"position":5},"title":"THE INKEY LIST 5% BENZOYL PEROXIDE CLEANSER","author":"admin","date":"March 15, 2023","format":false,"excerpt":"Dites adieu \u00e0 l'acn\u00e9 r\u00e9guli\u00e8re ou persistante gr\u00e2ce \u00e0 la solution contre l'acn\u00e9 de The Inkey List. Cette formule unique, cr\u00e9\u00e9e en partenariat avec des dermatologues, contient 5% de peroxyde de benzoyle pour aider \u00e0 \u00e9liminer les boutons irrit\u00e9s et les points blancs disgracieux. La solution contre l'acn\u00e9 de The\u2026","rel":"","context":"Similar post","block_context":{"text":"Similar post","link":""},"img":{"alt_text":"","src":"","width":0,"height":0},"classes":[]}],"_links":{"self":[{"href":"https:\/\/sakaba.mghosteur.com\/en\/wp-json\/wp\/v2\/product\/27423","targetHints":{"allow":["GET"]}}],"collection":[{"href":"https:\/\/sakaba.mghosteur.com\/en\/wp-json\/wp\/v2\/product"}],"about":[{"href":"https:\/\/sakaba.mghosteur.com\/en\/wp-json\/wp\/v2\/types\/product"}],"replies":[{"embeddable":true,"href":"https:\/\/sakaba.mghosteur.com\/en\/wp-json\/wp\/v2\/comments?post=27423"}],"version-history":[{"count":0,"href":"https:\/\/sakaba.mghosteur.com\/en\/wp-json\/wp\/v2\/product\/27423\/revisions"}],"wp:attachment":[{"href":"https:\/\/sakaba.mghosteur.com\/en\/wp-json\/wp\/v2\/media?parent=27423"}],"wp:term":[{"taxonomy":"product_brand","embeddable":true,"href":"https:\/\/sakaba.mghosteur.com\/en\/wp-json\/wp\/v2\/product_brand?post=27423"},{"taxonomy":"product_cat","embeddable":true,"href":"https:\/\/sakaba.mghosteur.com\/en\/wp-json\/wp\/v2\/product_cat?post=27423"},{"taxonomy":"product_tag","embeddable":true,"href":"https:\/\/sakaba.mghosteur.com\/en\/wp-json\/wp\/v2\/product_tag?post=27423"}],"curies":[{"name":"wp","href":"https:\/\/api.w.org\/{rel}","templated":true}]}}