{"id":27429,"date":"2022-11-29T11:36:45","date_gmt":"2022-11-29T11:36:45","guid":{"rendered":"http:\/\/www.sakababeauty.com\/?post_type=product&#038;p=27429"},"modified":"2024-08-15T02:06:25","modified_gmt":"2024-08-15T02:06:25","slug":"the-inkey-list-apple-cider-vinegar-acid-peel","status":"publish","type":"product","link":"https:\/\/sakaba.mghosteur.com\/en\/product\/the-inkey-list-apple-cider-vinegar-acid-peel\/","title":{"rendered":"THE INKEY LIST APPLE CIDER VINEGAR ACID PEEL"},"content":{"rendered":"<p>Le peeling acide au vinaigre de cidre de pomme Inkey List est un exfoliant liquide qui peut \u00eatre utilis\u00e9 sur tous les types de peau, y compris les peaux grasses, mixtes et toutes. Il contient 2 % de vinaigre de cidre de pomme, 10 % d&#8217;acide glycolique et 5 % d&#8217;un m\u00e9lange multifruits. Le peeling est con\u00e7u pour r\u00e9duire les rougeurs, adoucir les pores et aider \u00e0 lutter contre les marques et les \u00e9ruptions cutan\u00e9es post-imperfections. Il est formul\u00e9 pour \u00eatre non irritant et peut \u00eatre utilis\u00e9 une fois par semaine le soir. Pour utiliser le peeling, appliquez une fine couche sur une peau humide et nettoy\u00e9e et laissez agir 10 minutes avant de rincer \u00e0 l&#8217;eau ti\u00e8de.<\/p>","protected":false},"excerpt":{"rendered":"<p>Le peeling acide au vinaigre de cidre de pomme Inkey List est un exfoliant liquide qui peut \u00eatre utilis\u00e9 sur tous les types de peau, y compris les peaux grasses, mixtes et toutes. Il contient 2 % de vinaigre de cidre de pomme, 10 % d&#8217;acide glycolique et 5 % d&#8217;un m\u00e9lange multifruits. Le peeling<span class=\"read-more-faq\"><a href=\"https:\/\/sakaba.mghosteur.com\/en\/product\/the-inkey-list-apple-cider-vinegar-acid-peel\/\">Read More<\/a><\/span><\/p>","protected":false},"featured_media":0,"comment_status":"closed","ping_status":"closed","template":"","meta":[],"product_brand":[],"product_cat":[294,451,334],"product_tag":[],"class_list":{"0":"post-27429","1":"product","2":"type-product","3":"status-publish","5":"product_cat-acne","6":"product_cat-aab-soin-du-visage","7":"product_cat-traitement-serum","9":"first","10":"instock","11":"shipping-taxable","12":"product-type-simple"},"jetpack-related-posts":[{"id":27239,"url":"https:\/\/sakaba.mghosteur.com\/en\/product\/the-inkey-list-hyaluronic-acid-hydrating-hair\/","url_meta":{"origin":27429,"position":0},"title":"THE INKEY LIST HYALURONIC ACID HYDRATING HAIR","author":"admin","date":"November 29, 2022","format":false,"excerpt":"Le traitement capillaire hydratant \u00e0 l'acide hyaluronique de la marque The Inkey List est un s\u00e9rum l\u00e9ger qui aide \u00e0 hydrater et \u00e0 am\u00e9liorer la sant\u00e9 de vos cheveux. Formul\u00e9 avec des acides hyaluroniques optimis\u00e9s de poids mol\u00e9culaire \u00e9lev\u00e9 et bas, ce traitement capillaire p\u00e9n\u00e8tre profond\u00e9ment dans vos cheveux pour\u2026","rel":"","context":"Similar post","block_context":{"text":"Similar post","link":""},"img":{"alt_text":"","src":"","width":0,"height":0},"classes":[]},{"id":27417,"url":"https:\/\/sakaba.mghosteur.com\/en\/product\/the-inkey-list-beta-hydroxy-acid\/","url_meta":{"origin":27429,"position":1},"title":"THE INKEY LIST BETA HYDROXY ACID","author":"admin","date":"November 29, 2022","format":false,"excerpt":"Ce s\u00e9rum d'acide b\u00eata-hydroxyl\u00e9 (BHA) de la marque The Inkey List est un must-have pour tous ceux qui cherchent \u00e0 am\u00e9liorer leur routine de soin de la peau. Avec une concentration de 2 % d'acide salicylique, il est capable de p\u00e9n\u00e9trer profond\u00e9ment dans les pores de votre peau, aidant \u00e0\u2026","rel":"","context":"Similar post","block_context":{"text":"Similar post","link":""},"img":{"alt_text":"","src":"","width":0,"height":0},"classes":[]},{"id":31639,"url":"https:\/\/sakaba.mghosteur.com\/en\/product\/the-inkey-list-vitamin-c-face-serum\/","url_meta":{"origin":27429,"position":2},"title":"THE INKEY LIST VITAMIN C FACE SERUM","author":"admin","date":"May 10, 2024","format":false,"excerpt":"S\u00e9rum \u00e0 la vitamine C La vitamine C, puissant antioxydant multifonctionnel et ingr\u00e9dient \u00e9claircissant pour la peau, est \u00e0 l'honneur dans ce s\u00e9rum. Aidant \u00e0 combattre l\u2019apparence de l\u2019hyperpigmentation, du teint terne et des ridules, ce s\u00e9rum est un alli\u00e9 pr\u00e9cieux dans votre routine de soins. Formul\u00e9 avec 30 %\u2026","rel":"","context":"Similar post","block_context":{"text":"Similar post","link":""},"img":{"alt_text":"","src":"","width":0,"height":0},"classes":[]},{"id":29153,"url":"https:\/\/sakaba.mghosteur.com\/en\/product\/the-inkey-list-hyaluronic-acid-100-ml\/","url_meta":{"origin":27429,"position":3},"title":"THE INKEY LIST HYALURONIC ACID 100 ML","author":"admin","date":"March 15, 2023","format":false,"excerpt":"La solution contre l'acn\u00e9 de la marque The Inkey List est un nettoyant hydratant en profondeur sp\u00e9cialement formul\u00e9 pour une peau douce, lisse et saine. Ce produit a \u00e9t\u00e9 test\u00e9 dermatologiquement pour offrir une efficacit\u00e9 optimale contre l'acn\u00e9. La formule l\u00e9g\u00e8rement moussante du nettoyant est enrichie en acide hyaluronique pour\u2026","rel":"","context":"Similar post","block_context":{"text":"Similar post","link":""},"img":{"alt_text":"","src":"","width":0,"height":0},"classes":[]},{"id":31633,"url":"https:\/\/sakaba.mghosteur.com\/en\/product\/the-inkey-list-tranexamic-acid-serum\/","url_meta":{"origin":27429,"position":4},"title":"THE INKEY LIST TRANEXAMIC ACID SERUM","author":"admin","date":"May 10, 2024","format":false,"excerpt":"Ce gel de traitement cible l'hyperpigmentation, les taches in\u00e9gales et les taches brunes, illuminant ainsi le teint de la peau et aidant \u00e0 r\u00e9duire les taches brunes et l'irr\u00e9gularit\u00e9 du teint. Formul\u00e9 avec 2 % d'acide tranexamique, un acide amin\u00e9 puissant, 2 % d'extrait de baie d'a\u00e7a\u00ef pour favoriser un\u2026","rel":"","context":"Similar post","block_context":{"text":"Similar post","link":""},"img":{"alt_text":"","src":"","width":0,"height":0},"classes":[]},{"id":27420,"url":"https:\/\/sakaba.mghosteur.com\/en\/product\/the-inkey-list-vitamin-c\/","url_meta":{"origin":27429,"position":5},"title":"THE INKEY LIST VITAMIN C SERUM","author":"admin","date":"November 29, 2022","format":false,"excerpt":"Le s\u00e9rum \u00e0 la vitamine C est un antioxydant puissant pour la peau. Il peut aider \u00e0 lutter contre l'hyperpigmentation, le teint terne et les ridules. Formul\u00e9 avec 30 % d'acide L-ascorbique pur, ce s\u00e9rum aide votre peau \u00e0 para\u00eetre plus lumineuse et \u00e0 cibler les signes du vieillissement. Utilisez-le\u2026","rel":"","context":"Similar post","block_context":{"text":"Similar post","link":""},"img":{"alt_text":"","src":"","width":0,"height":0},"classes":[]}],"_links":{"self":[{"href":"https:\/\/sakaba.mghosteur.com\/en\/wp-json\/wp\/v2\/product\/27429","targetHints":{"allow":["GET"]}}],"collection":[{"href":"https:\/\/sakaba.mghosteur.com\/en\/wp-json\/wp\/v2\/product"}],"about":[{"href":"https:\/\/sakaba.mghosteur.com\/en\/wp-json\/wp\/v2\/types\/product"}],"replies":[{"embeddable":true,"href":"https:\/\/sakaba.mghosteur.com\/en\/wp-json\/wp\/v2\/comments?post=27429"}],"version-history":[{"count":0,"href":"https:\/\/sakaba.mghosteur.com\/en\/wp-json\/wp\/v2\/product\/27429\/revisions"}],"wp:attachment":[{"href":"https:\/\/sakaba.mghosteur.com\/en\/wp-json\/wp\/v2\/media?parent=27429"}],"wp:term":[{"taxonomy":"product_brand","embeddable":true,"href":"https:\/\/sakaba.mghosteur.com\/en\/wp-json\/wp\/v2\/product_brand?post=27429"},{"taxonomy":"product_cat","embeddable":true,"href":"https:\/\/sakaba.mghosteur.com\/en\/wp-json\/wp\/v2\/product_cat?post=27429"},{"taxonomy":"product_tag","embeddable":true,"href":"https:\/\/sakaba.mghosteur.com\/en\/wp-json\/wp\/v2\/product_tag?post=27429"}],"curies":[{"name":"wp","href":"https:\/\/api.w.org\/{rel}","templated":true}]}}