{"id":27433,"date":"2022-11-29T11:37:51","date_gmt":"2022-11-29T11:37:51","guid":{"rendered":"http:\/\/www.sakababeauty.com\/?post_type=product&#038;p=27433"},"modified":"2024-08-15T02:22:17","modified_gmt":"2024-08-15T02:22:17","slug":"the-inkey-retinol-eye-cream","status":"publish","type":"product","link":"https:\/\/sakaba.mghosteur.com\/en\/product\/the-inkey-retinol-eye-cream\/","title":{"rendered":"THE INKEY RETINOL  EYE CREAM"},"content":{"rendered":"<p>La cr\u00e8me pour les yeux au r\u00e9tinol Inkey List est une cr\u00e8me pour les yeux v\u00e9g\u00e9talienne qui utilise un r\u00e9tino\u00efde \u00e0 lib\u00e9ration lente pour lutter contre les rides sans provoquer d&#8217;irritation. Elle contient 3 % de compos\u00e9 de r\u00e9tinol stabilis\u00e9 VitaleaseTM, une formule \u00e0 lib\u00e9ration lente qui aide \u00e0 \u00e9viter les irritations. Elle contient \u00e9galement des ingr\u00e9dients hydratants comme l&#8217;acide hyaluronique et le beurre de karit\u00e9<\/p>","protected":false},"excerpt":{"rendered":"<p>La cr\u00e8me pour les yeux au r\u00e9tinol Inkey List est une cr\u00e8me pour les yeux v\u00e9g\u00e9talienne qui utilise un r\u00e9tino\u00efde \u00e0 lib\u00e9ration lente pour lutter contre les rides sans provoquer d&#8217;irritation. Elle contient 3 % de compos\u00e9 de r\u00e9tinol stabilis\u00e9 VitaleaseTM, une formule \u00e0 lib\u00e9ration lente qui aide \u00e0 \u00e9viter les irritations. Elle contient \u00e9galement<span class=\"read-more-faq\"><a href=\"https:\/\/sakaba.mghosteur.com\/en\/product\/the-inkey-retinol-eye-cream\/\">Read More<\/a><\/span><\/p>","protected":false},"featured_media":0,"comment_status":"closed","ping_status":"closed","template":"","meta":[],"product_brand":[],"product_cat":[451,334],"product_tag":[],"class_list":{"0":"post-27433","1":"product","2":"type-product","3":"status-publish","5":"product_cat-aab-soin-du-visage","6":"product_cat-traitement-serum","8":"first","9":"instock","10":"shipping-taxable","11":"product-type-simple"},"jetpack-related-posts":[{"id":31645,"url":"https:\/\/sakaba.mghosteur.com\/en\/product\/the-inkey-retinol-eye-cream-2\/","url_meta":{"origin":27433,"position":0},"title":"THE INKEY RETINOL EYE CREAM","author":"admin","date":"May 10, 2024","format":false,"excerpt":"Une cr\u00e8me contour des yeux de nuit con\u00e7ue pour cibler les ridules, formul\u00e9e sp\u00e9cifiquement pour r\u00e9duire l'apparence des rides tout en offrant un soutien suppl\u00e9mentaire \u00e0 la peau la plus fragile. Cette cr\u00e8me pour les yeux au r\u00e9tinol a \u00e9t\u00e9 \u00e9labor\u00e9e avec des d\u00e9riv\u00e9s de vitamine A \u00e0 lib\u00e9ration lente,\u2026","rel":"","context":"Similar post","block_context":{"text":"Similar post","link":""},"img":{"alt_text":"","src":"","width":0,"height":0},"classes":[]},{"id":29144,"url":"https:\/\/sakaba.mghosteur.com\/en\/product\/the-inkey-list-1-retinol-serum\/","url_meta":{"origin":27433,"position":1},"title":"THE INKEY LIST 1% RETINOL SERUM","author":"admin","date":"March 15, 2023","format":false,"excerpt":"Le s\u00e9rum R\u00e9tinol de la marque The Inkey List est un choix parfait pour tous ceux qui cherchent \u00e0 lutter contre les signes du vieillissement tout en obtenant une peau plus lumineuse et plus uniforme. Enrichi en r\u00e9tinol \u00e0 lib\u00e9ration lente, un d\u00e9riv\u00e9 de la vitamine A, ce s\u00e9rum est\u2026","rel":"","context":"Similar post","block_context":{"text":"Similar post","link":""},"img":{"alt_text":"","src":"","width":0,"height":0},"classes":[]},{"id":29100,"url":"https:\/\/sakaba.mghosteur.com\/en\/product\/cerave-skin-renewing-day-with-sunscreen-broad-spectrum-spf-30\/","url_meta":{"origin":27433,"position":2},"title":"CERAVE SKIN RENEWING DAY WITH SUNSCREEN BROAD SPECTRUM SPF 30","author":"admin","date":"March 14, 2023","format":false,"excerpt":"La Cr\u00e8me de Jour R\u00e9g\u00e9n\u00e9rante pour la Peau CeraVe est une cr\u00e8me hydratante anti-\u00e2ge contenant du r\u00e9tinol encapsul\u00e9 qui r\u00e9duit l'apparence des rides et des ridules sans causer d'irritation. Cette cr\u00e8me de jour SPF 30 \u00e0 large spectre offre une protection contre les rayons UVA et UVB, pr\u00e9venant ainsi les\u2026","rel":"","context":"Similar post","block_context":{"text":"Similar post","link":""},"img":{"alt_text":"","src":"","width":0,"height":0},"classes":[]},{"id":23957,"url":"https:\/\/sakaba.mghosteur.com\/en\/product\/cerave-skin-renewing-retinol-serum\/","url_meta":{"origin":27433,"position":3},"title":"CERAVE SKIN RENEWING RETINOL SERUM","author":"admin","date":"November 9, 2022","format":false,"excerpt":"Le s\u00e9rum r\u00e9g\u00e9n\u00e9rant au r\u00e9tinol pour la peau douce de CeraVe est un excellent choix pour votre routine de soins anti-\u00e2ge. Ce s\u00e9rum est sp\u00e9cialement formul\u00e9 pour am\u00e9liorer l'apparence des ridules et des rides, de la texture et de l'\u00e9clat de votre peau. En utilisant ce s\u00e9rum, vous pourrez b\u00e9n\u00e9ficier\u2026","rel":"","context":"Similar post","block_context":{"text":"Similar post","link":""},"img":{"alt_text":"","src":"","width":0,"height":0},"classes":[]},{"id":28972,"url":"https:\/\/sakaba.mghosteur.com\/en\/product\/the-ordinary-retinol-1-in-squalane-serum-water-free\/","url_meta":{"origin":27433,"position":4},"title":"The Ordinary Retinol 1% In Squalane Serum &#8211; Water Free","author":"admin","date":"March 8, 2023","format":false,"excerpt":"Le R\u00e9tinol 1% dans Squalane de The Ordinary est un traitement efficace pour am\u00e9liorer l'apparence des ridules et des rides dynamiques, tout en unifiant la texture et le teint de la peau. Il contient 1% de r\u00e9tinol et du squalane pour maintenir une hydratation en surface. Il est recommand\u00e9 de\u2026","rel":"","context":"Similar post","block_context":{"text":"Similar post","link":""},"img":{"alt_text":"","src":"","width":0,"height":0},"classes":[]},{"id":29139,"url":"https:\/\/sakaba.mghosteur.com\/en\/product\/the-inkey-list-coffret-winter-skin-101\/","url_meta":{"origin":27433,"position":5},"title":"THE INKEY LIST COFFRET WINTER SKIN 101","author":"admin","date":"March 15, 2023","format":false,"excerpt":"L'ensemble INKEY List Winter Skin 101 de la marque THE INKEY LIST est la solution parfaite pour les peaux s\u00e8ches et hivernales qui ont besoin d'\u00eatre chouchout\u00e9es. Ce kit complet en 4 \u00e9tapes vous offre des produits en taille r\u00e9elle pour une peau renouvel\u00e9e et hydrat\u00e9e. Le Baume nettoyant \u00e0\u2026","rel":"","context":"Similar post","block_context":{"text":"Similar post","link":""},"img":{"alt_text":"","src":"","width":0,"height":0},"classes":[]}],"_links":{"self":[{"href":"https:\/\/sakaba.mghosteur.com\/en\/wp-json\/wp\/v2\/product\/27433","targetHints":{"allow":["GET"]}}],"collection":[{"href":"https:\/\/sakaba.mghosteur.com\/en\/wp-json\/wp\/v2\/product"}],"about":[{"href":"https:\/\/sakaba.mghosteur.com\/en\/wp-json\/wp\/v2\/types\/product"}],"replies":[{"embeddable":true,"href":"https:\/\/sakaba.mghosteur.com\/en\/wp-json\/wp\/v2\/comments?post=27433"}],"version-history":[{"count":0,"href":"https:\/\/sakaba.mghosteur.com\/en\/wp-json\/wp\/v2\/product\/27433\/revisions"}],"wp:attachment":[{"href":"https:\/\/sakaba.mghosteur.com\/en\/wp-json\/wp\/v2\/media?parent=27433"}],"wp:term":[{"taxonomy":"product_brand","embeddable":true,"href":"https:\/\/sakaba.mghosteur.com\/en\/wp-json\/wp\/v2\/product_brand?post=27433"},{"taxonomy":"product_cat","embeddable":true,"href":"https:\/\/sakaba.mghosteur.com\/en\/wp-json\/wp\/v2\/product_cat?post=27433"},{"taxonomy":"product_tag","embeddable":true,"href":"https:\/\/sakaba.mghosteur.com\/en\/wp-json\/wp\/v2\/product_tag?post=27433"}],"curies":[{"name":"wp","href":"https:\/\/api.w.org\/{rel}","templated":true}]}}