{"id":27441,"date":"2022-11-29T11:45:09","date_gmt":"2022-11-29T11:45:09","guid":{"rendered":"http:\/\/www.sakababeauty.com\/?post_type=product&#038;p=27441"},"modified":"2024-08-15T02:20:53","modified_gmt":"2024-08-15T02:20:53","slug":"the-inkey-niacinamide","status":"publish","type":"product","link":"https:\/\/sakaba.mghosteur.com\/en\/product\/the-inkey-niacinamide\/","title":{"rendered":"THE INKEY NIACINAMIDE"},"content":{"rendered":"<p>Compos\u00e9 de 10 % de niacinamide et de 1 % d&#8217;acide hyaluronique, le s\u00e9rum \u00e0 la niacinamide de The INKEY List minimise l&#8217;apparence des pores et des imperfections. La vitamine B3 naturelle, la niacinamide, est connue pour sa capacit\u00e9 \u00e0 contr\u00f4ler l&#8217;apparence du s\u00e9bum et de la pigmentation, id\u00e9ale pour les peaux sujettes aux imperfections. La formule haute performance p\u00e9n\u00e8tre sans effort dans la peau pour favoriser un teint visiblement clair et uniforme.<\/p>","protected":false},"excerpt":{"rendered":"<p>Compos\u00e9 de 10 % de niacinamide et de 1 % d&#8217;acide hyaluronique, le s\u00e9rum \u00e0 la niacinamide de The INKEY List minimise l&#8217;apparence des pores et des imperfections. La vitamine B3 naturelle, la niacinamide, est connue pour sa capacit\u00e9 \u00e0 contr\u00f4ler l&#8217;apparence du s\u00e9bum et de la pigmentation, id\u00e9ale pour les peaux sujettes aux imperfections.<span class=\"read-more-faq\"><a href=\"https:\/\/sakaba.mghosteur.com\/en\/product\/the-inkey-niacinamide\/\">Read More<\/a><\/span><\/p>","protected":false},"featured_media":0,"comment_status":"closed","ping_status":"closed","template":"","meta":[],"product_brand":[],"product_cat":[293,384,451,334],"product_tag":[],"class_list":{"0":"post-27441","1":"product","2":"type-product","3":"status-publish","5":"product_cat-anti-taches","6":"product_cat-peaux-grasses","7":"product_cat-aab-soin-du-visage","8":"product_cat-traitement-serum","10":"first","11":"instock","12":"shipping-taxable","13":"product-type-simple"},"jetpack-related-posts":[{"id":31642,"url":"https:\/\/sakaba.mghosteur.com\/en\/product\/the-inkey-niacinamide-serum\/","url_meta":{"origin":27441,"position":0},"title":"THE INKEY NIACINAMIDE SERUM","author":"admin","date":"May 10, 2024","format":false,"excerpt":"S\u00e9rum Niacinamide Un s\u00e9rum \u00e0 la niacinamide l\u00e9ger et puissant, parfait pour une int\u00e9gration ais\u00e9e dans votre routine de soins de la peau. Dot\u00e9 de 10 % de niacinamide, cette vitamine B3 d'origine naturelle est reconnue pour sa capacit\u00e9 \u00e0 r\u00e9duire efficacement l'exc\u00e8s de s\u00e9bum, les imperfections et les rougeurs.\u2026","rel":"","context":"Similar post","block_context":{"text":"Similar post","link":""},"img":{"alt_text":"","src":"","width":0,"height":0},"classes":[]},{"id":28805,"url":"https:\/\/sakaba.mghosteur.com\/en\/product\/inkey-list-20-niacinamide-serum\/","url_meta":{"origin":27441,"position":1},"title":"The Inkey list 20% Niacinamide Serum","author":"admin","date":"December 10, 2022","format":false,"excerpt":"D\u00e9couvrez la solution id\u00e9ale pour r\u00e9guler l'exc\u00e8s de s\u00e9bum sur votre peau gr\u00e2ce au s\u00e9rum de la marque The Inkey List. Formul\u00e9 avec 20% de niacinamide, ce s\u00e9rum l\u00e9ger et non collant est votre alli\u00e9 pour am\u00e9liorer la texture de votre peau et r\u00e9duire l'apparence de vos pores dilat\u00e9s. Cr\u00e9\u00e9e\u2026","rel":"","context":"Similar post","block_context":{"text":"Similar post","link":""},"img":{"alt_text":"","src":"","width":0,"height":0},"classes":[]},{"id":27371,"url":"https:\/\/sakaba.mghosteur.com\/en\/product\/the-inkey-list-c-50-blemish-night-treatment\/","url_meta":{"origin":27441,"position":2},"title":"THE INKEY LIST C-50 BLEMISH NIGHT TREATMENT","author":"admin","date":"November 29, 2022","format":false,"excerpt":"Le traitement de nuit anti-imperfections C-50 de The Inkey List est la solution id\u00e9ale pour ceux qui cherchent \u00e0 traiter leur peau pendant leur sommeil. Avec une formule efficace et puissante, ce traitement de gel de nuit travaille dur pour r\u00e9duire les \u00e9ruptions cutan\u00e9es, d\u00e9sobstruer les pores et r\u00e9duire l'apparence\u2026","rel":"","context":"Similar post","block_context":{"text":"Similar post","link":""},"img":{"alt_text":"","src":"","width":0,"height":0},"classes":[]},{"id":27358,"url":"https:\/\/sakaba.mghosteur.com\/en\/product\/the-inkey-list-omega-water-cream\/","url_meta":{"origin":27441,"position":3},"title":"THE INKEY LIST OMEGA WATER CREAM","author":"admin","date":"November 29, 2022","format":false,"excerpt":"La cr\u00e8me d'eau Om\u00e9ga de la marque The Inkey List est un hydratant l\u00e9ger et sans huile pour la peau. Sa formulation unique \u00e0 base d'eau et sans silicone aide \u00e0 maintenir une barri\u00e8re cutan\u00e9e saine pour une hydratation imm\u00e9diate et longue dur\u00e9e. Test\u00e9e dermatologiquement, elle contient un complexe d'acides\u2026","rel":"","context":"Similar post","block_context":{"text":"Similar post","link":""},"img":{"alt_text":"","src":"","width":0,"height":0},"classes":[]},{"id":26859,"url":"https:\/\/sakaba.mghosteur.com\/en\/product\/paula-choice-niacinamide-20-treatment\/","url_meta":{"origin":27441,"position":4},"title":"PAULA CHOICE NIACINAMIDE 20% TREATMENT","author":"admin","date":"November 28, 2022","format":false,"excerpt":"D\u00e9couvrez le Traitement Niacinamide 20% de la marque Paula's Choice. Ce s\u00e9rum concentr\u00e9 en vitamine B3 resserre les pores, diminue les bosses rugueuses et am\u00e9liore la texture de la peau. Les pores dilat\u00e9s sont consid\u00e9rablement r\u00e9duits et la peau est visiblement plus lisse et uniforme. Ce traitement aide \u00e9galement \u00e0\u2026","rel":"","context":"Similar post","block_context":{"text":"Similar post","link":""},"img":{"alt_text":"","src":"","width":0,"height":0},"classes":[]},{"id":27248,"url":"https:\/\/sakaba.mghosteur.com\/en\/product\/good-molecules-niacinamide-serum\/","url_meta":{"origin":27441,"position":5},"title":"GOOD MOLECULES NIACINAMIDE SERUM 30ML","author":"admin","date":"November 29, 2022","format":false,"excerpt":"Le s\u00e9rum Niacinamide de la marque Good Molecules est un produit de soin pour la peau qui aide \u00e0 obtenir une peau lisse et uniforme tout en minimisant l'apparence des pores. Ce s\u00e9rum l\u00e9ger contient 10 % de niacinamide, une vitamine B3, qui aide \u00e0 affiner le teint et la\u2026","rel":"","context":"Similar post","block_context":{"text":"Similar post","link":""},"img":{"alt_text":"","src":"","width":0,"height":0},"classes":[]}],"_links":{"self":[{"href":"https:\/\/sakaba.mghosteur.com\/en\/wp-json\/wp\/v2\/product\/27441","targetHints":{"allow":["GET"]}}],"collection":[{"href":"https:\/\/sakaba.mghosteur.com\/en\/wp-json\/wp\/v2\/product"}],"about":[{"href":"https:\/\/sakaba.mghosteur.com\/en\/wp-json\/wp\/v2\/types\/product"}],"replies":[{"embeddable":true,"href":"https:\/\/sakaba.mghosteur.com\/en\/wp-json\/wp\/v2\/comments?post=27441"}],"version-history":[{"count":0,"href":"https:\/\/sakaba.mghosteur.com\/en\/wp-json\/wp\/v2\/product\/27441\/revisions"}],"wp:attachment":[{"href":"https:\/\/sakaba.mghosteur.com\/en\/wp-json\/wp\/v2\/media?parent=27441"}],"wp:term":[{"taxonomy":"product_brand","embeddable":true,"href":"https:\/\/sakaba.mghosteur.com\/en\/wp-json\/wp\/v2\/product_brand?post=27441"},{"taxonomy":"product_cat","embeddable":true,"href":"https:\/\/sakaba.mghosteur.com\/en\/wp-json\/wp\/v2\/product_cat?post=27441"},{"taxonomy":"product_tag","embeddable":true,"href":"https:\/\/sakaba.mghosteur.com\/en\/wp-json\/wp\/v2\/product_tag?post=27441"}],"curies":[{"name":"wp","href":"https:\/\/api.w.org\/{rel}","templated":true}]}}