{"id":27444,"date":"2022-11-29T11:46:24","date_gmt":"2022-11-29T11:46:24","guid":{"rendered":"http:\/\/www.sakababeauty.com\/?post_type=product&#038;p=27444"},"modified":"2024-08-15T01:39:07","modified_gmt":"2024-08-15T01:39:07","slug":"the-ordinary-retinol-0-5-in-squalane","status":"publish","type":"product","link":"https:\/\/sakaba.mghosteur.com\/en\/product\/the-ordinary-retinol-0-5-in-squalane\/","title":{"rendered":"THE ORDINARY RETINOL 0.5 % IN SQUALANE"},"content":{"rendered":"<p>R\u00e9tinol 0,5 % dans Squalane de la marque The Ordinary est une solution sans eau contenant 0,5 % de r\u00e9tinol, un ingr\u00e9dient reconnu pour am\u00e9liorer l&#8217;apparence des ridules et des ridules dynamiques r\u00e9sultant d&#8217;une perte de collag\u00e8ne et d&#8217;\u00e9lastine, tout en unifiant la texture et le teint de la peau. Cette formule est soutenue par du squalane, un agent hydratant naturellement pr\u00e9sent dans votre peau qui am\u00e9liore l&#8217;hydratation au niveau de la surface et aide \u00e0 combattre la s\u00e9cheresse qui peut \u00eatre associ\u00e9e \u00e0 l&#8217;utilisation de r\u00e9tinol.<\/p>\n<p>Il est recommand\u00e9 de commencer avec du r\u00e9tinol \u00e0 0,2 % dans du squalane et de progresser lentement jusqu&#8217;\u00e0 du r\u00e9tinol \u00e0 0,5 % dans du squalane et du r\u00e9tinol \u00e0 1 % dans du squalane. Toutefois, si vous \u00eates sujet \u00e0 la sensibilit\u00e9, il est pr\u00e9f\u00e9rable d&#8217;utiliser des technologies de r\u00e9tino\u00efdes plus r\u00e9centes, telles que celles trouv\u00e9es dans notre \u00e9mulsion de r\u00e9tino\u00efde granactif \u00e0 2 %.<\/p>\n<p>Il est important de noter que les r\u00e9tino\u00efdes peuvent rendre la peau plus sensible aux rayons UV, il est donc crucial d&#8217;utiliser une protection solaire pendant la journ\u00e9e. De plus, ce produit ne doit pas \u00eatre utilis\u00e9 en conjonction avec d&#8217;autres r\u00e9tino\u00efdes, y compris le r\u00e9tinol ou l&#8217;acide r\u00e9tino\u00efque. Veuillez \u00e9galement noter que ce produit n&#8217;est pas destin\u00e9 au traitement de l&#8217;acn\u00e9.<\/p>\n<p>Pour utiliser ce produit, il suffit d&#8217;appliquer quelques gouttes sur le visage le soir, en \u00e9vitant le contour des yeux. Il est important de ne pas utiliser ce produit avec d&#8217;autres produits r\u00e9tino\u00efdes et de tester les patchs avant utilisation. En cas d&#8217;irritation, rincer, cesser l&#8217;utilisation et consulter un m\u00e9decin. Ce produit doit \u00eatre r\u00e9frig\u00e9r\u00e9 apr\u00e8s ouverture et utilis\u00e9 dans les trois mois suivant l&#8217;ouverture.<\/p>\n<p>Enfin, si vous \u00eates enceinte ou que vous allaitez, il est recommand\u00e9 d&#8217;\u00e9viter tout produit de soin de la peau contenant des r\u00e9tino\u00efdes tels que les formulations contenant du r\u00e9tino\u00efde granactif ou du r\u00e9tinol. Ce produit doit \u00eatre conserv\u00e9 hors de port\u00e9e des enfants.<\/p>","protected":false},"excerpt":{"rendered":"<p>R\u00e9tinol 0,5 % dans Squalane de la marque The Ordinary est une solution sans eau contenant 0,5 % de r\u00e9tinol, un ingr\u00e9dient reconnu pour am\u00e9liorer l&#8217;apparence des ridules et des ridules dynamiques r\u00e9sultant d&#8217;une perte de collag\u00e8ne et d&#8217;\u00e9lastine, tout en unifiant la texture et le teint de la peau. Cette formule est soutenue par<span class=\"read-more-faq\"><a href=\"https:\/\/sakaba.mghosteur.com\/en\/product\/the-ordinary-retinol-0-5-in-squalane\/\">Read More<\/a><\/span><\/p>","protected":false},"featured_media":0,"comment_status":"closed","ping_status":"closed","template":"","meta":[],"product_brand":[],"product_cat":[1095,451,334],"product_tag":[],"class_list":{"0":"post-27444","1":"product","2":"type-product","3":"status-publish","5":"product_cat-anti-age","6":"product_cat-aab-soin-du-visage","7":"product_cat-traitement-serum","9":"first","10":"instock","11":"shipping-taxable","12":"product-type-simple"},"jetpack-related-posts":[{"id":28972,"url":"https:\/\/sakaba.mghosteur.com\/en\/product\/the-ordinary-retinol-1-in-squalane-serum-water-free\/","url_meta":{"origin":27444,"position":0},"title":"The Ordinary Retinol 1% In Squalane Serum &#8211; Water Free","author":"admin","date":"March 8, 2023","format":false,"excerpt":"Le R\u00e9tinol 1% dans Squalane de The Ordinary est un traitement efficace pour am\u00e9liorer l'apparence des ridules et des rides dynamiques, tout en unifiant la texture et le teint de la peau. Il contient 1% de r\u00e9tinol et du squalane pour maintenir une hydratation en surface. Il est recommand\u00e9 de\u2026","rel":"","context":"Similar post","block_context":{"text":"Similar post","link":""},"img":{"alt_text":"","src":"","width":0,"height":0},"classes":[]},{"id":29174,"url":"https:\/\/sakaba.mghosteur.com\/en\/product\/the-inkey-list-bakuchiol\/","url_meta":{"origin":27444,"position":1},"title":"THE INKEY LIST BAKUCHIOL","author":"admin","date":"March 20, 2023","format":false,"excerpt":"D\u00e9couvrez le Bakuchiol Hydratant de la marque The Inkey List, un produit naturel qui aide \u00e0 r\u00e9duire l'apparence des rides et ridules tout en uniformisant le teint de votre peau. Ce produit est formul\u00e9 avec du bakuchiol, une alternative naturelle au r\u00e9tinol, qui est d'origine v\u00e9g\u00e9tale et poss\u00e8de des propri\u00e9t\u00e9s\u2026","rel":"","context":"Similar post","block_context":{"text":"Similar post","link":""},"img":{"alt_text":"","src":"","width":0,"height":0},"classes":[]},{"id":27493,"url":"https:\/\/sakaba.mghosteur.com\/en\/product\/the-ordinary-100-plant-derived-squalane\/","url_meta":{"origin":27444,"position":2},"title":"The Ordinary 100% PLANT-DERIVED SQUALANE","author":"admin","date":"November 29, 2022","format":false,"excerpt":"Le squalane 100 % d'origine v\u00e9g\u00e9tale de la marque The Ordinary est un produit hydratant naturel pour la peau et les cheveux. Il contient du squalane d\u00e9riv\u00e9 de la canne \u00e0 sucre, qui est un hydratant naturel pr\u00e9sent dans la peau. Cette formule non com\u00e9dog\u00e8ne soutient la barri\u00e8re d'hydratation naturelle\u2026","rel":"","context":"Similar post","block_context":{"text":"Similar post","link":""},"img":{"alt_text":"","src":"","width":0,"height":0},"classes":[]},{"id":31654,"url":"https:\/\/sakaba.mghosteur.com\/en\/product\/the-ordinary-plant-derived-squalane-2\/","url_meta":{"origin":27444,"position":3},"title":"The Ordinary PLANT &#8211; DERIVED SQUALANE","author":"admin","date":"May 10, 2024","format":false,"excerpt":"Le squalane 100 % d'origine v\u00e9g\u00e9tale hydrate la peau tout en soutenant sa barri\u00e8re d'hydratation naturelle. Cet hydratant exceptionnel, pr\u00e9sent naturellement dans la peau, est d\u00e9riv\u00e9 \u00e0 100 % de la canne \u00e0 sucre, offrant ainsi une solution non com\u00e9dog\u00e8ne qui am\u00e9liore l'hydratation en surface. Cette formule de squalane 100\u2026","rel":"","context":"Similar post","block_context":{"text":"Similar post","link":""},"img":{"alt_text":"","src":"","width":0,"height":0},"classes":[]},{"id":28898,"url":"https:\/\/sakaba.mghosteur.com\/en\/product\/the-ordinary-cleansers-squalane\/","url_meta":{"origin":27444,"position":4},"title":"THE ORDINARY CLEANSER SQUALANE","author":"admin","date":"March 8, 2023","format":false,"excerpt":"Le nettoyant The Ordinary Cleanser Squalane est un nettoyant facial efficace qui \u00e9limine en douceur le maquillage et les impuret\u00e9s de la peau. La formule est con\u00e7ue pour soutenir la barri\u00e8re d'hydratation de la peau, assurant ainsi que votre peau reste hydrat\u00e9e pendant le processus de nettoyage. Les propri\u00e9t\u00e9s nettoyantes\u2026","rel":"","context":"Similar post","block_context":{"text":"Similar post","link":""},"img":{"alt_text":"","src":"","width":0,"height":0},"classes":[]},{"id":31648,"url":"https:\/\/sakaba.mghosteur.com\/en\/product\/the-ordinary-plant-derived-squalane\/","url_meta":{"origin":27444,"position":5},"title":"The Ordinary PLANT &#8211; DERIVED SQUALANE","author":"admin","date":"May 10, 2024","format":false,"excerpt":"Le squalane 100 % d'origine v\u00e9g\u00e9tale hydrate la peau tout en soutenant sa barri\u00e8re d'hydratation naturelle. Cet hydratant exceptionnellement efficace, naturellement pr\u00e9sent dans la peau, est d\u00e9riv\u00e9 de la canne \u00e0 sucre, offrant ainsi une solution non com\u00e9dog\u00e8ne pour une meilleure hydratation en surface. La formule de squalane 100 %\u2026","rel":"","context":"Similar post","block_context":{"text":"Similar post","link":""},"img":{"alt_text":"","src":"","width":0,"height":0},"classes":[]}],"_links":{"self":[{"href":"https:\/\/sakaba.mghosteur.com\/en\/wp-json\/wp\/v2\/product\/27444","targetHints":{"allow":["GET"]}}],"collection":[{"href":"https:\/\/sakaba.mghosteur.com\/en\/wp-json\/wp\/v2\/product"}],"about":[{"href":"https:\/\/sakaba.mghosteur.com\/en\/wp-json\/wp\/v2\/types\/product"}],"replies":[{"embeddable":true,"href":"https:\/\/sakaba.mghosteur.com\/en\/wp-json\/wp\/v2\/comments?post=27444"}],"version-history":[{"count":0,"href":"https:\/\/sakaba.mghosteur.com\/en\/wp-json\/wp\/v2\/product\/27444\/revisions"}],"wp:attachment":[{"href":"https:\/\/sakaba.mghosteur.com\/en\/wp-json\/wp\/v2\/media?parent=27444"}],"wp:term":[{"taxonomy":"product_brand","embeddable":true,"href":"https:\/\/sakaba.mghosteur.com\/en\/wp-json\/wp\/v2\/product_brand?post=27444"},{"taxonomy":"product_cat","embeddable":true,"href":"https:\/\/sakaba.mghosteur.com\/en\/wp-json\/wp\/v2\/product_cat?post=27444"},{"taxonomy":"product_tag","embeddable":true,"href":"https:\/\/sakaba.mghosteur.com\/en\/wp-json\/wp\/v2\/product_tag?post=27444"}],"curies":[{"name":"wp","href":"https:\/\/api.w.org\/{rel}","templated":true}]}}