{"id":27447,"date":"2022-11-29T11:47:14","date_gmt":"2022-11-29T11:47:14","guid":{"rendered":"http:\/\/www.sakababeauty.com\/?post_type=product&#038;p=27447"},"modified":"2024-08-15T01:50:14","modified_gmt":"2024-08-15T01:50:14","slug":"the-ordinary-lactic-acid-10-ha","status":"publish","type":"product","link":"https:\/\/sakaba.mghosteur.com\/en\/product\/the-ordinary-lactic-acid-10-ha\/","title":{"rendered":"The Ordinary Lactic Acid 10% + HA"},"content":{"rendered":"<div class=\"flex-1 overflow-hidden\">\n<div class=\"react-scroll-to-bottom--css-wzlcx-79elbk h-full dark:bg-gray-800\">\n<div class=\"react-scroll-to-bottom--css-wzlcx-1n7m0yu\">\n<div class=\"flex flex-col items-center text-sm dark:bg-gray-800\">\n<div class=\"w-full border-b border-black\/10 dark:border-gray-900\/50 text-gray-800 dark:text-gray-100 group bg-gray-50 dark:bg-[#444654]\">\n<div class=\"text-base gap-4 md:gap-6 m-auto md:max-w-2xl lg:max-w-2xl xl:max-w-3xl p-4 md:py-6 flex lg:px-0\">\n<div class=\"relative flex w-[calc(100%-50px)] flex-col gap-1 md:gap-3 lg:w-[calc(100%-115px)]\">\n<div class=\"flex flex-grow flex-col gap-3\">\n<div class=\"min-h-[20px] flex flex-col items-start gap-4 whitespace-pre-wrap\">\n<div class=\"markdown prose w-full break-words dark:prose-invert light\">\n<p>Le s\u00e9rum The Ordinary Lactic Acid 10% + HA est un produit de soin de la peau de qualit\u00e9 sup\u00e9rieure qui offre une exfoliation cibl\u00e9e \u00e0 la surface de la peau. Ce produit contient de l&#8217;acide lactique, un alpha-hydroxyacide qui est soutenu par de l&#8217;extrait purifi\u00e9 de poivre de Tasmanie pour r\u00e9duire l&#8217;irritation et la sensibilit\u00e9 pouvant \u00eatre associ\u00e9es \u00e0 l&#8217;utilisation d&#8217;acides. La formule \u00e0 base d&#8217;eau est id\u00e9ale pour les peaux s\u00e8ches.<\/p>\n<p>Ce produit est facile \u00e0 utiliser. Appliquez-le une fois par jour, de pr\u00e9f\u00e9rence le soir, sur une peau propre et s\u00e8che. La formule peut \u00eatre dilu\u00e9e avec d&#8217;autres produits si vous avez une peau sensible ou si vous \u00eates nouveau dans l&#8217;utilisation d&#8217;acides. Toutefois, \u00e9vitez de l&#8217;utiliser sur une peau sensible, qui p\u00e8le ou qui est fragilis\u00e9e. \u00c9vitez \u00e9galement le contour des yeux et le contact avec les yeux.<\/p>\n<p>Le pH de cette formule est d&#8217;environ 3,8, ce qui permet de maximiser l&#8217;efficacit\u00e9 de l&#8217;acide tout en r\u00e9duisant l&#8217;irritation. Toutefois, il est important de ne pas utiliser le produit fr\u00e9quemment ou pendant une dur\u00e9e prolong\u00e9e. En cas d&#8217;irritation, rincer, cesser l&#8217;utilisation et consulter un m\u00e9decin.<\/p>\n<p>Il est \u00e9galement important de tenir compte du fait que ce produit contient un acide alpha-hydroxyl\u00e9 (AHA), qui peut augmenter la sensibilit\u00e9 de votre peau au soleil et en particulier la possibilit\u00e9 de coups de soleil. Nous vous recommandons donc d&#8217;utiliser un \u00e9cran solaire, de porter des v\u00eatements de protection et de limiter l&#8217;exposition au soleil pendant l&#8217;utilisation de ce produit et pendant une semaine apr\u00e8s.<\/p>\n<p>En somme, le s\u00e9rum The Ordinary Lactic Acid 10% + HA est un excellent produit de soin de la peau qui offre une exfoliation efficace et cibl\u00e9e. Il est facile \u00e0 utiliser, mais il est important de suivre les instructions et les pr\u00e9cautions d&#8217;emploi pour \u00e9viter les irritations et les coups de soleil.<\/p>\n<\/div>\n<\/div>\n<\/div>\n<\/div>\n<\/div>\n<\/div>\n<\/div>\n<p>&nbsp;<\/p>\n<\/div>\n<\/div>\n<\/div>","protected":false},"excerpt":{"rendered":"<p>Le s\u00e9rum The Ordinary Lactic Acid 10% + HA est un produit de soin de la peau de qualit\u00e9 sup\u00e9rieure qui offre une exfoliation cibl\u00e9e \u00e0 la surface de la peau. Ce produit contient de l&#8217;acide lactique, un alpha-hydroxyacide qui est soutenu par de l&#8217;extrait purifi\u00e9 de poivre de Tasmanie pour r\u00e9duire l&#8217;irritation et la<span class=\"read-more-faq\"><a href=\"https:\/\/sakaba.mghosteur.com\/en\/product\/the-ordinary-lactic-acid-10-ha\/\">Read More<\/a><\/span><\/p>","protected":false},"featured_media":0,"comment_status":"closed","ping_status":"closed","template":"","meta":[],"product_brand":[],"product_cat":[293,291,451,334],"product_tag":[],"class_list":{"0":"post-27447","1":"product","2":"type-product","3":"status-publish","5":"product_cat-anti-taches","6":"product_cat-eclaircissant","7":"product_cat-aab-soin-du-visage","8":"product_cat-traitement-serum","10":"first","11":"instock","12":"shipping-taxable","13":"product-type-simple"},"jetpack-related-posts":[{"id":27477,"url":"https:\/\/sakaba.mghosteur.com\/en\/product\/the-ordinary-mandelic-acid-10-ha\/","url_meta":{"origin":27447,"position":0},"title":"The Ordinary MANDELIC ACID 10% +HA","author":"admin","date":"November 29, 2022","format":false,"excerpt":"Le s\u00e9rum Acide Mand\u00e9lique 10% + HA de la marque The Ordinary est un produit de soin de la peau tr\u00e8s efficace pour am\u00e9liorer la clart\u00e9 et l'\u00e9clat de votre teint. Ce s\u00e9rum contient un acide alpha-hydroxy de poids mol\u00e9culaire \u00e9lev\u00e9 qui aide \u00e0 \u00e9quilibrer le teint et \u00e0 corriger\u2026","rel":"","context":"Similar post","block_context":{"text":"Similar post","link":""},"img":{"alt_text":"","src":"","width":0,"height":0},"classes":[]},{"id":28902,"url":"https:\/\/sakaba.mghosteur.com\/en\/product\/the-ordinary-natural-moisturizing-factors-ha\/","url_meta":{"origin":27447,"position":1},"title":"THE ORDINARY NATURAL MOISTURIZING FACTORS +HA","author":"admin","date":"March 8, 2023","format":false,"excerpt":"Natural Moisturizing Factors + HA de la marque The Ordinary est un hydratant qui utilise une combinaison d'ingr\u00e9dients naturels pour soutenir la barri\u00e8re d'hydratation de votre peau. Cette cr\u00e8me utilise des acides amin\u00e9s, des acides gras, des triglyc\u00e9rides, de l'ur\u00e9e, des c\u00e9ramides, des phospholipides, de la glyc\u00e9rine, des saccharides, du\u2026","rel":"","context":"Similar post","block_context":{"text":"Similar post","link":""},"img":{"alt_text":"","src":"","width":0,"height":0},"classes":[]},{"id":27502,"url":"https:\/\/sakaba.mghosteur.com\/en\/product\/the-ordinary-vitamin-c-suspension-23-ha-spheres-2\/","url_meta":{"origin":27447,"position":2},"title":"The Ordinary VITAMIN C SUSPENSION 23% +HA SPHERES 2%","author":"admin","date":"November 29, 2022","format":false,"excerpt":"La Suspension Vitamine C 23% + Sph\u00e8res HA 2% de la marque The Ordinary est une formule efficace qui utilise directement de la vitamine C et de l'acide hyaluronique pour aider \u00e0 r\u00e9duire visiblement les signes du vieillissement en \u00e9claircissant et en \u00e9quilibrant le teint irr\u00e9gulier. Cette formule sans eau\u2026","rel":"","context":"Similar post","block_context":{"text":"Similar post","link":""},"img":{"alt_text":"","src":"","width":0,"height":0},"classes":[]},{"id":31619,"url":"https:\/\/sakaba.mghosteur.com\/en\/product\/the-ordinary-naturals-moisturizing-factors-ha-100ml\/","url_meta":{"origin":27447,"position":3},"title":"The Ordinary NATURALS MOISTURIZING FACTORS + HA 100ML","author":"admin","date":"May 10, 2024","format":false,"excerpt":"Le Natural Moisture Factors + HA est un hydratant con\u00e7u pour travailler en harmonie avec votre peau, soutenant sa barri\u00e8re d'hydratation naturelle. Formul\u00e9e avec une s\u00e9lection pr\u00e9cise d'ingr\u00e9dients pr\u00e9sents naturellement dans la peau, tels que des acides amin\u00e9s, des acides gras, des triglyc\u00e9rides, de l'ur\u00e9e, des c\u00e9ramides, des phospholipides, de\u2026","rel":"","context":"Similar post","block_context":{"text":"Similar post","link":""},"img":{"alt_text":"","src":"","width":0,"height":0},"classes":[]},{"id":27226,"url":"https:\/\/sakaba.mghosteur.com\/en\/product\/the-ordinary-coffret-the-balance-set\/","url_meta":{"origin":27447,"position":4},"title":"THE ORDINARY COFFRET THE BALANCE SET","author":"admin","date":"November 29, 2022","format":false,"excerpt":"L'ensemble d'\u00e9quilibre de The Ordinary est un coffret de produits de soin de la peau con\u00e7u pour clarifier et \u00e9quilibrer votre peau. Il comprend quatre produits cl\u00e9s qui travaillent en tandem pour am\u00e9liorer l'apparence et la texture de votre peau. Le nettoyant d\u00e9maquillant hydratant au squalane est un nettoyant doux\u2026","rel":"","context":"Similar post","block_context":{"text":"Similar post","link":""},"img":{"alt_text":"","src":"","width":0,"height":0},"classes":[]},{"id":28919,"url":"https:\/\/sakaba.mghosteur.com\/en\/product\/the-ordinary-alpha-arbutin-2-ha\/","url_meta":{"origin":27447,"position":5},"title":"THE ORDINARY ALPHA ARBUTIN 2% + HA","author":"admin","date":"March 8, 2023","format":false,"excerpt":"Le s\u00e9rum Alpha Arbutine 2% + HA de The Ordinary est un produit de soin de la peau \u00e0 base d'eau, con\u00e7u pour am\u00e9liorer visiblement la pigmentation et cibler les probl\u00e8mes de teint irr\u00e9gulier. Ce produit contient une concentration \u00e9lev\u00e9e d'alpha arbutine purifi\u00e9e, un ingr\u00e9dient \u00e9claircissant bien connu, qui agit\u2026","rel":"","context":"Similar post","block_context":{"text":"Similar post","link":""},"img":{"alt_text":"","src":"","width":0,"height":0},"classes":[]}],"_links":{"self":[{"href":"https:\/\/sakaba.mghosteur.com\/en\/wp-json\/wp\/v2\/product\/27447","targetHints":{"allow":["GET"]}}],"collection":[{"href":"https:\/\/sakaba.mghosteur.com\/en\/wp-json\/wp\/v2\/product"}],"about":[{"href":"https:\/\/sakaba.mghosteur.com\/en\/wp-json\/wp\/v2\/types\/product"}],"replies":[{"embeddable":true,"href":"https:\/\/sakaba.mghosteur.com\/en\/wp-json\/wp\/v2\/comments?post=27447"}],"version-history":[{"count":0,"href":"https:\/\/sakaba.mghosteur.com\/en\/wp-json\/wp\/v2\/product\/27447\/revisions"}],"wp:attachment":[{"href":"https:\/\/sakaba.mghosteur.com\/en\/wp-json\/wp\/v2\/media?parent=27447"}],"wp:term":[{"taxonomy":"product_brand","embeddable":true,"href":"https:\/\/sakaba.mghosteur.com\/en\/wp-json\/wp\/v2\/product_brand?post=27447"},{"taxonomy":"product_cat","embeddable":true,"href":"https:\/\/sakaba.mghosteur.com\/en\/wp-json\/wp\/v2\/product_cat?post=27447"},{"taxonomy":"product_tag","embeddable":true,"href":"https:\/\/sakaba.mghosteur.com\/en\/wp-json\/wp\/v2\/product_tag?post=27447"}],"curies":[{"name":"wp","href":"https:\/\/api.w.org\/{rel}","templated":true}]}}