{"id":27450,"date":"2022-11-29T11:48:15","date_gmt":"2022-11-29T11:48:15","guid":{"rendered":"http:\/\/www.sakababeauty.com\/?post_type=product&#038;p=27450"},"modified":"2024-08-31T15:21:40","modified_gmt":"2024-08-31T15:21:40","slug":"the-ordinary-hyaluronic-acid-2-b5","status":"publish","type":"product","link":"https:\/\/sakaba.mghosteur.com\/en\/product\/the-ordinary-hyaluronic-acid-2-b5\/","title":{"rendered":"The Ordinary Hyaluronic Acid 2% + B5"},"content":{"rendered":"<p>L&#8217;Acide Hyaluronique 2% + B5 de la marque The Ordinary est une formule hautement efficace pour hydrater la peau et cibler les signes de vieillissement. Cette formule innovante combine des mol\u00e9cules d&#8217;acide hyaluronique de poids mol\u00e9culaire faible, moyen et \u00e9lev\u00e9 avec un polym\u00e8re crois\u00e9 HA de nouvelle g\u00e9n\u00e9ration pour offrir une hydratation en profondeur et soutenir les diff\u00e9rentes couches de votre peau. De plus, cette formule utilise de la pro-vitamine B5 pour renforcer la barri\u00e8re cutan\u00e9e et am\u00e9liorer l&#8217;hydratation des couches externes de la peau.<\/p>\n<p>Les r\u00e9sultats cliniques ont prouv\u00e9 que ce s\u00e9rum lissant offre une hydratation \u00e0 court et \u00e0 long terme, booste l&#8217;hydratation de la peau apr\u00e8s seulement une semaine d&#8217;utilisation, renforce la barri\u00e8re cutan\u00e9e apr\u00e8s quatre semaines, et rend la peau visiblement plus lisse et plus souple. De plus, il a \u00e9t\u00e9 d\u00e9montr\u00e9 qu&#8217;il r\u00e9duisait l&#8217;apparence des rides et des ridules apr\u00e8s seulement quatre semaines d&#8217;utilisation r\u00e9guli\u00e8re.<\/p>\n<p>Pour utiliser ce produit, appliquez quelques gouttes sur votre visage matin et soir. En cas d&#8217;irritation, rincez imm\u00e9diatement et cessez l&#8217;utilisation du produit. Il est \u00e9galement recommand\u00e9 de tester le produit sur une petite zone de peau avant de l&#8217;utiliser sur l&#8217;ensemble du visage. Ce produit est destin\u00e9 \u00e0 \u00eatre utilis\u00e9 uniquement selon les instructions sur une peau intacte. Il doit \u00eatre conserv\u00e9 hors de port\u00e9e des enfants.<\/p>\n<p>Avec l&#8217;Acide Hyaluronique 2% + B5 de The Ordinary, vous pouvez profiter d&#8217;une hydratation en profondeur et d&#8217;une apparence plus lisse et plus souple de votre peau.<\/p>","protected":false},"excerpt":{"rendered":"<p>L&#8217;Acide Hyaluronique 2% + B5 de la marque The Ordinary est une formule hautement efficace pour hydrater la peau et cibler les signes de vieillissement. Cette formule innovante combine des mol\u00e9cules d&#8217;acide hyaluronique de poids mol\u00e9culaire faible, moyen et \u00e9lev\u00e9 avec un polym\u00e8re crois\u00e9 HA de nouvelle g\u00e9n\u00e9ration pour offrir une hydratation en profondeur et<span class=\"read-more-faq\"><a href=\"https:\/\/sakaba.mghosteur.com\/en\/product\/the-ordinary-hyaluronic-acid-2-b5\/\">Read More<\/a><\/span><\/p>","protected":false},"featured_media":0,"comment_status":"closed","ping_status":"closed","template":"","meta":[],"product_brand":[],"product_cat":[1095,388,451,334],"product_tag":[],"class_list":{"0":"post-27450","1":"product","2":"type-product","3":"status-publish","5":"product_cat-anti-age","6":"product_cat-peaux-seches","7":"product_cat-aab-soin-du-visage","8":"product_cat-traitement-serum","10":"first","11":"instock","12":"shipping-taxable","13":"product-type-simple"},"jetpack-related-posts":[{"id":27471,"url":"https:\/\/sakaba.mghosteur.com\/en\/product\/the-ordinary-amino-acids-b5\/","url_meta":{"origin":27450,"position":0},"title":"The Ordinary Amino Acids + B5","author":"admin","date":"November 29, 2022","format":false,"excerpt":"Le s\u00e9rum Amino Acids + B5 de la marque The Ordinary est un produit ultra-fin qui aide votre peau \u00e0 maintenir sa barri\u00e8re d'hydratation naturelle. La formule de ce s\u00e9rum \u00e0 base d'eau contient une solution concentr\u00e9e \u00e0 17% (en poids) d'acides amin\u00e9s et de d\u00e9riv\u00e9s d'acides amin\u00e9s qui imitent\u2026","rel":"","context":"Similar post","block_context":{"text":"Similar post","link":""},"img":{"alt_text":"","src":"","width":0,"height":0},"classes":[]},{"id":27226,"url":"https:\/\/sakaba.mghosteur.com\/en\/product\/the-ordinary-coffret-the-balance-set\/","url_meta":{"origin":27450,"position":1},"title":"THE ORDINARY COFFRET THE BALANCE SET","author":"admin","date":"November 29, 2022","format":false,"excerpt":"L'ensemble d'\u00e9quilibre de The Ordinary est un coffret de produits de soin de la peau con\u00e7u pour clarifier et \u00e9quilibrer votre peau. Il comprend quatre produits cl\u00e9s qui travaillent en tandem pour am\u00e9liorer l'apparence et la texture de votre peau. Le nettoyant d\u00e9maquillant hydratant au squalane est un nettoyant doux\u2026","rel":"","context":"Similar post","block_context":{"text":"Similar post","link":""},"img":{"alt_text":"","src":"","width":0,"height":0},"classes":[]},{"id":29056,"url":"https:\/\/sakaba.mghosteur.com\/en\/product\/cerave-hydrating-hyaluronic-acid-serum\/","url_meta":{"origin":27450,"position":2},"title":"CERAVE HYDRATING HYALURONIC ACID SERUM","author":"admin","date":"March 13, 2023","format":false,"excerpt":"Le S\u00e9rum hydratant \u00e0 l'acide hyaluronique de CeraVe est un puissant hydratant contenant de l'acide hyaluronique, de la vitamine B5 et trois c\u00e9ramides essentiels qui aident \u00e0 restaurer la barri\u00e8re protectrice de votre peau et \u00e0 lui donner une hydratation intense jusqu'\u00e0 24 heures. La technologie brevet\u00e9e MVE assure une\u2026","rel":"","context":"Similar post","block_context":{"text":"Similar post","link":""},"img":{"alt_text":"","src":"","width":0,"height":0},"classes":[]},{"id":31603,"url":"https:\/\/sakaba.mghosteur.com\/en\/product\/the-ordinary-soothing-barrier-support\/","url_meta":{"origin":27450,"position":3},"title":"The Ordinary SOOTHING &amp; BARRIER SUPPORT","author":"admin","date":"May 10, 2024","format":false,"excerpt":"D\u00e9couvrez le S\u00e9rum de Soutien Apaisant et Barri\u00e8re, une solution multi-active cibl\u00e9e pour apaiser la peau irrit\u00e9e. Ce s\u00e9rum innovant aide \u00e0 restaurer la barri\u00e8re cutan\u00e9e en seulement 2 heures*, offrant un boost imm\u00e9diat de 86%** d'hydratation pour une peau confortable et apais\u00e9e. Gr\u00e2ce \u00e0 sa formulation avanc\u00e9e contenant plusieurs\u2026","rel":"","context":"Similar post","block_context":{"text":"Similar post","link":""},"img":{"alt_text":"","src":"","width":0,"height":0},"classes":[]},{"id":31624,"url":"https:\/\/sakaba.mghosteur.com\/en\/product\/the-inkey-hyaluronic-acid\/","url_meta":{"origin":27450,"position":4},"title":"THE INKEY HYALURONIC ACID","author":"admin","date":"May 10, 2024","format":false,"excerpt":"S\u00e9rum \u00e0 l'acide hyaluronique Le best-seller num\u00e9ro un, cet essentiel quotidien est un alli\u00e9 incontournable pour chaque routine, boostant l'efficacit\u00e9 de vos autres soins de la peau. Cliniquement prouv\u00e9 pour procurer une hydratation instantan\u00e9e et durable, ce s\u00e9rum non collant laisse la peau repulp\u00e9e, lisse et radieuse. Formul\u00e9 avec 2\u2026","rel":"","context":"Similar post","block_context":{"text":"Similar post","link":""},"img":{"alt_text":"","src":"","width":0,"height":0},"classes":[]},{"id":27484,"url":"https:\/\/sakaba.mghosteur.com\/en\/product\/the-ordinary-niacinamide-10-zinc-1\/","url_meta":{"origin":27450,"position":5},"title":"The Ordinary NIACINAMIDE 10% +ZINC 1%","author":"admin","date":"November 29, 2022","format":false,"excerpt":"Si vous cherchez un moyen efficace pour am\u00e9liorer l'\u00e9clat et la douceur de votre peau, alors le s\u00e9rum Niacinamide 10% + Zinc 1% de The Ordinary est le produit parfait pour vous. Cette formule \u00e0 base d'eau contient une concentration \u00e9lev\u00e9e de 10 % de niacinamide (vitamine b3) et de\u2026","rel":"","context":"Similar post","block_context":{"text":"Similar post","link":""},"img":{"alt_text":"","src":"","width":0,"height":0},"classes":[]}],"_links":{"self":[{"href":"https:\/\/sakaba.mghosteur.com\/en\/wp-json\/wp\/v2\/product\/27450","targetHints":{"allow":["GET"]}}],"collection":[{"href":"https:\/\/sakaba.mghosteur.com\/en\/wp-json\/wp\/v2\/product"}],"about":[{"href":"https:\/\/sakaba.mghosteur.com\/en\/wp-json\/wp\/v2\/types\/product"}],"replies":[{"embeddable":true,"href":"https:\/\/sakaba.mghosteur.com\/en\/wp-json\/wp\/v2\/comments?post=27450"}],"version-history":[{"count":0,"href":"https:\/\/sakaba.mghosteur.com\/en\/wp-json\/wp\/v2\/product\/27450\/revisions"}],"wp:attachment":[{"href":"https:\/\/sakaba.mghosteur.com\/en\/wp-json\/wp\/v2\/media?parent=27450"}],"wp:term":[{"taxonomy":"product_brand","embeddable":true,"href":"https:\/\/sakaba.mghosteur.com\/en\/wp-json\/wp\/v2\/product_brand?post=27450"},{"taxonomy":"product_cat","embeddable":true,"href":"https:\/\/sakaba.mghosteur.com\/en\/wp-json\/wp\/v2\/product_cat?post=27450"},{"taxonomy":"product_tag","embeddable":true,"href":"https:\/\/sakaba.mghosteur.com\/en\/wp-json\/wp\/v2\/product_tag?post=27450"}],"curies":[{"name":"wp","href":"https:\/\/api.w.org\/{rel}","templated":true}]}}