{"id":27453,"date":"2022-11-29T11:51:04","date_gmt":"2022-11-29T11:51:04","guid":{"rendered":"http:\/\/www.sakababeauty.com\/?post_type=product&#038;p=27453"},"modified":"2024-08-15T02:01:11","modified_gmt":"2024-08-15T02:01:11","slug":"the-ordinary-granactive-retinoid-2-emulsion","status":"publish","type":"product","link":"https:\/\/sakaba.mghosteur.com\/en\/product\/the-ordinary-granactive-retinoid-2-emulsion\/","title":{"rendered":"The ordinary GRANACTIVE RETINOID 2% EMULSION"},"content":{"rendered":"<p>La Granactive R\u00e9tino\u00efde 2% \u00c9mulsion de la marque The Ordinary est un s\u00e9rum cr\u00e9meux con\u00e7u pour cibler les signes visibles du vieillissement. Ce s\u00e9rum contient un actif r\u00e9tino\u00efde hautement avanc\u00e9, l&#8217;un des meilleurs ingr\u00e9dients pour la peau, qui am\u00e9liore l&#8217;apparence des ridules fines et dynamiques r\u00e9sultant d&#8217;une perte de collag\u00e8ne et d&#8217;\u00e9lastine. En outre, cet ingr\u00e9dient avanc\u00e9 unifie la texture et le teint de la peau.<\/p>\n<p>Compar\u00e9 au r\u00e9tinol, cet ingr\u00e9dient avanc\u00e9 est moins susceptible de provoquer une irritation, tout en fournissant des r\u00e9sultats visibles comparables. La Granactive Retinoid\u2122 est une marque d\u00e9pos\u00e9e de Grant Industries, et ni DECIEM ni The Ordinary ne sont affili\u00e9s \u00e0 Grant Industries.<\/p>\n<p>Pour utiliser le produit, il suffit d&#8217;appliquer quelques gouttes sur le visage le soir, en \u00e9vitant d&#8217;utiliser d&#8217;autres produits r\u00e9tino\u00efdes en m\u00eame temps. Il est recommand\u00e9 d&#8217;utiliser une protection solaire pendant la journ\u00e9e et de r\u00e9frig\u00e9rer le produit apr\u00e8s ouverture. En cas d&#8217;irritation, il est important de rincer imm\u00e9diatement, de cesser l&#8217;utilisation et de consulter un m\u00e9decin. Le produit doit \u00eatre utilis\u00e9 uniquement selon les instructions sur une peau intacte, et il est conseill\u00e9 de tester les patchs avant utilisation. Enfin, il est important de tenir le produit hors de port\u00e9e des enfants.<\/p>","protected":false},"excerpt":{"rendered":"<p>La Granactive R\u00e9tino\u00efde 2% \u00c9mulsion de la marque The Ordinary est un s\u00e9rum cr\u00e9meux con\u00e7u pour cibler les signes visibles du vieillissement. Ce s\u00e9rum contient un actif r\u00e9tino\u00efde hautement avanc\u00e9, l&#8217;un des meilleurs ingr\u00e9dients pour la peau, qui am\u00e9liore l&#8217;apparence des ridules fines et dynamiques r\u00e9sultant d&#8217;une perte de collag\u00e8ne et d&#8217;\u00e9lastine. En outre, cet<span class=\"read-more-faq\"><a href=\"https:\/\/sakaba.mghosteur.com\/en\/product\/the-ordinary-granactive-retinoid-2-emulsion\/\">Read More<\/a><\/span><\/p>","protected":false},"featured_media":0,"comment_status":"closed","ping_status":"closed","template":"","meta":[],"product_brand":[],"product_cat":[1095,451,334],"product_tag":[],"class_list":{"0":"post-27453","1":"product","2":"type-product","3":"status-publish","5":"product_cat-anti-age","6":"product_cat-aab-soin-du-visage","7":"product_cat-traitement-serum","9":"first","10":"instock","11":"shipping-taxable","12":"product-type-simple"},"jetpack-related-posts":[{"id":27444,"url":"https:\/\/sakaba.mghosteur.com\/en\/product\/the-ordinary-retinol-0-5-in-squalane\/","url_meta":{"origin":27453,"position":0},"title":"THE ORDINARY RETINOL 0.5 % IN SQUALANE","author":"admin","date":"November 29, 2022","format":false,"excerpt":"R\u00e9tinol 0,5 % dans Squalane de la marque The Ordinary est une solution sans eau contenant 0,5 % de r\u00e9tinol, un ingr\u00e9dient reconnu pour am\u00e9liorer l'apparence des ridules et des ridules dynamiques r\u00e9sultant d'une perte de collag\u00e8ne et d'\u00e9lastine, tout en unifiant la texture et le teint de la peau.\u2026","rel":"","context":"Similar post","block_context":{"text":"Similar post","link":""},"img":{"alt_text":"","src":"","width":0,"height":0},"classes":[]},{"id":28972,"url":"https:\/\/sakaba.mghosteur.com\/en\/product\/the-ordinary-retinol-1-in-squalane-serum-water-free\/","url_meta":{"origin":27453,"position":1},"title":"The Ordinary Retinol 1% In Squalane Serum &#8211; Water Free","author":"admin","date":"March 8, 2023","format":false,"excerpt":"Le R\u00e9tinol 1% dans Squalane de The Ordinary est un traitement efficace pour am\u00e9liorer l'apparence des ridules et des rides dynamiques, tout en unifiant la texture et le teint de la peau. Il contient 1% de r\u00e9tinol et du squalane pour maintenir une hydratation en surface. Il est recommand\u00e9 de\u2026","rel":"","context":"Similar post","block_context":{"text":"Similar post","link":""},"img":{"alt_text":"","src":"","width":0,"height":0},"classes":[]},{"id":27433,"url":"https:\/\/sakaba.mghosteur.com\/en\/product\/the-inkey-retinol-eye-cream\/","url_meta":{"origin":27453,"position":2},"title":"THE INKEY RETINOL  EYE CREAM","author":"admin","date":"November 29, 2022","format":false,"excerpt":"La cr\u00e8me pour les yeux au r\u00e9tinol Inkey List est une cr\u00e8me pour les yeux v\u00e9g\u00e9talienne qui utilise un r\u00e9tino\u00efde \u00e0 lib\u00e9ration lente pour lutter contre les rides sans provoquer d'irritation. Elle contient 3 % de compos\u00e9 de r\u00e9tinol stabilis\u00e9 VitaleaseTM, une formule \u00e0 lib\u00e9ration lente qui aide \u00e0 \u00e9viter\u2026","rel":"","context":"Similar post","block_context":{"text":"Similar post","link":""},"img":{"alt_text":"","src":"","width":0,"height":0},"classes":[]},{"id":28919,"url":"https:\/\/sakaba.mghosteur.com\/en\/product\/the-ordinary-alpha-arbutin-2-ha\/","url_meta":{"origin":27453,"position":3},"title":"THE ORDINARY ALPHA ARBUTIN 2% + HA","author":"admin","date":"March 8, 2023","format":false,"excerpt":"Le s\u00e9rum Alpha Arbutine 2% + HA de The Ordinary est un produit de soin de la peau \u00e0 base d'eau, con\u00e7u pour am\u00e9liorer visiblement la pigmentation et cibler les probl\u00e8mes de teint irr\u00e9gulier. Ce produit contient une concentration \u00e9lev\u00e9e d'alpha arbutine purifi\u00e9e, un ingr\u00e9dient \u00e9claircissant bien connu, qui agit\u2026","rel":"","context":"Similar post","block_context":{"text":"Similar post","link":""},"img":{"alt_text":"","src":"","width":0,"height":0},"classes":[]},{"id":27496,"url":"https:\/\/sakaba.mghosteur.com\/en\/product\/the-ordinary-buffet\/","url_meta":{"origin":27453,"position":4},"title":"THE ORDINARY BUFFET","author":"admin","date":"November 29, 2022","format":false,"excerpt":"Le s\u00e9rum \"Buffet\" de la marque The Ordinary est un produit de soin de la peau innovant con\u00e7u pour cibler plusieurs signes de vieillissement en m\u00eame temps. Inspir\u00e9 par la notion de buffets offrant une vari\u00e9t\u00e9 de plats, ce s\u00e9rum offre une solution tout-en-un pour am\u00e9liorer l'apparence de la peau\u2026","rel":"","context":"Similar post","block_context":{"text":"Similar post","link":""},"img":{"alt_text":"","src":"","width":0,"height":0},"classes":[]},{"id":26991,"url":"https:\/\/sakaba.mghosteur.com\/en\/product\/facetheory-regenacalm-serum-pro\/","url_meta":{"origin":27453,"position":5},"title":"FACETHEORY Regenacalm Serum S1 Pro","author":"admin","date":"November 28, 2022","format":false,"excerpt":"D\u00e9couvrez le Regenacalm Serum S1 Pro de la marque FACETHEORY, un s\u00e9rum concentr\u00e9 en actifs pour une peau plus jeune et plus \u00e9clatante. Formul\u00e9 avec 3% de r\u00e9tino\u00efde encapsul\u00e9 dans des liposomes, ce s\u00e9rum agit sur les ridules, les rides, les imperfections, les cicatrices d'acn\u00e9 et l'hyperpigmentation en p\u00e9n\u00e9trant plus\u2026","rel":"","context":"Similar post","block_context":{"text":"Similar post","link":""},"img":{"alt_text":"","src":"","width":0,"height":0},"classes":[]}],"_links":{"self":[{"href":"https:\/\/sakaba.mghosteur.com\/en\/wp-json\/wp\/v2\/product\/27453","targetHints":{"allow":["GET"]}}],"collection":[{"href":"https:\/\/sakaba.mghosteur.com\/en\/wp-json\/wp\/v2\/product"}],"about":[{"href":"https:\/\/sakaba.mghosteur.com\/en\/wp-json\/wp\/v2\/types\/product"}],"replies":[{"embeddable":true,"href":"https:\/\/sakaba.mghosteur.com\/en\/wp-json\/wp\/v2\/comments?post=27453"}],"version-history":[{"count":0,"href":"https:\/\/sakaba.mghosteur.com\/en\/wp-json\/wp\/v2\/product\/27453\/revisions"}],"wp:attachment":[{"href":"https:\/\/sakaba.mghosteur.com\/en\/wp-json\/wp\/v2\/media?parent=27453"}],"wp:term":[{"taxonomy":"product_brand","embeddable":true,"href":"https:\/\/sakaba.mghosteur.com\/en\/wp-json\/wp\/v2\/product_brand?post=27453"},{"taxonomy":"product_cat","embeddable":true,"href":"https:\/\/sakaba.mghosteur.com\/en\/wp-json\/wp\/v2\/product_cat?post=27453"},{"taxonomy":"product_tag","embeddable":true,"href":"https:\/\/sakaba.mghosteur.com\/en\/wp-json\/wp\/v2\/product_tag?post=27453"}],"curies":[{"name":"wp","href":"https:\/\/api.w.org\/{rel}","templated":true}]}}