{"id":27456,"date":"2022-11-29T11:52:13","date_gmt":"2022-11-29T11:52:13","guid":{"rendered":"http:\/\/www.sakababeauty.com\/?post_type=product&#038;p=27456"},"modified":"2024-08-15T01:41:04","modified_gmt":"2024-08-15T01:41:04","slug":"the-ordinary-salicylic-acid-2-anhydrous-solution","status":"publish","type":"product","link":"https:\/\/sakaba.mghosteur.com\/en\/product\/the-ordinary-salicylic-acid-2-anhydrous-solution\/","title":{"rendered":"THE ORDINARY SALICYLIC ACID 2% MASQUE"},"content":{"rendered":"<p>Le masque \u00e0 l&#8217;acide salicylique \u00e0 2% de la marque The Ordinary est un produit de soin du visage qui cible les probl\u00e8mes de texture de peau, les pores obstru\u00e9s et les tons ternes. Sa formule est infus\u00e9e de charbon de bois et d&#8217;argile, qui absorbent les impuret\u00e9s de la peau, tandis que l&#8217;acide salicylique, un BHA lipophile, aide \u00e0 d\u00e9congestionner les pores et \u00e9limine les cellules mortes de la peau et l&#8217;exc\u00e8s de s\u00e9bum. Ce masque nettoyant en profondeur laisse votre peau propre, lisse et rafra\u00eechie.<\/p>\n<p>Pour l&#8217;utiliser, il est recommand\u00e9 de l&#8217;appliquer 1 \u00e0 2 fois par semaine, de pr\u00e9f\u00e9rence le soir, sur une peau parfaitement propre et s\u00e8che. Il est important de ne pas l&#8217;utiliser sur une peau mouill\u00e9e et de l&#8217;appliquer uniform\u00e9ment sur le visage en \u00e9vitant le contour des yeux. Il ne convient pas aux peaux sensibles, qui p\u00e8lent ou qui sont fragilis\u00e9es. Laissez agir pendant pas plus de 10 minutes, puis rincez abondamment \u00e0 l&#8217;eau ti\u00e8de.<\/p>\n<p>Il est recommand\u00e9 de faire un test patch avant utilisation en appliquant le produit sur une petite zone une fois par jour pendant trois jours pour tester votre sensibilit\u00e9 au produit. Si vous d\u00e9veloppez une irritation, de l&#8217;urticaire, un gonflement des yeux et de la bouche, des cloques ou des difficult\u00e9s respiratoires, rincez imm\u00e9diatement et arr\u00eatez l&#8217;utilisation du produit. Si les sympt\u00f4mes persistent, consultez imm\u00e9diatement un m\u00e9decin. Gardez ce produit hors de port\u00e9e des enfants.<\/p>\n<p>Veuillez noter que ce produit contient un acide b\u00eata-hydroxyl\u00e9 (BHA) qui peut augmenter la sensibilit\u00e9 de votre peau au soleil et donc augmenter la possibilit\u00e9 de coups de soleil. Utilisez un \u00e9cran solaire, portez des v\u00eatements de protection et limitez votre exposition au soleil pendant l&#8217;utilisation de ce produit et pendant une semaine apr\u00e8s.<\/p>","protected":false},"excerpt":{"rendered":"<p>Le masque \u00e0 l&#8217;acide salicylique \u00e0 2% de la marque The Ordinary est un produit de soin du visage qui cible les probl\u00e8mes de texture de peau, les pores obstru\u00e9s et les tons ternes. Sa formule est infus\u00e9e de charbon de bois et d&#8217;argile, qui absorbent les impuret\u00e9s de la peau, tandis que l&#8217;acide salicylique,<span class=\"read-more-faq\"><a href=\"https:\/\/sakaba.mghosteur.com\/en\/product\/the-ordinary-salicylic-acid-2-anhydrous-solution\/\">Read More<\/a><\/span><\/p>","protected":false},"featured_media":0,"comment_status":"closed","ping_status":"closed","template":"","meta":[],"product_brand":[],"product_cat":[384,451,334],"product_tag":[],"class_list":{"0":"post-27456","1":"product","2":"type-product","3":"status-publish","5":"product_cat-peaux-grasses","6":"product_cat-aab-soin-du-visage","7":"product_cat-traitement-serum","9":"first","10":"instock","11":"shipping-taxable","12":"product-type-simple"},"jetpack-related-posts":[{"id":27226,"url":"https:\/\/sakaba.mghosteur.com\/en\/product\/the-ordinary-coffret-the-balance-set\/","url_meta":{"origin":27456,"position":0},"title":"THE ORDINARY COFFRET THE BALANCE SET","author":"admin","date":"November 29, 2022","format":false,"excerpt":"L'ensemble d'\u00e9quilibre de The Ordinary est un coffret de produits de soin de la peau con\u00e7u pour clarifier et \u00e9quilibrer votre peau. Il comprend quatre produits cl\u00e9s qui travaillent en tandem pour am\u00e9liorer l'apparence et la texture de votre peau. Le nettoyant d\u00e9maquillant hydratant au squalane est un nettoyant doux\u2026","rel":"","context":"Similar post","block_context":{"text":"Similar post","link":""},"img":{"alt_text":"","src":"","width":0,"height":0},"classes":[]},{"id":27487,"url":"https:\/\/sakaba.mghosteur.com\/en\/product\/the-ordinary-salicylic-acid-2-anhydrous-solution-2\/","url_meta":{"origin":27456,"position":1},"title":"THE ORDINARY SALICYLIC ACID 2% ANHYDROUS SOLUTION","author":"admin","date":"November 29, 2022","format":false,"excerpt":"La solution anhydre d'acide salicylique \u00e0 2 % de la marque The Ordinary est une formule douce con\u00e7ue pour exfolier en douceur la peau, d\u00e9congestionner les pores, lisser les irr\u00e9gularit\u00e9s de texture et r\u00e9duire les rougeurs et le teint irr\u00e9gulier. Cette formule se distingue des autres offres d'acide salicylique gr\u00e2ce\u2026","rel":"","context":"Similar post","block_context":{"text":"Similar post","link":""},"img":{"alt_text":"","src":"","width":0,"height":0},"classes":[]},{"id":27474,"url":"https:\/\/sakaba.mghosteur.com\/en\/product\/the-ordinary-aha-30-bha-2-peeling-solution\/","url_meta":{"origin":27456,"position":2},"title":"The Ordinary AHA 30% + BHA 2% Peeling Solution","author":"admin","date":"November 29, 2022","format":false,"excerpt":"La Solution gommante AHA 30% + BHA 2% de The Ordinary est la solution id\u00e9ale pour exfolier en profondeur votre peau et lui donner un aspect plus lumineux et uniforme. Elle est formul\u00e9e avec des acides alpha-hydroxyl\u00e9s (AHA), des acides b\u00eata-hydroxyl\u00e9s (BHA) et un d\u00e9riv\u00e9 de poivre de Tasmanie \u00e9tudi\u00e9,\u2026","rel":"","context":"Similar post","block_context":{"text":"Similar post","link":""},"img":{"alt_text":"","src":"","width":0,"height":0},"classes":[]},{"id":27471,"url":"https:\/\/sakaba.mghosteur.com\/en\/product\/the-ordinary-amino-acids-b5\/","url_meta":{"origin":27456,"position":3},"title":"The Ordinary Amino Acids + B5","author":"admin","date":"November 29, 2022","format":false,"excerpt":"Le s\u00e9rum Amino Acids + B5 de la marque The Ordinary est un produit ultra-fin qui aide votre peau \u00e0 maintenir sa barri\u00e8re d'hydratation naturelle. La formule de ce s\u00e9rum \u00e0 base d'eau contient une solution concentr\u00e9e \u00e0 17% (en poids) d'acides amin\u00e9s et de d\u00e9riv\u00e9s d'acides amin\u00e9s qui imitent\u2026","rel":"","context":"Similar post","block_context":{"text":"Similar post","link":""},"img":{"alt_text":"","src":"","width":0,"height":0},"classes":[]},{"id":29558,"url":"https:\/\/sakaba.mghosteur.com\/en\/product\/fenty-cookies-n-cream-masque-visage\/","url_meta":{"origin":27456,"position":4},"title":"FENTY COOKIES N CREAM MASQUE VISAGE","author":"admin","date":"April 7, 2023","format":false,"excerpt":"D\u00e9couvrez le masque visage COOKIES N CLEAN WHIPPED CLAY de la marque FENTY pour une peau nette et saine en seulement 10 minutes ! Avec sa formule l\u00e9g\u00e8re et fouett\u00e9e, ce masque permet une purification en profondeur des pores gr\u00e2ce \u00e0 l'argile et au charbon actif. En massant doucement, le\u2026","rel":"","context":"Similar post","block_context":{"text":"Similar post","link":""},"img":{"alt_text":"","src":"","width":0,"height":0},"classes":[]},{"id":30237,"url":"https:\/\/sakaba.mghosteur.com\/en\/product\/100-hydrogel-mask\/","url_meta":{"origin":27456,"position":5},"title":"100% HYDROGEL MASK","author":"admin","date":"May 4, 2023","format":false,"excerpt":"D\u00e9couvrez le masque hydratant 100% hydrogel Hydro Boost de la marque NEUTROGENA. Ce masque innovant est con\u00e7u pour hydrater en profondeur la peau s\u00e8che gr\u00e2ce \u00e0 sa formule \u00e0 base d'acide hyaluronique. Sa texture unique en hydrogel permet une absorption optimale de la formule hydratante pour des r\u00e9sultats cliniquement prouv\u00e9s.\u2026","rel":"","context":"Similar post","block_context":{"text":"Similar post","link":""},"img":{"alt_text":"","src":"","width":0,"height":0},"classes":[]}],"_links":{"self":[{"href":"https:\/\/sakaba.mghosteur.com\/en\/wp-json\/wp\/v2\/product\/27456","targetHints":{"allow":["GET"]}}],"collection":[{"href":"https:\/\/sakaba.mghosteur.com\/en\/wp-json\/wp\/v2\/product"}],"about":[{"href":"https:\/\/sakaba.mghosteur.com\/en\/wp-json\/wp\/v2\/types\/product"}],"replies":[{"embeddable":true,"href":"https:\/\/sakaba.mghosteur.com\/en\/wp-json\/wp\/v2\/comments?post=27456"}],"version-history":[{"count":0,"href":"https:\/\/sakaba.mghosteur.com\/en\/wp-json\/wp\/v2\/product\/27456\/revisions"}],"wp:attachment":[{"href":"https:\/\/sakaba.mghosteur.com\/en\/wp-json\/wp\/v2\/media?parent=27456"}],"wp:term":[{"taxonomy":"product_brand","embeddable":true,"href":"https:\/\/sakaba.mghosteur.com\/en\/wp-json\/wp\/v2\/product_brand?post=27456"},{"taxonomy":"product_cat","embeddable":true,"href":"https:\/\/sakaba.mghosteur.com\/en\/wp-json\/wp\/v2\/product_cat?post=27456"},{"taxonomy":"product_tag","embeddable":true,"href":"https:\/\/sakaba.mghosteur.com\/en\/wp-json\/wp\/v2\/product_tag?post=27456"}],"curies":[{"name":"wp","href":"https:\/\/api.w.org\/{rel}","templated":true}]}}