{"id":27459,"date":"2022-11-29T11:53:41","date_gmt":"2022-11-29T11:53:41","guid":{"rendered":"http:\/\/www.sakababeauty.com\/?post_type=product&#038;p=27459"},"modified":"2024-08-14T23:33:25","modified_gmt":"2024-08-14T23:33:25","slug":"azelaic-acid-suspension-10","status":"publish","type":"product","link":"https:\/\/sakaba.mghosteur.com\/en\/product\/azelaic-acid-suspension-10\/","title":{"rendered":"AZELAIC ACID SUSPENSION 10%"},"content":{"rendered":"<p>La suspension d&#8217;acide az\u00e9la\u00efque 10% de The Ordinary est la solution id\u00e9ale pour obtenir un teint \u00e9clairci et une texture de peau am\u00e9lior\u00e9e. Gr\u00e2ce \u00e0 sa formule cr\u00e9meuse contenant une forte concentration d&#8217;acide az\u00e9la\u00efque, un antioxydant naturel et efficace pr\u00e9sent dans les grains, cette suspension offre des r\u00e9sultats visibles en un rien de temps.<\/p>\n<p>Contrairement \u00e0 d&#8217;autres acides directs, l&#8217;acide az\u00e9la\u00efque a un potentiel d&#8217;irritation plus faible, ce qui en fait un choix parfait pour une utilisation quotidienne dans le cadre de votre routine de soins de la peau. Cette suspension agit en douceur sur la peau, sans laisser de sensation de br\u00fblure ou d&#8217;irritation.<\/p>\n<p>Pour obtenir les meilleurs r\u00e9sultats, il est recommand\u00e9 d&#8217;appliquer une petite quantit\u00e9 de suspension sur le visage matin et soir, en \u00e9vitant le contour des yeux, ainsi que le contact avec les yeux et la bouche. Il est \u00e9galement important d&#8217;utiliser une protection solaire pendant la journ\u00e9e pour prot\u00e9ger la peau contre les dommages caus\u00e9s par les rayons UV.<\/p>\n<p>En cas d&#8217;irritation, il est conseill\u00e9 de rincer la peau et de cesser l&#8217;utilisation du produit. Pour \u00e9viter toute r\u00e9action allergique, il est recommand\u00e9 de tester les patchs avant utilisation. Enfin, il est important de garder ce produit hors de port\u00e9e des enfants.<\/p>\n<p>En somme, la suspension d&#8217;acide az\u00e9la\u00efque 10% de The Ordinary est un choix parfait pour ceux qui cherchent \u00e0 am\u00e9liorer l&#8217;apparence de leur peau sans compromettre la douceur et le confort. Avec une utilisation r\u00e9guli\u00e8re, vous pouvez vous attendre \u00e0 une peau plus lumineuse, plus lisse et plus \u00e9clatante.<\/p>","protected":false},"excerpt":{"rendered":"<p>La suspension d&#8217;acide az\u00e9la\u00efque 10% de The Ordinary est la solution id\u00e9ale pour obtenir un teint \u00e9clairci et une texture de peau am\u00e9lior\u00e9e. Gr\u00e2ce \u00e0 sa formule cr\u00e9meuse contenant une forte concentration d&#8217;acide az\u00e9la\u00efque, un antioxydant naturel et efficace pr\u00e9sent dans les grains, cette suspension offre des r\u00e9sultats visibles en un rien de temps. Contrairement<span class=\"read-more-faq\"><a href=\"https:\/\/sakaba.mghosteur.com\/en\/product\/azelaic-acid-suspension-10\/\">Read More<\/a><\/span><\/p>","protected":false},"featured_media":0,"comment_status":"closed","ping_status":"closed","template":"","meta":[],"product_brand":[],"product_cat":[291,451,334],"product_tag":[],"class_list":{"0":"post-27459","1":"product","2":"type-product","3":"status-publish","5":"product_cat-eclaircissant","6":"product_cat-aab-soin-du-visage","7":"product_cat-traitement-serum","9":"first","10":"instock","11":"shipping-taxable","12":"product-type-simple"},"jetpack-related-posts":[{"id":26892,"url":"https:\/\/sakaba.mghosteur.com\/en\/product\/10-azelaic-acid-booster\/","url_meta":{"origin":27459,"position":0},"title":"10% AZELAIC ACID BOOSTER","author":"admin","date":"November 28, 2022","format":false,"excerpt":"Le Booster 10% Acide Az\u00e9la\u00efque de la marque Paula's Choice est une formule unique qui utilise de l'acide az\u00e9la\u00efque puissant ainsi que d'autres ingr\u00e9dients puissants pour clarifier le teint irr\u00e9gulier, cibler les taches tenaces et apaiser les irritations. Cette formule vous donnera une peau plus lisse, plus radieuse et d'apparence\u2026","rel":"","context":"Similar post","block_context":{"text":"Similar post","link":""},"img":{"alt_text":"","src":"","width":0,"height":0},"classes":[]},{"id":27502,"url":"https:\/\/sakaba.mghosteur.com\/en\/product\/the-ordinary-vitamin-c-suspension-23-ha-spheres-2\/","url_meta":{"origin":27459,"position":1},"title":"The Ordinary VITAMIN C SUSPENSION 23% +HA SPHERES 2%","author":"admin","date":"November 29, 2022","format":false,"excerpt":"La Suspension Vitamine C 23% + Sph\u00e8res HA 2% de la marque The Ordinary est une formule efficace qui utilise directement de la vitamine C et de l'acide hyaluronique pour aider \u00e0 r\u00e9duire visiblement les signes du vieillissement en \u00e9claircissant et en \u00e9quilibrant le teint irr\u00e9gulier. Cette formule sans eau\u2026","rel":"","context":"Similar post","block_context":{"text":"Similar post","link":""},"img":{"alt_text":"","src":"","width":0,"height":0},"classes":[]},{"id":26969,"url":"https:\/\/sakaba.mghosteur.com\/en\/product\/facetheory-lumizela-a10-serum\/","url_meta":{"origin":27459,"position":2},"title":"FACETHEORY Lumizela Azelaic Acid Serum A10","author":"admin","date":"November 28, 2022","format":false,"excerpt":"Le Lumizela Azelaic Acid Serum A10 de la marque Facetheory est un s\u00e9rum v\u00e9g\u00e9tal contenant 10% d'acide az\u00e9la\u00efque, un antioxydant naturellement pr\u00e9sent dans le bl\u00e9, le seigle et l'orge. Les \u00e9tudes cliniques ont montr\u00e9 que les produits \u00e0 base d'acide az\u00e9la\u00efque peuvent r\u00e9duire l'inflammation, minimiser l'apparition de vaisseaux sanguins visibles\u2026","rel":"","context":"Similar post","block_context":{"text":"Similar post","link":""},"img":{"alt_text":"","src":"","width":0,"height":0},"classes":[]},{"id":26957,"url":"https:\/\/sakaba.mghosteur.com\/en\/product\/porebright-n10-serum\/","url_meta":{"origin":27459,"position":3},"title":"FACETHEORY Porebright Serum N10","author":"admin","date":"November 28, 2022","format":false,"excerpt":"D\u00e9couvrez le S\u00e9rum Porebright N10 de la marque Facetheory, un s\u00e9rum concentr\u00e9 en actifs pour aider \u00e0 r\u00e9duire l'apparence des l\u00e9sions d'acn\u00e9, des pores dilat\u00e9s et de l'hyperpigmentation. Formul\u00e9 avec de la niacinamide (vitamine B3) pour r\u00e9duire l'apparence des pores dilat\u00e9s, de l'acide hyaluronique pour r\u00e9g\u00e9n\u00e9rer et maintenir l'\u00e9quilibre hydrique\u2026","rel":"","context":"Similar post","block_context":{"text":"Similar post","link":""},"img":{"alt_text":"","src":"","width":0,"height":0},"classes":[]},{"id":56132,"url":"https:\/\/sakaba.mghosteur.com\/en\/product\/anua-azelaic-acid-10-hyaluron-redness-soothing-serum\/","url_meta":{"origin":27459,"position":4},"title":"Anua Azelaic Acid 10 + Hyaluron Redness Soothing Serum","author":"Sope DIA","date":"January 2, 2026","format":false,"excerpt":"[APAISANT POUR LES ROUGEURS] L'acide az\u00e9la\u00efque \u00e0 10 % apaise les peaux normales. Les extraits de bl\u00e9 et d'orge, ingr\u00e9dients doux et efficaces, hydratent en profondeur et contribuent \u00e0 \u00e9quilibrer la peau pour un teint plus \u00e9clatant. [SOIN DOUX ET EFFICACE POUR LA PEAU] Un m\u00e9lange de trois types d'acide\u2026","rel":"","context":"Similar post","block_context":{"text":"Similar post","link":""},"img":{"alt_text":"","src":"","width":0,"height":0},"classes":[]},{"id":27447,"url":"https:\/\/sakaba.mghosteur.com\/en\/product\/the-ordinary-lactic-acid-10-ha\/","url_meta":{"origin":27459,"position":5},"title":"The Ordinary Lactic Acid 10% + HA","author":"admin","date":"November 29, 2022","format":false,"excerpt":"Le s\u00e9rum The Ordinary Lactic Acid 10% + HA est un produit de soin de la peau de qualit\u00e9 sup\u00e9rieure qui offre une exfoliation cibl\u00e9e \u00e0 la surface de la peau. Ce produit contient de l'acide lactique, un alpha-hydroxyacide qui est soutenu par de l'extrait purifi\u00e9 de poivre de Tasmanie\u2026","rel":"","context":"Similar post","block_context":{"text":"Similar post","link":""},"img":{"alt_text":"","src":"","width":0,"height":0},"classes":[]}],"_links":{"self":[{"href":"https:\/\/sakaba.mghosteur.com\/en\/wp-json\/wp\/v2\/product\/27459","targetHints":{"allow":["GET"]}}],"collection":[{"href":"https:\/\/sakaba.mghosteur.com\/en\/wp-json\/wp\/v2\/product"}],"about":[{"href":"https:\/\/sakaba.mghosteur.com\/en\/wp-json\/wp\/v2\/types\/product"}],"replies":[{"embeddable":true,"href":"https:\/\/sakaba.mghosteur.com\/en\/wp-json\/wp\/v2\/comments?post=27459"}],"version-history":[{"count":0,"href":"https:\/\/sakaba.mghosteur.com\/en\/wp-json\/wp\/v2\/product\/27459\/revisions"}],"wp:attachment":[{"href":"https:\/\/sakaba.mghosteur.com\/en\/wp-json\/wp\/v2\/media?parent=27459"}],"wp:term":[{"taxonomy":"product_brand","embeddable":true,"href":"https:\/\/sakaba.mghosteur.com\/en\/wp-json\/wp\/v2\/product_brand?post=27459"},{"taxonomy":"product_cat","embeddable":true,"href":"https:\/\/sakaba.mghosteur.com\/en\/wp-json\/wp\/v2\/product_cat?post=27459"},{"taxonomy":"product_tag","embeddable":true,"href":"https:\/\/sakaba.mghosteur.com\/en\/wp-json\/wp\/v2\/product_tag?post=27459"}],"curies":[{"name":"wp","href":"https:\/\/api.w.org\/{rel}","templated":true}]}}