{"id":27462,"date":"2022-11-29T11:54:41","date_gmt":"2022-11-29T11:54:41","guid":{"rendered":"http:\/\/www.sakababeauty.com\/?post_type=product&#038;p=27462"},"modified":"2024-08-15T01:48:07","modified_gmt":"2024-08-15T01:48:07","slug":"the-ordinary-glycolic-acid-7-toning-solution","status":"publish","type":"product","link":"https:\/\/sakaba.mghosteur.com\/en\/product\/the-ordinary-glycolic-acid-7-toning-solution\/","title":{"rendered":"The Ordinary Glycolic Acid 7% Toning Solution"},"content":{"rendered":"<p>Le Glycolic Acid 7% Toning Solution de la marque The Ordinary est un exfoliant de surface qui a pour but d&#8217;am\u00e9liorer la clart\u00e9 de la peau, d&#8217;\u00e9quilibrer le teint in\u00e9gal et de corriger la texture cutan\u00e9e au fil du temps. Cette formule contient un d\u00e9riv\u00e9 de Tasmanian Pepperberry d&#8217;origine v\u00e9g\u00e9tale dont la couleur peut varier l\u00e9g\u00e8rement d&#8217;une saison \u00e0 l&#8217;autre.<\/p>\n<p>Il est important de noter que cette solution d&#8217;acide glycolique ne doit pas \u00eatre utilis\u00e9e sur une peau sensible, qui p\u00e8le ou qui est fragilis\u00e9e. Les instructions fournies contiennent des avertissements suppl\u00e9mentaires, notamment en ce qui concerne la protection solaire.<\/p>\n<p>Le pH de cette formule est d&#8217;environ 3,6, ce qui est important car l&#8217;efficacit\u00e9 de l&#8217;acide d\u00e9pend de son pKa, qui est de 3,6. Lorsque le pKa est proche du pH, il y a un \u00e9quilibre id\u00e9al entre le sel et l&#8217;acidit\u00e9, ce qui permet de maximiser l&#8217;efficacit\u00e9 de l&#8217;acide tout en r\u00e9duisant l&#8217;irritation.<\/p>\n<p>En utilisant r\u00e9guli\u00e8rement cette solution de tonification \u00e0 l&#8217;acide glycolique, vous pouvez obtenir une peau plus lisse et plus \u00e9clatante. Il est recommand\u00e9 de suivre les instructions fournies pour obtenir les meilleurs r\u00e9sultats.<\/p>","protected":false},"excerpt":{"rendered":"<p>Le Glycolic Acid 7% Toning Solution de la marque The Ordinary est un exfoliant de surface qui a pour but d&#8217;am\u00e9liorer la clart\u00e9 de la peau, d&#8217;\u00e9quilibrer le teint in\u00e9gal et de corriger la texture cutan\u00e9e au fil du temps. Cette formule contient un d\u00e9riv\u00e9 de Tasmanian Pepperberry d&#8217;origine v\u00e9g\u00e9tale dont la couleur peut varier<span class=\"read-more-faq\"><a href=\"https:\/\/sakaba.mghosteur.com\/en\/product\/the-ordinary-glycolic-acid-7-toning-solution\/\">Read More<\/a><\/span><\/p>","protected":false},"featured_media":0,"comment_status":"closed","ping_status":"closed","template":"","meta":[],"product_brand":[],"product_cat":[293,324,291,451],"product_tag":[],"class_list":{"0":"post-27462","1":"product","2":"type-product","3":"status-publish","5":"product_cat-anti-taches","6":"product_cat-demaquillant-nettoyant","7":"product_cat-eclaircissant","8":"product_cat-aab-soin-du-visage","10":"first","11":"instock","12":"shipping-taxable","13":"product-type-simple"},"jetpack-related-posts":[{"id":27474,"url":"https:\/\/sakaba.mghosteur.com\/en\/product\/the-ordinary-aha-30-bha-2-peeling-solution\/","url_meta":{"origin":27462,"position":0},"title":"The Ordinary AHA 30% + BHA 2% Peeling Solution","author":"admin","date":"November 29, 2022","format":false,"excerpt":"La Solution gommante AHA 30% + BHA 2% de The Ordinary est la solution id\u00e9ale pour exfolier en profondeur votre peau et lui donner un aspect plus lumineux et uniforme. Elle est formul\u00e9e avec des acides alpha-hydroxyl\u00e9s (AHA), des acides b\u00eata-hydroxyl\u00e9s (BHA) et un d\u00e9riv\u00e9 de poivre de Tasmanie \u00e9tudi\u00e9,\u2026","rel":"","context":"Similar post","block_context":{"text":"Similar post","link":""},"img":{"alt_text":"","src":"","width":0,"height":0},"classes":[]},{"id":27447,"url":"https:\/\/sakaba.mghosteur.com\/en\/product\/the-ordinary-lactic-acid-10-ha\/","url_meta":{"origin":27462,"position":1},"title":"The Ordinary Lactic Acid 10% + HA","author":"admin","date":"November 29, 2022","format":false,"excerpt":"Le s\u00e9rum The Ordinary Lactic Acid 10% + HA est un produit de soin de la peau de qualit\u00e9 sup\u00e9rieure qui offre une exfoliation cibl\u00e9e \u00e0 la surface de la peau. Ce produit contient de l'acide lactique, un alpha-hydroxyacide qui est soutenu par de l'extrait purifi\u00e9 de poivre de Tasmanie\u2026","rel":"","context":"Similar post","block_context":{"text":"Similar post","link":""},"img":{"alt_text":"","src":"","width":0,"height":0},"classes":[]},{"id":27487,"url":"https:\/\/sakaba.mghosteur.com\/en\/product\/the-ordinary-salicylic-acid-2-anhydrous-solution-2\/","url_meta":{"origin":27462,"position":2},"title":"THE ORDINARY SALICYLIC ACID 2% ANHYDROUS SOLUTION","author":"admin","date":"November 29, 2022","format":false,"excerpt":"La solution anhydre d'acide salicylique \u00e0 2 % de la marque The Ordinary est une formule douce con\u00e7ue pour exfolier en douceur la peau, d\u00e9congestionner les pores, lisser les irr\u00e9gularit\u00e9s de texture et r\u00e9duire les rougeurs et le teint irr\u00e9gulier. Cette formule se distingue des autres offres d'acide salicylique gr\u00e2ce\u2026","rel":"","context":"Similar post","block_context":{"text":"Similar post","link":""},"img":{"alt_text":"","src":"","width":0,"height":0},"classes":[]},{"id":27477,"url":"https:\/\/sakaba.mghosteur.com\/en\/product\/the-ordinary-mandelic-acid-10-ha\/","url_meta":{"origin":27462,"position":3},"title":"The Ordinary MANDELIC ACID 10% +HA","author":"admin","date":"November 29, 2022","format":false,"excerpt":"Le s\u00e9rum Acide Mand\u00e9lique 10% + HA de la marque The Ordinary est un produit de soin de la peau tr\u00e8s efficace pour am\u00e9liorer la clart\u00e9 et l'\u00e9clat de votre teint. Ce s\u00e9rum contient un acide alpha-hydroxy de poids mol\u00e9culaire \u00e9lev\u00e9 qui aide \u00e0 \u00e9quilibrer le teint et \u00e0 corriger\u2026","rel":"","context":"Similar post","block_context":{"text":"Similar post","link":""},"img":{"alt_text":"","src":"","width":0,"height":0},"classes":[]},{"id":27496,"url":"https:\/\/sakaba.mghosteur.com\/en\/product\/the-ordinary-buffet\/","url_meta":{"origin":27462,"position":4},"title":"THE ORDINARY BUFFET","author":"admin","date":"November 29, 2022","format":false,"excerpt":"Le s\u00e9rum \"Buffet\" de la marque The Ordinary est un produit de soin de la peau innovant con\u00e7u pour cibler plusieurs signes de vieillissement en m\u00eame temps. Inspir\u00e9 par la notion de buffets offrant une vari\u00e9t\u00e9 de plats, ce s\u00e9rum offre une solution tout-en-un pour am\u00e9liorer l'apparence de la peau\u2026","rel":"","context":"Similar post","block_context":{"text":"Similar post","link":""},"img":{"alt_text":"","src":"","width":0,"height":0},"classes":[]},{"id":27456,"url":"https:\/\/sakaba.mghosteur.com\/en\/product\/the-ordinary-salicylic-acid-2-anhydrous-solution\/","url_meta":{"origin":27462,"position":5},"title":"THE ORDINARY SALICYLIC ACID 2% MASQUE","author":"admin","date":"November 29, 2022","format":false,"excerpt":"Le masque \u00e0 l'acide salicylique \u00e0 2% de la marque The Ordinary est un produit de soin du visage qui cible les probl\u00e8mes de texture de peau, les pores obstru\u00e9s et les tons ternes. Sa formule est infus\u00e9e de charbon de bois et d'argile, qui absorbent les impuret\u00e9s de la\u2026","rel":"","context":"Similar post","block_context":{"text":"Similar post","link":""},"img":{"alt_text":"","src":"","width":0,"height":0},"classes":[]}],"_links":{"self":[{"href":"https:\/\/sakaba.mghosteur.com\/en\/wp-json\/wp\/v2\/product\/27462","targetHints":{"allow":["GET"]}}],"collection":[{"href":"https:\/\/sakaba.mghosteur.com\/en\/wp-json\/wp\/v2\/product"}],"about":[{"href":"https:\/\/sakaba.mghosteur.com\/en\/wp-json\/wp\/v2\/types\/product"}],"replies":[{"embeddable":true,"href":"https:\/\/sakaba.mghosteur.com\/en\/wp-json\/wp\/v2\/comments?post=27462"}],"version-history":[{"count":0,"href":"https:\/\/sakaba.mghosteur.com\/en\/wp-json\/wp\/v2\/product\/27462\/revisions"}],"wp:attachment":[{"href":"https:\/\/sakaba.mghosteur.com\/en\/wp-json\/wp\/v2\/media?parent=27462"}],"wp:term":[{"taxonomy":"product_brand","embeddable":true,"href":"https:\/\/sakaba.mghosteur.com\/en\/wp-json\/wp\/v2\/product_brand?post=27462"},{"taxonomy":"product_cat","embeddable":true,"href":"https:\/\/sakaba.mghosteur.com\/en\/wp-json\/wp\/v2\/product_cat?post=27462"},{"taxonomy":"product_tag","embeddable":true,"href":"https:\/\/sakaba.mghosteur.com\/en\/wp-json\/wp\/v2\/product_tag?post=27462"}],"curies":[{"name":"wp","href":"https:\/\/api.w.org\/{rel}","templated":true}]}}