{"id":27474,"date":"2022-11-29T11:58:45","date_gmt":"2022-11-29T11:58:45","guid":{"rendered":"http:\/\/www.sakababeauty.com\/?post_type=product&#038;p=27474"},"modified":"2024-08-15T01:42:53","modified_gmt":"2024-08-15T01:42:53","slug":"the-ordinary-aha-30-bha-2-peeling-solution","status":"publish","type":"product","link":"https:\/\/sakaba.mghosteur.com\/en\/product\/the-ordinary-aha-30-bha-2-peeling-solution\/","title":{"rendered":"The Ordinary AHA 30% + BHA 2% Peeling Solution"},"content":{"rendered":"<p>La Solution gommante AHA 30% + BHA 2% de The Ordinary est la solution id\u00e9ale pour exfolier en profondeur votre peau et lui donner un aspect plus lumineux et uniforme. Elle est formul\u00e9e avec des acides alpha-hydroxyl\u00e9s (AHA), des acides b\u00eata-hydroxyl\u00e9s (BHA) et un d\u00e9riv\u00e9 de poivre de Tasmanie \u00e9tudi\u00e9, qui r\u00e9duisent l&#8217;irritation associ\u00e9e \u00e0 l&#8217;utilisation d&#8217;acides, tout en aidant \u00e0 uniformiser la texture de la peau, \u00e0 nettoyer les pores congestionn\u00e9s et \u00e0 am\u00e9liorer la pigmentation in\u00e9gale.<\/p>\n<p>Cette formule est \u00e9galement soutenue par une forme de polym\u00e8re crois\u00e9 d&#8217;acide hyaluronique pour le confort, la pro-vitamine B5 pour l&#8217;hydratation et la carotte noire pour une protection suppl\u00e9mentaire. Cependant, il est important de noter que cette formule contient une concentration extr\u00eamement \u00e9lev\u00e9e d&#8217;acides libres, nous vous recommandons donc de l&#8217;utiliser uniquement si vous \u00eates un utilisateur exp\u00e9riment\u00e9 de l&#8217;exfoliation acide et que votre peau n&#8217;est pas sensible.<\/p>\n<p>Le mode d&#8217;emploi est simple et facile. Utilisez ce produit 1 \u00e0 2 fois par semaine, de pr\u00e9f\u00e9rence le soir, sur une peau parfaitement propre et s\u00e8che. Appliquez uniform\u00e9ment sur le visage et le cou du bout des doigts, en \u00e9vitant le contour des yeux et le contact avec les yeux lors de l&#8217;application et du rin\u00e7age. Laissez agir pas plus de 10 minutes et rincez abondamment \u00e0 l&#8217;eau ti\u00e8de. Assurez-vous que le contact du produit avec la peau est de fr\u00e9quence ou de dur\u00e9e limit\u00e9e et \u00e9vitez de l&#8217;utiliser sur une peau sensible, qui p\u00e8le ou qui est fragilis\u00e9e.<\/p>\n<p>Il est \u00e9galement important de noter que ce produit contient un acide alpha-hydroxyl\u00e9 (AHA) et un acide b\u00eata-hydroxyl\u00e9 (BHA) qui peuvent augmenter la sensibilit\u00e9 de votre peau au soleil et en particulier la possibilit\u00e9 de coups de soleil. Nous vous recommandons donc d&#8217;utiliser un \u00e9cran solaire, de porter des v\u00eatements de protection et de limiter l&#8217;exposition au soleil pendant l&#8217;utilisation de ce produit et pendant une semaine apr\u00e8s.<\/p>\n<p>En somme, si vous recherchez une solution efficace pour exfolier votre peau en profondeur et lui donner un aspect plus lumineux et uniforme, la Solution gommante AHA 30% + BHA 2% de The Ordinary est le produit qu&#8217;il vous faut. Cependant, nous vous recommandons de l&#8217;utiliser avec pr\u00e9caution si vous \u00eates novice dans l&#8217;utilisation d&#8217;exfoliants acides.<\/p>","protected":false},"excerpt":{"rendered":"<p>La Solution gommante AHA 30% + BHA 2% de The Ordinary est la solution id\u00e9ale pour exfolier en profondeur votre peau et lui donner un aspect plus lumineux et uniforme. Elle est formul\u00e9e avec des acides alpha-hydroxyl\u00e9s (AHA), des acides b\u00eata-hydroxyl\u00e9s (BHA) et un d\u00e9riv\u00e9 de poivre de Tasmanie \u00e9tudi\u00e9, qui r\u00e9duisent l&#8217;irritation associ\u00e9e \u00e0<span class=\"read-more-faq\"><a href=\"https:\/\/sakaba.mghosteur.com\/en\/product\/the-ordinary-aha-30-bha-2-peeling-solution\/\">Read More<\/a><\/span><\/p>","protected":false},"featured_media":0,"comment_status":"closed","ping_status":"closed","template":"","meta":[],"product_brand":[],"product_cat":[293,291,451,334],"product_tag":[],"class_list":{"0":"post-27474","1":"product","2":"type-product","3":"status-publish","5":"product_cat-anti-taches","6":"product_cat-eclaircissant","7":"product_cat-aab-soin-du-visage","8":"product_cat-traitement-serum","10":"first","11":"instock","12":"shipping-taxable","13":"product-type-simple"},"jetpack-related-posts":[{"id":27456,"url":"https:\/\/sakaba.mghosteur.com\/en\/product\/the-ordinary-salicylic-acid-2-anhydrous-solution\/","url_meta":{"origin":27474,"position":0},"title":"THE ORDINARY SALICYLIC ACID 2% MASQUE","author":"admin","date":"November 29, 2022","format":false,"excerpt":"Le masque \u00e0 l'acide salicylique \u00e0 2% de la marque The Ordinary est un produit de soin du visage qui cible les probl\u00e8mes de texture de peau, les pores obstru\u00e9s et les tons ternes. Sa formule est infus\u00e9e de charbon de bois et d'argile, qui absorbent les impuret\u00e9s de la\u2026","rel":"","context":"Similar post","block_context":{"text":"Similar post","link":""},"img":{"alt_text":"","src":"","width":0,"height":0},"classes":[]},{"id":27487,"url":"https:\/\/sakaba.mghosteur.com\/en\/product\/the-ordinary-salicylic-acid-2-anhydrous-solution-2\/","url_meta":{"origin":27474,"position":1},"title":"THE ORDINARY SALICYLIC ACID 2% ANHYDROUS SOLUTION","author":"admin","date":"November 29, 2022","format":false,"excerpt":"La solution anhydre d'acide salicylique \u00e0 2 % de la marque The Ordinary est une formule douce con\u00e7ue pour exfolier en douceur la peau, d\u00e9congestionner les pores, lisser les irr\u00e9gularit\u00e9s de texture et r\u00e9duire les rougeurs et le teint irr\u00e9gulier. Cette formule se distingue des autres offres d'acide salicylique gr\u00e2ce\u2026","rel":"","context":"Similar post","block_context":{"text":"Similar post","link":""},"img":{"alt_text":"","src":"","width":0,"height":0},"classes":[]},{"id":23934,"url":"https:\/\/sakaba.mghosteur.com\/en\/product\/cerave-acne-control-gel-2-salicylic-acid\/","url_meta":{"origin":27474,"position":2},"title":"CERAVE : ACNE CONTROL GEL 2% SALICYLIC ACID","author":"admin","date":"November 9, 2022","format":false,"excerpt":"Le gel anti-acn\u00e9 hydratant CeraVe Acne Control Gel est la solution compl\u00e8te pour traiter l'acn\u00e9 et pr\u00e9venir les \u00e9ruptions cutan\u00e9es futures. Avec sa formule l\u00e9g\u00e8re et non ass\u00e9chante, il est parfait pour une utilisation quotidienne et convient \u00e0 tous les types de peau, m\u00eame les plus sensibles. Enrichi en acides\u2026","rel":"","context":"Similar post","block_context":{"text":"Similar post","link":""},"img":{"alt_text":"","src":"","width":0,"height":0},"classes":[]},{"id":27447,"url":"https:\/\/sakaba.mghosteur.com\/en\/product\/the-ordinary-lactic-acid-10-ha\/","url_meta":{"origin":27474,"position":3},"title":"The Ordinary Lactic Acid 10% + HA","author":"admin","date":"November 29, 2022","format":false,"excerpt":"Le s\u00e9rum The Ordinary Lactic Acid 10% + HA est un produit de soin de la peau de qualit\u00e9 sup\u00e9rieure qui offre une exfoliation cibl\u00e9e \u00e0 la surface de la peau. Ce produit contient de l'acide lactique, un alpha-hydroxyacide qui est soutenu par de l'extrait purifi\u00e9 de poivre de Tasmanie\u2026","rel":"","context":"Similar post","block_context":{"text":"Similar post","link":""},"img":{"alt_text":"","src":"","width":0,"height":0},"classes":[]},{"id":26868,"url":"https:\/\/sakaba.mghosteur.com\/en\/product\/paula-choice-2-bha-liquid-exfoliant\/","url_meta":{"origin":27474,"position":4},"title":"PAULA CHOICE 2% BHA LIQUID EXFOLIANT","author":"admin","date":"November 28, 2022","format":false,"excerpt":"Le produit num\u00e9ro 1 de la marque Paula's Choice, cet exfoliant liquide 2% BHA est un favori culte qui nettoie en profondeur les pores, lisse les rides et unifie le teint de la peau. Sa formule douce sans rin\u00e7age \u00e0 base d'acide salicylique \u00e9prouv\u00e9 en clinique permet de d\u00e9sobstruer rapidement\u2026","rel":"","context":"Similar post","block_context":{"text":"Similar post","link":""},"img":{"alt_text":"","src":"","width":0,"height":0},"classes":[]},{"id":31575,"url":"https:\/\/sakaba.mghosteur.com\/en\/product\/cosrx-aha-bha-clarifying-treatment-toner-280ml\/","url_meta":{"origin":27474,"position":5},"title":"COSRX AHA BHA CLARIFYING TREATMENT TONER 280ML","author":"admin","date":"May 10, 2024","format":false,"excerpt":"D\u00e9couvrez le Toner Clarifiant AHA\/BHA B\u00e9n\u00e9ficiez des avantages des AHA et BHA pour une peau claire ! Gr\u00e2ce \u00e0 sa formulation unique alliant AHA, BHA et des extraits botaniques purifiants, ce tonique aide \u00e0 am\u00e9liorer la texture de votre peau, \u00e0 lui redonner de la vitalit\u00e9 et \u00e0 contr\u00f4ler l'apparence\u2026","rel":"","context":"Similar post","block_context":{"text":"Similar post","link":""},"img":{"alt_text":"","src":"","width":0,"height":0},"classes":[]}],"_links":{"self":[{"href":"https:\/\/sakaba.mghosteur.com\/en\/wp-json\/wp\/v2\/product\/27474","targetHints":{"allow":["GET"]}}],"collection":[{"href":"https:\/\/sakaba.mghosteur.com\/en\/wp-json\/wp\/v2\/product"}],"about":[{"href":"https:\/\/sakaba.mghosteur.com\/en\/wp-json\/wp\/v2\/types\/product"}],"replies":[{"embeddable":true,"href":"https:\/\/sakaba.mghosteur.com\/en\/wp-json\/wp\/v2\/comments?post=27474"}],"version-history":[{"count":0,"href":"https:\/\/sakaba.mghosteur.com\/en\/wp-json\/wp\/v2\/product\/27474\/revisions"}],"wp:attachment":[{"href":"https:\/\/sakaba.mghosteur.com\/en\/wp-json\/wp\/v2\/media?parent=27474"}],"wp:term":[{"taxonomy":"product_brand","embeddable":true,"href":"https:\/\/sakaba.mghosteur.com\/en\/wp-json\/wp\/v2\/product_brand?post=27474"},{"taxonomy":"product_cat","embeddable":true,"href":"https:\/\/sakaba.mghosteur.com\/en\/wp-json\/wp\/v2\/product_cat?post=27474"},{"taxonomy":"product_tag","embeddable":true,"href":"https:\/\/sakaba.mghosteur.com\/en\/wp-json\/wp\/v2\/product_tag?post=27474"}],"curies":[{"name":"wp","href":"https:\/\/api.w.org\/{rel}","templated":true}]}}