{"id":27481,"date":"2022-11-29T12:02:34","date_gmt":"2022-11-29T12:02:34","guid":{"rendered":"http:\/\/www.sakababeauty.com\/?post_type=product&#038;p=27481"},"modified":"2024-08-15T01:44:54","modified_gmt":"2024-08-15T01:44:54","slug":"the-ordinary-ascorbyl-glucoside-solution-12","status":"publish","type":"product","link":"https:\/\/sakaba.mghosteur.com\/en\/product\/the-ordinary-ascorbyl-glucoside-solution-12\/","title":{"rendered":"The Ordinary ASCORBYL GLUCOSIDE SOLUTION 12%"},"content":{"rendered":"<p>La Solution de Glucosides d&#8217;Ascorbyle 12% de la marque The Ordinary est un s\u00e9rum \u00e0 base d&#8217;eau qui offre une formule l\u00e9g\u00e8re et efficace pour aider \u00e0 r\u00e9duire les signes de vieillissement. Ce s\u00e9rum contient un d\u00e9riv\u00e9 hydrosoluble de vitamine C, l&#8217;ascorbyl glucoside, qui se transforme en vitamine C une fois appliqu\u00e9, offrant moins de potentiel d&#8217;irritation que les formes directes de vitamine C.<\/p>\n<p>En plus de ses effets \u00e9claircissants et \u00e9quilibrants sur le teint irr\u00e9gulier, ce s\u00e9rum poss\u00e8de des propri\u00e9t\u00e9s antioxydantes avanc\u00e9es qui prot\u00e8gent la peau contre les effets visuels des dommages caus\u00e9s par les facteurs de stress environnementaux. Ce produit aide ainsi \u00e0 maintenir un teint plus \u00e9clatant et \u00e0 pr\u00e9venir les signes de vieillissement pr\u00e9matur\u00e9.<\/p>\n<p>Pour utiliser la Solution de Glucosides d&#8217;Ascorbyle 12%, il suffit d&#8217;appliquer quelques gouttes sur le visage matin et soir, en \u00e9vitant le contour des yeux et le contact avec les yeux. Il est important de prot\u00e9ger la peau avec une cr\u00e8me solaire pendant la journ\u00e9e et de cesser l&#8217;utilisation en cas d&#8217;irritation. Il est \u00e9galement conseill\u00e9 de tester les patchs avant utilisation et de tenir le produit hors de port\u00e9e des enfants.<\/p>\n<p>En r\u00e9sum\u00e9, la Solution de Glucosides d&#8217;Ascorbyle 12% de The Ordinary est un s\u00e9rum l\u00e9ger et efficace qui aide \u00e0 r\u00e9duire les signes de vieillissement et \u00e0 prot\u00e9ger la peau des effets nocifs de l&#8217;environnement.<\/p>","protected":false},"excerpt":{"rendered":"<p>La Solution de Glucosides d&#8217;Ascorbyle 12% de la marque The Ordinary est un s\u00e9rum \u00e0 base d&#8217;eau qui offre une formule l\u00e9g\u00e8re et efficace pour aider \u00e0 r\u00e9duire les signes de vieillissement. Ce s\u00e9rum contient un d\u00e9riv\u00e9 hydrosoluble de vitamine C, l&#8217;ascorbyl glucoside, qui se transforme en vitamine C une fois appliqu\u00e9, offrant moins de<span class=\"read-more-faq\"><a href=\"https:\/\/sakaba.mghosteur.com\/en\/product\/the-ordinary-ascorbyl-glucoside-solution-12\/\">Read More<\/a><\/span><\/p>","protected":false},"featured_media":0,"comment_status":"closed","ping_status":"closed","template":"","meta":[],"product_brand":[],"product_cat":[1095,451,334],"product_tag":[],"class_list":{"0":"post-27481","1":"product","2":"type-product","3":"status-publish","5":"product_cat-anti-age","6":"product_cat-aab-soin-du-visage","7":"product_cat-traitement-serum","9":"first","10":"instock","11":"shipping-taxable","12":"product-type-simple"},"jetpack-related-posts":[{"id":31625,"url":"https:\/\/sakaba.mghosteur.com\/en\/product\/the-ordinary-ascorbyl-tetraisopalmitata-solution-20-in-vitamin-f\/","url_meta":{"origin":27481,"position":0},"title":"The Ordinary ASCORBYL TETRAISOPALMITATA SOLUTION 20% IN VITAMIN F","author":"admin","date":"May 10, 2024","format":false,"excerpt":"D\u00e9couvrez cette incroyable huile de vitamine C, id\u00e9ale pour hydrater et illuminer votre peau. La solution de t\u00e9traisopalmitate d'ascorbyle \u00e0 20 % dans la vitamine F est une formule l\u00e9g\u00e8re qui combat les signes du vieillissement tout en \u00e9quilibrant le teint. Contrairement aux autres formes de vitamine C, cette huile\u2026","rel":"","context":"Similar post","block_context":{"text":"Similar post","link":""},"img":{"alt_text":"","src":"","width":0,"height":0},"classes":[]},{"id":29210,"url":"https:\/\/sakaba.mghosteur.com\/en\/product\/the-inkey-15-vitamine-c-serum-egf\/","url_meta":{"origin":27481,"position":1},"title":"THE INKEY 15% VITAMINE C + S\u00c9RUM EGF","author":"admin","date":"March 21, 2023","format":false,"excerpt":"Le s\u00e9rum 15% vitamine C + EGF est id\u00e9al pour tous ceux qui souhaitent une peau \u00e9clatante et jeune. La formule l\u00e9g\u00e8re de ce s\u00e9rum contient des ingr\u00e9dients puissants tels que la vitamine C et l'EGF, qui aident \u00e0 prot\u00e9ger votre peau contre les radicaux libres et \u00e0 stimuler la\u2026","rel":"","context":"Similar post","block_context":{"text":"Similar post","link":""},"img":{"alt_text":"","src":"","width":0,"height":0},"classes":[]},{"id":28061,"url":"https:\/\/sakaba.mghosteur.com\/en\/product\/naturium-the-brightener-vitamin-c-body-wash\/","url_meta":{"origin":27481,"position":2},"title":"NATURIUM THE BRIGHTENER VITAMIN C BODY WASH","author":"admin","date":"November 29, 2022","format":false,"excerpt":"Le gel douche \u00e9claircissant \u00e0 la vitamine C soyeux et cr\u00e9meux est formul\u00e9 avec des tensioactifs doux mais efficaces, ainsi que du glucoside d'ascorbyle - un d\u00e9riv\u00e9 de vitamine C tr\u00e8s stable - des acides de fruits bioactifs et des enzymes. Formul\u00e9 pour aider \u00e0 \u00e9liminer le teint terne et\u2026","rel":"","context":"Similar post","block_context":{"text":"Similar post","link":""},"img":{"alt_text":"","src":"","width":0,"height":0},"classes":[]},{"id":27490,"url":"https:\/\/sakaba.mghosteur.com\/en\/product\/the-ordinary-caffeine-solution-5egcg\/","url_meta":{"origin":27481,"position":3},"title":"The Ordinary CAFFEINE SOLUTION 5%+EGCG","author":"admin","date":"November 29, 2022","format":false,"excerpt":"La solution de caf\u00e9ine 5% + EGCG de la marque The Ordinary est le produit parfait pour les personnes souffrant de poches et de cernes sous les yeux. Gr\u00e2ce \u00e0 sa formule \u00e0 base d'eau, ce s\u00e9rum p\u00e9n\u00e8tre rapidement dans la peau et agit efficacement pour r\u00e9duire l'apparence des poches\u2026","rel":"","context":"Similar post","block_context":{"text":"Similar post","link":""},"img":{"alt_text":"","src":"","width":0,"height":0},"classes":[]},{"id":28064,"url":"https:\/\/sakaba.mghosteur.com\/en\/product\/naturium-vitamin-c-complex-serum\/","url_meta":{"origin":27481,"position":4},"title":"NATURIUM VITAMIN C COMPLEX SERUM","author":"admin","date":"November 29, 2022","format":false,"excerpt":"Le puissant s\u00e9rum \u00e0 la vitamine C est formul\u00e9 avec un complexe de vitamine C \u00e0 base d'or et d'acide L-ascorbique hautement stabilis\u00e9, du phosphate d'ascorbyle de sodium et un m\u00e9lange de fruits bioactifs qui aide \u00e0 d\u00e9fendre la peau contre les facteurs de stress environnementaux, favorisant ainsi une peau\u2026","rel":"","context":"Similar post","block_context":{"text":"Similar post","link":""},"img":{"alt_text":"","src":"","width":0,"height":0},"classes":[]},{"id":27420,"url":"https:\/\/sakaba.mghosteur.com\/en\/product\/the-inkey-list-vitamin-c\/","url_meta":{"origin":27481,"position":5},"title":"THE INKEY LIST VITAMIN C SERUM","author":"admin","date":"November 29, 2022","format":false,"excerpt":"Le s\u00e9rum \u00e0 la vitamine C est un antioxydant puissant pour la peau. Il peut aider \u00e0 lutter contre l'hyperpigmentation, le teint terne et les ridules. Formul\u00e9 avec 30 % d'acide L-ascorbique pur, ce s\u00e9rum aide votre peau \u00e0 para\u00eetre plus lumineuse et \u00e0 cibler les signes du vieillissement. Utilisez-le\u2026","rel":"","context":"Similar post","block_context":{"text":"Similar post","link":""},"img":{"alt_text":"","src":"","width":0,"height":0},"classes":[]}],"_links":{"self":[{"href":"https:\/\/sakaba.mghosteur.com\/en\/wp-json\/wp\/v2\/product\/27481","targetHints":{"allow":["GET"]}}],"collection":[{"href":"https:\/\/sakaba.mghosteur.com\/en\/wp-json\/wp\/v2\/product"}],"about":[{"href":"https:\/\/sakaba.mghosteur.com\/en\/wp-json\/wp\/v2\/types\/product"}],"replies":[{"embeddable":true,"href":"https:\/\/sakaba.mghosteur.com\/en\/wp-json\/wp\/v2\/comments?post=27481"}],"version-history":[{"count":0,"href":"https:\/\/sakaba.mghosteur.com\/en\/wp-json\/wp\/v2\/product\/27481\/revisions"}],"wp:attachment":[{"href":"https:\/\/sakaba.mghosteur.com\/en\/wp-json\/wp\/v2\/media?parent=27481"}],"wp:term":[{"taxonomy":"product_brand","embeddable":true,"href":"https:\/\/sakaba.mghosteur.com\/en\/wp-json\/wp\/v2\/product_brand?post=27481"},{"taxonomy":"product_cat","embeddable":true,"href":"https:\/\/sakaba.mghosteur.com\/en\/wp-json\/wp\/v2\/product_cat?post=27481"},{"taxonomy":"product_tag","embeddable":true,"href":"https:\/\/sakaba.mghosteur.com\/en\/wp-json\/wp\/v2\/product_tag?post=27481"}],"curies":[{"name":"wp","href":"https:\/\/api.w.org\/{rel}","templated":true}]}}