{"id":27484,"date":"2022-11-29T12:05:48","date_gmt":"2022-11-29T12:05:48","guid":{"rendered":"http:\/\/www.sakababeauty.com\/?post_type=product&#038;p=27484"},"modified":"2024-08-15T01:53:17","modified_gmt":"2024-08-15T01:53:17","slug":"the-ordinary-niacinamide-10-zinc-1","status":"publish","type":"product","link":"https:\/\/sakaba.mghosteur.com\/en\/product\/the-ordinary-niacinamide-10-zinc-1\/","title":{"rendered":"The Ordinary NIACINAMIDE 10% +ZINC 1%"},"content":{"rendered":"<p>Si vous cherchez un moyen efficace pour am\u00e9liorer l&#8217;\u00e9clat et la douceur de votre peau, alors le s\u00e9rum Niacinamide 10% + Zinc 1% de The Ordinary est le produit parfait pour vous. Cette formule \u00e0 base d&#8217;eau contient une concentration \u00e9lev\u00e9e de 10 % de niacinamide (vitamine b3) et de zinc PCA qui sont connus pour am\u00e9liorer la texture de la peau et renforcer la barri\u00e8re cutan\u00e9e.<\/p>\n<p>Notre s\u00e9rum l\u00e9ger hydrate la peau en seulement 7 jours en renfor\u00e7ant la barri\u00e8re cutan\u00e9e. En outre, il am\u00e9liore l&#8217;\u00e9clat et la luminosit\u00e9 de la peau, vous offrant une peau plus lisse et plus douce en seulement 8 semaines. Ces r\u00e9sultats sont issus d&#8217;une \u00e9tude clinique men\u00e9e sur 35 sujets qui ont appliqu\u00e9 le produit deux fois par jour pendant 8 semaines.<\/p>\n<p>Il est important de noter que cette formulation n&#8217;est pas un traitement contre l&#8217;acn\u00e9, bien qu&#8217;elle puisse \u00eatre utilis\u00e9e en combinaison avec des traitements contre l&#8217;acn\u00e9 pour des bienfaits visibles suppl\u00e9mentaires pour la peau. En cas d&#8217;irritation, rincer, cesser l&#8217;utilisation et consulter un m\u00e9decin. Il est \u00e9galement conseill\u00e9 de tester les patchs avant utilisation pour \u00e9viter toute r\u00e9action allergique. Tenir hors de port\u00e9e des enfants.<\/p>\n<p>Pour l&#8217;utiliser, appliquez simplement quelques gouttes sur votre visage matin et soir, en \u00e9vitant les zones sensibles autour des yeux. Utilisez-le uniquement selon les instructions sur une peau intacte pour obtenir les meilleurs r\u00e9sultats possibles. Profitez d&#8217;une peau plus \u00e9clatante, plus douce et plus lisse avec le s\u00e9rum Niacinamide 10% + Zinc 1% de The Ordinary.<\/p>","protected":false},"excerpt":{"rendered":"<p>Si vous cherchez un moyen efficace pour am\u00e9liorer l&#8217;\u00e9clat et la douceur de votre peau, alors le s\u00e9rum Niacinamide 10% + Zinc 1% de The Ordinary est le produit parfait pour vous. Cette formule \u00e0 base d&#8217;eau contient une concentration \u00e9lev\u00e9e de 10 % de niacinamide (vitamine b3) et de zinc PCA qui sont connus<span class=\"read-more-faq\"><a href=\"https:\/\/sakaba.mghosteur.com\/en\/product\/the-ordinary-niacinamide-10-zinc-1\/\">Read More<\/a><\/span><\/p>","protected":false},"featured_media":0,"comment_status":"closed","ping_status":"closed","template":"","meta":[],"product_brand":[],"product_cat":[293,291,451,334],"product_tag":[],"class_list":{"0":"post-27484","1":"product","2":"type-product","3":"status-publish","5":"product_cat-anti-taches","6":"product_cat-eclaircissant","7":"product_cat-aab-soin-du-visage","8":"product_cat-traitement-serum","10":"first","11":"instock","12":"shipping-taxable","13":"product-type-simple"},"jetpack-related-posts":[{"id":27226,"url":"https:\/\/sakaba.mghosteur.com\/en\/product\/the-ordinary-coffret-the-balance-set\/","url_meta":{"origin":27484,"position":0},"title":"THE ORDINARY COFFRET THE BALANCE SET","author":"admin","date":"November 29, 2022","format":false,"excerpt":"L'ensemble d'\u00e9quilibre de The Ordinary est un coffret de produits de soin de la peau con\u00e7u pour clarifier et \u00e9quilibrer votre peau. Il comprend quatre produits cl\u00e9s qui travaillent en tandem pour am\u00e9liorer l'apparence et la texture de votre peau. Le nettoyant d\u00e9maquillant hydratant au squalane est un nettoyant doux\u2026","rel":"","context":"Similar post","block_context":{"text":"Similar post","link":""},"img":{"alt_text":"","src":"","width":0,"height":0},"classes":[]},{"id":31603,"url":"https:\/\/sakaba.mghosteur.com\/en\/product\/the-ordinary-soothing-barrier-support\/","url_meta":{"origin":27484,"position":1},"title":"The Ordinary SOOTHING &amp; BARRIER SUPPORT","author":"admin","date":"May 10, 2024","format":false,"excerpt":"D\u00e9couvrez le S\u00e9rum de Soutien Apaisant et Barri\u00e8re, une solution multi-active cibl\u00e9e pour apaiser la peau irrit\u00e9e. Ce s\u00e9rum innovant aide \u00e0 restaurer la barri\u00e8re cutan\u00e9e en seulement 2 heures*, offrant un boost imm\u00e9diat de 86%** d'hydratation pour une peau confortable et apais\u00e9e. Gr\u00e2ce \u00e0 sa formulation avanc\u00e9e contenant plusieurs\u2026","rel":"","context":"Similar post","block_context":{"text":"Similar post","link":""},"img":{"alt_text":"","src":"","width":0,"height":0},"classes":[]},{"id":27450,"url":"https:\/\/sakaba.mghosteur.com\/en\/product\/the-ordinary-hyaluronic-acid-2-b5\/","url_meta":{"origin":27484,"position":2},"title":"The Ordinary Hyaluronic Acid 2% + B5","author":"admin","date":"November 29, 2022","format":false,"excerpt":"L'Acide Hyaluronique 2% + B5 de la marque The Ordinary est une formule hautement efficace pour hydrater la peau et cibler les signes de vieillissement. Cette formule innovante combine des mol\u00e9cules d'acide hyaluronique de poids mol\u00e9culaire faible, moyen et \u00e9lev\u00e9 avec un polym\u00e8re crois\u00e9 HA de nouvelle g\u00e9n\u00e9ration pour offrir\u2026","rel":"","context":"Similar post","block_context":{"text":"Similar post","link":""},"img":{"alt_text":"","src":"","width":0,"height":0},"classes":[]},{"id":28805,"url":"https:\/\/sakaba.mghosteur.com\/en\/product\/inkey-list-20-niacinamide-serum\/","url_meta":{"origin":27484,"position":3},"title":"The Inkey list 20% Niacinamide Serum","author":"admin","date":"December 10, 2022","format":false,"excerpt":"D\u00e9couvrez la solution id\u00e9ale pour r\u00e9guler l'exc\u00e8s de s\u00e9bum sur votre peau gr\u00e2ce au s\u00e9rum de la marque The Inkey List. Formul\u00e9 avec 20% de niacinamide, ce s\u00e9rum l\u00e9ger et non collant est votre alli\u00e9 pour am\u00e9liorer la texture de votre peau et r\u00e9duire l'apparence de vos pores dilat\u00e9s. Cr\u00e9\u00e9e\u2026","rel":"","context":"Similar post","block_context":{"text":"Similar post","link":""},"img":{"alt_text":"","src":"","width":0,"height":0},"classes":[]},{"id":31609,"url":"https:\/\/sakaba.mghosteur.com\/en\/product\/the-ordinary-aloe-2-nag-2-solution\/","url_meta":{"origin":27484,"position":4},"title":"The Ordinary ALOE 2% NAG 2% SOLUTION","author":"admin","date":"May 10, 2024","format":false,"excerpt":"Aloe 2% + NAG 2% Solution Une solution apaisante pour les marques post-acn\u00e9iques. Aloe 2% + NAG 2% Solution repr\u00e9sente un s\u00e9rum apaisant l\u00e9ger sp\u00e9cialement \u00e9labor\u00e9 pour les peaux sujettes aux imperfections. Cette formule agit efficacement pour r\u00e9duire l'apparence des marques post-acn\u00e9iques en ciblant les aspects in\u00e9gaux du teint et\u2026","rel":"","context":"Similar post","block_context":{"text":"Similar post","link":""},"img":{"alt_text":"","src":"","width":0,"height":0},"classes":[]},{"id":31399,"url":"https:\/\/sakaba.mghosteur.com\/en\/product\/paulas-choice-triple-active-total-repair-serum\/","url_meta":{"origin":27484,"position":5},"title":"PAULA&#8217;S CHOICE TRIPLE ACTIVE TOTAL REPAIR SERUM","author":"admin","date":"May 10, 2024","format":false,"excerpt":"D\u00e9couvrez le S\u00e9rum Triple Active Total Repair, une formule avanc\u00e9e anti-\u00e2ge cliniquement prouv\u00e9e pour am\u00e9liorer visiblement les ridules, la d\u00e9coloration et la fermet\u00e9 de la peau gr\u00e2ce \u00e0 un m\u00e9lange puissant d'hexylr\u00e9sorcinol, de r\u00e9tinol et de niacinamide. Le r\u00e9tinyl propionate \u00e0 0,3% raffermit et lisse visiblement la peau. La niacinamide\u2026","rel":"","context":"Similar post","block_context":{"text":"Similar post","link":""},"img":{"alt_text":"","src":"","width":0,"height":0},"classes":[]}],"_links":{"self":[{"href":"https:\/\/sakaba.mghosteur.com\/en\/wp-json\/wp\/v2\/product\/27484","targetHints":{"allow":["GET"]}}],"collection":[{"href":"https:\/\/sakaba.mghosteur.com\/en\/wp-json\/wp\/v2\/product"}],"about":[{"href":"https:\/\/sakaba.mghosteur.com\/en\/wp-json\/wp\/v2\/types\/product"}],"replies":[{"embeddable":true,"href":"https:\/\/sakaba.mghosteur.com\/en\/wp-json\/wp\/v2\/comments?post=27484"}],"version-history":[{"count":0,"href":"https:\/\/sakaba.mghosteur.com\/en\/wp-json\/wp\/v2\/product\/27484\/revisions"}],"wp:attachment":[{"href":"https:\/\/sakaba.mghosteur.com\/en\/wp-json\/wp\/v2\/media?parent=27484"}],"wp:term":[{"taxonomy":"product_brand","embeddable":true,"href":"https:\/\/sakaba.mghosteur.com\/en\/wp-json\/wp\/v2\/product_brand?post=27484"},{"taxonomy":"product_cat","embeddable":true,"href":"https:\/\/sakaba.mghosteur.com\/en\/wp-json\/wp\/v2\/product_cat?post=27484"},{"taxonomy":"product_tag","embeddable":true,"href":"https:\/\/sakaba.mghosteur.com\/en\/wp-json\/wp\/v2\/product_tag?post=27484"}],"curies":[{"name":"wp","href":"https:\/\/api.w.org\/{rel}","templated":true}]}}