{"id":27487,"date":"2022-11-29T12:06:57","date_gmt":"2022-11-29T12:06:57","guid":{"rendered":"http:\/\/www.sakababeauty.com\/?post_type=product&#038;p=27487"},"modified":"2024-08-15T01:39:57","modified_gmt":"2024-08-15T01:39:57","slug":"the-ordinary-salicylic-acid-2-anhydrous-solution-2","status":"publish","type":"product","link":"https:\/\/sakaba.mghosteur.com\/en\/product\/the-ordinary-salicylic-acid-2-anhydrous-solution-2\/","title":{"rendered":"THE ORDINARY SALICYLIC ACID 2% ANHYDROUS SOLUTION"},"content":{"rendered":"<p>La solution anhydre d&#8217;acide salicylique \u00e0 2 % de la marque The Ordinary est une formule douce con\u00e7ue pour exfolier en douceur la peau, d\u00e9congestionner les pores, lisser les irr\u00e9gularit\u00e9s de texture et r\u00e9duire les rougeurs et le teint irr\u00e9gulier. Cette formule se distingue des autres offres d&#8217;acide salicylique gr\u00e2ce \u00e0 sa base \u00e9molliente \u00e0 base de squalane et ses polyglyc\u00e9rides hydratants de soutien. Ces ingr\u00e9dients lib\u00e8rent l&#8217;acide salicylique au fil du temps, offrant une distribution plus \u00e9quilibr\u00e9e pour r\u00e9duire le potentiel d&#8217;irritation associ\u00e9 \u00e0 l&#8217;utilisation d&#8217;acide, ce qui la rend id\u00e9ale pour les nouveaux utilisateurs.<\/p>\n<p>Pour utiliser le produit, appliquez une petite quantit\u00e9 matin et soir sur la zone cible ou sur l&#8217;ensemble du visage. \u00c9vitez le contour des yeux et le contact avec les yeux. Il est important de ne pas utiliser ce produit sur une peau sensible, qui p\u00e8le ou qui est fragilis\u00e9e. Avant d&#8217;utiliser le produit, il est recommand\u00e9 de tester les patchs en appliquant une petite quantit\u00e9 sur une petite zone une fois par jour pendant trois jours pour v\u00e9rifier si vous \u00eates sensible au produit. Si vous ressentez une irritation, de l&#8217;urticaire, un gonflement des yeux et de la bouche, des cloques ou des difficult\u00e9s respiratoires, rincez imm\u00e9diatement et arr\u00eatez l&#8217;utilisation du produit. Si n\u00e9cessaire, consultez un m\u00e9decin.<\/p>\n<p>Ce produit contient un acide b\u00eata-hydroxyl\u00e9 (BHA) qui peut augmenter la sensibilit\u00e9 de votre peau au soleil et en particulier la possibilit\u00e9 de coups de soleil. Il est donc recommand\u00e9 d&#8217;utiliser un \u00e9cran solaire, de porter des v\u00eatements de protection et de limiter l&#8217;exposition au soleil pendant l&#8217;utilisation de ce produit et pendant une semaine apr\u00e8s.<\/p>\n<p>En r\u00e9sum\u00e9, la solution anhydre d&#8217;acide salicylique \u00e0 2 % de la marque The Ordinary est une formule douce et efficace pour exfolier en douceur la peau, d\u00e9congestionner les pores, lisser les irr\u00e9gularit\u00e9s de texture et r\u00e9duire les rougeurs et le teint irr\u00e9gulier. Elle est id\u00e9ale pour les nouveaux utilisateurs gr\u00e2ce \u00e0 sa base \u00e9molliente \u00e0 base de squalane et ses polyglyc\u00e9rides hydratants de soutien. Toutefois, il est important de tester les patchs avant utilisation et d&#8217;utiliser un \u00e9cran solaire pour \u00e9viter les coups de soleil.<\/p>","protected":false},"excerpt":{"rendered":"<p>La solution anhydre d&#8217;acide salicylique \u00e0 2 % de la marque The Ordinary est une formule douce con\u00e7ue pour exfolier en douceur la peau, d\u00e9congestionner les pores, lisser les irr\u00e9gularit\u00e9s de texture et r\u00e9duire les rougeurs et le teint irr\u00e9gulier. Cette formule se distingue des autres offres d&#8217;acide salicylique gr\u00e2ce \u00e0 sa base \u00e9molliente \u00e0<span class=\"read-more-faq\"><a href=\"https:\/\/sakaba.mghosteur.com\/en\/product\/the-ordinary-salicylic-acid-2-anhydrous-solution-2\/\">Read More<\/a><\/span><\/p>","protected":false},"featured_media":0,"comment_status":"closed","ping_status":"closed","template":"","meta":[],"product_brand":[],"product_cat":[293,451,334],"product_tag":[],"class_list":{"0":"post-27487","1":"product","2":"type-product","3":"status-publish","5":"product_cat-anti-taches","6":"product_cat-aab-soin-du-visage","7":"product_cat-traitement-serum","9":"first","10":"instock","11":"shipping-taxable","12":"product-type-simple"},"jetpack-related-posts":[{"id":27456,"url":"https:\/\/sakaba.mghosteur.com\/en\/product\/the-ordinary-salicylic-acid-2-anhydrous-solution\/","url_meta":{"origin":27487,"position":0},"title":"THE ORDINARY SALICYLIC ACID 2% MASQUE","author":"admin","date":"November 29, 2022","format":false,"excerpt":"Le masque \u00e0 l'acide salicylique \u00e0 2% de la marque The Ordinary est un produit de soin du visage qui cible les probl\u00e8mes de texture de peau, les pores obstru\u00e9s et les tons ternes. Sa formule est infus\u00e9e de charbon de bois et d'argile, qui absorbent les impuret\u00e9s de la\u2026","rel":"","context":"Similar post","block_context":{"text":"Similar post","link":""},"img":{"alt_text":"","src":"","width":0,"height":0},"classes":[]},{"id":27502,"url":"https:\/\/sakaba.mghosteur.com\/en\/product\/the-ordinary-vitamin-c-suspension-23-ha-spheres-2\/","url_meta":{"origin":27487,"position":1},"title":"The Ordinary VITAMIN C SUSPENSION 23% +HA SPHERES 2%","author":"admin","date":"November 29, 2022","format":false,"excerpt":"La Suspension Vitamine C 23% + Sph\u00e8res HA 2% de la marque The Ordinary est une formule efficace qui utilise directement de la vitamine C et de l'acide hyaluronique pour aider \u00e0 r\u00e9duire visiblement les signes du vieillissement en \u00e9claircissant et en \u00e9quilibrant le teint irr\u00e9gulier. Cette formule sans eau\u2026","rel":"","context":"Similar post","block_context":{"text":"Similar post","link":""},"img":{"alt_text":"","src":"","width":0,"height":0},"classes":[]},{"id":27447,"url":"https:\/\/sakaba.mghosteur.com\/en\/product\/the-ordinary-lactic-acid-10-ha\/","url_meta":{"origin":27487,"position":2},"title":"The Ordinary Lactic Acid 10% + HA","author":"admin","date":"November 29, 2022","format":false,"excerpt":"Le s\u00e9rum The Ordinary Lactic Acid 10% + HA est un produit de soin de la peau de qualit\u00e9 sup\u00e9rieure qui offre une exfoliation cibl\u00e9e \u00e0 la surface de la peau. Ce produit contient de l'acide lactique, un alpha-hydroxyacide qui est soutenu par de l'extrait purifi\u00e9 de poivre de Tasmanie\u2026","rel":"","context":"Similar post","block_context":{"text":"Similar post","link":""},"img":{"alt_text":"","src":"","width":0,"height":0},"classes":[]},{"id":27226,"url":"https:\/\/sakaba.mghosteur.com\/en\/product\/the-ordinary-coffret-the-balance-set\/","url_meta":{"origin":27487,"position":3},"title":"THE ORDINARY COFFRET THE BALANCE SET","author":"admin","date":"November 29, 2022","format":false,"excerpt":"L'ensemble d'\u00e9quilibre de The Ordinary est un coffret de produits de soin de la peau con\u00e7u pour clarifier et \u00e9quilibrer votre peau. Il comprend quatre produits cl\u00e9s qui travaillent en tandem pour am\u00e9liorer l'apparence et la texture de votre peau. Le nettoyant d\u00e9maquillant hydratant au squalane est un nettoyant doux\u2026","rel":"","context":"Similar post","block_context":{"text":"Similar post","link":""},"img":{"alt_text":"","src":"","width":0,"height":0},"classes":[]},{"id":27474,"url":"https:\/\/sakaba.mghosteur.com\/en\/product\/the-ordinary-aha-30-bha-2-peeling-solution\/","url_meta":{"origin":27487,"position":4},"title":"The Ordinary AHA 30% + BHA 2% Peeling Solution","author":"admin","date":"November 29, 2022","format":false,"excerpt":"La Solution gommante AHA 30% + BHA 2% de The Ordinary est la solution id\u00e9ale pour exfolier en profondeur votre peau et lui donner un aspect plus lumineux et uniforme. Elle est formul\u00e9e avec des acides alpha-hydroxyl\u00e9s (AHA), des acides b\u00eata-hydroxyl\u00e9s (BHA) et un d\u00e9riv\u00e9 de poivre de Tasmanie \u00e9tudi\u00e9,\u2026","rel":"","context":"Similar post","block_context":{"text":"Similar post","link":""},"img":{"alt_text":"","src":"","width":0,"height":0},"classes":[]},{"id":27477,"url":"https:\/\/sakaba.mghosteur.com\/en\/product\/the-ordinary-mandelic-acid-10-ha\/","url_meta":{"origin":27487,"position":5},"title":"The Ordinary MANDELIC ACID 10% +HA","author":"admin","date":"November 29, 2022","format":false,"excerpt":"Le s\u00e9rum Acide Mand\u00e9lique 10% + HA de la marque The Ordinary est un produit de soin de la peau tr\u00e8s efficace pour am\u00e9liorer la clart\u00e9 et l'\u00e9clat de votre teint. Ce s\u00e9rum contient un acide alpha-hydroxy de poids mol\u00e9culaire \u00e9lev\u00e9 qui aide \u00e0 \u00e9quilibrer le teint et \u00e0 corriger\u2026","rel":"","context":"Similar post","block_context":{"text":"Similar post","link":""},"img":{"alt_text":"","src":"","width":0,"height":0},"classes":[]}],"_links":{"self":[{"href":"https:\/\/sakaba.mghosteur.com\/en\/wp-json\/wp\/v2\/product\/27487","targetHints":{"allow":["GET"]}}],"collection":[{"href":"https:\/\/sakaba.mghosteur.com\/en\/wp-json\/wp\/v2\/product"}],"about":[{"href":"https:\/\/sakaba.mghosteur.com\/en\/wp-json\/wp\/v2\/types\/product"}],"replies":[{"embeddable":true,"href":"https:\/\/sakaba.mghosteur.com\/en\/wp-json\/wp\/v2\/comments?post=27487"}],"version-history":[{"count":0,"href":"https:\/\/sakaba.mghosteur.com\/en\/wp-json\/wp\/v2\/product\/27487\/revisions"}],"wp:attachment":[{"href":"https:\/\/sakaba.mghosteur.com\/en\/wp-json\/wp\/v2\/media?parent=27487"}],"wp:term":[{"taxonomy":"product_brand","embeddable":true,"href":"https:\/\/sakaba.mghosteur.com\/en\/wp-json\/wp\/v2\/product_brand?post=27487"},{"taxonomy":"product_cat","embeddable":true,"href":"https:\/\/sakaba.mghosteur.com\/en\/wp-json\/wp\/v2\/product_cat?post=27487"},{"taxonomy":"product_tag","embeddable":true,"href":"https:\/\/sakaba.mghosteur.com\/en\/wp-json\/wp\/v2\/product_tag?post=27487"}],"curies":[{"name":"wp","href":"https:\/\/api.w.org\/{rel}","templated":true}]}}