{"id":27490,"date":"2022-11-29T12:08:04","date_gmt":"2022-11-29T12:08:04","guid":{"rendered":"http:\/\/www.sakababeauty.com\/?post_type=product&#038;p=27490"},"modified":"2024-08-15T01:47:06","modified_gmt":"2024-08-15T01:47:06","slug":"the-ordinary-caffeine-solution-5egcg","status":"publish","type":"product","link":"https:\/\/sakaba.mghosteur.com\/en\/product\/the-ordinary-caffeine-solution-5egcg\/","title":{"rendered":"The Ordinary CAFFEINE SOLUTION 5%+EGCG"},"content":{"rendered":"<p>La solution de caf\u00e9ine 5% + EGCG de la marque The Ordinary est le produit parfait pour les personnes souffrant de poches et de cernes sous les yeux. Gr\u00e2ce \u00e0 sa formule \u00e0 base d&#8217;eau, ce s\u00e9rum p\u00e9n\u00e8tre rapidement dans la peau et agit efficacement pour r\u00e9duire l&#8217;apparence des poches et des cernes.<\/p>\n<p>La formule de la solution de caf\u00e9ine 5% + EGCG est un m\u00e9lange unique de caf\u00e9ine hautement concentr\u00e9e et d&#8217;un \u00e9pigallocat\u00e9chine gallatyl glucoside (EGCG) hautement purifi\u00e9. La caf\u00e9ine aide \u00e0 r\u00e9duire les poches sous les yeux en stimulant la circulation sanguine et en d\u00e9congestionnant la peau, tandis que l&#8217;EGCG agit comme un antioxydant puissant pour prot\u00e9ger la peau contre les radicaux libres.<\/p>\n<p>Pour utiliser ce produit, il suffit d&#8217;appliquer une petite quantit\u00e9 sur le contour des yeux matin et soir. En cas d&#8217;irritation, il est important de rincer imm\u00e9diatement et de consulter un m\u00e9decin. Il est recommand\u00e9 de tester les patchs avant utilisation et de tenir le produit hors de port\u00e9e des enfants.<\/p>\n<p>Avec la solution de caf\u00e9ine 5% + EGCG de The Ordinary, vous pouvez dire adieu aux poches et aux cernes sous les yeux et profiter d&#8217;une peau plus belle et plus radieuse.<\/p>","protected":false},"excerpt":{"rendered":"<p>La solution de caf\u00e9ine 5% + EGCG de la marque The Ordinary est le produit parfait pour les personnes souffrant de poches et de cernes sous les yeux. Gr\u00e2ce \u00e0 sa formule \u00e0 base d&#8217;eau, ce s\u00e9rum p\u00e9n\u00e8tre rapidement dans la peau et agit efficacement pour r\u00e9duire l&#8217;apparence des poches et des cernes. La formule<span class=\"read-more-faq\"><a href=\"https:\/\/sakaba.mghosteur.com\/en\/product\/the-ordinary-caffeine-solution-5egcg\/\">Read More<\/a><\/span><\/p>","protected":false},"featured_media":0,"comment_status":"closed","ping_status":"closed","template":"","meta":[],"product_brand":[],"product_cat":[451,334],"product_tag":[],"class_list":{"0":"post-27490","1":"product","2":"type-product","3":"status-publish","5":"product_cat-aab-soin-du-visage","6":"product_cat-traitement-serum","8":"first","9":"instock","10":"shipping-taxable","11":"product-type-simple"},"jetpack-related-posts":[{"id":29139,"url":"https:\/\/sakaba.mghosteur.com\/en\/product\/the-inkey-list-coffret-winter-skin-101\/","url_meta":{"origin":27490,"position":0},"title":"THE INKEY LIST COFFRET WINTER SKIN 101","author":"admin","date":"March 15, 2023","format":false,"excerpt":"L'ensemble INKEY List Winter Skin 101 de la marque THE INKEY LIST est la solution parfaite pour les peaux s\u00e8ches et hivernales qui ont besoin d'\u00eatre chouchout\u00e9es. Ce kit complet en 4 \u00e9tapes vous offre des produits en taille r\u00e9elle pour une peau renouvel\u00e9e et hydrat\u00e9e. Le Baume nettoyant \u00e0\u2026","rel":"","context":"Similar post","block_context":{"text":"Similar post","link":""},"img":{"alt_text":"","src":"","width":0,"height":0},"classes":[]},{"id":27622,"url":"https:\/\/sakaba.mghosteur.com\/en\/product\/age-correcting-eye-cream\/","url_meta":{"origin":27490,"position":1},"title":"AGE CORRECTING EYE CREAM","author":"admin","date":"November 29, 2022","format":false,"excerpt":"La marque HadaLabo vous pr\u00e9sente sa cr\u00e8me contour des yeux anti-\u00e2ge, une formule l\u00e9g\u00e8re et multifonctionnelle con\u00e7ue pour traiter les principaux signes de l'\u00e2ge et de la fatigue pour transformer visiblement toute la zone des yeux. Cette cr\u00e8me de 0,5 oz est id\u00e9ale pour restaurer l'humidit\u00e9, lisser les rides et\u2026","rel":"","context":"Similar post","block_context":{"text":"Similar post","link":""},"img":{"alt_text":"","src":"","width":0,"height":0},"classes":[]},{"id":28981,"url":"https:\/\/sakaba.mghosteur.com\/en\/product\/the-ordinary-multi-peptide-eye-serum\/","url_meta":{"origin":27490,"position":2},"title":"THE ORDINARY Multi-Peptide Eye Serum","author":"admin","date":"March 8, 2023","format":false,"excerpt":"Le S\u00e9rum Yeux Multi-Peptides de la marque The Ordinary est une solution pour lutter contre les signes de vieillissement autour des yeux, gr\u00e2ce \u00e0 une formule \u00e0 base d'eau contenant plusieurs technologies peptidiques, de la niacinamide et de l'extrait d'\u00e9corce de fraxinus excelsior. Ce s\u00e9rum offre des r\u00e9sultats cliniques incroyables\u2026","rel":"","context":"Similar post","block_context":{"text":"Similar post","link":""},"img":{"alt_text":"","src":"","width":0,"height":0},"classes":[]},{"id":34661,"url":"https:\/\/sakaba.mghosteur.com\/en\/product\/fenty-skin-thicc-n-smooth-creme-contour-yeux\/","url_meta":{"origin":27490,"position":3},"title":"FENTY SKIN THICC N SMOOTH CREME CONTOUR YEUX","author":"admin","date":"May 30, 2024","format":false,"excerpt":"Jeune ou adulte, il est temps de lutter contre la s\u00e9cheresse et les cernes sous les yeux avec une cr\u00e8me pour les yeux polyvalente. Hydratez, illuminez et r\u00e9duisez l'apparence des poches gr\u00e2ce \u00e0 un m\u00e9lange d'ingr\u00e9dients cibl\u00e9s sur les yeux, notamment des peptides, de la caf\u00e9ine et des vitamines qui\u2026","rel":"","context":"Similar post","block_context":{"text":"Similar post","link":""},"img":{"alt_text":"","src":"","width":0,"height":0},"classes":[]},{"id":29221,"url":"https:\/\/sakaba.mghosteur.com\/en\/product\/caffeine-energizing-hydrogel-eye-patches\/","url_meta":{"origin":27490,"position":4},"title":"CAFFEINE ENERGIZING HYDROGEL EYE PATCHES","author":"admin","date":"March 21, 2023","format":false,"excerpt":"Le CAFFEINE ENERGIZING HYDROGEL EYE PATCHES de Good Molecules est un produit essentiel pour ceux qui cherchent \u00e0 se r\u00e9veiller et \u00e0 rafra\u00eechir leur regard fatigu\u00e9. Ces patchs pour les yeux hydrogel \u00e0 la caf\u00e9ine sont con\u00e7us pour \u00e9claircir et hydrater la peau d\u00e9licate autour de vos yeux tout en\u2026","rel":"","context":"Similar post","block_context":{"text":"Similar post","link":""},"img":{"alt_text":"","src":"","width":0,"height":0},"classes":[]},{"id":26963,"url":"https:\/\/sakaba.mghosteur.com\/en\/product\/facetheory-ocuwake-eye-cream\/","url_meta":{"origin":27490,"position":5},"title":"FACETHEORY Ocuwake Eye Cream EYE1","author":"admin","date":"November 28, 2022","format":false,"excerpt":"Produit : FACETHEORY Ocuwake Eye Cream EYE1 La cr\u00e8me pour les yeux FACETHEORY Ocuwake Eye Cream EYE1 est un m\u00e9lange d'actifs de pointe, con\u00e7u pour r\u00e9duire les cernes et les poches sous les yeux. La formule contient un m\u00e9lange de vitamine C, acide f\u00e9rulique, r\u00e9glisse et camomille, ainsi que la\u2026","rel":"","context":"Similar post","block_context":{"text":"Similar post","link":""},"img":{"alt_text":"","src":"","width":0,"height":0},"classes":[]}],"_links":{"self":[{"href":"https:\/\/sakaba.mghosteur.com\/en\/wp-json\/wp\/v2\/product\/27490","targetHints":{"allow":["GET"]}}],"collection":[{"href":"https:\/\/sakaba.mghosteur.com\/en\/wp-json\/wp\/v2\/product"}],"about":[{"href":"https:\/\/sakaba.mghosteur.com\/en\/wp-json\/wp\/v2\/types\/product"}],"replies":[{"embeddable":true,"href":"https:\/\/sakaba.mghosteur.com\/en\/wp-json\/wp\/v2\/comments?post=27490"}],"version-history":[{"count":0,"href":"https:\/\/sakaba.mghosteur.com\/en\/wp-json\/wp\/v2\/product\/27490\/revisions"}],"wp:attachment":[{"href":"https:\/\/sakaba.mghosteur.com\/en\/wp-json\/wp\/v2\/media?parent=27490"}],"wp:term":[{"taxonomy":"product_brand","embeddable":true,"href":"https:\/\/sakaba.mghosteur.com\/en\/wp-json\/wp\/v2\/product_brand?post=27490"},{"taxonomy":"product_cat","embeddable":true,"href":"https:\/\/sakaba.mghosteur.com\/en\/wp-json\/wp\/v2\/product_cat?post=27490"},{"taxonomy":"product_tag","embeddable":true,"href":"https:\/\/sakaba.mghosteur.com\/en\/wp-json\/wp\/v2\/product_tag?post=27490"}],"curies":[{"name":"wp","href":"https:\/\/api.w.org\/{rel}","templated":true}]}}