{"id":27493,"date":"2022-11-29T12:09:27","date_gmt":"2022-11-29T12:09:27","guid":{"rendered":"http:\/\/www.sakababeauty.com\/?post_type=product&#038;p=27493"},"modified":"2024-08-15T01:41:53","modified_gmt":"2024-08-15T01:41:53","slug":"the-ordinary-100-plant-derived-squalane","status":"publish","type":"product","link":"https:\/\/sakaba.mghosteur.com\/en\/product\/the-ordinary-100-plant-derived-squalane\/","title":{"rendered":"The Ordinary 100% PLANT-DERIVED SQUALANE"},"content":{"rendered":"<p>Le squalane 100 % d&#8217;origine v\u00e9g\u00e9tale de la marque The Ordinary est un produit hydratant naturel pour la peau et les cheveux. Il contient du squalane d\u00e9riv\u00e9 de la canne \u00e0 sucre, qui est un hydratant naturel pr\u00e9sent dans la peau. Cette formule non com\u00e9dog\u00e8ne soutient la barri\u00e8re d&#8217;hydratation naturelle de la peau pour am\u00e9liorer l&#8217;hydratation en surface.<\/p>\n<p>Contrairement \u00e0 notre h\u00e9mi-squalane 100 % d&#8217;origine v\u00e9g\u00e9tale, ce produit offre une texture et une sensation plus riches. En utilisant notre formule 100 % squalane d&#8217;origine v\u00e9g\u00e9tale, vous pouvez prot\u00e9ger vos cheveux contre la chaleur, ajouter de la brillance et r\u00e9duire la casse.<\/p>\n<p>Pour utiliser le produit, appliquez quelques gouttes sur le visage une fois par jour ou au besoin. Il est important de suivre les instructions et de tester les patchs avant utilisation pour \u00e9viter toute irritation. En cas d&#8217;irritation, cessez l&#8217;utilisation et consultez un m\u00e9decin. Tenir hors de port\u00e9e des enfants.<\/p>\n<p>Optez pour le squalane 100 % d&#8217;origine v\u00e9g\u00e9tale de The Ordinary pour une hydratation naturelle et efficace de votre peau et de vos cheveux.<\/p>","protected":false},"excerpt":{"rendered":"<p>Le squalane 100 % d&#8217;origine v\u00e9g\u00e9tale de la marque The Ordinary est un produit hydratant naturel pour la peau et les cheveux. Il contient du squalane d\u00e9riv\u00e9 de la canne \u00e0 sucre, qui est un hydratant naturel pr\u00e9sent dans la peau. Cette formule non com\u00e9dog\u00e8ne soutient la barri\u00e8re d&#8217;hydratation naturelle de la peau pour am\u00e9liorer<span class=\"read-more-faq\"><a href=\"https:\/\/sakaba.mghosteur.com\/en\/product\/the-ordinary-100-plant-derived-squalane\/\">Read More<\/a><\/span><\/p>","protected":false},"featured_media":0,"comment_status":"closed","ping_status":"closed","template":"","meta":[],"product_brand":[],"product_cat":[451,334],"product_tag":[],"class_list":{"0":"post-27493","1":"product","2":"type-product","3":"status-publish","5":"product_cat-aab-soin-du-visage","6":"product_cat-traitement-serum","8":"first","9":"instock","10":"shipping-taxable","11":"product-type-simple"},"jetpack-related-posts":[{"id":31654,"url":"https:\/\/sakaba.mghosteur.com\/en\/product\/the-ordinary-plant-derived-squalane-2\/","url_meta":{"origin":27493,"position":0},"title":"The Ordinary PLANT &#8211; DERIVED SQUALANE","author":"admin","date":"May 10, 2024","format":false,"excerpt":"Le squalane 100 % d'origine v\u00e9g\u00e9tale hydrate la peau tout en soutenant sa barri\u00e8re d'hydratation naturelle. Cet hydratant exceptionnel, pr\u00e9sent naturellement dans la peau, est d\u00e9riv\u00e9 \u00e0 100 % de la canne \u00e0 sucre, offrant ainsi une solution non com\u00e9dog\u00e8ne qui am\u00e9liore l'hydratation en surface. Cette formule de squalane 100\u2026","rel":"","context":"Similar post","block_context":{"text":"Similar post","link":""},"img":{"alt_text":"","src":"","width":0,"height":0},"classes":[]},{"id":31648,"url":"https:\/\/sakaba.mghosteur.com\/en\/product\/the-ordinary-plant-derived-squalane\/","url_meta":{"origin":27493,"position":1},"title":"The Ordinary PLANT &#8211; DERIVED SQUALANE","author":"admin","date":"May 10, 2024","format":false,"excerpt":"Le squalane 100 % d'origine v\u00e9g\u00e9tale hydrate la peau tout en soutenant sa barri\u00e8re d'hydratation naturelle. Cet hydratant exceptionnellement efficace, naturellement pr\u00e9sent dans la peau, est d\u00e9riv\u00e9 de la canne \u00e0 sucre, offrant ainsi une solution non com\u00e9dog\u00e8ne pour une meilleure hydratation en surface. La formule de squalane 100 %\u2026","rel":"","context":"Similar post","block_context":{"text":"Similar post","link":""},"img":{"alt_text":"","src":"","width":0,"height":0},"classes":[]},{"id":28898,"url":"https:\/\/sakaba.mghosteur.com\/en\/product\/the-ordinary-cleansers-squalane\/","url_meta":{"origin":27493,"position":2},"title":"THE ORDINARY CLEANSER SQUALANE","author":"admin","date":"March 8, 2023","format":false,"excerpt":"Le nettoyant The Ordinary Cleanser Squalane est un nettoyant facial efficace qui \u00e9limine en douceur le maquillage et les impuret\u00e9s de la peau. La formule est con\u00e7ue pour soutenir la barri\u00e8re d'hydratation de la peau, assurant ainsi que votre peau reste hydrat\u00e9e pendant le processus de nettoyage. Les propri\u00e9t\u00e9s nettoyantes\u2026","rel":"","context":"Similar post","block_context":{"text":"Similar post","link":""},"img":{"alt_text":"","src":"","width":0,"height":0},"classes":[]},{"id":31615,"url":"https:\/\/sakaba.mghosteur.com\/en\/product\/the-ordinary-squalane-cleanser-150-ml\/","url_meta":{"origin":27493,"position":3},"title":"The Ordinary Squalane Cleanser 150 ml","author":"admin","date":"May 10, 2024","format":false,"excerpt":"Le Squalane Cleanser est con\u00e7u pour d\u00e9barrasser la peau du maquillage et de la salet\u00e9 tout en soutenant sa barri\u00e8re d'hydratation. Enrichi en squalane d'origine v\u00e9g\u00e9tale, un hydratant reconnu, ainsi qu'en esters lipophiles, ce nettoyant laisse la peau lisse et douce tout en dissolvant le maquillage. Sa formule non com\u00e9dog\u00e8ne\u2026","rel":"","context":"Similar post","block_context":{"text":"Similar post","link":""},"img":{"alt_text":"","src":"","width":0,"height":0},"classes":[]},{"id":27312,"url":"https:\/\/sakaba.mghosteur.com\/en\/product\/good-molecules-squalane-oil\/","url_meta":{"origin":27493,"position":4},"title":"GOOD MOLECULES SQUALANE OIL","author":"admin","date":"November 29, 2022","format":false,"excerpt":"D\u00e9couvrez l'Huile de Squalane de la marque Good Molecules, la solution id\u00e9ale pour hydrater la peau s\u00e8che et d\u00e9shydrat\u00e9e. Cette huile est compos\u00e9e \u00e0 100 % de squalane d'origine v\u00e9g\u00e9tale pour adoucir et sceller l'humidit\u00e9, ce qui permet d'obtenir un teint sain et hydrat\u00e9. Le format de 13 ml \/\u2026","rel":"","context":"Similar post","block_context":{"text":"Similar post","link":""},"img":{"alt_text":"","src":"","width":0,"height":0},"classes":[]},{"id":27444,"url":"https:\/\/sakaba.mghosteur.com\/en\/product\/the-ordinary-retinol-0-5-in-squalane\/","url_meta":{"origin":27493,"position":5},"title":"THE ORDINARY RETINOL 0.5 % IN SQUALANE","author":"admin","date":"November 29, 2022","format":false,"excerpt":"R\u00e9tinol 0,5 % dans Squalane de la marque The Ordinary est une solution sans eau contenant 0,5 % de r\u00e9tinol, un ingr\u00e9dient reconnu pour am\u00e9liorer l'apparence des ridules et des ridules dynamiques r\u00e9sultant d'une perte de collag\u00e8ne et d'\u00e9lastine, tout en unifiant la texture et le teint de la peau.\u2026","rel":"","context":"Similar post","block_context":{"text":"Similar post","link":""},"img":{"alt_text":"","src":"","width":0,"height":0},"classes":[]}],"_links":{"self":[{"href":"https:\/\/sakaba.mghosteur.com\/en\/wp-json\/wp\/v2\/product\/27493","targetHints":{"allow":["GET"]}}],"collection":[{"href":"https:\/\/sakaba.mghosteur.com\/en\/wp-json\/wp\/v2\/product"}],"about":[{"href":"https:\/\/sakaba.mghosteur.com\/en\/wp-json\/wp\/v2\/types\/product"}],"replies":[{"embeddable":true,"href":"https:\/\/sakaba.mghosteur.com\/en\/wp-json\/wp\/v2\/comments?post=27493"}],"version-history":[{"count":0,"href":"https:\/\/sakaba.mghosteur.com\/en\/wp-json\/wp\/v2\/product\/27493\/revisions"}],"wp:attachment":[{"href":"https:\/\/sakaba.mghosteur.com\/en\/wp-json\/wp\/v2\/media?parent=27493"}],"wp:term":[{"taxonomy":"product_brand","embeddable":true,"href":"https:\/\/sakaba.mghosteur.com\/en\/wp-json\/wp\/v2\/product_brand?post=27493"},{"taxonomy":"product_cat","embeddable":true,"href":"https:\/\/sakaba.mghosteur.com\/en\/wp-json\/wp\/v2\/product_cat?post=27493"},{"taxonomy":"product_tag","embeddable":true,"href":"https:\/\/sakaba.mghosteur.com\/en\/wp-json\/wp\/v2\/product_tag?post=27493"}],"curies":[{"name":"wp","href":"https:\/\/api.w.org\/{rel}","templated":true}]}}