{"id":27496,"date":"2022-11-29T12:11:38","date_gmt":"2022-11-29T12:11:38","guid":{"rendered":"http:\/\/www.sakababeauty.com\/?post_type=product&#038;p=27496"},"modified":"2024-08-15T01:31:47","modified_gmt":"2024-08-15T01:31:47","slug":"the-ordinary-buffet","status":"publish","type":"product","link":"https:\/\/sakaba.mghosteur.com\/en\/product\/the-ordinary-buffet\/","title":{"rendered":"THE ORDINARY BUFFET"},"content":{"rendered":"<p>Le s\u00e9rum &#8220;Buffet&#8221; de la marque The Ordinary est un produit de soin de la peau innovant con\u00e7u pour cibler plusieurs signes de vieillissement en m\u00eame temps. Inspir\u00e9 par la notion de buffets offrant une vari\u00e9t\u00e9 de plats, ce s\u00e9rum offre une solution tout-en-un pour am\u00e9liorer l&#8217;apparence de la peau en ciblant les rides et en fournissant un soutien structurel \u00e0 la peau.<\/p>\n<div class=\"min-h-[20px] flex flex-col items-start gap-4 whitespace-pre-wrap\">\n<div class=\"markdown prose w-full break-words dark:prose-invert light\">\n<p><strong>FORMULE: <\/strong><\/p>\n<p>La formule du s\u00e9rum &#8220;Buffet&#8221; contient des acides amin\u00e9s et de l&#8217;acide hyaluronique, deux ingr\u00e9dients cl\u00e9s qui aident \u00e0 nourrir la peau en profondeur et \u00e0 la maintenir hydrat\u00e9e. Ces ingr\u00e9dients sont connus pour stimuler la production de collag\u00e8ne, ce qui peut aider \u00e0 r\u00e9duire l&#8217;apparence des rides et des ridules.<\/p>\n<p><strong>UTILISATION: <\/strong><\/p>\n<p>Pour de meilleurs r\u00e9sultats, il est recommand\u00e9 d&#8217;utiliser le s\u00e9rum &#8220;Buffet&#8221; <span style=\"letter-spacing: 0px\">matin et soir apr\u00e8s le nettoyage de votre peau. Appliquez une petite quantit\u00e9 sur votre visage et votre cou et massez doucement jusqu&#8217;\u00e0 ce que le s\u00e9rum soit compl\u00e8tement absorb\u00e9. Vous pouvez ensuite poursuivre votre routine habituelle de soins de la peau.<\/span><\/p>\n<\/div>\n<\/div>\n<div class=\"min-h-[20px] flex flex-col items-start gap-4 whitespace-pre-wrap\">\n<div class=\"markdown prose w-full break-words dark:prose-invert light\">\n<p>AVANTAGES: Le s\u00e9rum &#8220;Buffet&#8221; de The Ordinary offre une solution pratique et efficace pour cibler plusieurs signes de vieillissement en m\u00eame temps. Les acides amin\u00e9s et l&#8217;acide hyaluronique nourrissent la peau en profondeur, stimulant la production de collag\u00e8ne pour aider \u00e0 r\u00e9duire l&#8217;apparence des rides et des ridules. En utilisant r\u00e9guli\u00e8rement ce s\u00e9rum, vous pouvez am\u00e9liorer l&#8217;apparence globale de votre peau tout en lui apportant un soutien structurel important.<\/p>\n<p><strong>MARQUE:<\/strong> The Ordinary est une marque de soins de la peau de renomm\u00e9e mondiale connue pour ses produits innovants et efficaces. La marque est connue pour sa transparence en mati\u00e8re de formulation de produits et de tarification, off<\/p>\n<\/div>\n<\/div>","protected":false},"excerpt":{"rendered":"<p>Le s\u00e9rum &#8220;Buffet&#8221; de la marque The Ordinary est un produit de soin de la peau innovant con\u00e7u pour cibler plusieurs signes de vieillissement en m\u00eame temps. Inspir\u00e9 par la notion de buffets offrant une vari\u00e9t\u00e9 de plats, ce s\u00e9rum offre une solution tout-en-un pour am\u00e9liorer l&#8217;apparence de la peau en ciblant les rides et<span class=\"read-more-faq\"><a href=\"https:\/\/sakaba.mghosteur.com\/en\/product\/the-ordinary-buffet\/\">Read More<\/a><\/span><\/p>","protected":false},"featured_media":0,"comment_status":"closed","ping_status":"closed","template":"","meta":[],"product_brand":[],"product_cat":[1095,451,334],"product_tag":[],"class_list":{"0":"post-27496","1":"product","2":"type-product","3":"status-publish","5":"product_cat-anti-age","6":"product_cat-aab-soin-du-visage","7":"product_cat-traitement-serum","9":"first","10":"instock","11":"shipping-taxable","12":"product-type-simple"},"jetpack-related-posts":[{"id":27499,"url":"https:\/\/sakaba.mghosteur.com\/en\/product\/the-ordinary-buffet-copper-peptides-1-2\/","url_meta":{"origin":27496,"position":0},"title":"THE ORDINARY BUFFET + COPPER PEPTIDES 1%","author":"admin","date":"November 29, 2022","format":false,"excerpt":"Le \"Buffet\" + Peptides de Cuivre 1% de The Ordinary est un s\u00e9rum anti-\u00e2ge tout-en-un qui offre une solution compl\u00e8te pour les soins de la peau. Cette formule avanc\u00e9e utilise cinq technologies peptidiques bien \u00e9tudi\u00e9es, des acides amin\u00e9s respectueux de la peau et plusieurs acides hyaluroniques pour cibler plusieurs signes\u2026","rel":"","context":"Similar post","block_context":{"text":"Similar post","link":""},"img":{"alt_text":"","src":"","width":0,"height":0},"classes":[]},{"id":31651,"url":"https:\/\/sakaba.mghosteur.com\/en\/product\/the-ordinary-multi-peptide-ha-serum\/","url_meta":{"origin":27496,"position":1},"title":"The Ordinary MULTI-PEPTIDE + HA SERUM","author":"admin","date":"May 10, 2024","format":false,"excerpt":"D\u00e9couvrez le S\u00e9rum Multi-Peptide + HA, anciennement connu sous le nom de \"Buffet\". Cette formule universelle r\u00e9unit une multitude de technologies pour sublimer votre peau et agir sur plusieurs signes de vieillissement simultan\u00e9ment. Enrichi de quatre technologies peptidiques \u00e9prouv\u00e9es, d'acides amin\u00e9s b\u00e9n\u00e9fiques pour la peau et de complexes d'acide hyaluronique\u2026","rel":"","context":"Similar post","block_context":{"text":"Similar post","link":""},"img":{"alt_text":"","src":"","width":0,"height":0},"classes":[]},{"id":27450,"url":"https:\/\/sakaba.mghosteur.com\/en\/product\/the-ordinary-hyaluronic-acid-2-b5\/","url_meta":{"origin":27496,"position":2},"title":"The Ordinary Hyaluronic Acid 2% + B5","author":"admin","date":"November 29, 2022","format":false,"excerpt":"L'Acide Hyaluronique 2% + B5 de la marque The Ordinary est une formule hautement efficace pour hydrater la peau et cibler les signes de vieillissement. Cette formule innovante combine des mol\u00e9cules d'acide hyaluronique de poids mol\u00e9culaire faible, moyen et \u00e9lev\u00e9 avec un polym\u00e8re crois\u00e9 HA de nouvelle g\u00e9n\u00e9ration pour offrir\u2026","rel":"","context":"Similar post","block_context":{"text":"Similar post","link":""},"img":{"alt_text":"","src":"","width":0,"height":0},"classes":[]},{"id":28919,"url":"https:\/\/sakaba.mghosteur.com\/en\/product\/the-ordinary-alpha-arbutin-2-ha\/","url_meta":{"origin":27496,"position":3},"title":"THE ORDINARY ALPHA ARBUTIN 2% + HA","author":"admin","date":"March 8, 2023","format":false,"excerpt":"Le s\u00e9rum Alpha Arbutine 2% + HA de The Ordinary est un produit de soin de la peau \u00e0 base d'eau, con\u00e7u pour am\u00e9liorer visiblement la pigmentation et cibler les probl\u00e8mes de teint irr\u00e9gulier. Ce produit contient une concentration \u00e9lev\u00e9e d'alpha arbutine purifi\u00e9e, un ingr\u00e9dient \u00e9claircissant bien connu, qui agit\u2026","rel":"","context":"Similar post","block_context":{"text":"Similar post","link":""},"img":{"alt_text":"","src":"","width":0,"height":0},"classes":[]},{"id":27226,"url":"https:\/\/sakaba.mghosteur.com\/en\/product\/the-ordinary-coffret-the-balance-set\/","url_meta":{"origin":27496,"position":4},"title":"THE ORDINARY COFFRET THE BALANCE SET","author":"admin","date":"November 29, 2022","format":false,"excerpt":"L'ensemble d'\u00e9quilibre de The Ordinary est un coffret de produits de soin de la peau con\u00e7u pour clarifier et \u00e9quilibrer votre peau. Il comprend quatre produits cl\u00e9s qui travaillent en tandem pour am\u00e9liorer l'apparence et la texture de votre peau. Le nettoyant d\u00e9maquillant hydratant au squalane est un nettoyant doux\u2026","rel":"","context":"Similar post","block_context":{"text":"Similar post","link":""},"img":{"alt_text":"","src":"","width":0,"height":0},"classes":[]},{"id":27453,"url":"https:\/\/sakaba.mghosteur.com\/en\/product\/the-ordinary-granactive-retinoid-2-emulsion\/","url_meta":{"origin":27496,"position":5},"title":"The ordinary GRANACTIVE RETINOID 2% EMULSION","author":"admin","date":"November 29, 2022","format":false,"excerpt":"La Granactive R\u00e9tino\u00efde 2% \u00c9mulsion de la marque The Ordinary est un s\u00e9rum cr\u00e9meux con\u00e7u pour cibler les signes visibles du vieillissement. Ce s\u00e9rum contient un actif r\u00e9tino\u00efde hautement avanc\u00e9, l'un des meilleurs ingr\u00e9dients pour la peau, qui am\u00e9liore l'apparence des ridules fines et dynamiques r\u00e9sultant d'une perte de collag\u00e8ne\u2026","rel":"","context":"Similar post","block_context":{"text":"Similar post","link":""},"img":{"alt_text":"","src":"","width":0,"height":0},"classes":[]}],"_links":{"self":[{"href":"https:\/\/sakaba.mghosteur.com\/en\/wp-json\/wp\/v2\/product\/27496","targetHints":{"allow":["GET"]}}],"collection":[{"href":"https:\/\/sakaba.mghosteur.com\/en\/wp-json\/wp\/v2\/product"}],"about":[{"href":"https:\/\/sakaba.mghosteur.com\/en\/wp-json\/wp\/v2\/types\/product"}],"replies":[{"embeddable":true,"href":"https:\/\/sakaba.mghosteur.com\/en\/wp-json\/wp\/v2\/comments?post=27496"}],"version-history":[{"count":0,"href":"https:\/\/sakaba.mghosteur.com\/en\/wp-json\/wp\/v2\/product\/27496\/revisions"}],"wp:attachment":[{"href":"https:\/\/sakaba.mghosteur.com\/en\/wp-json\/wp\/v2\/media?parent=27496"}],"wp:term":[{"taxonomy":"product_brand","embeddable":true,"href":"https:\/\/sakaba.mghosteur.com\/en\/wp-json\/wp\/v2\/product_brand?post=27496"},{"taxonomy":"product_cat","embeddable":true,"href":"https:\/\/sakaba.mghosteur.com\/en\/wp-json\/wp\/v2\/product_cat?post=27496"},{"taxonomy":"product_tag","embeddable":true,"href":"https:\/\/sakaba.mghosteur.com\/en\/wp-json\/wp\/v2\/product_tag?post=27496"}],"curies":[{"name":"wp","href":"https:\/\/api.w.org\/{rel}","templated":true}]}}